{"id":4152,"date":"2023-12-13T12:22:58","date_gmt":"2023-12-13T11:22:58","guid":{"rendered":"https:\/\/dictator.se\/?page_id=4152"},"modified":"2024-05-23T09:01:29","modified_gmt":"2024-05-23T07:01:29","slug":"integritet-sikkerhedspolicy","status":"publish","type":"page","link":"https:\/\/dictator.se\/da\/integritet-sikkerhedspolicy\/","title":{"rendered":"Integritet &amp; Sikkerhedspolicy"},"content":{"rendered":"\n<div class=\"wp-block-genesis-blocks-gb-columns gb-layout-columns-1 one-column\"><div class=\"gb-layout-column-wrap gb-block-layout-column-gap-2 gb-is-responsive-column\">\n<div class=\"wp-block-genesis-blocks-gb-column gb-block-layout-column\"><div class=\"gb-block-layout-column-inner\">\n<h1 class=\"wp-block-heading\"><strong>DICTATOR&#8217;s Integritet &amp; Sikkerhedspolicy<\/strong><\/h1>\n\n\n\n<p class=\"has-small-font-size\"><strong>DICTATOR&#8217;s Integritet &amp; Sikkerhedspolicy beskriver hvordan vi bruger og beskytter alle oplysninger, du giver os n\u00e5r du bruger denne hjemmeside.<\/strong><\/p>\n\n\n\n<p class=\"has-small-font-size\">Vi er forpligtet til at beskytte dit privatliv. Hvis vi beder dig om at give visse oplysninger, n\u00e5r du bruger denne hjemmeside, vil vi kun bruge dem i overensstemmelse med denne politik.<\/p>\n\n\n\n<p class=\"has-small-font-size\">Vi kan \u00e6ndre denne politik fra tid til anden ved at opdatere denne side. Den nuv\u00e6rende politik g\u00e6lder fra 2017-01-01.<\/p>\n\n\n\n<h3 class=\"wp-block-heading\"><strong><strong>Hvad g\u00f8r vi med de oplysninger, vi indsamler?<\/strong><\/strong><\/h3>\n\n\n\n<p class=\"has-small-font-size\">Vi er n\u00f8dt til at indsamle oplysninger for at give dig en bedre service og is\u00e6r af f\u00f8lgende \u00e5rsager:<\/p>\n\n\n\n<ul class=\"wp-block-list\">\n<li class=\"has-small-font-size\">Til intern registrering.<\/li>\n\n\n\n<li class=\"has-small-font-size\">For at forbedre informationen om vores produkter og tjenester.<\/li>\n<\/ul>\n\n\n\n<h3 class=\"wp-block-heading\">Sikkerhed:<\/h3>\n\n\n\n<p class=\"has-small-font-size\">For at forhindre uautoriseret adgang til oplysninger har vi indf\u00f8rt passende fysiske og elektroniske procedurer for at beskytte og sikre de oplysninger, vi indsamler.<\/p>\n\n\n\n<h3 class=\"wp-block-heading\"><strong><strong>Hvordan bruger vi cookies?<\/strong><\/strong><\/h3>\n\n\n\n<p class=\"has-small-font-size\">En cookie g\u00f8r det muligt for webapplikationer at se dig som en person. Ved at indsamle og huske oplysninger om dine pr\u00e6ferencer hj\u00e6lper det os med at forbedre vores hjemmeside for at skr\u00e6ddersy den til dine behov.<\/p>\n\n\n\n<p>Vi bruger disse oplysninger til statistisk analyse og derefter fjerne dem fra vores system.<\/p>\n\n\n\n<p>En cookie giver os ikke adgang til din computer eller oplysninger om dig, bortset fra de oplysninger, du v\u00e6lger at dele med os.<\/p>\n\n\n\n<h3 class=\"wp-block-heading\"><strong><strong>Cookies, der bruges til analytisk sporing:<\/strong><\/strong><\/h3>\n\n\n\n<p class=\"has-small-font-size\">Vores hjemmeside har Google Analytics installeret, der giver os mulighed for at spore og udarbejde anonyme bes\u00f8gsstatistikker. De indsamlede oplysninger varierer fra den enkelte m\u00e6ngde trafik til den type browser, du bes\u00f8ger vores hjemmeside med.<\/p>\n\n\n\n<p>Google Analytics indsamler ingen personlige oplysninger.<\/p>\n\n\n\n<p>Disse oplysninger forbedrer brugervenligheden, sikkerheden og belastningshastigheden for vores webstedsindhold.<\/p>\n\n\n\n<h3 class=\"wp-block-heading\"><strong><strong>S\u00e5dan deaktiveres cookies:<\/strong><\/strong><\/h3>\n\n\n\n<p class=\"has-small-font-size\">Du kan deaktivere cookies helt ved at redigere dine indstillinger i browseren, og dette i sig selv kan begr\u00e6nse funktionaliteten af vores hjemmeside.<\/p>\n\n\n\n<p class=\"has-small-font-size\">Google har et tilf\u00f8jelsesnummer til Google Analytics, som du kan f\u00f8je til din browser. Det giver dig mulighed for automatisk at frav\u00e6lge alle websites, der sporer din aktivitet via Google Analytics.<\/p>\n\n\n\n<p class=\"has-small-font-size\">Hvis du er bekymret for cookies, der sporer og udspionerer dine online bev\u00e6gelser, kan du bruge en anti-spyware program.<\/p>\n\n\n\n<h3 class=\"wp-block-heading\"><strong><strong>Links til andre hjemmesider:<\/strong><\/strong><\/h3>\n\n\n\n<p class=\"has-small-font-size\">Vores hjemmeside kan indeholde links til andre hjemmesider. N\u00e5r du har forladt vores hjemmeside, har vi ikke l\u00e6ngere nogen kontrol over det andet websted.<\/p>\n\n\n\n<p class=\"has-small-font-size\">Derfor kan vi ikke v\u00e6re ansvarlige for beskyttelse og integritet af s\u00e5danne hjemmesider.<\/p>\n\n\n\n<h3 class=\"wp-block-heading\"><strong><strong>Hvordan kontrollerer du dine personlige oplysninger?<\/strong><\/strong><\/h3>\n\n\n\n<p class=\"has-small-font-size\">Du kan v\u00e6lge at begr\u00e6nse indsamlingen eller brugen af dine personlige oplysninger p\u00e5 f\u00f8lgende m\u00e5der:<\/p>\n\n\n\n<ul class=\"wp-block-list\">\n<li class=\"has-small-font-size\">N\u00e5r du bliver bedt om at udfylde en formular p\u00e5 webstedet, skal du kigge efter det felt, du kan klikke p\u00e5, for at angive, at du ikke \u00f8nsker, at oplysningerne skal bruges af nogen til direkte markedsf\u00f8ringsform\u00e5l<\/li>\n\n\n\n<li class=\"has-small-font-size\">Hvis du tidligere har accepteret, at vi kan bruge dine personlige oplysninger til direkte markedsf\u00f8ringsform\u00e5l, kan du til enhver tid \u00e6ndre mening ved at sende os en e-mail: <a href=\"mailto:info@dictator.se\" target=\"_blank\" rel=\"noreferrer noopener\"><strong>Kontakt os her<\/strong><\/a><\/li>\n<\/ul>\n\n\n\n<h3 class=\"wp-block-heading\"><strong><strong>Du kan anmode om oplysninger:<\/strong><\/strong><\/h3>\n\n\n\n<p class=\"has-small-font-size\">Vi vil ikke s\u00e6lge eller distribuere dine personlige oplysninger til tredjeparter. Vi kan bruge dine personlige oplysninger til at sende dig markedsf\u00f8ringsoplysninger om tredjeparter, som vi finder interessante, og hvis du accepterer dette.<\/p>\n\n\n\n<p class=\"has-small-font-size\">Du kan anmode om personlige oplysninger, som vi opbevarer om dig i henhold til databeskyttelses-loven af 1998, mod et mindre gebyr.<\/p>\n\n\n\n<p class=\"has-small-font-size\">Hvis du \u00f8nsker en kopi af oplysningerne om dig, kan du kontakte: <a href=\"mailto:info@dictator.se\"><strong>Kontakt os her<\/strong><\/a><\/p>\n\n\n\n<h3 class=\"wp-block-heading\"><strong><strong>Forkerte oplysninger:<\/strong><\/strong><\/h3>\n\n\n\n<p>Hvis du mener, at de oplysninger, vi har om dig, er forkerte eller ufuldst\u00e6ndige, bedes du kontakte os s\u00e5 hurtigt som muligt p\u00e5 ovenst\u00e5ende adresse.<\/p>\n\n\n\n<p>Vi vil straks rette oplysninger, der har vist sig at v\u00e6re forkerte.<\/p>\n\n\n\n<h3 class=\"wp-block-heading\"><strong>&nbsp;DICTATOR&#8217;s Integritet &amp; Sikkerhedspolicy &#8211; <\/strong><strong>Sp\u00f8rgsm\u00e5l<\/strong><strong>?<\/strong><\/h3>\n\n\n\n<h3 class=\"wp-block-heading\"><a href=\"https:\/\/dictator.se\/da\/kontakt-os\/\" target=\"_blank\" rel=\"noreferrer noopener\">&gt; Kontakt os her<\/a><\/h3>\n<\/div><\/div>\n<\/div><\/div>\n","protected":false},"excerpt":{"rendered":"","protected":false},"author":6,"featured_media":0,"parent":0,"menu_order":0,"comment_status":"closed","ping_status":"closed","template":"","meta":{"_acf_changed":false,"_uag_custom_page_level_css":"","_genesis_hide_title":true,"_genesis_hide_breadcrumbs":false,"_genesis_hide_singular_image":false,"_genesis_hide_footer_widgets":false,"_genesis_custom_body_class":"","_genesis_custom_post_class":"","_genesis_layout":"","footnotes":""},"class_list":{"0":"post-4152","1":"page","2":"type-page","3":"status-publish","5":"entry"},"acf":[],"yoast_head":"<!-- This site is optimized with the Yoast SEO plugin v27.2 - https:\/\/yoast.com\/product\/yoast-seo-wordpress\/ -->\n<title>Integritet &amp; Sikkerhedspolicy - dictator.se<\/title>\n<meta name=\"description\" content=\"DICTATOR Integritet &amp; Sikkerhedspolicy beskriver hvordan vi bruger og beskytter alle oplysninger, du giver os n\u00e5r du bruger denne hjemmeside.\" \/>\n<meta name=\"robots\" content=\"index, follow, max-snippet:-1, max-image-preview:large, max-video-preview:-1\" \/>\n<link rel=\"canonical\" href=\"https:\/\/dictator.se\/da\/integritet-sikkerhedspolicy\/\" \/>\n<meta property=\"og:locale\" content=\"da_DK\" \/>\n<meta property=\"og:type\" content=\"article\" \/>\n<meta property=\"og:title\" content=\"Integritet &amp; Sikkerhedspolicy - dictator.se\" \/>\n<meta property=\"og:description\" content=\"DICTATOR Integritet &amp; Sikkerhedspolicy beskriver hvordan vi bruger og beskytter alle oplysninger, du giver os n\u00e5r du bruger denne hjemmeside.\" \/>\n<meta property=\"og:url\" content=\"https:\/\/dictator.se\/da\/integritet-sikkerhedspolicy\/\" \/>\n<meta property=\"og:site_name\" content=\"dictator.se\" \/>\n<meta property=\"article:modified_time\" content=\"2024-05-23T07:01:29+00:00\" \/>\n<meta name=\"twitter:card\" content=\"summary_large_image\" \/>\n<meta name=\"twitter:label1\" content=\"Estimeret l\u00e6setid\" \/>\n\t<meta name=\"twitter:data1\" content=\"3 minutter\" \/>\n<script type=\"application\/ld+json\" class=\"yoast-schema-graph\">{\"@context\":\"https:\/\/schema.org\",\"@graph\":[{\"@type\":\"WebPage\",\"@id\":\"https:\/\/dictator.se\/da\/integritet-sikkerhedspolicy\/\",\"url\":\"https:\/\/dictator.se\/da\/integritet-sikkerhedspolicy\/\",\"name\":\"Integritet &amp; Sikkerhedspolicy - dictator.se\",\"isPartOf\":{\"@id\":\"https:\/\/dictator.se\/#website\"},\"datePublished\":\"2023-12-13T11:22:58+00:00\",\"dateModified\":\"2024-05-23T07:01:29+00:00\",\"description\":\"DICTATOR Integritet & Sikkerhedspolicy beskriver hvordan vi bruger og beskytter alle oplysninger, du giver os n\u00e5r du bruger denne hjemmeside.\",\"breadcrumb\":{\"@id\":\"https:\/\/dictator.se\/da\/integritet-sikkerhedspolicy\/#breadcrumb\"},\"inLanguage\":\"da-DK\",\"potentialAction\":[{\"@type\":\"ReadAction\",\"target\":[\"https:\/\/dictator.se\/da\/integritet-sikkerhedspolicy\/\"]}]},{\"@type\":\"BreadcrumbList\",\"@id\":\"https:\/\/dictator.se\/da\/integritet-sikkerhedspolicy\/#breadcrumb\",\"itemListElement\":[{\"@type\":\"ListItem\",\"position\":1,\"name\":\"Home\",\"item\":\"https:\/\/dictator.se\/da\/\"},{\"@type\":\"ListItem\",\"position\":2,\"name\":\"Integritet &amp; Sikkerhedspolicy\"}]},{\"@type\":\"WebSite\",\"@id\":\"https:\/\/dictator.se\/#website\",\"url\":\"https:\/\/dictator.se\/\",\"name\":\"dictator.se\",\"description\":\"\",\"publisher\":{\"@id\":\"https:\/\/dictator.se\/#organization\"},\"potentialAction\":[{\"@type\":\"SearchAction\",\"target\":{\"@type\":\"EntryPoint\",\"urlTemplate\":\"https:\/\/dictator.se\/?s={search_term_string}\"},\"query-input\":{\"@type\":\"PropertyValueSpecification\",\"valueRequired\":true,\"valueName\":\"search_term_string\"}}],\"inLanguage\":\"da-DK\"},{\"@type\":\"Organization\",\"@id\":\"https:\/\/dictator.se\/#organization\",\"name\":\"dictator.se\",\"url\":\"https:\/\/dictator.se\/\",\"logo\":{\"@type\":\"ImageObject\",\"inLanguage\":\"da-DK\",\"@id\":\"https:\/\/dictator.se\/#\/schema\/logo\/image\/\",\"url\":\"https:\/\/dictator.se\/wp-content\/uploads\/2023\/12\/DICTATOR_Logo1.svg\",\"contentUrl\":\"https:\/\/dictator.se\/wp-content\/uploads\/2023\/12\/DICTATOR_Logo1.svg\",\"width\":377,\"height\":58,\"caption\":\"dictator.se\"},\"image\":{\"@id\":\"https:\/\/dictator.se\/#\/schema\/logo\/image\/\"}}]}<\/script>\n<!-- \/ Yoast SEO plugin. -->","yoast_head_json":{"title":"Integritet &amp; Sikkerhedspolicy - dictator.se","description":"DICTATOR Integritet & Sikkerhedspolicy beskriver hvordan vi bruger og beskytter alle oplysninger, du giver os n\u00e5r du bruger denne hjemmeside.","robots":{"index":"index","follow":"follow","max-snippet":"max-snippet:-1","max-image-preview":"max-image-preview:large","max-video-preview":"max-video-preview:-1"},"canonical":"https:\/\/dictator.se\/da\/integritet-sikkerhedspolicy\/","og_locale":"da_DK","og_type":"article","og_title":"Integritet &amp; Sikkerhedspolicy - dictator.se","og_description":"DICTATOR Integritet & Sikkerhedspolicy beskriver hvordan vi bruger og beskytter alle oplysninger, du giver os n\u00e5r du bruger denne hjemmeside.","og_url":"https:\/\/dictator.se\/da\/integritet-sikkerhedspolicy\/","og_site_name":"dictator.se","article_modified_time":"2024-05-23T07:01:29+00:00","twitter_card":"summary_large_image","twitter_misc":{"Estimeret l\u00e6setid":"3 minutter"},"schema":{"@context":"https:\/\/schema.org","@graph":[{"@type":"WebPage","@id":"https:\/\/dictator.se\/da\/integritet-sikkerhedspolicy\/","url":"https:\/\/dictator.se\/da\/integritet-sikkerhedspolicy\/","name":"Integritet &amp; Sikkerhedspolicy - dictator.se","isPartOf":{"@id":"https:\/\/dictator.se\/#website"},"datePublished":"2023-12-13T11:22:58+00:00","dateModified":"2024-05-23T07:01:29+00:00","description":"DICTATOR Integritet & Sikkerhedspolicy beskriver hvordan vi bruger og beskytter alle oplysninger, du giver os n\u00e5r du bruger denne hjemmeside.","breadcrumb":{"@id":"https:\/\/dictator.se\/da\/integritet-sikkerhedspolicy\/#breadcrumb"},"inLanguage":"da-DK","potentialAction":[{"@type":"ReadAction","target":["https:\/\/dictator.se\/da\/integritet-sikkerhedspolicy\/"]}]},{"@type":"BreadcrumbList","@id":"https:\/\/dictator.se\/da\/integritet-sikkerhedspolicy\/#breadcrumb","itemListElement":[{"@type":"ListItem","position":1,"name":"Home","item":"https:\/\/dictator.se\/da\/"},{"@type":"ListItem","position":2,"name":"Integritet &amp; Sikkerhedspolicy"}]},{"@type":"WebSite","@id":"https:\/\/dictator.se\/#website","url":"https:\/\/dictator.se\/","name":"dictator.se","description":"","publisher":{"@id":"https:\/\/dictator.se\/#organization"},"potentialAction":[{"@type":"SearchAction","target":{"@type":"EntryPoint","urlTemplate":"https:\/\/dictator.se\/?s={search_term_string}"},"query-input":{"@type":"PropertyValueSpecification","valueRequired":true,"valueName":"search_term_string"}}],"inLanguage":"da-DK"},{"@type":"Organization","@id":"https:\/\/dictator.se\/#organization","name":"dictator.se","url":"https:\/\/dictator.se\/","logo":{"@type":"ImageObject","inLanguage":"da-DK","@id":"https:\/\/dictator.se\/#\/schema\/logo\/image\/","url":"https:\/\/dictator.se\/wp-content\/uploads\/2023\/12\/DICTATOR_Logo1.svg","contentUrl":"https:\/\/dictator.se\/wp-content\/uploads\/2023\/12\/DICTATOR_Logo1.svg","width":377,"height":58,"caption":"dictator.se"},"image":{"@id":"https:\/\/dictator.se\/#\/schema\/logo\/image\/"}}]}},"featured_image_src":null,"featured_image_src_square":null,"uagb_featured_image_src":{"full":false,"thumbnail":false,"medium":false,"medium_large":false,"large":false,"1536x1536":false,"2048x2048":false,"sidebar-featured":false,"genesis-singular-images":false,"gb-block-post-grid-landscape":false,"gb-block-post-grid-square":false},"uagb_author_info":{"display_name":"Sanna","author_link":"https:\/\/dictator.se\/da\/author\/sanna\/"},"uagb_comment_info":0,"uagb_excerpt":null,"_links":{"self":[{"href":"https:\/\/dictator.se\/da\/wp-json\/wp\/v2\/pages\/4152","targetHints":{"allow":["GET"]}}],"collection":[{"href":"https:\/\/dictator.se\/da\/wp-json\/wp\/v2\/pages"}],"about":[{"href":"https:\/\/dictator.se\/da\/wp-json\/wp\/v2\/types\/page"}],"author":[{"embeddable":true,"href":"https:\/\/dictator.se\/da\/wp-json\/wp\/v2\/users\/6"}],"replies":[{"embeddable":true,"href":"https:\/\/dictator.se\/da\/wp-json\/wp\/v2\/comments?post=4152"}],"version-history":[{"count":3,"href":"https:\/\/dictator.se\/da\/wp-json\/wp\/v2\/pages\/4152\/revisions"}],"predecessor-version":[{"id":5010,"href":"https:\/\/dictator.se\/da\/wp-json\/wp\/v2\/pages\/4152\/revisions\/5010"}],"wp:attachment":[{"href":"https:\/\/dictator.se\/da\/wp-json\/wp\/v2\/media?parent=4152"}],"curies":[{"name":"wp","href":"https:\/\/api.w.org\/{rel}","templated":true}]}}