{"id":4154,"date":"2023-12-13T12:13:51","date_gmt":"2023-12-13T11:13:51","guid":{"rendered":"https:\/\/dictator.se\/?page_id=4154"},"modified":"2025-09-03T14:09:13","modified_gmt":"2025-09-03T12:09:13","slug":"kontakt-os","status":"publish","type":"page","link":"https:\/\/dictator.se\/da\/kontakt-os\/","title":{"rendered":"Kontakt os"},"content":{"rendered":"\n<div class=\"wp-block-genesis-blocks-gb-columns gb-layout-columns-1 one-column\"><div class=\"gb-layout-column-wrap gb-block-layout-column-gap-2 gb-is-responsive-column\">\n<div class=\"wp-block-genesis-blocks-gb-column gb-block-layout-column\"><div class=\"gb-block-layout-column-inner\"><div class=\"yoast-breadcrumbs\"><span><span><a href=\"https:\/\/dictator.se\/da\/\">Home<\/a><\/span> \u00bb <span class=\"breadcrumb_last\" aria-current=\"page\">Kontakt os<\/span><\/span><\/div>\n\n\n<h1 class=\"wp-block-heading\" style=\"margin-top:var(--wp--preset--spacing--50);margin-bottom:var(--wp--preset--spacing--30);text-transform:uppercase\"><strong>Kontakt os<\/strong><\/h1>\n\n\n\n<p class=\"has-small-font-size\"> Ta Kontakt med os venligst p\u00e5 <a href=\"https:\/\/dictator.se\/da\/om-os\/\" target=\"_blank\" rel=\"noreferrer noopener\"><strong>DICTATOR Scandinavia<\/strong><\/a>, hvis du \u00f8nsker mere information eller r\u00e5dgivning om nogen af vores produkter, eller hvis du har et sp\u00f8rgsm\u00e5l, som du gerne vil diskutere n\u00e6rmere. N\u00e5r det kommer til kundeservice, t\u00e6nker vi ikke i form af &#8220;kasser&#8221;, men med hensyn til l\u00f8sninger. Vi giver ikke op, f\u00f8r vi finder den rigtige l\u00f8sning til dig. Vi er mere end glade for at investere den tid, der er n\u00f8dvendig for at g\u00f8re dette. For os er kundeservice ikke bare et udtryk; Det er en passion. Og det giver os stor gl\u00e6de at kunne g\u00e5 et skridt videre, uanset om det er vores produkter, h\u00e5ndteringsprocessen, vores kundeservice, vores hjemmeside eller den tekniske support. Det er ofte de sm\u00e5 ting, der kommer op under en uformel samtale, der repr\u00e6senterer et stort skridt fremad. Og det g\u00f8r vores arbejde utroligt givende.<\/p>\n\n\n\n<p class=\"has-small-font-size\"><strong><strong>Alle oplysninger og data, som vi modtager fra vores kunder, fx specifikationer eller skitser og tegninger m.v. h\u00e5ndteres fortroligt.<\/strong><\/strong><\/p>\n\n\n\n<p class=\"has-small-font-size\"><strong>Ring til os eller send os en e-mail.<\/strong> Se vores kontaktoplysninger ved siden af.<\/p>\n\n\n\n<h3 class=\"wp-block-heading\"><strong>Kontakt os &#8211; Vi ser frem til at h\u00f8re fra dig!<\/strong><\/h3>\n\n\n\n<div class=\"wp-block-genesis-blocks-gb-columns gb-layout-columns-2 gb-2-col-wideleft\"><div class=\"gb-layout-column-wrap gb-block-layout-column-gap-2 gb-is-responsive-column\">\n<div class=\"wp-block-genesis-blocks-gb-column gb-block-layout-column\"><div class=\"gb-block-layout-column-inner\">\n<div class=\"wp-block-genesis-blocks-gb-columns form gb-layout-columns-1 one-column\"><div class=\"gb-layout-column-wrap gb-block-layout-column-gap-2 gb-is-responsive-column\">\n<div class=\"wp-block-genesis-blocks-gb-column gb-block-layout-column\"><div class=\"gb-block-layout-column-inner\">\n<h2 class=\"wp-block-heading\" style=\"text-transform:uppercase\">Kontaktformular<\/h2>\n\n\n<div class=\"frm_forms  with_frm_style frm_style_formidable-style\" id=\"frm_form_2_container\" data-token=\"78bb6a952915100cc87af0dae5ccdee2\">\n<form enctype=\"multipart\/form-data\" method=\"post\" class=\"frm-show-form  frm_js_validate  frm_ajax_submit \" id=\"form_contact-form2\" data-token=\"78bb6a952915100cc87af0dae5ccdee2\">\n<div class=\"frm_form_fields \">\n<fieldset>\n<legend class=\"frm_screen_reader\">Kontakt os DA<\/legend>\r\n\r\n<div class=\"frm_fields_container\">\n<input type=\"hidden\" name=\"frm_action\" value=\"create\" \/>\n<input type=\"hidden\" name=\"form_id\" value=\"2\" \/>\n<input type=\"hidden\" name=\"frm_hide_fields_2\" id=\"frm_hide_fields_2\" value=\"\" \/>\n<input type=\"hidden\" name=\"form_key\" value=\"contact-form2\" \/>\n<input type=\"hidden\" name=\"item_meta[0]\" value=\"\" \/>\n<input type=\"hidden\" id=\"frm_submit_entry_2\" name=\"frm_submit_entry_2\" value=\"4feeafeb12\" \/><input type=\"hidden\" name=\"_wp_http_referer\" value=\"\/da\/wp-json\/wp\/v2\/pages\/4154\" \/><div id=\"frm_field_11_container\" class=\"frm_form_field form-field  frm_required_field frm_top_container frm12 frm_first\">\r\n\t<label for=\"field_qh4icy2\" id=\"field_qh4icy2_label\" class=\"frm_primary_label\"><b>Fornavn<\/b>\r\n\t\t<span class=\"frm_required\" aria-hidden=\"true\">*<\/span>\r\n\t<\/label>\r\n\t<input type=\"text\" id=\"field_qh4icy2\" name=\"item_meta[11]\" value=\"\"  data-reqmsg=\"&lt;b&gt;Fornavn&lt;\/b&gt; cannot be blank.\" aria-required=\"true\" data-invmsg=\"&lt;b&gt;Fornavn&lt;\/b&gt; is invalid\" aria-invalid=\"false\"  \/>\r\n\t\r\n\t\r\n<\/div>\n<div id=\"frm_field_12_container\" class=\"frm_form_field form-field  frm_required_field frm_top_container frm12 frm_first\">\r\n\t<label for=\"field_3yzhc2\" id=\"field_3yzhc2_label\" class=\"frm_primary_label\"><b>Efternavn<\/b>\r\n\t\t<span class=\"frm_required\" aria-hidden=\"true\">*<\/span>\r\n\t<\/label>\r\n\t<input type=\"text\" id=\"field_3yzhc2\" name=\"item_meta[12]\" value=\"\"  data-reqmsg=\"&lt;b&gt;Efternavn&lt;\/b&gt; cannot be blank.\" aria-required=\"true\" data-invmsg=\"&lt;b&gt;Efternavn&lt;\/b&gt; is invalid\" aria-invalid=\"false\"  \/>\r\n\t\r\n\t\r\n<\/div>\n<div id=\"frm_field_13_container\" class=\"frm_form_field form-field  frm_required_field frm_top_container frm6 frm_first\">\r\n\t<label for=\"field_29yf4d2\" id=\"field_29yf4d2_label\" class=\"frm_primary_label\"><b>E-mail-adresse<\/b>\r\n\t\t<span class=\"frm_required\" aria-hidden=\"true\">*<\/span>\r\n\t<\/label>\r\n\t<input type=\"email\" id=\"field_29yf4d2\" name=\"item_meta[13]\" value=\"\"  data-reqmsg=\"&lt;b&gt;E-mail-adresse&lt;\/b&gt; cannot be blank.\" aria-required=\"true\" data-invmsg=\"Please enter a valid email address\" aria-invalid=\"false\"  \/>\r\n\t\r\n\t\r\n<\/div>\n<div id=\"frm_field_14_container\" class=\"frm_form_field form-field  frm_required_field frm_top_container frm6\">\r\n\t<label for=\"field_wq26v2\" id=\"field_wq26v2_label\" class=\"frm_primary_label\"><b>Telefonnummer<\/b>\r\n\t\t<span class=\"frm_required\" aria-hidden=\"true\">*<\/span>\r\n\t<\/label>\r\n\t<input type=\"tel\" id=\"field_wq26v2\" name=\"item_meta[14]\" value=\"\"  data-reqmsg=\"&lt;b&gt;Telefonnummer&lt;\/b&gt; cannot be blank.\" aria-required=\"true\" data-invmsg=\"&lt;b&gt;Telefonnummer&lt;\/b&gt; is invalid\" aria-invalid=\"false\" pattern=\"((\\+\\d{1,3}(-|.| )?\\(?\\d\\)?(-| |.)?\\d{1,5})|(\\(?\\d{2,6}\\)?))(-|.| )?(\\d{3,4})(-|.| )?(\\d{4})(( x| ext)\\d{1,5}){0,1}$\"  \/>\r\n\t\r\n\t\r\n<\/div>\n<div id=\"frm_field_15_container\" class=\"frm_form_field form-field  frm_required_field frm_top_container frm_full\">\r\n\t<label for=\"field_9jv0r12\" id=\"field_9jv0r12_label\" class=\"frm_primary_label\"><b>Meddelelse<\/b>\r\n\t\t<span class=\"frm_required\" aria-hidden=\"true\">*<\/span>\r\n\t<\/label>\r\n\t<textarea name=\"item_meta[15]\" id=\"field_9jv0r12\" rows=\"5\"  data-reqmsg=\"&lt;b&gt;Meddelelse&lt;\/b&gt; cannot be blank.\" aria-required=\"true\" data-invmsg=\"&lt;b&gt;Meddelelse&lt;\/b&gt; er ugyldig\" aria-invalid=\"false\"  ><\/textarea>\r\n\t\r\n\t\r\n<\/div>\n<div id=\"frm_field_16_container\" class=\"frm_form_field form-field  frm_required_field frm_top_container frm12 frm_first vertical_radio\">\r\n\t<div  id=\"field_xnevx2_label\" class=\"frm_primary_label\"><b>Databeskyttelse<\/b>\r\n\t\t<span class=\"frm_required\" aria-hidden=\"true\">*<\/span>\r\n\t<\/div>\r\n\t<div class=\"frm_opt_container\" aria-labelledby=\"field_xnevx2_label\" role=\"group\">\t\t<div class=\"frm_checkbox\" id=\"frm_checkbox_16-0\">\t\t\t<label  for=\"field_xnevx2-0\">\n\t\t\t<input type=\"checkbox\" name=\"item_meta[16][]\" id=\"field_xnevx2-0\" value=\"Jeg accepterer &lt;a href=&quot;https:\/\/dictator.se\/da\/integritet-sikkerhedspolicy\/ &quot;&gt; DICTATORS\u2019 privatlivs- og sikkerhedspolitik&lt;\/a&gt;.\"  data-reqmsg=\"&lt;b&gt;Databeskyttelse&lt;\/b&gt; cannot be blank.\" data-invmsg=\"&lt;b&gt;Databeskyttelse&lt;\/b&gt; is invalid\" aria-invalid=\"false\"   aria-required=\"true\"  \/> Jeg accepterer <a href=\"https:\/\/dictator.se\/da\/integritet-sikkerhedspolicy\/ \"> DICTATORS\u2019 privatlivs- og sikkerhedspolitik<\/a>.<\/label><\/div>\n<\/div>\r\n\t\r\n\t\r\n<\/div>\n<div id=\"frm_field_17_container\" class=\"frm_form_field form-field \">\r\n\t<div class=\"frm_submit frm_flex\">\r\n<button class=\"frm_button_submit\" type=\"submit\"  >INDSEND<\/button>\r\n\r\n\r\n\r\n<\/div>\r\n<\/div>\n\t<input type=\"hidden\" name=\"item_key\" value=\"\" \/>\n\t\t\t<div id=\"frm_field_25_container\">\n\t\t\t<label for=\"field_i630y\" >\n\t\t\t\tHvis du er et menneske, skal du lade dette felt v\u00e6re tomt.\t\t\t<\/label>\n\t\t\t<input  id=\"field_i630y\" type=\"text\" class=\"frm_form_field form-field frm_verify\" name=\"item_meta[25]\" value=\"\"  \/>\n\t\t<\/div>\n\t\t<input name=\"frm_state\" type=\"hidden\" value=\"7EY5NzPzw2R0nefZF8l+SFTJqQGnq5W\/A\/662Nxcmcc=\" \/><\/div>\n<\/fieldset>\n<\/div>\n\n<\/form>\n<\/div>\n\n<\/div><\/div>\n<\/div><\/div>\n<\/div><\/div>\n\n\n\n<div class=\"wp-block-genesis-blocks-gb-column gb-block-layout-column\"><div class=\"gb-block-layout-column-inner\">\n<h2 class=\"wp-block-heading has-large-font-size\">Kontaktoplysninger:<\/h2>\n\n\n\n<p class=\"has-small-font-size\"><strong>Tel:&nbsp;<\/strong>&nbsp;+46 (0) 143-126 20<br><strong>Fax:<\/strong>&nbsp;+46 (0) 143-126 21<br><strong>E-Mail:&nbsp;<\/strong><strong><a href=\"mailto:info@dictator.se\">info@dictator.se<\/a><\/strong><\/p>\n\n\n\n<h2 class=\"wp-block-heading has-large-font-size\"><strong>Vores adresse:<\/strong><\/h2>\n\n\n\n<p class=\"has-small-font-size\"><strong>DICTATOR Scandinavia AB<\/strong><br>Kron\u00e4ngsgatan 1<br>SE-592 30 Vadstena<br>Sverige<\/p>\n\n\n\n<h2 class=\"wp-block-heading has-large-font-size\"><strong>Internationale kontaktoplysninger:<\/strong><\/h2>\n\n\n\n<p class=\"has-small-font-size\"><a href=\"https:\/\/en.dictator.de\/contact-international\/\"><strong><\/strong><\/a><strong><a href=\"https:\/\/en.dictator.de\/contact-international\/\" target=\"_blank\" rel=\"noreferrer noopener\">&gt; Her finder du oplysninger om vores internationale kontorer p\u00e5 DICTATOR&#8217;s globale hjemmeside!<\/a><\/strong><\/p>\n<\/div><\/div>\n<\/div><\/div>\n<\/div><\/div>\n<\/div><\/div>\n","protected":false},"excerpt":{"rendered":"","protected":false},"author":6,"featured_media":0,"parent":0,"menu_order":0,"comment_status":"closed","ping_status":"closed","template":"","meta":{"_acf_changed":false,"_uag_custom_page_level_css":"","_genesis_hide_title":true,"_genesis_hide_breadcrumbs":false,"_genesis_hide_singular_image":false,"_genesis_hide_footer_widgets":false,"_genesis_custom_body_class":"","_genesis_custom_post_class":"","_genesis_layout":"","footnotes":""},"class_list":{"0":"post-4154","1":"page","2":"type-page","3":"status-publish","5":"entry"},"acf":[],"yoast_head":"<!-- This site is optimized with the Yoast SEO plugin v27.2 - https:\/\/yoast.com\/product\/yoast-seo-wordpress\/ -->\n<title>Kontakt os - dictator.se<\/title>\n<meta name=\"description\" content=\"Kontakt os venligst hvis du \u00f8nsker mere information eller r\u00e5dgivning om nogen af vores produkter, eller hvis du har et sp\u00f8rgsm\u00e5l\" \/>\n<meta name=\"robots\" content=\"index, follow, max-snippet:-1, max-image-preview:large, max-video-preview:-1\" \/>\n<link rel=\"canonical\" href=\"https:\/\/dictator.se\/da\/kontakt-os\/\" \/>\n<meta property=\"og:locale\" content=\"da_DK\" \/>\n<meta property=\"og:type\" content=\"article\" \/>\n<meta property=\"og:title\" content=\"Kontakt os - dictator.se\" \/>\n<meta property=\"og:description\" content=\"Kontakt os venligst hvis du \u00f8nsker mere information eller r\u00e5dgivning om nogen af vores produkter, eller hvis du har et sp\u00f8rgsm\u00e5l\" \/>\n<meta property=\"og:url\" content=\"https:\/\/dictator.se\/da\/kontakt-os\/\" \/>\n<meta property=\"og:site_name\" content=\"dictator.se\" \/>\n<meta property=\"article:modified_time\" content=\"2025-09-03T12:09:13+00:00\" \/>\n<meta name=\"twitter:card\" content=\"summary_large_image\" \/>\n<meta name=\"twitter:label1\" content=\"Estimeret l\u00e6setid\" \/>\n\t<meta name=\"twitter:data1\" content=\"2 minutter\" \/>\n<script type=\"application\/ld+json\" class=\"yoast-schema-graph\">{\"@context\":\"https:\/\/schema.org\",\"@graph\":[{\"@type\":\"WebPage\",\"@id\":\"https:\/\/dictator.se\/da\/kontakt-os\/\",\"url\":\"https:\/\/dictator.se\/da\/kontakt-os\/\",\"name\":\"Kontakt os - dictator.se\",\"isPartOf\":{\"@id\":\"https:\/\/dictator.se\/#website\"},\"datePublished\":\"2023-12-13T11:13:51+00:00\",\"dateModified\":\"2025-09-03T12:09:13+00:00\",\"description\":\"Kontakt os venligst hvis du \u00f8nsker mere information eller r\u00e5dgivning om nogen af vores produkter, eller hvis du har et sp\u00f8rgsm\u00e5l\",\"breadcrumb\":{\"@id\":\"https:\/\/dictator.se\/da\/kontakt-os\/#breadcrumb\"},\"inLanguage\":\"da-DK\",\"potentialAction\":[{\"@type\":\"ReadAction\",\"target\":[\"https:\/\/dictator.se\/da\/kontakt-os\/\"]}]},{\"@type\":\"BreadcrumbList\",\"@id\":\"https:\/\/dictator.se\/da\/kontakt-os\/#breadcrumb\",\"itemListElement\":[{\"@type\":\"ListItem\",\"position\":1,\"name\":\"Home\",\"item\":\"https:\/\/dictator.se\/da\/\"},{\"@type\":\"ListItem\",\"position\":2,\"name\":\"Kontakt os\"}]},{\"@type\":\"WebSite\",\"@id\":\"https:\/\/dictator.se\/#website\",\"url\":\"https:\/\/dictator.se\/\",\"name\":\"dictator.se\",\"description\":\"\",\"publisher\":{\"@id\":\"https:\/\/dictator.se\/#organization\"},\"potentialAction\":[{\"@type\":\"SearchAction\",\"target\":{\"@type\":\"EntryPoint\",\"urlTemplate\":\"https:\/\/dictator.se\/?s={search_term_string}\"},\"query-input\":{\"@type\":\"PropertyValueSpecification\",\"valueRequired\":true,\"valueName\":\"search_term_string\"}}],\"inLanguage\":\"da-DK\"},{\"@type\":\"Organization\",\"@id\":\"https:\/\/dictator.se\/#organization\",\"name\":\"dictator.se\",\"url\":\"https:\/\/dictator.se\/\",\"logo\":{\"@type\":\"ImageObject\",\"inLanguage\":\"da-DK\",\"@id\":\"https:\/\/dictator.se\/#\/schema\/logo\/image\/\",\"url\":\"https:\/\/dictator.se\/wp-content\/uploads\/2023\/12\/DICTATOR_Logo1.svg\",\"contentUrl\":\"https:\/\/dictator.se\/wp-content\/uploads\/2023\/12\/DICTATOR_Logo1.svg\",\"width\":377,\"height\":58,\"caption\":\"dictator.se\"},\"image\":{\"@id\":\"https:\/\/dictator.se\/#\/schema\/logo\/image\/\"}}]}<\/script>\n<!-- \/ Yoast SEO plugin. -->","yoast_head_json":{"title":"Kontakt os - dictator.se","description":"Kontakt os venligst hvis du \u00f8nsker mere information eller r\u00e5dgivning om nogen af vores produkter, eller hvis du har et sp\u00f8rgsm\u00e5l","robots":{"index":"index","follow":"follow","max-snippet":"max-snippet:-1","max-image-preview":"max-image-preview:large","max-video-preview":"max-video-preview:-1"},"canonical":"https:\/\/dictator.se\/da\/kontakt-os\/","og_locale":"da_DK","og_type":"article","og_title":"Kontakt os - dictator.se","og_description":"Kontakt os venligst hvis du \u00f8nsker mere information eller r\u00e5dgivning om nogen af vores produkter, eller hvis du har et sp\u00f8rgsm\u00e5l","og_url":"https:\/\/dictator.se\/da\/kontakt-os\/","og_site_name":"dictator.se","article_modified_time":"2025-09-03T12:09:13+00:00","twitter_card":"summary_large_image","twitter_misc":{"Estimeret l\u00e6setid":"2 minutter"},"schema":{"@context":"https:\/\/schema.org","@graph":[{"@type":"WebPage","@id":"https:\/\/dictator.se\/da\/kontakt-os\/","url":"https:\/\/dictator.se\/da\/kontakt-os\/","name":"Kontakt os - dictator.se","isPartOf":{"@id":"https:\/\/dictator.se\/#website"},"datePublished":"2023-12-13T11:13:51+00:00","dateModified":"2025-09-03T12:09:13+00:00","description":"Kontakt os venligst hvis du \u00f8nsker mere information eller r\u00e5dgivning om nogen af vores produkter, eller hvis du har et sp\u00f8rgsm\u00e5l","breadcrumb":{"@id":"https:\/\/dictator.se\/da\/kontakt-os\/#breadcrumb"},"inLanguage":"da-DK","potentialAction":[{"@type":"ReadAction","target":["https:\/\/dictator.se\/da\/kontakt-os\/"]}]},{"@type":"BreadcrumbList","@id":"https:\/\/dictator.se\/da\/kontakt-os\/#breadcrumb","itemListElement":[{"@type":"ListItem","position":1,"name":"Home","item":"https:\/\/dictator.se\/da\/"},{"@type":"ListItem","position":2,"name":"Kontakt os"}]},{"@type":"WebSite","@id":"https:\/\/dictator.se\/#website","url":"https:\/\/dictator.se\/","name":"dictator.se","description":"","publisher":{"@id":"https:\/\/dictator.se\/#organization"},"potentialAction":[{"@type":"SearchAction","target":{"@type":"EntryPoint","urlTemplate":"https:\/\/dictator.se\/?s={search_term_string}"},"query-input":{"@type":"PropertyValueSpecification","valueRequired":true,"valueName":"search_term_string"}}],"inLanguage":"da-DK"},{"@type":"Organization","@id":"https:\/\/dictator.se\/#organization","name":"dictator.se","url":"https:\/\/dictator.se\/","logo":{"@type":"ImageObject","inLanguage":"da-DK","@id":"https:\/\/dictator.se\/#\/schema\/logo\/image\/","url":"https:\/\/dictator.se\/wp-content\/uploads\/2023\/12\/DICTATOR_Logo1.svg","contentUrl":"https:\/\/dictator.se\/wp-content\/uploads\/2023\/12\/DICTATOR_Logo1.svg","width":377,"height":58,"caption":"dictator.se"},"image":{"@id":"https:\/\/dictator.se\/#\/schema\/logo\/image\/"}}]}},"featured_image_src":null,"featured_image_src_square":null,"uagb_featured_image_src":{"full":false,"thumbnail":false,"medium":false,"medium_large":false,"large":false,"1536x1536":false,"2048x2048":false,"sidebar-featured":false,"genesis-singular-images":false,"gb-block-post-grid-landscape":false,"gb-block-post-grid-square":false},"uagb_author_info":{"display_name":"Sanna","author_link":"https:\/\/dictator.se\/da\/author\/sanna\/"},"uagb_comment_info":0,"uagb_excerpt":null,"_links":{"self":[{"href":"https:\/\/dictator.se\/da\/wp-json\/wp\/v2\/pages\/4154","targetHints":{"allow":["GET"]}}],"collection":[{"href":"https:\/\/dictator.se\/da\/wp-json\/wp\/v2\/pages"}],"about":[{"href":"https:\/\/dictator.se\/da\/wp-json\/wp\/v2\/types\/page"}],"author":[{"embeddable":true,"href":"https:\/\/dictator.se\/da\/wp-json\/wp\/v2\/users\/6"}],"replies":[{"embeddable":true,"href":"https:\/\/dictator.se\/da\/wp-json\/wp\/v2\/comments?post=4154"}],"version-history":[{"count":6,"href":"https:\/\/dictator.se\/da\/wp-json\/wp\/v2\/pages\/4154\/revisions"}],"predecessor-version":[{"id":6964,"href":"https:\/\/dictator.se\/da\/wp-json\/wp\/v2\/pages\/4154\/revisions\/6964"}],"wp:attachment":[{"href":"https:\/\/dictator.se\/da\/wp-json\/wp\/v2\/media?parent=4154"}],"curies":[{"name":"wp","href":"https:\/\/api.w.org\/{rel}","templated":true}]}}