{"id":4158,"date":"2023-12-13T12:12:46","date_gmt":"2023-12-13T11:12:46","guid":{"rendered":"https:\/\/dictator.se\/?page_id=4158"},"modified":"2024-05-23T10:36:28","modified_gmt":"2024-05-23T08:36:28","slug":"om-os","status":"publish","type":"page","link":"https:\/\/dictator.se\/da\/om-os\/","title":{"rendered":"Om Os"},"content":{"rendered":"\n<div class=\"wp-block-genesis-blocks-gb-columns gb-layout-columns-1 one-column\"><div class=\"gb-layout-column-wrap gb-block-layout-column-gap-2 gb-is-responsive-column\">\n<div class=\"wp-block-genesis-blocks-gb-column gb-block-layout-column\"><div class=\"gb-block-layout-column-inner\"><div class=\"yoast-breadcrumbs\"><span><span><a href=\"https:\/\/dictator.se\/da\/\">Home<\/a><\/span> \u00bb <span class=\"breadcrumb_last\" aria-current=\"page\">Om Os<\/span><\/span><\/div>\n\n\n<h1 class=\"wp-block-heading\" style=\"margin-top:var(--wp--preset--spacing--40);margin-bottom:var(--wp--preset--spacing--30)\">OM OS &#8211; DICTATOR Scandinavia<\/h1>\n\n\n\n<div class=\"wp-block-genesis-blocks-gb-columns gb-layout-columns-2 gb-2-col-wideleft\" style=\"margin-bottom:2%\"><div class=\"gb-layout-column-wrap gb-block-layout-column-gap-2 gb-is-responsive-column\">\n<div class=\"wp-block-genesis-blocks-gb-column gb-block-layout-column gb-is-vertically-aligned-center\"><div class=\"gb-block-layout-column-inner\">\n<p class=\"has-small-font-size\"><strong><strong>Om os &#8211; DICTATOR Scandinavia. Vores moderselskab <a href=\"https:\/\/en.dictator.de\/company\/about-dictator\/\" target=\"_blank\" rel=\"noreferrer noopener\">DICTATOR Technik GmbH<\/a> har specialiseret sig i fremstilling af produkter, der styrer eller dikterer bev\u00e6gelser for d\u00f8re. Derfor selskabets navn DICTATOR, som kommer fra selskabets mest ber\u00f8mte produkt, d\u00f8rlukkeren &#8220;Diktator&#8221;, som blev opfundet tilbage i 1932.<\/strong><\/strong><\/p>\n\n\n\n<p class=\"has-small-font-size\">Virksomheden har leveret l\u00f8sninger til industrielle applikationer i over 80 \u00e5r. I dag er vi en global koncern, der fremstiller v\u00e5res produkter p\u00e5 egne fabrikker i Europa, prim\u00e6rt i Tyskland, Holland, England og Spanien. Hvilket sikrer en h\u00f8j kvalitet og l\u00f8bende udvikling af produkterne.<\/p>\n<\/div><\/div>\n\n\n\n<div class=\"wp-block-genesis-blocks-gb-column gb-block-layout-column gb-is-vertically-aligned-center\"><div class=\"gb-block-layout-column-inner\">\n<div class=\"wp-block-uagb-image uagb-block-bdb159d4 wp-block-uagb-image--layout-default wp-block-uagb-image--effect-static wp-block-uagb-image--align-none\"><figure class=\"wp-block-uagb-image__figure\"><img decoding=\"async\" srcset=\"https:\/\/dictator.se\/wp-content\/uploads\/2024\/01\/DICTATOR-Wereldkaart.jpg ,https:\/\/dictator.se\/wp-content\/uploads\/2024\/01\/DICTATOR-Wereldkaart.jpg 780w, https:\/\/dictator.se\/wp-content\/uploads\/2024\/01\/DICTATOR-Wereldkaart.jpg 360w\" sizes=\"auto, (max-width: 480px) 150px\" src=\"https:\/\/dictator.se\/wp-content\/uploads\/2024\/01\/DICTATOR-Wereldkaart.jpg\" alt=\"\" class=\"uag-image-1071\" width=\"800\" height=\"438\" title=\"\" loading=\"lazy\"\/><\/figure><\/div>\n<\/div><\/div>\n<\/div><\/div>\n\n\n\n<div class=\"wp-block-genesis-blocks-gb-columns gb-layout-columns-2 gb-2-col-wideleft\" style=\"margin-bottom:2%\"><div class=\"gb-layout-column-wrap gb-block-layout-column-gap-2 gb-is-responsive-column\">\n<div class=\"wp-block-genesis-blocks-gb-column gb-block-layout-column gb-is-vertically-aligned-center\"><div class=\"gb-block-layout-column-inner\">\n<h2 class=\"wp-block-heading has-large-font-size\">Om os &#8211; DICTATOR Scandinavia<\/h2>\n\n\n\n<p class=\"has-small-font-size\">Siden 1989 har DICTATOR Scandinavia AB v\u00e6ret et delvist ejet datterselskab af <a href=\"https:\/\/en.dictator.de\/\" target=\"_blank\" rel=\"noreferrer noopener\">DICTATOR Technik GmbH<\/a>.<\/p>\n\n\n\n<p class=\"has-small-font-size\">Fra starten i 1989 blev virksomheden kaldt DICTATOR Teknik Sverige AB og fokuserede p\u00e5 det svenske marked. I begyndelsen af 2010 skiftede virksomheden navn til DICTATOR Scandinavia AB og flyttede kontoret fra Tran\u00e5s til Vadstena. I januar 2013 blev vi forhandlere til det danske marked og i dag ogs\u00e5 til det norske marked<\/p>\n\n\n\n<p class=\"has-small-font-size\">Ansvarlig for virksomheden, CEO og medejer er Ahron Sturm-Kimby, der med hj\u00e6lp fra medarbejdere og tidligere CEO og partner Torbj\u00f6rn Ljunggren, udvikler og driver virksomheden videre.<\/p>\n\n\n\n<p><strong><a href=\"https:\/\/dictator.se\/kontakta-oss\/\"><\/a><strong><a href=\"https:\/\/dictator.se\/da\/kontakt-os\/\">> Kontakt os for mere information<\/a><\/strong><\/strong><\/p>\n<\/div><\/div>\n\n\n\n<div class=\"wp-block-genesis-blocks-gb-column gb-block-layout-column gb-is-vertically-aligned-center\"><div class=\"gb-block-layout-column-inner\">\n<figure class=\"wp-block-image size-full\"><img loading=\"lazy\" decoding=\"async\" width=\"800\" height=\"450\" src=\"https:\/\/dictator.se\/wp-content\/uploads\/2024\/04\/Dictator_Hus.jpg\" alt=\"\" class=\"wp-image-3966\" srcset=\"https:\/\/dictator.se\/wp-content\/uploads\/2024\/04\/Dictator_Hus.jpg 800w, https:\/\/dictator.se\/wp-content\/uploads\/2024\/04\/Dictator_Hus-300x169.jpg 300w, https:\/\/dictator.se\/wp-content\/uploads\/2024\/04\/Dictator_Hus-768x432.jpg 768w\" sizes=\"auto, (max-width: 800px) 100vw, 800px\" \/><\/figure>\n<\/div><\/div>\n<\/div><\/div>\n\n\n\n<div class=\"wp-block-genesis-blocks-gb-columns gb-layout-columns-1 gb-1-col-equal\" style=\"margin-bottom:2%\"><div class=\"gb-layout-column-wrap gb-block-layout-column-gap-2 gb-is-responsive-column\">\n<div class=\"wp-block-genesis-blocks-gb-column gb-block-layout-column\"><div class=\"gb-block-layout-column-inner\">\n<h2 class=\"wp-block-heading has-large-font-size\"><strong>Vores filosofi handler om at levere l\u00f8sninger<\/strong><\/h2>\n\n\n\n<p class=\"has-small-font-size\">Vi er stolte af at kunne tilbyde fremragende service til alle vores kunder, sm\u00e5 som store.<\/p>\n\n\n\n<p class=\"has-small-font-size\">Vi \u00f8nsker at samarbejde med dig om at levere den bedste l\u00f8sning til dit projekt, uanset om det er et standardprodukt, eller om det betyder at udvikle en skr\u00e6ddersyet l\u00f8sning.<\/p>\n\n\n\n<p class=\"has-small-font-size\">Fremstilling af vores egne produkter har altid v\u00e6ret vigtigt for os, og vi forts\u00e6tter med at investere i det nyeste udstyr i vores faciliteter.<\/p>\n\n\n\n<p class=\"has-medium-font-size\"><strong>Frem for alt v\u00e6rds\u00e6tter vi de relationer, vi opbygger med vores kunder. Vi lytter altid til vores kunder og arbejder sammen med dem for at l\u00f8se deres problemer.<\/strong><\/p>\n<\/div><\/div>\n<\/div><\/div>\n<\/div><\/div>\n<\/div><\/div>\n","protected":false},"excerpt":{"rendered":"","protected":false},"author":6,"featured_media":0,"parent":0,"menu_order":0,"comment_status":"closed","ping_status":"closed","template":"","meta":{"_acf_changed":false,"_uag_custom_page_level_css":"","_genesis_hide_title":true,"_genesis_hide_breadcrumbs":false,"_genesis_hide_singular_image":false,"_genesis_hide_footer_widgets":false,"_genesis_custom_body_class":"","_genesis_custom_post_class":"","_genesis_layout":"","footnotes":""},"class_list":{"0":"post-4158","1":"page","2":"type-page","3":"status-publish","5":"entry"},"acf":[],"yoast_head":"<!-- This site is optimized with the Yoast SEO plugin v27.2 - https:\/\/yoast.com\/product\/yoast-seo-wordpress\/ -->\n<title>Om Os - dictator.se<\/title>\n<meta name=\"description\" content=\"Om os Vores moderselskab DICTATOR Technik GmbH har specialiseret sig i fremstilling af produkter, der styrer bev\u00e6gelser for d\u00f8re.\" \/>\n<meta name=\"robots\" content=\"index, follow, max-snippet:-1, max-image-preview:large, max-video-preview:-1\" \/>\n<link rel=\"canonical\" href=\"https:\/\/dictator.se\/da\/om-os\/\" \/>\n<meta property=\"og:locale\" content=\"da_DK\" \/>\n<meta property=\"og:type\" content=\"article\" \/>\n<meta property=\"og:title\" content=\"Om Os - dictator.se\" \/>\n<meta property=\"og:description\" content=\"Om os Vores moderselskab DICTATOR Technik GmbH har specialiseret sig i fremstilling af produkter, der styrer bev\u00e6gelser for d\u00f8re.\" \/>\n<meta property=\"og:url\" content=\"https:\/\/dictator.se\/da\/om-os\/\" \/>\n<meta property=\"og:site_name\" content=\"dictator.se\" \/>\n<meta property=\"article:modified_time\" content=\"2024-05-23T08:36:28+00:00\" \/>\n<meta property=\"og:image\" content=\"https:\/\/dictator.se\/wp-content\/uploads\/2024\/01\/DICTATOR-Wereldkaart.jpg\" \/>\n<meta name=\"twitter:card\" content=\"summary_large_image\" \/>\n<meta name=\"twitter:label1\" content=\"Estimeret l\u00e6setid\" \/>\n\t<meta name=\"twitter:data1\" content=\"2 minutter\" \/>\n<script type=\"application\/ld+json\" class=\"yoast-schema-graph\">{\"@context\":\"https:\/\/schema.org\",\"@graph\":[{\"@type\":\"WebPage\",\"@id\":\"https:\/\/dictator.se\/da\/om-os\/\",\"url\":\"https:\/\/dictator.se\/da\/om-os\/\",\"name\":\"Om Os - dictator.se\",\"isPartOf\":{\"@id\":\"https:\/\/dictator.se\/#website\"},\"primaryImageOfPage\":{\"@id\":\"https:\/\/dictator.se\/da\/om-os\/#primaryimage\"},\"image\":{\"@id\":\"https:\/\/dictator.se\/da\/om-os\/#primaryimage\"},\"thumbnailUrl\":\"https:\/\/dictator.se\/wp-content\/uploads\/2024\/01\/DICTATOR-Wereldkaart.jpg\",\"datePublished\":\"2023-12-13T11:12:46+00:00\",\"dateModified\":\"2024-05-23T08:36:28+00:00\",\"description\":\"Om os Vores moderselskab DICTATOR Technik GmbH har specialiseret sig i fremstilling af produkter, der styrer bev\u00e6gelser for d\u00f8re.\",\"breadcrumb\":{\"@id\":\"https:\/\/dictator.se\/da\/om-os\/#breadcrumb\"},\"inLanguage\":\"da-DK\",\"potentialAction\":[{\"@type\":\"ReadAction\",\"target\":[\"https:\/\/dictator.se\/da\/om-os\/\"]}]},{\"@type\":\"ImageObject\",\"inLanguage\":\"da-DK\",\"@id\":\"https:\/\/dictator.se\/da\/om-os\/#primaryimage\",\"url\":\"https:\/\/dictator.se\/wp-content\/uploads\/2024\/01\/DICTATOR-Wereldkaart.jpg\",\"contentUrl\":\"https:\/\/dictator.se\/wp-content\/uploads\/2024\/01\/DICTATOR-Wereldkaart.jpg\"},{\"@type\":\"BreadcrumbList\",\"@id\":\"https:\/\/dictator.se\/da\/om-os\/#breadcrumb\",\"itemListElement\":[{\"@type\":\"ListItem\",\"position\":1,\"name\":\"Home\",\"item\":\"https:\/\/dictator.se\/da\/\"},{\"@type\":\"ListItem\",\"position\":2,\"name\":\"Om Os\"}]},{\"@type\":\"WebSite\",\"@id\":\"https:\/\/dictator.se\/#website\",\"url\":\"https:\/\/dictator.se\/\",\"name\":\"dictator.se\",\"description\":\"\",\"publisher\":{\"@id\":\"https:\/\/dictator.se\/#organization\"},\"potentialAction\":[{\"@type\":\"SearchAction\",\"target\":{\"@type\":\"EntryPoint\",\"urlTemplate\":\"https:\/\/dictator.se\/?s={search_term_string}\"},\"query-input\":{\"@type\":\"PropertyValueSpecification\",\"valueRequired\":true,\"valueName\":\"search_term_string\"}}],\"inLanguage\":\"da-DK\"},{\"@type\":\"Organization\",\"@id\":\"https:\/\/dictator.se\/#organization\",\"name\":\"dictator.se\",\"url\":\"https:\/\/dictator.se\/\",\"logo\":{\"@type\":\"ImageObject\",\"inLanguage\":\"da-DK\",\"@id\":\"https:\/\/dictator.se\/#\/schema\/logo\/image\/\",\"url\":\"https:\/\/dictator.se\/wp-content\/uploads\/2023\/12\/DICTATOR_Logo1.svg\",\"contentUrl\":\"https:\/\/dictator.se\/wp-content\/uploads\/2023\/12\/DICTATOR_Logo1.svg\",\"width\":377,\"height\":58,\"caption\":\"dictator.se\"},\"image\":{\"@id\":\"https:\/\/dictator.se\/#\/schema\/logo\/image\/\"}}]}<\/script>\n<!-- \/ Yoast SEO plugin. -->","yoast_head_json":{"title":"Om Os - dictator.se","description":"Om os Vores moderselskab DICTATOR Technik GmbH har specialiseret sig i fremstilling af produkter, der styrer bev\u00e6gelser for d\u00f8re.","robots":{"index":"index","follow":"follow","max-snippet":"max-snippet:-1","max-image-preview":"max-image-preview:large","max-video-preview":"max-video-preview:-1"},"canonical":"https:\/\/dictator.se\/da\/om-os\/","og_locale":"da_DK","og_type":"article","og_title":"Om Os - dictator.se","og_description":"Om os Vores moderselskab DICTATOR Technik GmbH har specialiseret sig i fremstilling af produkter, der styrer bev\u00e6gelser for d\u00f8re.","og_url":"https:\/\/dictator.se\/da\/om-os\/","og_site_name":"dictator.se","article_modified_time":"2024-05-23T08:36:28+00:00","og_image":[{"url":"https:\/\/dictator.se\/wp-content\/uploads\/2024\/01\/DICTATOR-Wereldkaart.jpg","type":"","width":"","height":""}],"twitter_card":"summary_large_image","twitter_misc":{"Estimeret l\u00e6setid":"2 minutter"},"schema":{"@context":"https:\/\/schema.org","@graph":[{"@type":"WebPage","@id":"https:\/\/dictator.se\/da\/om-os\/","url":"https:\/\/dictator.se\/da\/om-os\/","name":"Om Os - dictator.se","isPartOf":{"@id":"https:\/\/dictator.se\/#website"},"primaryImageOfPage":{"@id":"https:\/\/dictator.se\/da\/om-os\/#primaryimage"},"image":{"@id":"https:\/\/dictator.se\/da\/om-os\/#primaryimage"},"thumbnailUrl":"https:\/\/dictator.se\/wp-content\/uploads\/2024\/01\/DICTATOR-Wereldkaart.jpg","datePublished":"2023-12-13T11:12:46+00:00","dateModified":"2024-05-23T08:36:28+00:00","description":"Om os Vores moderselskab DICTATOR Technik GmbH har specialiseret sig i fremstilling af produkter, der styrer bev\u00e6gelser for d\u00f8re.","breadcrumb":{"@id":"https:\/\/dictator.se\/da\/om-os\/#breadcrumb"},"inLanguage":"da-DK","potentialAction":[{"@type":"ReadAction","target":["https:\/\/dictator.se\/da\/om-os\/"]}]},{"@type":"ImageObject","inLanguage":"da-DK","@id":"https:\/\/dictator.se\/da\/om-os\/#primaryimage","url":"https:\/\/dictator.se\/wp-content\/uploads\/2024\/01\/DICTATOR-Wereldkaart.jpg","contentUrl":"https:\/\/dictator.se\/wp-content\/uploads\/2024\/01\/DICTATOR-Wereldkaart.jpg"},{"@type":"BreadcrumbList","@id":"https:\/\/dictator.se\/da\/om-os\/#breadcrumb","itemListElement":[{"@type":"ListItem","position":1,"name":"Home","item":"https:\/\/dictator.se\/da\/"},{"@type":"ListItem","position":2,"name":"Om Os"}]},{"@type":"WebSite","@id":"https:\/\/dictator.se\/#website","url":"https:\/\/dictator.se\/","name":"dictator.se","description":"","publisher":{"@id":"https:\/\/dictator.se\/#organization"},"potentialAction":[{"@type":"SearchAction","target":{"@type":"EntryPoint","urlTemplate":"https:\/\/dictator.se\/?s={search_term_string}"},"query-input":{"@type":"PropertyValueSpecification","valueRequired":true,"valueName":"search_term_string"}}],"inLanguage":"da-DK"},{"@type":"Organization","@id":"https:\/\/dictator.se\/#organization","name":"dictator.se","url":"https:\/\/dictator.se\/","logo":{"@type":"ImageObject","inLanguage":"da-DK","@id":"https:\/\/dictator.se\/#\/schema\/logo\/image\/","url":"https:\/\/dictator.se\/wp-content\/uploads\/2023\/12\/DICTATOR_Logo1.svg","contentUrl":"https:\/\/dictator.se\/wp-content\/uploads\/2023\/12\/DICTATOR_Logo1.svg","width":377,"height":58,"caption":"dictator.se"},"image":{"@id":"https:\/\/dictator.se\/#\/schema\/logo\/image\/"}}]}},"featured_image_src":null,"featured_image_src_square":null,"uagb_featured_image_src":{"full":false,"thumbnail":false,"medium":false,"medium_large":false,"large":false,"1536x1536":false,"2048x2048":false,"sidebar-featured":false,"genesis-singular-images":false,"gb-block-post-grid-landscape":false,"gb-block-post-grid-square":false},"uagb_author_info":{"display_name":"Sanna","author_link":"https:\/\/dictator.se\/da\/author\/sanna\/"},"uagb_comment_info":0,"uagb_excerpt":null,"_links":{"self":[{"href":"https:\/\/dictator.se\/da\/wp-json\/wp\/v2\/pages\/4158","targetHints":{"allow":["GET"]}}],"collection":[{"href":"https:\/\/dictator.se\/da\/wp-json\/wp\/v2\/pages"}],"about":[{"href":"https:\/\/dictator.se\/da\/wp-json\/wp\/v2\/types\/page"}],"author":[{"embeddable":true,"href":"https:\/\/dictator.se\/da\/wp-json\/wp\/v2\/users\/6"}],"replies":[{"embeddable":true,"href":"https:\/\/dictator.se\/da\/wp-json\/wp\/v2\/comments?post=4158"}],"version-history":[{"count":4,"href":"https:\/\/dictator.se\/da\/wp-json\/wp\/v2\/pages\/4158\/revisions"}],"predecessor-version":[{"id":5136,"href":"https:\/\/dictator.se\/da\/wp-json\/wp\/v2\/pages\/4158\/revisions\/5136"}],"wp:attachment":[{"href":"https:\/\/dictator.se\/da\/wp-json\/wp\/v2\/media?parent=4158"}],"curies":[{"name":"wp","href":"https:\/\/api.w.org\/{rel}","templated":true}]}}