{"id":4170,"date":"2024-04-10T16:10:11","date_gmt":"2024-04-10T14:10:11","guid":{"rendered":"https:\/\/dictator.se\/?page_id=4170"},"modified":"2025-09-30T15:50:13","modified_gmt":"2025-09-30T13:50:13","slug":"doerholdere","status":"publish","type":"page","link":"https:\/\/dictator.se\/da\/produkter\/doerlukkere\/doerholdere\/","title":{"rendered":"D\u00f8rholdere"},"content":{"rendered":"\n<div class=\"wp-block-genesis-blocks-gb-columns gb-layout-columns-1 one-column\"><div class=\"gb-layout-column-wrap gb-block-layout-column-gap-2 gb-is-responsive-column\">\n<div class=\"wp-block-genesis-blocks-gb-column gb-block-layout-column\"><div class=\"gb-block-layout-column-inner\"><div class=\"yoast-breadcrumbs\"><span><span><a href=\"https:\/\/dictator.se\/da\/\">Home<\/a><\/span> \u00bb <span><a href=\"https:\/\/dictator.se\/da\/produkter\/\">Produkter<\/a><\/span> \u00bb <span><a href=\"https:\/\/dictator.se\/da\/produkter\/doerlukkere\/\">D\u00f8rlukkere<\/a><\/span> \u00bb <span class=\"breadcrumb_last\" aria-current=\"page\">D\u00f8rholdere<\/span><\/span><\/div>\n\n\n<h1 class=\"wp-block-heading\" style=\"padding-top:var(--wp--preset--spacing--40);font-size:40px;text-transform:uppercase\"><strong>D\u00f8rholdere<\/strong><\/h1>\n\n\n\n<div class=\"wp-block-genesis-blocks-gb-columns gb-layout-columns-2 gb-2-col-wideleft\"><div class=\"gb-layout-column-wrap gb-block-layout-column-gap-2 gb-is-responsive-column\">\n<div class=\"wp-block-genesis-blocks-gb-column gb-block-layout-column\"><div class=\"gb-block-layout-column-inner\">\n<p>D\u00f8rholdere fra DICTATOR udm\u00e6rker sig hovedsageligt ved deres robuste konstruktion og attraktive design. Den er tilpasset til at holde d\u00f8ren i enhver position og kan l\u00e5ses d\u00f8ren eller slippe den med et let tryk fra foden. Materialerne er udvalgt ud fra en rustfri st\u00e5l- og vedligeholdelsesfri funktion for at opn\u00e5 en h\u00f8j kvalitet og lang levetid. ZE d\u00f8rholder serien f\u00e5s med flere forskellige p\u00e5virkningslande op til 200 mm. Perfekt til terrassed\u00f8re, hvor afstanden til terrassen overflade selv kan v\u00e6re stor.<\/p>\n\n\n\n<p>Hus i ZE seriens er lavet i et stykke i aluminium, og de \u00f8vrige dele er lavet af rustfrit st\u00e5l, plads og gummi, hvilket g\u00f8r d\u00f8rholderen rustfrit st\u00e5l, hvilket er en foruds\u00e6tning for at rydde udvendige d\u00f8re og terrassed\u00f8re i lang tid. Ved at skubbe gummifoden ned mod overfladen, stopper d\u00f8ren ogs\u00e5 h\u00e5ndtere polerede overflader.<\/p>\n\n\n\n<p>Hvis d\u00f8ren altid skal v\u00e6re \u00e5ben i samme position, og du vil undg\u00e5 at fastg\u00f8re eller slippe d\u00f8rholderen med j\u00e6vne mellemrum, anbefaler vi vores d\u00f8rstop med buffer, som ofte kan v\u00e6re en bedre l\u00f8sning end den fleksible d\u00f8rholder.<\/p>\n\n\n\n<h2 class=\"wp-block-heading\">Funktion<\/h2>\n\n\n\n<ul class=\"wp-block-list\">\n<li>Stopper d\u00f8ren forsigtigt, n\u00e5r du \u00e5bner<\/li>\n\n\n\n<li>Forhindrer d\u00f8ren i at \u00e5bne uden for den \u00f8nskede vinkel<\/li>\n\n\n\n<li>Holder d\u00f8ren \u00e5ben i den \u00f8nskede position<\/li>\n<\/ul>\n<\/div><\/div>\n\n\n\n<div class=\"wp-block-genesis-blocks-gb-column gb-block-layout-column\"><div class=\"gb-block-layout-column-inner\">\n<div class=\"wp-block-uagb-image uagb-block-9d0cc450 wp-block-uagb-image--layout-default wp-block-uagb-image--effect-static wp-block-uagb-image--align-none\"><figure class=\"wp-block-uagb-image__figure\"><img decoding=\"async\" srcset=\"https:\/\/dictator.se\/wp-content\/uploads\/2024\/04\/Dorrhallare-ZE160.jpg ,https:\/\/dictator.se\/wp-content\/uploads\/2024\/04\/Dorrhallare-ZE160.jpg 780w, https:\/\/dictator.se\/wp-content\/uploads\/2024\/04\/Dorrhallare-ZE160.jpg 360w\" sizes=\"auto, (max-width: 480px) 150px\" src=\"https:\/\/dictator.se\/wp-content\/uploads\/2024\/04\/Dorrhallare-ZE160.jpg\" alt=\"\" class=\"uag-image-3508\" width=\"300\" height=\"361\" title=\"Dorrhallare-ZE160\" loading=\"lazy\" role=\"img\"\/><\/figure><\/div>\n\n\n\n<div class=\"wp-block-uagb-image uagb-block-b2b25dfb wp-block-uagb-image--layout-default wp-block-uagb-image--effect-static wp-block-uagb-image--align-none\"><figure class=\"wp-block-uagb-image__figure\"><img decoding=\"async\" srcset=\"https:\/\/dictator.se\/wp-content\/uploads\/2024\/04\/Dorrhallare-Katalog.jpg ,https:\/\/dictator.se\/wp-content\/uploads\/2024\/04\/Dorrhallare-Katalog.jpg 780w, https:\/\/dictator.se\/wp-content\/uploads\/2024\/04\/Dorrhallare-Katalog.jpg 360w\" sizes=\"auto, (max-width: 480px) 150px\" src=\"https:\/\/dictator.se\/wp-content\/uploads\/2024\/04\/Dorrhallare-Katalog.jpg\" alt=\"\" class=\"uag-image-3517\" width=\"246\" height=\"248\" title=\"Dorrhallare-Katalog\" loading=\"lazy\" role=\"img\"\/><\/figure><\/div>\n\n\n\n<p class=\"has-text-align-center has-small-font-size\"><a href=\"https:\/\/en.dictator.de\/wp-content\/uploads\/0205-Door-holders.pdf\" target=\"_blank\" rel=\"noreferrer noopener\">L\u00e4s v\u00e5r kataloh Door Holders<\/a><\/p>\n<\/div><\/div>\n<\/div><\/div>\n\n\n\n<div class=\"wp-block-uagb-container uagb-layout-grid uagb-block-c42f61f0 alignfull uagb-is-root-container\"><div class=\"uagb-container-inner-blocks-wrap\">\n<div class=\"wp-block-uagb-container uagb-block-2151ad33 default uagb-is-root-container\">\n<div class=\"wp-block-uagb-image aligncenter uagb-block-c4f29346 wp-block-uagb-image--layout-default wp-block-uagb-image--effect-static wp-block-uagb-image--align-center\"><figure class=\"wp-block-uagb-image__figure\"><a class=\"\" href=\"https:\/\/en.dictator.de\/products\/door-closing-solutions\/door-holder\/ze-door-holder\/\" target=\"_blank\" rel=\"noreferrer noopener\"><img decoding=\"async\" srcset=\"https:\/\/dictator.se\/wp-content\/uploads\/2024\/02\/Dorrhallare-ZE.jpg ,https:\/\/dictator.se\/wp-content\/uploads\/2024\/02\/Dorrhallare-ZE.jpg 780w, https:\/\/dictator.se\/wp-content\/uploads\/2024\/02\/Dorrhallare-ZE.jpg 360w\" sizes=\"auto, (max-width: 480px) 150px\" src=\"https:\/\/dictator.se\/wp-content\/uploads\/2024\/02\/Dorrhallare-ZE.jpg\" alt=\"\" class=\"uag-image-2873\" width=\"200\" height=\"200\" title=\"Dorrhallare-ZE\" loading=\"lazy\" role=\"img\"\/><\/a><\/figure><\/div>\n\n\n\n<h4 class=\"wp-block-heading\" style=\"text-transform:uppercase\">ZE D\u00f8rholder, standard og design line<\/h4>\n\n\n\n<p><strong>Holder d\u00f8ren \u00e5ben i enhver position.<\/strong><\/p>\n\n\n\n<ul class=\"wp-block-list\">\n<li class=\"has-small-font-size\"><strong>Standard<\/strong>:&nbsp;Robust version med slag fra 25 mm op til 105 mm.<\/li>\n\n\n\n<li class=\"has-small-font-size\"><strong>Design Line<\/strong>: Meget kompakt design selv for slag fra 80 mm til 200 mm, hvor stempelstangen ikke er synlig, n\u00e5r den er deaktiveret.<\/li>\n<\/ul>\n\n\n\n<div class=\"wp-block-uagb-buttons uagb-buttons__outer-wrap uagb-btn__small-btn uagb-btn-tablet__default-btn uagb-btn-mobile__default-btn uagb-block-041cacdf\"><div class=\"uagb-buttons__wrap uagb-buttons-layout-wrap \">\n<div class=\"wp-block-uagb-buttons-child uagb-buttons__outer-wrap uagb-block-2690ebee wp-block-button\"><div class=\"uagb-button__wrapper\"><a class=\"uagb-buttons-repeater wp-block-button__link\" aria-label=\"\" href=\"https:\/\/en.dictator.de\/products\/door-closing-solutions\/door-holder\/ze-door-holder\/\" rel=\"follow noopener\" target=\"_blank\" role=\"button\"><div class=\"uagb-button__link\">L\u00e6s mere her<\/div><span class=\"uagb-button__icon uagb-button__icon-position-after\"><svg xmlns=\"https:\/\/www.w3.org\/2000\/svg\" viewBox=\"0 0 448 512\" aria-hidden=\"true\" focussable=\"false\"><path d=\"M256 64C256 46.33 270.3 32 288 32H415.1C415.1 32 415.1 32 415.1 32C420.3 32 424.5 32.86 428.2 34.43C431.1 35.98 435.5 38.27 438.6 41.3C438.6 41.35 438.6 41.4 438.7 41.44C444.9 47.66 447.1 55.78 448 63.9C448 63.94 448 63.97 448 64V192C448 209.7 433.7 224 416 224C398.3 224 384 209.7 384 192V141.3L214.6 310.6C202.1 323.1 181.9 323.1 169.4 310.6C156.9 298.1 156.9 277.9 169.4 265.4L338.7 96H288C270.3 96 256 81.67 256 64V64zM0 128C0 92.65 28.65 64 64 64H160C177.7 64 192 78.33 192 96C192 113.7 177.7 128 160 128H64V416H352V320C352 302.3 366.3 288 384 288C401.7 288 416 302.3 416 320V416C416 451.3 387.3 480 352 480H64C28.65 480 0 451.3 0 416V128z\"><\/path><\/svg><\/span><\/a><\/div><\/div>\n<\/div><\/div>\n<\/div>\n\n\n\n<div class=\"wp-block-uagb-container uagb-block-f508e74d default uagb-is-root-container\">\n<div class=\"wp-block-uagb-image aligncenter uagb-block-84be7e69 wp-block-uagb-image--layout-default wp-block-uagb-image--effect-static wp-block-uagb-image--align-center\"><figure class=\"wp-block-uagb-image__figure\"><a class=\"\" href=\"https:\/\/en.dictator.de\/products\/door-closing-solutions\/door-holder\/door-stop-buffer\/\" target=\"_blank\" rel=\"noreferrer noopener\"><img decoding=\"async\" srcset=\"https:\/\/dictator.se\/wp-content\/uploads\/2024\/04\/Dorrstopp-buffert.jpg ,https:\/\/dictator.se\/wp-content\/uploads\/2024\/04\/Dorrstopp-buffert.jpg 780w, https:\/\/dictator.se\/wp-content\/uploads\/2024\/04\/Dorrstopp-buffert.jpg 360w\" sizes=\"auto, (max-width: 480px) 150px\" src=\"https:\/\/dictator.se\/wp-content\/uploads\/2024\/04\/Dorrstopp-buffert.jpg\" alt=\"\" class=\"uag-image-3511\" width=\"200\" height=\"200\" title=\"Dorrstopp-buffert\" loading=\"lazy\" role=\"img\"\/><\/a><\/figure><\/div>\n\n\n\n<h4 class=\"wp-block-heading\" style=\"text-transform:uppercase\">D\u00f8rstop og buffer<\/h4>\n\n\n\n<p><strong>Holder d\u00f8ren \u00e5ben i en forudbestemt position<\/strong><\/p>\n\n\n\n<ul class=\"wp-block-list\">\n<li class=\"has-small-font-size\">Diskret design<\/li>\n\n\n\n<li class=\"has-small-font-size\">Justerbar holdekraft<\/li>\n\n\n\n<li class=\"has-small-font-size\">P\u00e5 grund af sit flade design udg\u00f8r det ikke en hindring for<\/li>\n\n\n\n<li class=\"has-small-font-size\">Takket v\u00e6re aluminiumshuset kan d\u00f8rholderen ogs\u00e5 monteres udend\u00f8rs<\/li>\n\n\n\n<li class=\"has-small-font-size\">Den flade plade er fastgjort til gulvet, hvor d\u00f8ren skal holdes \u00e5ben<\/li>\n\n\n\n<li class=\"has-small-font-size\">Gummibufferen p\u00e5 pladen sinker d\u00f8ren og beskytter den og dens h\u00e6ngsler<\/li>\n<\/ul>\n\n\n\n<div class=\"wp-block-uagb-buttons uagb-buttons__outer-wrap uagb-btn__small-btn uagb-btn-tablet__default-btn uagb-btn-mobile__default-btn uagb-block-27e658b2\"><div class=\"uagb-buttons__wrap uagb-buttons-layout-wrap \">\n<div class=\"wp-block-uagb-buttons-child uagb-buttons__outer-wrap uagb-block-c07e3c0f wp-block-button\"><div class=\"uagb-button__wrapper\"><a class=\"uagb-buttons-repeater wp-block-button__link\" aria-label=\"\" href=\"https:\/\/en.dictator.de\/products\/door-closing-solutions\/door-holder\/door-stop-buffer\/\" rel=\"follow noopener\" target=\"_blank\" role=\"button\"><div class=\"uagb-button__link\">L\u00e6s mere her<\/div><span class=\"uagb-button__icon uagb-button__icon-position-after\"><svg xmlns=\"https:\/\/www.w3.org\/2000\/svg\" viewBox=\"0 0 448 512\" aria-hidden=\"true\" focussable=\"false\"><path d=\"M256 64C256 46.33 270.3 32 288 32H415.1C415.1 32 415.1 32 415.1 32C420.3 32 424.5 32.86 428.2 34.43C431.1 35.98 435.5 38.27 438.6 41.3C438.6 41.35 438.6 41.4 438.7 41.44C444.9 47.66 447.1 55.78 448 63.9C448 63.94 448 63.97 448 64V192C448 209.7 433.7 224 416 224C398.3 224 384 209.7 384 192V141.3L214.6 310.6C202.1 323.1 181.9 323.1 169.4 310.6C156.9 298.1 156.9 277.9 169.4 265.4L338.7 96H288C270.3 96 256 81.67 256 64V64zM0 128C0 92.65 28.65 64 64 64H160C177.7 64 192 78.33 192 96C192 113.7 177.7 128 160 128H64V416H352V320C352 302.3 366.3 288 384 288C401.7 288 416 302.3 416 320V416C416 451.3 387.3 480 352 480H64C28.65 480 0 451.3 0 416V128z\"><\/path><\/svg><\/span><\/a><\/div><\/div>\n<\/div><\/div>\n<\/div>\n<\/div><\/div>\n\n\n\n<div class=\"wp-block-genesis-blocks-gb-columns gb-layout-columns-1 one-column\" style=\"margin-top:2%\"><div class=\"gb-layout-column-wrap gb-block-layout-column-gap-2 gb-is-responsive-column\">\n<div class=\"wp-block-genesis-blocks-gb-column gb-block-layout-column\"><div class=\"gb-block-layout-column-inner has-ci-quaternary-background-color\" style=\"padding-top:50px;padding-right:100px;padding-bottom:50px;padding-left:100px\">\n<div class=\"wp-block-genesis-blocks-gb-columns gb-layout-columns-2 gb-2-col-wideleft\"><div class=\"gb-layout-column-wrap gb-block-layout-column-gap-2 gb-is-responsive-column\">\n<div class=\"wp-block-genesis-blocks-gb-column gb-block-layout-column\"><div class=\"gb-block-layout-column-inner\">\n<h2 class=\"wp-block-heading has-large-font-size\"><strong>GRATIS SERVICE OCH R\u00c5DGIVNING<\/strong><\/h2>\n\n\n\n<p class=\"has-medium-font-size\">Vilken modell &amp; vilken monteringsposition passar din d\u00f6rr? Vi hj\u00e4lper dig g\u00e4rna att hitta r\u00e4tt!<\/p>\n\n\n\n<div class=\"wp-block-uagb-buttons uagb-buttons__outer-wrap uagb-btn__default-btn uagb-btn-tablet__default-btn uagb-btn-mobile__default-btn uagb-block-39eb0c0e\"><div class=\"uagb-buttons__wrap uagb-buttons-layout-wrap \">\n<div class=\"wp-block-uagb-buttons-child uagb-buttons__outer-wrap uagb-block-d206b251 wp-block-button\"><div class=\"uagb-button__wrapper\"><a class=\"uagb-buttons-repeater wp-block-button__link\" aria-label=\"\" href=\"https:\/\/dictator.se\/da\/kontakt-os\/\" rel=\"follow noopener\" target=\"_self\" role=\"button\"><div class=\"uagb-button__link\">Kontakt os her<\/div><span class=\"uagb-button__icon uagb-button__icon-position-after\"><svg xmlns=\"https:\/\/www.w3.org\/2000\/svg\" viewBox=\"0 0 448 512\" aria-hidden=\"true\" focussable=\"false\"><path d=\"M438.6 278.6l-160 160C272.4 444.9 264.2 448 256 448s-16.38-3.125-22.62-9.375c-12.5-12.5-12.5-32.75 0-45.25L338.8 288H32C14.33 288 .0016 273.7 .0016 256S14.33 224 32 224h306.8l-105.4-105.4c-12.5-12.5-12.5-32.75 0-45.25s32.75-12.5 45.25 0l160 160C451.1 245.9 451.1 266.1 438.6 278.6z\"><\/path><\/svg><\/span><\/a><\/div><\/div>\n<\/div><\/div>\n<\/div><\/div>\n\n\n\n<div class=\"wp-block-genesis-blocks-gb-column gb-block-layout-column\"><div class=\"gb-block-layout-column-inner\">\n<div class=\"wp-block-uagb-image aligncenter uagb-block-d296d348 wp-block-uagb-image--layout-default wp-block-uagb-image--effect-static wp-block-uagb-image--align-center\"><figure class=\"wp-block-uagb-image__figure\"><img decoding=\"async\" srcset=\"https:\/\/dictator.se\/wp-content\/uploads\/2023\/12\/icon-service-150x150.png ,https:\/\/dictator.se\/wp-content\/uploads\/2023\/12\/icon-service.png 780w, https:\/\/dictator.se\/wp-content\/uploads\/2023\/12\/icon-service.png 360w\" sizes=\"auto, (max-width: 480px) 150px\" src=\"https:\/\/dictator.se\/wp-content\/uploads\/2023\/12\/icon-service-150x150.png\" alt=\"\" class=\"uag-image-203\" width=\"150\" height=\"150\" title=\"\" loading=\"lazy\" role=\"img\"\/><\/figure><\/div>\n<\/div><\/div>\n<\/div><\/div>\n<\/div><\/div>\n<\/div><\/div>\n<\/div><\/div>\n<\/div><\/div>\n","protected":false},"excerpt":{"rendered":"","protected":false},"author":6,"featured_media":0,"parent":4168,"menu_order":0,"comment_status":"closed","ping_status":"closed","template":"","meta":{"_acf_changed":false,"_uag_custom_page_level_css":"","_genesis_hide_title":true,"_genesis_hide_breadcrumbs":false,"_genesis_hide_singular_image":false,"_genesis_hide_footer_widgets":false,"_genesis_custom_body_class":"","_genesis_custom_post_class":"","_genesis_layout":"","footnotes":""},"class_list":{"0":"post-4170","1":"page","2":"type-page","3":"status-publish","5":"entry"},"acf":[],"yoast_head":"<!-- This site is optimized with the Yoast SEO plugin v27.3 - https:\/\/yoast.com\/product\/yoast-seo-wordpress\/ -->\n<title>D\u00f8rholdere - dictator.se<\/title>\n<meta name=\"description\" content=\"D\u00f8rholdere udm\u00e6rker sig hovedsageligt ved deres robuste konstruktion og attraktive design. Den er tilpasset til at holde d\u00f8ren i position\" \/>\n<meta name=\"robots\" content=\"index, follow, max-snippet:-1, max-image-preview:large, max-video-preview:-1\" \/>\n<link rel=\"canonical\" href=\"https:\/\/dictator.se\/da\/produkter\/doerlukkere\/doerholdere\/\" \/>\n<meta property=\"og:locale\" content=\"da_DK\" \/>\n<meta property=\"og:type\" content=\"article\" \/>\n<meta property=\"og:title\" content=\"D\u00f8rholdere - dictator.se\" \/>\n<meta property=\"og:description\" content=\"D\u00f8rholdere udm\u00e6rker sig hovedsageligt ved deres robuste konstruktion og attraktive design. Den er tilpasset til at holde d\u00f8ren i position\" \/>\n<meta property=\"og:url\" content=\"https:\/\/dictator.se\/da\/produkter\/doerlukkere\/doerholdere\/\" \/>\n<meta property=\"og:site_name\" content=\"dictator.se\" \/>\n<meta property=\"article:modified_time\" content=\"2025-09-30T13:50:13+00:00\" \/>\n<meta property=\"og:image\" content=\"https:\/\/dictator.se\/wp-content\/uploads\/2024\/04\/Dorrhallare-ZE160.jpg\" \/>\n<meta name=\"twitter:card\" content=\"summary_large_image\" \/>\n<meta name=\"twitter:label1\" content=\"Estimeret l\u00e6setid\" \/>\n\t<meta name=\"twitter:data1\" content=\"3 minutter\" \/>\n<script type=\"application\/ld+json\" class=\"yoast-schema-graph\">{\"@context\":\"https:\\\/\\\/schema.org\",\"@graph\":[{\"@type\":\"WebPage\",\"@id\":\"https:\\\/\\\/dictator.se\\\/da\\\/produkter\\\/doerlukkere\\\/doerholdere\\\/\",\"url\":\"https:\\\/\\\/dictator.se\\\/da\\\/produkter\\\/doerlukkere\\\/doerholdere\\\/\",\"name\":\"D\u00f8rholdere - dictator.se\",\"isPartOf\":{\"@id\":\"https:\\\/\\\/dictator.se\\\/#website\"},\"primaryImageOfPage\":{\"@id\":\"https:\\\/\\\/dictator.se\\\/da\\\/produkter\\\/doerlukkere\\\/doerholdere\\\/#primaryimage\"},\"image\":{\"@id\":\"https:\\\/\\\/dictator.se\\\/da\\\/produkter\\\/doerlukkere\\\/doerholdere\\\/#primaryimage\"},\"thumbnailUrl\":\"https:\\\/\\\/dictator.se\\\/wp-content\\\/uploads\\\/2024\\\/04\\\/Dorrhallare-ZE160.jpg\",\"datePublished\":\"2024-04-10T14:10:11+00:00\",\"dateModified\":\"2025-09-30T13:50:13+00:00\",\"description\":\"D\u00f8rholdere udm\u00e6rker sig hovedsageligt ved deres robuste konstruktion og attraktive design. Den er tilpasset til at holde d\u00f8ren i position\",\"breadcrumb\":{\"@id\":\"https:\\\/\\\/dictator.se\\\/da\\\/produkter\\\/doerlukkere\\\/doerholdere\\\/#breadcrumb\"},\"inLanguage\":\"da-DK\",\"potentialAction\":[{\"@type\":\"ReadAction\",\"target\":[\"https:\\\/\\\/dictator.se\\\/da\\\/produkter\\\/doerlukkere\\\/doerholdere\\\/\"]}]},{\"@type\":\"ImageObject\",\"inLanguage\":\"da-DK\",\"@id\":\"https:\\\/\\\/dictator.se\\\/da\\\/produkter\\\/doerlukkere\\\/doerholdere\\\/#primaryimage\",\"url\":\"https:\\\/\\\/dictator.se\\\/wp-content\\\/uploads\\\/2024\\\/04\\\/Dorrhallare-ZE160.jpg\",\"contentUrl\":\"https:\\\/\\\/dictator.se\\\/wp-content\\\/uploads\\\/2024\\\/04\\\/Dorrhallare-ZE160.jpg\"},{\"@type\":\"BreadcrumbList\",\"@id\":\"https:\\\/\\\/dictator.se\\\/da\\\/produkter\\\/doerlukkere\\\/doerholdere\\\/#breadcrumb\",\"itemListElement\":[{\"@type\":\"ListItem\",\"position\":1,\"name\":\"Home\",\"item\":\"https:\\\/\\\/dictator.se\\\/da\\\/\"},{\"@type\":\"ListItem\",\"position\":2,\"name\":\"Produkter\",\"item\":\"https:\\\/\\\/dictator.se\\\/da\\\/produkter\\\/\"},{\"@type\":\"ListItem\",\"position\":3,\"name\":\"D\u00f8rlukkere\",\"item\":\"https:\\\/\\\/dictator.se\\\/da\\\/produkter\\\/doerlukkere\\\/\"},{\"@type\":\"ListItem\",\"position\":4,\"name\":\"D\u00f8rholdere\"}]},{\"@type\":\"WebSite\",\"@id\":\"https:\\\/\\\/dictator.se\\\/#website\",\"url\":\"https:\\\/\\\/dictator.se\\\/\",\"name\":\"dictator.se\",\"description\":\"\",\"publisher\":{\"@id\":\"https:\\\/\\\/dictator.se\\\/#organization\"},\"potentialAction\":[{\"@type\":\"SearchAction\",\"target\":{\"@type\":\"EntryPoint\",\"urlTemplate\":\"https:\\\/\\\/dictator.se\\\/?s={search_term_string}\"},\"query-input\":{\"@type\":\"PropertyValueSpecification\",\"valueRequired\":true,\"valueName\":\"search_term_string\"}}],\"inLanguage\":\"da-DK\"},{\"@type\":\"Organization\",\"@id\":\"https:\\\/\\\/dictator.se\\\/#organization\",\"name\":\"dictator.se\",\"url\":\"https:\\\/\\\/dictator.se\\\/\",\"logo\":{\"@type\":\"ImageObject\",\"inLanguage\":\"da-DK\",\"@id\":\"https:\\\/\\\/dictator.se\\\/#\\\/schema\\\/logo\\\/image\\\/\",\"url\":\"https:\\\/\\\/dictator.se\\\/wp-content\\\/uploads\\\/2023\\\/12\\\/DICTATOR_Logo1.svg\",\"contentUrl\":\"https:\\\/\\\/dictator.se\\\/wp-content\\\/uploads\\\/2023\\\/12\\\/DICTATOR_Logo1.svg\",\"width\":377,\"height\":58,\"caption\":\"dictator.se\"},\"image\":{\"@id\":\"https:\\\/\\\/dictator.se\\\/#\\\/schema\\\/logo\\\/image\\\/\"}}]}<\/script>\n<!-- \/ Yoast SEO plugin. -->","yoast_head_json":{"title":"D\u00f8rholdere - dictator.se","description":"D\u00f8rholdere udm\u00e6rker sig hovedsageligt ved deres robuste konstruktion og attraktive design. Den er tilpasset til at holde d\u00f8ren i position","robots":{"index":"index","follow":"follow","max-snippet":"max-snippet:-1","max-image-preview":"max-image-preview:large","max-video-preview":"max-video-preview:-1"},"canonical":"https:\/\/dictator.se\/da\/produkter\/doerlukkere\/doerholdere\/","og_locale":"da_DK","og_type":"article","og_title":"D\u00f8rholdere - dictator.se","og_description":"D\u00f8rholdere udm\u00e6rker sig hovedsageligt ved deres robuste konstruktion og attraktive design. Den er tilpasset til at holde d\u00f8ren i position","og_url":"https:\/\/dictator.se\/da\/produkter\/doerlukkere\/doerholdere\/","og_site_name":"dictator.se","article_modified_time":"2025-09-30T13:50:13+00:00","og_image":[{"url":"https:\/\/dictator.se\/wp-content\/uploads\/2024\/04\/Dorrhallare-ZE160.jpg","type":"","width":"","height":""}],"twitter_card":"summary_large_image","twitter_misc":{"Estimeret l\u00e6setid":"3 minutter"},"schema":{"@context":"https:\/\/schema.org","@graph":[{"@type":"WebPage","@id":"https:\/\/dictator.se\/da\/produkter\/doerlukkere\/doerholdere\/","url":"https:\/\/dictator.se\/da\/produkter\/doerlukkere\/doerholdere\/","name":"D\u00f8rholdere - dictator.se","isPartOf":{"@id":"https:\/\/dictator.se\/#website"},"primaryImageOfPage":{"@id":"https:\/\/dictator.se\/da\/produkter\/doerlukkere\/doerholdere\/#primaryimage"},"image":{"@id":"https:\/\/dictator.se\/da\/produkter\/doerlukkere\/doerholdere\/#primaryimage"},"thumbnailUrl":"https:\/\/dictator.se\/wp-content\/uploads\/2024\/04\/Dorrhallare-ZE160.jpg","datePublished":"2024-04-10T14:10:11+00:00","dateModified":"2025-09-30T13:50:13+00:00","description":"D\u00f8rholdere udm\u00e6rker sig hovedsageligt ved deres robuste konstruktion og attraktive design. Den er tilpasset til at holde d\u00f8ren i position","breadcrumb":{"@id":"https:\/\/dictator.se\/da\/produkter\/doerlukkere\/doerholdere\/#breadcrumb"},"inLanguage":"da-DK","potentialAction":[{"@type":"ReadAction","target":["https:\/\/dictator.se\/da\/produkter\/doerlukkere\/doerholdere\/"]}]},{"@type":"ImageObject","inLanguage":"da-DK","@id":"https:\/\/dictator.se\/da\/produkter\/doerlukkere\/doerholdere\/#primaryimage","url":"https:\/\/dictator.se\/wp-content\/uploads\/2024\/04\/Dorrhallare-ZE160.jpg","contentUrl":"https:\/\/dictator.se\/wp-content\/uploads\/2024\/04\/Dorrhallare-ZE160.jpg"},{"@type":"BreadcrumbList","@id":"https:\/\/dictator.se\/da\/produkter\/doerlukkere\/doerholdere\/#breadcrumb","itemListElement":[{"@type":"ListItem","position":1,"name":"Home","item":"https:\/\/dictator.se\/da\/"},{"@type":"ListItem","position":2,"name":"Produkter","item":"https:\/\/dictator.se\/da\/produkter\/"},{"@type":"ListItem","position":3,"name":"D\u00f8rlukkere","item":"https:\/\/dictator.se\/da\/produkter\/doerlukkere\/"},{"@type":"ListItem","position":4,"name":"D\u00f8rholdere"}]},{"@type":"WebSite","@id":"https:\/\/dictator.se\/#website","url":"https:\/\/dictator.se\/","name":"dictator.se","description":"","publisher":{"@id":"https:\/\/dictator.se\/#organization"},"potentialAction":[{"@type":"SearchAction","target":{"@type":"EntryPoint","urlTemplate":"https:\/\/dictator.se\/?s={search_term_string}"},"query-input":{"@type":"PropertyValueSpecification","valueRequired":true,"valueName":"search_term_string"}}],"inLanguage":"da-DK"},{"@type":"Organization","@id":"https:\/\/dictator.se\/#organization","name":"dictator.se","url":"https:\/\/dictator.se\/","logo":{"@type":"ImageObject","inLanguage":"da-DK","@id":"https:\/\/dictator.se\/#\/schema\/logo\/image\/","url":"https:\/\/dictator.se\/wp-content\/uploads\/2023\/12\/DICTATOR_Logo1.svg","contentUrl":"https:\/\/dictator.se\/wp-content\/uploads\/2023\/12\/DICTATOR_Logo1.svg","width":377,"height":58,"caption":"dictator.se"},"image":{"@id":"https:\/\/dictator.se\/#\/schema\/logo\/image\/"}}]}},"featured_image_src":null,"featured_image_src_square":null,"uagb_featured_image_src":{"full":false,"thumbnail":false,"medium":false,"medium_large":false,"large":false,"1536x1536":false,"2048x2048":false,"sidebar-featured":false,"genesis-singular-images":false,"gb-block-post-grid-landscape":false,"gb-block-post-grid-square":false},"uagb_author_info":{"display_name":"Sanna","author_link":"https:\/\/dictator.se\/da\/author\/sanna\/"},"uagb_comment_info":0,"uagb_excerpt":null,"_links":{"self":[{"href":"https:\/\/dictator.se\/da\/wp-json\/wp\/v2\/pages\/4170","targetHints":{"allow":["GET"]}}],"collection":[{"href":"https:\/\/dictator.se\/da\/wp-json\/wp\/v2\/pages"}],"about":[{"href":"https:\/\/dictator.se\/da\/wp-json\/wp\/v2\/types\/page"}],"author":[{"embeddable":true,"href":"https:\/\/dictator.se\/da\/wp-json\/wp\/v2\/users\/6"}],"replies":[{"embeddable":true,"href":"https:\/\/dictator.se\/da\/wp-json\/wp\/v2\/comments?post=4170"}],"version-history":[{"count":6,"href":"https:\/\/dictator.se\/da\/wp-json\/wp\/v2\/pages\/4170\/revisions"}],"predecessor-version":[{"id":7352,"href":"https:\/\/dictator.se\/da\/wp-json\/wp\/v2\/pages\/4170\/revisions\/7352"}],"up":[{"embeddable":true,"href":"https:\/\/dictator.se\/da\/wp-json\/wp\/v2\/pages\/4168"}],"wp:attachment":[{"href":"https:\/\/dictator.se\/da\/wp-json\/wp\/v2\/media?parent=4170"}],"curies":[{"name":"wp","href":"https:\/\/api.w.org\/{rel}","templated":true}]}}