{"id":4174,"date":"2024-01-19T11:17:27","date_gmt":"2024-01-19T10:17:27","guid":{"rendered":"https:\/\/dictator.se\/?page_id=4174"},"modified":"2025-08-26T11:09:02","modified_gmt":"2025-08-26T09:09:02","slug":"doerlukker-tjss-t44","status":"publish","type":"page","link":"https:\/\/dictator.se\/da\/produkter\/doerlukkere\/doerlukkere-tjss\/doerlukker-tjss-t44\/","title":{"rendered":"D\u00f8rlukker TJSS T44"},"content":{"rendered":"\n<div class=\"wp-block-genesis-blocks-gb-columns gb-layout-columns-2 gb-2-col-wideleft\"><div class=\"gb-layout-column-wrap gb-block-layout-column-gap-2 gb-is-responsive-column\">\n<div class=\"wp-block-genesis-blocks-gb-column gb-block-layout-column\"><div class=\"gb-block-layout-column-inner\"><div class=\"yoast-breadcrumbs\"><span><span><a href=\"https:\/\/dictator.se\/da\/\">Home<\/a><\/span> \u00bb <span><a href=\"https:\/\/dictator.se\/da\/produkter\/\">Produkter<\/a><\/span> \u00bb <span><a href=\"https:\/\/dictator.se\/da\/produkter\/doerlukkere\/\">D\u00f8rlukkere<\/a><\/span> \u00bb <span><a href=\"https:\/\/dictator.se\/da\/produkter\/doerlukkere\/doerlukkere-tjss\/\">D\u00f8rlukkere TJSS<\/a><\/span> \u00bb <span class=\"breadcrumb_last\" aria-current=\"page\">D\u00f8rlukker TJSS T44<\/span><\/span><\/div>\n\n\n<h1 class=\"wp-block-heading\" style=\"font-size:40px\"><strong>D\u00f8rlukker TJSS T44<\/strong><\/h1>\n\n\n\n<p class=\"has-small-font-size\">D\u00f8rlukker TJSS T44 er resultatet af over 60 \u00e5rs erfaring og udvikling af d\u00f8rlukker og har nu resulteret i dette smalle og elegante hus til T44. Den er optimeret til effektivitet, lang levetid og installationsvenlighed og giver den bedste komfort til d\u00f8rbredder p\u00e5 0,6 op til 1,4 m.<\/p>\n\n\n\n<p class=\"has-small-font-size\">T44 kombinerer brugervenlighed med optimal effekt. En s\u00e6rlig alsidig, installation og brugervenlig d\u00f8rlukker med arm med automatisk back-check funktion. Friktionstab er minimalt takket v\u00e6re brugen af Teflon-belagte stempler. T44 f\u00e5s i forskellige specielle designs, med justerbar back-check funktion, med lukkeforsinkelse.<\/p>\n\n\n\n<h3 class=\"wp-block-heading\">D\u00f8rlukker TJSS T44&nbsp; &#8211; Teknisk service og r\u00e5dgivning:<\/h3>\n\n\n\n<p class=\"has-small-font-size\">Vi hj\u00e6lper gerne til med att v\u00e6lge ret d\u00f8rlukker for just din d\u00f8r for en optimal l\u00f8sning, b\u00e5de teknisk og inte mindst \u00f8konomisk.<\/p>\n\n\n\n<h3 class=\"wp-block-heading\"><strong><strong>D\u00f8rlukker T44 fordele:<\/strong><\/strong><\/h3>\n\n\n\n<ul class=\"wp-block-list\">\n<li class=\"has-small-font-size\"><strong>Effektivitet<\/strong>:&nbsp;Med samme lukkeeffekt har T44 d\u00f8rlukkere op til 50 % mindre friktion end konkurrerende produkter takket v\u00e6re brugen af Teflon-belagte stempler. Din fordel: m\u00e6rkbart glattere lukning af d\u00f8re!<\/li>\n<\/ul>\n\n\n\n<ul class=\"wp-block-list\">\n<li class=\"has-small-font-size\"><strong>Installationsvenlig:<\/strong>&nbsp;Lateral montering flanger og udtr\u00e6ksaksel g\u00f8r det muligt at installere T44 selv i vanskelige situationer. Forskellige specielle designede tilbeh\u00f8r er tilg\u00e6ngelige for s\u00e6rlige tilf\u00e6lde.<\/li>\n<\/ul>\n\n\n\n<ul class=\"wp-block-list\">\n<li class=\"has-small-font-size\"><strong>Temperaturstabilitet T44:&nbsp;<\/strong>De fleste d\u00f8r\u00e5bnere udviser store forskelle i deres lukkehastighed, n\u00e5r temperaturen \u00e6ndrer sig. Normalt lige i begyndelsen af overgangen til den kolde \u00e5rstid. Resultatet vil v\u00e6re langsom lukning af d\u00f8ren om vinteren og til hurtig lukning om sommeren. T44 har patenteret termo-stabile styreventiler og er derfor bedre end sine konkurrenter i sp\u00f8rgsm\u00e5l vedr\u00f8rende temperaturstabilitet. Den regelm\u00e6ssige justering af d\u00f8r\u00e5bneren er ikke l\u00e6ngere n\u00f8dvendig med T44.<\/li>\n<\/ul>\n\n\n\n<ul class=\"wp-block-list\">\n<li class=\"has-small-font-size\"><strong><strong>Service og kunden\u00e6rhed:<\/strong>&nbsp;<\/strong>Vi tilbyder en p\u00e5lidelig allround service samt kompetente probleml\u00f8sninger i vanskelige tilf\u00e6lde.<\/li>\n<\/ul>\n\n\n\n<ul class=\"wp-block-list\">\n<li class=\"has-small-font-size\"><strong>Schweizisk lavet<\/strong>:: D\u00f8rlukkeren produceres i Schweiz av TJSS og repr\u00e6senterer den h\u00f8jeste pr\u00e6cision og kvalitet, derfor har de en producentgaranti p\u00e5 fem \u00e5r.<\/li>\n<\/ul>\n<\/div><\/div>\n\n\n\n<div class=\"wp-block-genesis-blocks-gb-column gb-block-layout-column\"><div class=\"gb-block-layout-column-inner\">\n<div class=\"wp-block-uagb-image uagb-block-89f50277 wp-block-uagb-image--layout-default wp-block-uagb-image--effect-static wp-block-uagb-image--align-none\"><figure class=\"wp-block-uagb-image__figure\"><img decoding=\"async\" srcset=\"https:\/\/dictator.se\/wp-content\/uploads\/2024\/02\/Dorrstangare-TJSS-T44.jpg ,https:\/\/dictator.se\/wp-content\/uploads\/2024\/02\/Dorrstangare-TJSS-T44.jpg 780w, https:\/\/dictator.se\/wp-content\/uploads\/2024\/02\/Dorrstangare-TJSS-T44.jpg 360w\" sizes=\"auto, (max-width: 480px) 150px\" src=\"https:\/\/dictator.se\/wp-content\/uploads\/2024\/02\/Dorrstangare-TJSS-T44.jpg\" alt=\"\" class=\"uag-image-2961\" width=\"800\" height=\"800\" title=\"\" loading=\"lazy\" role=\"img\"\/><\/figure><\/div>\n<\/div><\/div>\n<\/div><\/div>\n","protected":false},"excerpt":{"rendered":"","protected":false},"author":6,"featured_media":0,"parent":4172,"menu_order":0,"comment_status":"closed","ping_status":"closed","template":"","meta":{"_acf_changed":false,"_uag_custom_page_level_css":"","_genesis_hide_title":true,"_genesis_hide_breadcrumbs":false,"_genesis_hide_singular_image":false,"_genesis_hide_footer_widgets":false,"_genesis_custom_body_class":"","_genesis_custom_post_class":"","_genesis_layout":"","footnotes":""},"class_list":{"0":"post-4174","1":"page","2":"type-page","3":"status-publish","5":"entry"},"acf":[],"yoast_head":"<!-- This site is optimized with the Yoast SEO plugin v27.3 - https:\/\/yoast.com\/product\/yoast-seo-wordpress\/ -->\n<title>D\u00f8rlukker TJSS T44 - dictator.se<\/title>\n<meta name=\"description\" content=\"D\u00f8rlukker TJSS T44 er resultatet af over 60 \u00e5rs erfaring og udvikling af d\u00f8rlukker og har nu resulteret i dette smalle og elegante hus\" \/>\n<meta name=\"robots\" content=\"index, follow, max-snippet:-1, max-image-preview:large, max-video-preview:-1\" \/>\n<link rel=\"canonical\" href=\"https:\/\/dictator.se\/da\/produkter\/doerlukkere\/doerlukkere-tjss\/doerlukker-tjss-t44\/\" \/>\n<meta property=\"og:locale\" content=\"da_DK\" \/>\n<meta property=\"og:type\" content=\"article\" \/>\n<meta property=\"og:title\" content=\"D\u00f8rlukker TJSS T44 - dictator.se\" \/>\n<meta property=\"og:description\" content=\"D\u00f8rlukker TJSS T44 er resultatet af over 60 \u00e5rs erfaring og udvikling af d\u00f8rlukker og har nu resulteret i dette smalle og elegante hus\" \/>\n<meta property=\"og:url\" content=\"https:\/\/dictator.se\/da\/produkter\/doerlukkere\/doerlukkere-tjss\/doerlukker-tjss-t44\/\" \/>\n<meta property=\"og:site_name\" content=\"dictator.se\" \/>\n<meta property=\"article:modified_time\" content=\"2025-08-26T09:09:02+00:00\" \/>\n<meta property=\"og:image\" content=\"https:\/\/dictator.se\/wp-content\/uploads\/2024\/02\/Dorrstangare-TJSS-T44.jpg\" \/>\n<meta name=\"twitter:card\" content=\"summary_large_image\" \/>\n<meta name=\"twitter:label1\" content=\"Estimeret l\u00e6setid\" \/>\n\t<meta name=\"twitter:data1\" content=\"2 minutter\" \/>\n<script type=\"application\/ld+json\" class=\"yoast-schema-graph\">{\"@context\":\"https:\\\/\\\/schema.org\",\"@graph\":[{\"@type\":\"WebPage\",\"@id\":\"https:\\\/\\\/dictator.se\\\/da\\\/produkter\\\/doerlukkere\\\/doerlukkere-tjss\\\/doerlukker-tjss-t44\\\/\",\"url\":\"https:\\\/\\\/dictator.se\\\/da\\\/produkter\\\/doerlukkere\\\/doerlukkere-tjss\\\/doerlukker-tjss-t44\\\/\",\"name\":\"D\u00f8rlukker TJSS T44 - dictator.se\",\"isPartOf\":{\"@id\":\"https:\\\/\\\/dictator.se\\\/#website\"},\"primaryImageOfPage\":{\"@id\":\"https:\\\/\\\/dictator.se\\\/da\\\/produkter\\\/doerlukkere\\\/doerlukkere-tjss\\\/doerlukker-tjss-t44\\\/#primaryimage\"},\"image\":{\"@id\":\"https:\\\/\\\/dictator.se\\\/da\\\/produkter\\\/doerlukkere\\\/doerlukkere-tjss\\\/doerlukker-tjss-t44\\\/#primaryimage\"},\"thumbnailUrl\":\"https:\\\/\\\/dictator.se\\\/wp-content\\\/uploads\\\/2024\\\/02\\\/Dorrstangare-TJSS-T44.jpg\",\"datePublished\":\"2024-01-19T10:17:27+00:00\",\"dateModified\":\"2025-08-26T09:09:02+00:00\",\"description\":\"D\u00f8rlukker TJSS T44 er resultatet af over 60 \u00e5rs erfaring og udvikling af d\u00f8rlukker og har nu resulteret i dette smalle og elegante hus\",\"breadcrumb\":{\"@id\":\"https:\\\/\\\/dictator.se\\\/da\\\/produkter\\\/doerlukkere\\\/doerlukkere-tjss\\\/doerlukker-tjss-t44\\\/#breadcrumb\"},\"inLanguage\":\"da-DK\",\"potentialAction\":[{\"@type\":\"ReadAction\",\"target\":[\"https:\\\/\\\/dictator.se\\\/da\\\/produkter\\\/doerlukkere\\\/doerlukkere-tjss\\\/doerlukker-tjss-t44\\\/\"]}]},{\"@type\":\"ImageObject\",\"inLanguage\":\"da-DK\",\"@id\":\"https:\\\/\\\/dictator.se\\\/da\\\/produkter\\\/doerlukkere\\\/doerlukkere-tjss\\\/doerlukker-tjss-t44\\\/#primaryimage\",\"url\":\"https:\\\/\\\/dictator.se\\\/wp-content\\\/uploads\\\/2024\\\/02\\\/Dorrstangare-TJSS-T44.jpg\",\"contentUrl\":\"https:\\\/\\\/dictator.se\\\/wp-content\\\/uploads\\\/2024\\\/02\\\/Dorrstangare-TJSS-T44.jpg\"},{\"@type\":\"BreadcrumbList\",\"@id\":\"https:\\\/\\\/dictator.se\\\/da\\\/produkter\\\/doerlukkere\\\/doerlukkere-tjss\\\/doerlukker-tjss-t44\\\/#breadcrumb\",\"itemListElement\":[{\"@type\":\"ListItem\",\"position\":1,\"name\":\"Home\",\"item\":\"https:\\\/\\\/dictator.se\\\/da\\\/\"},{\"@type\":\"ListItem\",\"position\":2,\"name\":\"Produkter\",\"item\":\"https:\\\/\\\/dictator.se\\\/da\\\/produkter\\\/\"},{\"@type\":\"ListItem\",\"position\":3,\"name\":\"D\u00f8rlukkere\",\"item\":\"https:\\\/\\\/dictator.se\\\/da\\\/produkter\\\/doerlukkere\\\/\"},{\"@type\":\"ListItem\",\"position\":4,\"name\":\"D\u00f8rlukkere TJSS\",\"item\":\"https:\\\/\\\/dictator.se\\\/da\\\/produkter\\\/doerlukkere\\\/doerlukkere-tjss\\\/\"},{\"@type\":\"ListItem\",\"position\":5,\"name\":\"D\u00f8rlukker TJSS T44\"}]},{\"@type\":\"WebSite\",\"@id\":\"https:\\\/\\\/dictator.se\\\/#website\",\"url\":\"https:\\\/\\\/dictator.se\\\/\",\"name\":\"dictator.se\",\"description\":\"\",\"publisher\":{\"@id\":\"https:\\\/\\\/dictator.se\\\/#organization\"},\"potentialAction\":[{\"@type\":\"SearchAction\",\"target\":{\"@type\":\"EntryPoint\",\"urlTemplate\":\"https:\\\/\\\/dictator.se\\\/?s={search_term_string}\"},\"query-input\":{\"@type\":\"PropertyValueSpecification\",\"valueRequired\":true,\"valueName\":\"search_term_string\"}}],\"inLanguage\":\"da-DK\"},{\"@type\":\"Organization\",\"@id\":\"https:\\\/\\\/dictator.se\\\/#organization\",\"name\":\"dictator.se\",\"url\":\"https:\\\/\\\/dictator.se\\\/\",\"logo\":{\"@type\":\"ImageObject\",\"inLanguage\":\"da-DK\",\"@id\":\"https:\\\/\\\/dictator.se\\\/#\\\/schema\\\/logo\\\/image\\\/\",\"url\":\"https:\\\/\\\/dictator.se\\\/wp-content\\\/uploads\\\/2023\\\/12\\\/DICTATOR_Logo1.svg\",\"contentUrl\":\"https:\\\/\\\/dictator.se\\\/wp-content\\\/uploads\\\/2023\\\/12\\\/DICTATOR_Logo1.svg\",\"width\":377,\"height\":58,\"caption\":\"dictator.se\"},\"image\":{\"@id\":\"https:\\\/\\\/dictator.se\\\/#\\\/schema\\\/logo\\\/image\\\/\"}}]}<\/script>\n<!-- \/ Yoast SEO plugin. -->","yoast_head_json":{"title":"D\u00f8rlukker TJSS T44 - dictator.se","description":"D\u00f8rlukker TJSS T44 er resultatet af over 60 \u00e5rs erfaring og udvikling af d\u00f8rlukker og har nu resulteret i dette smalle og elegante hus","robots":{"index":"index","follow":"follow","max-snippet":"max-snippet:-1","max-image-preview":"max-image-preview:large","max-video-preview":"max-video-preview:-1"},"canonical":"https:\/\/dictator.se\/da\/produkter\/doerlukkere\/doerlukkere-tjss\/doerlukker-tjss-t44\/","og_locale":"da_DK","og_type":"article","og_title":"D\u00f8rlukker TJSS T44 - dictator.se","og_description":"D\u00f8rlukker TJSS T44 er resultatet af over 60 \u00e5rs erfaring og udvikling af d\u00f8rlukker og har nu resulteret i dette smalle og elegante hus","og_url":"https:\/\/dictator.se\/da\/produkter\/doerlukkere\/doerlukkere-tjss\/doerlukker-tjss-t44\/","og_site_name":"dictator.se","article_modified_time":"2025-08-26T09:09:02+00:00","og_image":[{"url":"https:\/\/dictator.se\/wp-content\/uploads\/2024\/02\/Dorrstangare-TJSS-T44.jpg","type":"","width":"","height":""}],"twitter_card":"summary_large_image","twitter_misc":{"Estimeret l\u00e6setid":"2 minutter"},"schema":{"@context":"https:\/\/schema.org","@graph":[{"@type":"WebPage","@id":"https:\/\/dictator.se\/da\/produkter\/doerlukkere\/doerlukkere-tjss\/doerlukker-tjss-t44\/","url":"https:\/\/dictator.se\/da\/produkter\/doerlukkere\/doerlukkere-tjss\/doerlukker-tjss-t44\/","name":"D\u00f8rlukker TJSS T44 - dictator.se","isPartOf":{"@id":"https:\/\/dictator.se\/#website"},"primaryImageOfPage":{"@id":"https:\/\/dictator.se\/da\/produkter\/doerlukkere\/doerlukkere-tjss\/doerlukker-tjss-t44\/#primaryimage"},"image":{"@id":"https:\/\/dictator.se\/da\/produkter\/doerlukkere\/doerlukkere-tjss\/doerlukker-tjss-t44\/#primaryimage"},"thumbnailUrl":"https:\/\/dictator.se\/wp-content\/uploads\/2024\/02\/Dorrstangare-TJSS-T44.jpg","datePublished":"2024-01-19T10:17:27+00:00","dateModified":"2025-08-26T09:09:02+00:00","description":"D\u00f8rlukker TJSS T44 er resultatet af over 60 \u00e5rs erfaring og udvikling af d\u00f8rlukker og har nu resulteret i dette smalle og elegante hus","breadcrumb":{"@id":"https:\/\/dictator.se\/da\/produkter\/doerlukkere\/doerlukkere-tjss\/doerlukker-tjss-t44\/#breadcrumb"},"inLanguage":"da-DK","potentialAction":[{"@type":"ReadAction","target":["https:\/\/dictator.se\/da\/produkter\/doerlukkere\/doerlukkere-tjss\/doerlukker-tjss-t44\/"]}]},{"@type":"ImageObject","inLanguage":"da-DK","@id":"https:\/\/dictator.se\/da\/produkter\/doerlukkere\/doerlukkere-tjss\/doerlukker-tjss-t44\/#primaryimage","url":"https:\/\/dictator.se\/wp-content\/uploads\/2024\/02\/Dorrstangare-TJSS-T44.jpg","contentUrl":"https:\/\/dictator.se\/wp-content\/uploads\/2024\/02\/Dorrstangare-TJSS-T44.jpg"},{"@type":"BreadcrumbList","@id":"https:\/\/dictator.se\/da\/produkter\/doerlukkere\/doerlukkere-tjss\/doerlukker-tjss-t44\/#breadcrumb","itemListElement":[{"@type":"ListItem","position":1,"name":"Home","item":"https:\/\/dictator.se\/da\/"},{"@type":"ListItem","position":2,"name":"Produkter","item":"https:\/\/dictator.se\/da\/produkter\/"},{"@type":"ListItem","position":3,"name":"D\u00f8rlukkere","item":"https:\/\/dictator.se\/da\/produkter\/doerlukkere\/"},{"@type":"ListItem","position":4,"name":"D\u00f8rlukkere TJSS","item":"https:\/\/dictator.se\/da\/produkter\/doerlukkere\/doerlukkere-tjss\/"},{"@type":"ListItem","position":5,"name":"D\u00f8rlukker TJSS T44"}]},{"@type":"WebSite","@id":"https:\/\/dictator.se\/#website","url":"https:\/\/dictator.se\/","name":"dictator.se","description":"","publisher":{"@id":"https:\/\/dictator.se\/#organization"},"potentialAction":[{"@type":"SearchAction","target":{"@type":"EntryPoint","urlTemplate":"https:\/\/dictator.se\/?s={search_term_string}"},"query-input":{"@type":"PropertyValueSpecification","valueRequired":true,"valueName":"search_term_string"}}],"inLanguage":"da-DK"},{"@type":"Organization","@id":"https:\/\/dictator.se\/#organization","name":"dictator.se","url":"https:\/\/dictator.se\/","logo":{"@type":"ImageObject","inLanguage":"da-DK","@id":"https:\/\/dictator.se\/#\/schema\/logo\/image\/","url":"https:\/\/dictator.se\/wp-content\/uploads\/2023\/12\/DICTATOR_Logo1.svg","contentUrl":"https:\/\/dictator.se\/wp-content\/uploads\/2023\/12\/DICTATOR_Logo1.svg","width":377,"height":58,"caption":"dictator.se"},"image":{"@id":"https:\/\/dictator.se\/#\/schema\/logo\/image\/"}}]}},"featured_image_src":null,"featured_image_src_square":null,"uagb_featured_image_src":{"full":false,"thumbnail":false,"medium":false,"medium_large":false,"large":false,"1536x1536":false,"2048x2048":false,"sidebar-featured":false,"genesis-singular-images":false,"gb-block-post-grid-landscape":false,"gb-block-post-grid-square":false},"uagb_author_info":{"display_name":"Sanna","author_link":"https:\/\/dictator.se\/da\/author\/sanna\/"},"uagb_comment_info":0,"uagb_excerpt":null,"_links":{"self":[{"href":"https:\/\/dictator.se\/da\/wp-json\/wp\/v2\/pages\/4174","targetHints":{"allow":["GET"]}}],"collection":[{"href":"https:\/\/dictator.se\/da\/wp-json\/wp\/v2\/pages"}],"about":[{"href":"https:\/\/dictator.se\/da\/wp-json\/wp\/v2\/types\/page"}],"author":[{"embeddable":true,"href":"https:\/\/dictator.se\/da\/wp-json\/wp\/v2\/users\/6"}],"replies":[{"embeddable":true,"href":"https:\/\/dictator.se\/da\/wp-json\/wp\/v2\/comments?post=4174"}],"version-history":[{"count":5,"href":"https:\/\/dictator.se\/da\/wp-json\/wp\/v2\/pages\/4174\/revisions"}],"predecessor-version":[{"id":6866,"href":"https:\/\/dictator.se\/da\/wp-json\/wp\/v2\/pages\/4174\/revisions\/6866"}],"up":[{"embeddable":true,"href":"https:\/\/dictator.se\/da\/wp-json\/wp\/v2\/pages\/4172"}],"wp:attachment":[{"href":"https:\/\/dictator.se\/da\/wp-json\/wp\/v2\/media?parent=4174"}],"curies":[{"name":"wp","href":"https:\/\/api.w.org\/{rel}","templated":true}]}}