{"id":4182,"date":"2024-04-10T08:28:40","date_gmt":"2024-04-10T06:28:40","guid":{"rendered":"https:\/\/dictator.se\/?page_id=4182"},"modified":"2024-05-23T10:44:56","modified_gmt":"2024-05-23T08:44:56","slug":"gulvfjeder-wab-180","status":"publish","type":"page","link":"https:\/\/dictator.se\/da\/produkter\/doerlukkere\/gulvfjeder-wab-180\/","title":{"rendered":"Gulvfjeder WAB 180"},"content":{"rendered":"\n<div class=\"wp-block-genesis-blocks-gb-columns gb-layout-columns-1 one-column\"><div class=\"gb-layout-column-wrap gb-block-layout-column-gap-2 gb-is-responsive-column\">\n<div class=\"wp-block-genesis-blocks-gb-column gb-block-layout-column\"><div class=\"gb-block-layout-column-inner\">\n<div class=\"wp-block-genesis-blocks-gb-columns gb-layout-columns-2 gb-2-col-wideleft\"><div class=\"gb-layout-column-wrap gb-block-layout-column-gap-2 gb-is-responsive-column\">\n<div class=\"wp-block-genesis-blocks-gb-column gb-block-layout-column\"><div class=\"gb-block-layout-column-inner\"><div class=\"yoast-breadcrumbs\"><span><span><a href=\"https:\/\/dictator.se\/da\/\">Home<\/a><\/span> \u00bb <span><a href=\"https:\/\/dictator.se\/da\/produkter\/\">Produkter<\/a><\/span> \u00bb <span><a href=\"https:\/\/dictator.se\/da\/produkter\/doerlukkere\/\">D\u00f8rlukkere<\/a><\/span> \u00bb <span class=\"breadcrumb_last\" aria-current=\"page\">Gulvfjeder WAB 180<\/span><\/span><\/div>\n\n\n<h1 class=\"wp-block-heading\" style=\"padding-top:var(--wp--preset--spacing--40);font-size:40px;text-transform:uppercase\">Gulvfjeder WAB 180<\/h1>\n\n\n\n<h2 class=\"wp-block-heading has-large-font-size\"><strong><strong>Gulvfjeder WAB 180 for tunge d\u00f8re op til 600 kg<\/strong><\/strong><\/h2>\n\n\n\n<p class=\"has-small-font-size\">D\u00f8rlukker WAB 180 for tunge d\u00f8re til st\u00e5l- eller tr\u00e6d\u00f8re kan f\u00e5s i fem forskellige modeller, st\u00f8rrelse II \u2013 V til d\u00f8re fra 100 kg op til 500 kg og st\u00f8rrelse VI til d\u00f8re op til 600 kg.&nbsp; WAB 180 er normalt st\u00f8bt i gulvet for en fast forankring.<\/p>\n\n\n\n<p class=\"has-small-font-size\">Angiv d\u00f8rens dimensioner og omtrentlige v\u00e6gt og \u00e5bningsretningen i henhold til DIN ved bestilling. <a href=\"https:\/\/en.dictator.de\/products\/door-closing-solutions\/door-closers\/wab180-floor-spring\/\" target=\"_blank\" rel=\"noreferrer noopener\">D\u00f8rlukker WAB 180<\/a> bruges ofte til store tunge indgangsd\u00f8re, der ofte bruges i offentlige bygninger som kirker, teatre, hoteller, showrooms osv.<\/p>\n\n\n\n<p class=\"has-small-font-size\">WAB 180 leveres med d\u00e6kplader i tre forskellige materialer: rustfrit st\u00e5l, aluminium og messing.<\/p>\n<\/div><\/div>\n\n\n\n<div class=\"wp-block-genesis-blocks-gb-column gb-block-layout-column\"><div class=\"gb-block-layout-column-inner\">\n<div class=\"wp-block-uagb-image uagb-block-1413b57a wp-block-uagb-image--layout-default wp-block-uagb-image--effect-static wp-block-uagb-image--align-none\"><figure class=\"wp-block-uagb-image__figure\"><img decoding=\"async\" srcset=\"https:\/\/dictator.se\/wp-content\/uploads\/2024\/02\/Dorrstangare-WAB-180.jpg ,https:\/\/dictator.se\/wp-content\/uploads\/2024\/02\/Dorrstangare-WAB-180.jpg 780w, https:\/\/dictator.se\/wp-content\/uploads\/2024\/02\/Dorrstangare-WAB-180.jpg 360w\" sizes=\"auto, (max-width: 480px) 150px\" src=\"https:\/\/dictator.se\/wp-content\/uploads\/2024\/02\/Dorrstangare-WAB-180.jpg\" alt=\"\" class=\"uag-image-2876\" width=\"800\" height=\"800\" title=\"\" loading=\"lazy\"\/><\/figure><\/div>\n<\/div><\/div>\n<\/div><\/div>\n\n\n\n<div class=\"wp-block-genesis-blocks-gb-columns gb-layout-columns-1 one-column\"><div class=\"gb-layout-column-wrap gb-block-layout-column-gap-2 gb-is-responsive-column\">\n<div class=\"wp-block-genesis-blocks-gb-column gb-block-layout-column\"><div class=\"gb-block-layout-column-inner\">\n<h3 class=\"wp-block-heading has-medium-font-size\"><strong>Egenskaber:<\/strong><\/h3>\n\n\n\n<ul class=\"wp-block-list\">\n<li class=\"has-small-font-size\">I \u00e5r tiender har <a href=\"https:\/\/en.dictator.de\/products\/door-closing-solutions\/door-closers\/wab180-floor-spring\/\" target=\"_blank\" rel=\"noreferrer noopener\">WAB 180 gulvfjeder<\/a> konsekvent vist sig at v\u00e6re en yderst p\u00e5lidelig l\u00f8sning, is\u00e6r til tunge indgangsd\u00f8re, s\u00e5som WAB 180.<\/li>\n\n\n\n<li class=\"has-small-font-size\">S\u00e6rlige aksellejer i oliekammeret g\u00f8r det muligt at bruge til meget tunge d\u00f8re op til 600 kg<\/li>\n\n\n\n<li class=\"has-small-font-size\">H\u00f8j lasteevne og lang levetid<\/li>\n\n\n\n<li class=\"has-small-font-size\">Lukkehastigheden kan justeres kontinuerligt<\/li>\n\n\n\n<li class=\"has-small-font-size\">En sikkerhedsventil forhindrer vitale dele af gulvfjederen i at bryde, selv n\u00e5r d\u00f8ren er tvunget til at lukke<\/li>\n\n\n\n<li class=\"has-small-font-size\">Alle gulvfjedre kommer med en indlejrings boks<\/li>\n\n\n\n<li class=\"has-small-font-size\">Forskellige d\u00e6kplader, h\u00e6ngsler og strimler, enten til st\u00e5l eller tr\u00e6d\u00f8re, f\u00e5s som tilbeh\u00f8r, Gulvst\u00f8tte f\u00e5s ogs\u00e5 kun til tunge d\u00f8re, hvor lukkefunktion ikke er p\u00e5kr\u00e6vet.<\/li>\n<\/ul>\n\n\n\n<div class=\"wp-block-genesis-blocks-gb-columns gb-layout-columns-1 one-column\"><div class=\"gb-layout-column-wrap gb-block-layout-column-gap-2 gb-is-responsive-column\">\n<div class=\"wp-block-genesis-blocks-gb-column gb-block-layout-column\"><div class=\"gb-block-layout-column-inner has-ci-quaternary-background-color\" style=\"padding-top:50px;padding-right:100px;padding-bottom:50px;padding-left:100px\">\n<div class=\"wp-block-genesis-blocks-gb-columns gb-layout-columns-2 gb-2-col-wideleft\"><div class=\"gb-layout-column-wrap gb-block-layout-column-gap-2 gb-is-responsive-column\">\n<div class=\"wp-block-genesis-blocks-gb-column gb-block-layout-column\"><div class=\"gb-block-layout-column-inner\">\n<h2 class=\"wp-block-heading has-large-font-size\"><strong>GRATIS SERVICE OG R\u00c5DGIVNING<\/strong><\/h2>\n\n\n\n<p class=\"has-medium-font-size\" id=\"tw-target-text\">Hvilken model og monteringsposition passer til din d\u00f8r? Vi hj\u00e6lper dig gerne med at v\u00e6lge den rigtige model.<\/p>\n\n\n\n<div class=\"wp-block-uagb-buttons uagb-buttons__outer-wrap uagb-btn__default-btn uagb-btn-tablet__default-btn uagb-btn-mobile__default-btn uagb-block-39eb0c0e\"><div class=\"uagb-buttons__wrap uagb-buttons-layout-wrap\">\n<div class=\"wp-block-uagb-buttons-child uagb-buttons__outer-wrap uagb-block-d206b251 wp-block-button\"><div class=\"uagb-button__wrapper\"><a class=\"uagb-buttons-repeater wp-block-button__link\" href=\"https:\/\/dictator.se\/da\/kontakt-os\/\" onclick=\"return true;\" rel=\"follow noopener\" target=\"_self\"><div class=\"uagb-button__link\">Kontakt os her<\/div><span class=\"uagb-button__icon uagb-button__icon-position-after\"><svg xmlns=\"https:\/\/www.w3.org\/2000\/svg\" viewBox=\"0 0 448 512\"><path d=\"M438.6 278.6l-160 160C272.4 444.9 264.2 448 256 448s-16.38-3.125-22.62-9.375c-12.5-12.5-12.5-32.75 0-45.25L338.8 288H32C14.33 288 .0016 273.7 .0016 256S14.33 224 32 224h306.8l-105.4-105.4c-12.5-12.5-12.5-32.75 0-45.25s32.75-12.5 45.25 0l160 160C451.1 245.9 451.1 266.1 438.6 278.6z\"><\/path><\/svg><\/span><\/a><\/div><\/div>\n<\/div><\/div>\n<\/div><\/div>\n\n\n\n<div class=\"wp-block-genesis-blocks-gb-column gb-block-layout-column\"><div class=\"gb-block-layout-column-inner\">\n<div class=\"wp-block-uagb-image aligncenter uagb-block-d296d348 wp-block-uagb-image--layout-default wp-block-uagb-image--effect-static wp-block-uagb-image--align-center\"><figure class=\"wp-block-uagb-image__figure\"><img decoding=\"async\" srcset=\"https:\/\/dictator.se\/wp-content\/uploads\/2023\/12\/icon-service-300x272.png ,https:\/\/dictator.se\/wp-content\/uploads\/2023\/12\/icon-service.png 780w, https:\/\/dictator.se\/wp-content\/uploads\/2023\/12\/icon-service.png 360w\" sizes=\"auto, (max-width: 480px) 150px\" src=\"https:\/\/dictator.se\/wp-content\/uploads\/2023\/12\/icon-service-300x272.png\" alt=\"\" class=\"uag-image-203\" width=\"150\" height=\"272\" title=\"\" loading=\"lazy\"\/><\/figure><\/div>\n<\/div><\/div>\n<\/div><\/div>\n<\/div><\/div>\n<\/div><\/div>\n<\/div><\/div>\n<\/div><\/div>\n<\/div><\/div>\n<\/div><\/div>\n","protected":false},"excerpt":{"rendered":"","protected":false},"author":6,"featured_media":0,"parent":4168,"menu_order":0,"comment_status":"closed","ping_status":"closed","template":"","meta":{"_acf_changed":false,"_uag_custom_page_level_css":"","_genesis_hide_title":true,"_genesis_hide_breadcrumbs":false,"_genesis_hide_singular_image":false,"_genesis_hide_footer_widgets":false,"_genesis_custom_body_class":"","_genesis_custom_post_class":"","_genesis_layout":"","footnotes":""},"class_list":{"0":"post-4182","1":"page","2":"type-page","3":"status-publish","5":"entry"},"acf":[],"yoast_head":"<!-- This site is optimized with the Yoast SEO plugin v27.3 - https:\/\/yoast.com\/product\/yoast-seo-wordpress\/ -->\n<title>Gulvfjeder WAB 180 - dictator.se<\/title>\n<meta name=\"description\" content=\"D\u00f8rlukker for tunge d\u00f8re til st\u00e5l-eller tr\u00e6d\u00f8re kan f\u00e5s i fem forskellige modeller, til d\u00f8re fra 100 kg op til 500 kg\" \/>\n<meta name=\"robots\" content=\"index, follow, max-snippet:-1, max-image-preview:large, max-video-preview:-1\" \/>\n<link rel=\"canonical\" href=\"https:\/\/dictator.se\/da\/produkter\/doerlukkere\/gulvfjeder-wab-180\/\" \/>\n<meta property=\"og:locale\" content=\"da_DK\" \/>\n<meta property=\"og:type\" content=\"article\" \/>\n<meta property=\"og:title\" content=\"Gulvfjeder WAB 180 - dictator.se\" \/>\n<meta property=\"og:description\" content=\"D\u00f8rlukker for tunge d\u00f8re til st\u00e5l-eller tr\u00e6d\u00f8re kan f\u00e5s i fem forskellige modeller, til d\u00f8re fra 100 kg op til 500 kg\" \/>\n<meta property=\"og:url\" content=\"https:\/\/dictator.se\/da\/produkter\/doerlukkere\/gulvfjeder-wab-180\/\" \/>\n<meta property=\"og:site_name\" content=\"dictator.se\" \/>\n<meta property=\"article:modified_time\" content=\"2024-05-23T08:44:56+00:00\" \/>\n<meta property=\"og:image\" content=\"https:\/\/dictator.se\/wp-content\/uploads\/2024\/02\/Dorrstangare-WAB-180.jpg\" \/>\n<meta name=\"twitter:card\" content=\"summary_large_image\" \/>\n<meta name=\"twitter:label1\" content=\"Estimeret l\u00e6setid\" \/>\n\t<meta name=\"twitter:data1\" content=\"2 minutter\" \/>\n<script type=\"application\/ld+json\" class=\"yoast-schema-graph\">{\"@context\":\"https:\\\/\\\/schema.org\",\"@graph\":[{\"@type\":\"WebPage\",\"@id\":\"https:\\\/\\\/dictator.se\\\/da\\\/produkter\\\/doerlukkere\\\/gulvfjeder-wab-180\\\/\",\"url\":\"https:\\\/\\\/dictator.se\\\/da\\\/produkter\\\/doerlukkere\\\/gulvfjeder-wab-180\\\/\",\"name\":\"Gulvfjeder WAB 180 - dictator.se\",\"isPartOf\":{\"@id\":\"https:\\\/\\\/dictator.se\\\/#website\"},\"primaryImageOfPage\":{\"@id\":\"https:\\\/\\\/dictator.se\\\/da\\\/produkter\\\/doerlukkere\\\/gulvfjeder-wab-180\\\/#primaryimage\"},\"image\":{\"@id\":\"https:\\\/\\\/dictator.se\\\/da\\\/produkter\\\/doerlukkere\\\/gulvfjeder-wab-180\\\/#primaryimage\"},\"thumbnailUrl\":\"https:\\\/\\\/dictator.se\\\/wp-content\\\/uploads\\\/2024\\\/02\\\/Dorrstangare-WAB-180.jpg\",\"datePublished\":\"2024-04-10T06:28:40+00:00\",\"dateModified\":\"2024-05-23T08:44:56+00:00\",\"description\":\"D\u00f8rlukker for tunge d\u00f8re til st\u00e5l-eller tr\u00e6d\u00f8re kan f\u00e5s i fem forskellige modeller, til d\u00f8re fra 100 kg op til 500 kg\",\"breadcrumb\":{\"@id\":\"https:\\\/\\\/dictator.se\\\/da\\\/produkter\\\/doerlukkere\\\/gulvfjeder-wab-180\\\/#breadcrumb\"},\"inLanguage\":\"da-DK\",\"potentialAction\":[{\"@type\":\"ReadAction\",\"target\":[\"https:\\\/\\\/dictator.se\\\/da\\\/produkter\\\/doerlukkere\\\/gulvfjeder-wab-180\\\/\"]}]},{\"@type\":\"ImageObject\",\"inLanguage\":\"da-DK\",\"@id\":\"https:\\\/\\\/dictator.se\\\/da\\\/produkter\\\/doerlukkere\\\/gulvfjeder-wab-180\\\/#primaryimage\",\"url\":\"https:\\\/\\\/dictator.se\\\/wp-content\\\/uploads\\\/2024\\\/02\\\/Dorrstangare-WAB-180.jpg\",\"contentUrl\":\"https:\\\/\\\/dictator.se\\\/wp-content\\\/uploads\\\/2024\\\/02\\\/Dorrstangare-WAB-180.jpg\"},{\"@type\":\"BreadcrumbList\",\"@id\":\"https:\\\/\\\/dictator.se\\\/da\\\/produkter\\\/doerlukkere\\\/gulvfjeder-wab-180\\\/#breadcrumb\",\"itemListElement\":[{\"@type\":\"ListItem\",\"position\":1,\"name\":\"Home\",\"item\":\"https:\\\/\\\/dictator.se\\\/da\\\/\"},{\"@type\":\"ListItem\",\"position\":2,\"name\":\"Produkter\",\"item\":\"https:\\\/\\\/dictator.se\\\/da\\\/produkter\\\/\"},{\"@type\":\"ListItem\",\"position\":3,\"name\":\"D\u00f8rlukkere\",\"item\":\"https:\\\/\\\/dictator.se\\\/da\\\/produkter\\\/doerlukkere\\\/\"},{\"@type\":\"ListItem\",\"position\":4,\"name\":\"Gulvfjeder WAB 180\"}]},{\"@type\":\"WebSite\",\"@id\":\"https:\\\/\\\/dictator.se\\\/#website\",\"url\":\"https:\\\/\\\/dictator.se\\\/\",\"name\":\"dictator.se\",\"description\":\"\",\"publisher\":{\"@id\":\"https:\\\/\\\/dictator.se\\\/#organization\"},\"potentialAction\":[{\"@type\":\"SearchAction\",\"target\":{\"@type\":\"EntryPoint\",\"urlTemplate\":\"https:\\\/\\\/dictator.se\\\/?s={search_term_string}\"},\"query-input\":{\"@type\":\"PropertyValueSpecification\",\"valueRequired\":true,\"valueName\":\"search_term_string\"}}],\"inLanguage\":\"da-DK\"},{\"@type\":\"Organization\",\"@id\":\"https:\\\/\\\/dictator.se\\\/#organization\",\"name\":\"dictator.se\",\"url\":\"https:\\\/\\\/dictator.se\\\/\",\"logo\":{\"@type\":\"ImageObject\",\"inLanguage\":\"da-DK\",\"@id\":\"https:\\\/\\\/dictator.se\\\/#\\\/schema\\\/logo\\\/image\\\/\",\"url\":\"https:\\\/\\\/dictator.se\\\/wp-content\\\/uploads\\\/2023\\\/12\\\/DICTATOR_Logo1.svg\",\"contentUrl\":\"https:\\\/\\\/dictator.se\\\/wp-content\\\/uploads\\\/2023\\\/12\\\/DICTATOR_Logo1.svg\",\"width\":377,\"height\":58,\"caption\":\"dictator.se\"},\"image\":{\"@id\":\"https:\\\/\\\/dictator.se\\\/#\\\/schema\\\/logo\\\/image\\\/\"}}]}<\/script>\n<!-- \/ Yoast SEO plugin. -->","yoast_head_json":{"title":"Gulvfjeder WAB 180 - dictator.se","description":"D\u00f8rlukker for tunge d\u00f8re til st\u00e5l-eller tr\u00e6d\u00f8re kan f\u00e5s i fem forskellige modeller, til d\u00f8re fra 100 kg op til 500 kg","robots":{"index":"index","follow":"follow","max-snippet":"max-snippet:-1","max-image-preview":"max-image-preview:large","max-video-preview":"max-video-preview:-1"},"canonical":"https:\/\/dictator.se\/da\/produkter\/doerlukkere\/gulvfjeder-wab-180\/","og_locale":"da_DK","og_type":"article","og_title":"Gulvfjeder WAB 180 - dictator.se","og_description":"D\u00f8rlukker for tunge d\u00f8re til st\u00e5l-eller tr\u00e6d\u00f8re kan f\u00e5s i fem forskellige modeller, til d\u00f8re fra 100 kg op til 500 kg","og_url":"https:\/\/dictator.se\/da\/produkter\/doerlukkere\/gulvfjeder-wab-180\/","og_site_name":"dictator.se","article_modified_time":"2024-05-23T08:44:56+00:00","og_image":[{"url":"https:\/\/dictator.se\/wp-content\/uploads\/2024\/02\/Dorrstangare-WAB-180.jpg","type":"","width":"","height":""}],"twitter_card":"summary_large_image","twitter_misc":{"Estimeret l\u00e6setid":"2 minutter"},"schema":{"@context":"https:\/\/schema.org","@graph":[{"@type":"WebPage","@id":"https:\/\/dictator.se\/da\/produkter\/doerlukkere\/gulvfjeder-wab-180\/","url":"https:\/\/dictator.se\/da\/produkter\/doerlukkere\/gulvfjeder-wab-180\/","name":"Gulvfjeder WAB 180 - dictator.se","isPartOf":{"@id":"https:\/\/dictator.se\/#website"},"primaryImageOfPage":{"@id":"https:\/\/dictator.se\/da\/produkter\/doerlukkere\/gulvfjeder-wab-180\/#primaryimage"},"image":{"@id":"https:\/\/dictator.se\/da\/produkter\/doerlukkere\/gulvfjeder-wab-180\/#primaryimage"},"thumbnailUrl":"https:\/\/dictator.se\/wp-content\/uploads\/2024\/02\/Dorrstangare-WAB-180.jpg","datePublished":"2024-04-10T06:28:40+00:00","dateModified":"2024-05-23T08:44:56+00:00","description":"D\u00f8rlukker for tunge d\u00f8re til st\u00e5l-eller tr\u00e6d\u00f8re kan f\u00e5s i fem forskellige modeller, til d\u00f8re fra 100 kg op til 500 kg","breadcrumb":{"@id":"https:\/\/dictator.se\/da\/produkter\/doerlukkere\/gulvfjeder-wab-180\/#breadcrumb"},"inLanguage":"da-DK","potentialAction":[{"@type":"ReadAction","target":["https:\/\/dictator.se\/da\/produkter\/doerlukkere\/gulvfjeder-wab-180\/"]}]},{"@type":"ImageObject","inLanguage":"da-DK","@id":"https:\/\/dictator.se\/da\/produkter\/doerlukkere\/gulvfjeder-wab-180\/#primaryimage","url":"https:\/\/dictator.se\/wp-content\/uploads\/2024\/02\/Dorrstangare-WAB-180.jpg","contentUrl":"https:\/\/dictator.se\/wp-content\/uploads\/2024\/02\/Dorrstangare-WAB-180.jpg"},{"@type":"BreadcrumbList","@id":"https:\/\/dictator.se\/da\/produkter\/doerlukkere\/gulvfjeder-wab-180\/#breadcrumb","itemListElement":[{"@type":"ListItem","position":1,"name":"Home","item":"https:\/\/dictator.se\/da\/"},{"@type":"ListItem","position":2,"name":"Produkter","item":"https:\/\/dictator.se\/da\/produkter\/"},{"@type":"ListItem","position":3,"name":"D\u00f8rlukkere","item":"https:\/\/dictator.se\/da\/produkter\/doerlukkere\/"},{"@type":"ListItem","position":4,"name":"Gulvfjeder WAB 180"}]},{"@type":"WebSite","@id":"https:\/\/dictator.se\/#website","url":"https:\/\/dictator.se\/","name":"dictator.se","description":"","publisher":{"@id":"https:\/\/dictator.se\/#organization"},"potentialAction":[{"@type":"SearchAction","target":{"@type":"EntryPoint","urlTemplate":"https:\/\/dictator.se\/?s={search_term_string}"},"query-input":{"@type":"PropertyValueSpecification","valueRequired":true,"valueName":"search_term_string"}}],"inLanguage":"da-DK"},{"@type":"Organization","@id":"https:\/\/dictator.se\/#organization","name":"dictator.se","url":"https:\/\/dictator.se\/","logo":{"@type":"ImageObject","inLanguage":"da-DK","@id":"https:\/\/dictator.se\/#\/schema\/logo\/image\/","url":"https:\/\/dictator.se\/wp-content\/uploads\/2023\/12\/DICTATOR_Logo1.svg","contentUrl":"https:\/\/dictator.se\/wp-content\/uploads\/2023\/12\/DICTATOR_Logo1.svg","width":377,"height":58,"caption":"dictator.se"},"image":{"@id":"https:\/\/dictator.se\/#\/schema\/logo\/image\/"}}]}},"featured_image_src":null,"featured_image_src_square":null,"uagb_featured_image_src":{"full":false,"thumbnail":false,"medium":false,"medium_large":false,"large":false,"1536x1536":false,"2048x2048":false,"sidebar-featured":false,"genesis-singular-images":false,"gb-block-post-grid-landscape":false,"gb-block-post-grid-square":false},"uagb_author_info":{"display_name":"Sanna","author_link":"https:\/\/dictator.se\/da\/author\/sanna\/"},"uagb_comment_info":0,"uagb_excerpt":null,"_links":{"self":[{"href":"https:\/\/dictator.se\/da\/wp-json\/wp\/v2\/pages\/4182","targetHints":{"allow":["GET"]}}],"collection":[{"href":"https:\/\/dictator.se\/da\/wp-json\/wp\/v2\/pages"}],"about":[{"href":"https:\/\/dictator.se\/da\/wp-json\/wp\/v2\/types\/page"}],"author":[{"embeddable":true,"href":"https:\/\/dictator.se\/da\/wp-json\/wp\/v2\/users\/6"}],"replies":[{"embeddable":true,"href":"https:\/\/dictator.se\/da\/wp-json\/wp\/v2\/comments?post=4182"}],"version-history":[{"count":5,"href":"https:\/\/dictator.se\/da\/wp-json\/wp\/v2\/pages\/4182\/revisions"}],"predecessor-version":[{"id":5149,"href":"https:\/\/dictator.se\/da\/wp-json\/wp\/v2\/pages\/4182\/revisions\/5149"}],"up":[{"embeddable":true,"href":"https:\/\/dictator.se\/da\/wp-json\/wp\/v2\/pages\/4168"}],"wp:attachment":[{"href":"https:\/\/dictator.se\/da\/wp-json\/wp\/v2\/media?parent=4182"}],"curies":[{"name":"wp","href":"https:\/\/api.w.org\/{rel}","templated":true}]}}