{"id":4184,"date":"2024-04-10T15:29:31","date_gmt":"2024-04-10T13:29:31","guid":{"rendered":"https:\/\/dictator.se\/?page_id=4184"},"modified":"2024-05-23T10:46:45","modified_gmt":"2024-05-23T08:46:45","slug":"mekanisk-timer","status":"publish","type":"page","link":"https:\/\/dictator.se\/da\/produkter\/doerlukkere\/mekanisk-timer\/","title":{"rendered":"Mekanisk Timer"},"content":{"rendered":"\n<div class=\"wp-block-genesis-blocks-gb-columns gb-layout-columns-1 one-column\"><div class=\"gb-layout-column-wrap gb-block-layout-column-gap-2 gb-is-responsive-column\">\n<div class=\"wp-block-genesis-blocks-gb-column gb-block-layout-column\"><div class=\"gb-block-layout-column-inner\">\n<div class=\"wp-block-genesis-blocks-gb-columns gb-layout-columns-2 gb-2-col-wideleft\"><div class=\"gb-layout-column-wrap gb-block-layout-column-gap-2 gb-is-responsive-column\">\n<div class=\"wp-block-genesis-blocks-gb-column gb-block-layout-column\"><div class=\"gb-block-layout-column-inner\"><div class=\"yoast-breadcrumbs\"><span><span><a href=\"https:\/\/dictator.se\/da\/\">Home<\/a><\/span> \u00bb <span><a href=\"https:\/\/dictator.se\/da\/produkter\/\">Produkter<\/a><\/span> \u00bb <span><a href=\"https:\/\/dictator.se\/da\/produkter\/doerlukkere\/\">D\u00f8rlukkere<\/a><\/span> \u00bb <span class=\"breadcrumb_last\" aria-current=\"page\">Mekanisk Timer<\/span><\/span><\/div>\n\n\n<h1 class=\"wp-block-heading\" style=\"padding-top:var(--wp--preset--spacing--40);font-size:40px;text-transform:uppercase\"><strong>Mekanisk Timer til skyded\u00f8re<\/strong><\/h1>\n\n\n\n<p class=\"has-small-font-size\">Mekanisk Timer til skyded\u00f8re har en indbygget justerbar forberedelsestid til lukning af d\u00f8ren. Hvor l\u00e6nge d\u00f8ren skal forblive \u00e5ben, afh\u00e6nger af lukkeanordningens lukkekraft, f.eks. Dette giver en behagelig drift af skyded\u00f8ren, uden str\u00f8mforbrug, uden elektriske installationer.<\/p>\n\n\n\n<p class=\"has-small-font-size\">Skyded\u00f8re udstyret med DICTAMAT 50 t\u00e6t, s\u00e5 snart de er frigivet. Hvis en d\u00f8r skal holdes \u00e5ben i et stykke tid, f.eks.<\/p>\n\n\n\n<h2 class=\"wp-block-heading has-large-font-size\">Funktion<\/h2>\n\n\n\n<p class=\"has-small-font-size\">Den mekaniske timer bruger det samme funktionelle princip som den hydrauliske d\u00f8rlukker, men med det modsatte resultat. En ventil i cylinderen begr\u00e6nser str\u00f8mmen af olien. Dette bestemmer, hvorn\u00e5r rullegrebet holder l\u00e5sekrogen, og at d\u00f8ren kan lukkes. Frakendelsestiden kan justeres.<\/p>\n<\/div><\/div>\n\n\n\n<div class=\"wp-block-genesis-blocks-gb-column gb-block-layout-column\"><div class=\"gb-block-layout-column-inner\">\n<div class=\"wp-block-uagb-image uagb-block-02b3362d wp-block-uagb-image--layout-default wp-block-uagb-image--effect-static wp-block-uagb-image--align-none\"><figure class=\"wp-block-uagb-image__figure\"><img decoding=\"async\" srcset=\"https:\/\/dictator.se\/wp-content\/uploads\/2024\/04\/Mechanisk-Timer.jpg ,https:\/\/dictator.se\/wp-content\/uploads\/2024\/04\/Mechanisk-Timer.jpg 780w, https:\/\/dictator.se\/wp-content\/uploads\/2024\/04\/Mechanisk-Timer.jpg 360w\" sizes=\"auto, (max-width: 480px) 150px\" src=\"https:\/\/dictator.se\/wp-content\/uploads\/2024\/04\/Mechanisk-Timer.jpg\" alt=\"\" class=\"uag-image-3484\" width=\"800\" height=\"800\" title=\"\" loading=\"lazy\"\/><\/figure><\/div>\n<\/div><\/div>\n<\/div><\/div>\n\n\n\n<h2 class=\"wp-block-heading has-large-font-size\" style=\"padding-top:0\">Mekanisk timer &#8211; Egenskaber<\/h2>\n\n\n\n<ul class=\"wp-block-list\">\n<li class=\"has-small-font-size\">Mekanisk timer til skyded\u00f8re er en bekvem m\u00e5de at styre skyded\u00f8re og er helt mekanisk uden str\u00f8mforsyning<\/li>\n\n\n\n<li class=\"has-small-font-size\">Anvendes i kombination med en mekanisk d\u00f8r, der er t\u00e6ttere p\u00e5, n\u00e5r d\u00f8ren skal holde sig \u00e5ben i et stykke tid, f.eks.<\/li>\n\n\n\n<li class=\"has-small-font-size\">Monteret i \u00e5ben position af skyded\u00f8ren<\/li>\n\n\n\n<li class=\"has-small-font-size\">F\u00f8lger samme funktionelle princip som for en hydraulisk d\u00f8r lukker, men med det modsatte resultat: en ventil i cylinderen begr\u00e6nser str\u00f8mningshastigheden af olien. Dette bestemmer det tidspunkt, hvor rullegrebet begynder at forlade krogen, og d\u00f8ren kan lukkes<\/li>\n\n\n\n<li class=\"has-small-font-size\">Justerbar forsinkelses-tid<\/li>\n\n\n\n<li class=\"has-small-font-size\">Den samlede \u00e5bningstid afh\u00e6nger ogs\u00e5 af lukkekraften p\u00e5 den monterede lukkeanordning<\/li>\n<\/ul>\n\n\n\n<div class=\"wp-block-genesis-blocks-gb-columns gb-layout-columns-1 one-column\"><div class=\"gb-layout-column-wrap gb-block-layout-column-gap-2 gb-is-responsive-column\">\n<div class=\"wp-block-genesis-blocks-gb-column gb-block-layout-column\"><div class=\"gb-block-layout-column-inner has-ci-quaternary-background-color\" style=\"padding-top:50px;padding-right:100px;padding-bottom:50px;padding-left:100px\">\n<div class=\"wp-block-genesis-blocks-gb-columns gb-layout-columns-2 gb-2-col-wideleft\"><div class=\"gb-layout-column-wrap gb-block-layout-column-gap-2 gb-is-responsive-column\">\n<div class=\"wp-block-genesis-blocks-gb-column gb-block-layout-column\"><div class=\"gb-block-layout-column-inner\">\n<h2 class=\"wp-block-heading has-large-font-size\"><strong>GRATIS SERVICE OG R\u00c5DGIVNING<\/strong><\/h2>\n\n\n\n<p id=\"tw-target-text\">Hvilken model og monteringsposition passer til din d\u00f8r? Vi hj\u00e6lper dig gerne med at v\u00e6lge den rigtige model.<\/p>\n\n\n\n<div class=\"wp-block-uagb-buttons uagb-buttons__outer-wrap uagb-btn__default-btn uagb-btn-tablet__default-btn uagb-btn-mobile__default-btn uagb-block-39eb0c0e\"><div class=\"uagb-buttons__wrap uagb-buttons-layout-wrap\">\n<div class=\"wp-block-uagb-buttons-child uagb-buttons__outer-wrap uagb-block-d206b251 wp-block-button\"><div class=\"uagb-button__wrapper\"><a class=\"uagb-buttons-repeater wp-block-button__link\" href=\"https:\/\/dictator.se\/kontakta-oss\/\" onclick=\"return true;\" rel=\"follow noopener\" target=\"_self\"><div class=\"uagb-button__link\">Kontakt os her<\/div><span class=\"uagb-button__icon uagb-button__icon-position-after\"><svg xmlns=\"https:\/\/www.w3.org\/2000\/svg\" viewBox=\"0 0 448 512\"><path d=\"M438.6 278.6l-160 160C272.4 444.9 264.2 448 256 448s-16.38-3.125-22.62-9.375c-12.5-12.5-12.5-32.75 0-45.25L338.8 288H32C14.33 288 .0016 273.7 .0016 256S14.33 224 32 224h306.8l-105.4-105.4c-12.5-12.5-12.5-32.75 0-45.25s32.75-12.5 45.25 0l160 160C451.1 245.9 451.1 266.1 438.6 278.6z\"><\/path><\/svg><\/span><\/a><\/div><\/div>\n<\/div><\/div>\n<\/div><\/div>\n\n\n\n<div class=\"wp-block-genesis-blocks-gb-column gb-block-layout-column\"><div class=\"gb-block-layout-column-inner\">\n<div class=\"wp-block-uagb-image aligncenter uagb-block-d296d348 wp-block-uagb-image--layout-default wp-block-uagb-image--effect-static wp-block-uagb-image--align-center\"><figure class=\"wp-block-uagb-image__figure\"><img decoding=\"async\" srcset=\"https:\/\/dictator.se\/wp-content\/uploads\/2023\/12\/icon-service-300x272.png ,https:\/\/dictator.se\/wp-content\/uploads\/2023\/12\/icon-service.png 780w, https:\/\/dictator.se\/wp-content\/uploads\/2023\/12\/icon-service.png 360w\" sizes=\"auto, (max-width: 480px) 150px\" src=\"https:\/\/dictator.se\/wp-content\/uploads\/2023\/12\/icon-service-300x272.png\" alt=\"\" class=\"uag-image-203\" width=\"150\" height=\"272\" title=\"\" loading=\"lazy\"\/><\/figure><\/div>\n<\/div><\/div>\n<\/div><\/div>\n<\/div><\/div>\n<\/div><\/div>\n<\/div><\/div>\n<\/div><\/div>\n","protected":false},"excerpt":{"rendered":"","protected":false},"author":6,"featured_media":0,"parent":4168,"menu_order":0,"comment_status":"closed","ping_status":"closed","template":"","meta":{"_acf_changed":false,"_uag_custom_page_level_css":"","_genesis_hide_title":true,"_genesis_hide_breadcrumbs":false,"_genesis_hide_singular_image":false,"_genesis_hide_footer_widgets":false,"_genesis_custom_body_class":"","_genesis_custom_post_class":"","_genesis_layout":"","footnotes":""},"class_list":{"0":"post-4184","1":"page","2":"type-page","3":"status-publish","5":"entry"},"acf":[],"yoast_head":"<!-- This site is optimized with the Yoast SEO plugin v27.3 - https:\/\/yoast.com\/product\/yoast-seo-wordpress\/ -->\n<title>Mekanisk Timer - dictator.se<\/title>\n<meta name=\"description\" content=\"Mekanisk Timer til skyded\u00f8re har en indbygget justerbar forberedelsestid til lukning af d\u00f8ren. Hvor l\u00e6nge d\u00f8ren skal forblive \u00e5ben,\" \/>\n<meta name=\"robots\" content=\"index, follow, max-snippet:-1, max-image-preview:large, max-video-preview:-1\" \/>\n<link rel=\"canonical\" href=\"https:\/\/dictator.se\/da\/produkter\/doerlukkere\/mekanisk-timer\/\" \/>\n<meta property=\"og:locale\" content=\"da_DK\" \/>\n<meta property=\"og:type\" content=\"article\" \/>\n<meta property=\"og:title\" content=\"Mekanisk Timer - dictator.se\" \/>\n<meta property=\"og:description\" content=\"Mekanisk Timer til skyded\u00f8re har en indbygget justerbar forberedelsestid til lukning af d\u00f8ren. Hvor l\u00e6nge d\u00f8ren skal forblive \u00e5ben,\" \/>\n<meta property=\"og:url\" content=\"https:\/\/dictator.se\/da\/produkter\/doerlukkere\/mekanisk-timer\/\" \/>\n<meta property=\"og:site_name\" content=\"dictator.se\" \/>\n<meta property=\"article:modified_time\" content=\"2024-05-23T08:46:45+00:00\" \/>\n<meta property=\"og:image\" content=\"https:\/\/dictator.se\/wp-content\/uploads\/2024\/04\/Mechanisk-Timer.jpg\" \/>\n<meta name=\"twitter:card\" content=\"summary_large_image\" \/>\n<meta name=\"twitter:label1\" content=\"Estimeret l\u00e6setid\" \/>\n\t<meta name=\"twitter:data1\" content=\"2 minutter\" \/>\n<script type=\"application\/ld+json\" class=\"yoast-schema-graph\">{\"@context\":\"https:\\\/\\\/schema.org\",\"@graph\":[{\"@type\":\"WebPage\",\"@id\":\"https:\\\/\\\/dictator.se\\\/da\\\/produkter\\\/doerlukkere\\\/mekanisk-timer\\\/\",\"url\":\"https:\\\/\\\/dictator.se\\\/da\\\/produkter\\\/doerlukkere\\\/mekanisk-timer\\\/\",\"name\":\"Mekanisk Timer - dictator.se\",\"isPartOf\":{\"@id\":\"https:\\\/\\\/dictator.se\\\/#website\"},\"primaryImageOfPage\":{\"@id\":\"https:\\\/\\\/dictator.se\\\/da\\\/produkter\\\/doerlukkere\\\/mekanisk-timer\\\/#primaryimage\"},\"image\":{\"@id\":\"https:\\\/\\\/dictator.se\\\/da\\\/produkter\\\/doerlukkere\\\/mekanisk-timer\\\/#primaryimage\"},\"thumbnailUrl\":\"https:\\\/\\\/dictator.se\\\/wp-content\\\/uploads\\\/2024\\\/04\\\/Mechanisk-Timer.jpg\",\"datePublished\":\"2024-04-10T13:29:31+00:00\",\"dateModified\":\"2024-05-23T08:46:45+00:00\",\"description\":\"Mekanisk Timer til skyded\u00f8re har en indbygget justerbar forberedelsestid til lukning af d\u00f8ren. Hvor l\u00e6nge d\u00f8ren skal forblive \u00e5ben,\",\"breadcrumb\":{\"@id\":\"https:\\\/\\\/dictator.se\\\/da\\\/produkter\\\/doerlukkere\\\/mekanisk-timer\\\/#breadcrumb\"},\"inLanguage\":\"da-DK\",\"potentialAction\":[{\"@type\":\"ReadAction\",\"target\":[\"https:\\\/\\\/dictator.se\\\/da\\\/produkter\\\/doerlukkere\\\/mekanisk-timer\\\/\"]}]},{\"@type\":\"ImageObject\",\"inLanguage\":\"da-DK\",\"@id\":\"https:\\\/\\\/dictator.se\\\/da\\\/produkter\\\/doerlukkere\\\/mekanisk-timer\\\/#primaryimage\",\"url\":\"https:\\\/\\\/dictator.se\\\/wp-content\\\/uploads\\\/2024\\\/04\\\/Mechanisk-Timer.jpg\",\"contentUrl\":\"https:\\\/\\\/dictator.se\\\/wp-content\\\/uploads\\\/2024\\\/04\\\/Mechanisk-Timer.jpg\"},{\"@type\":\"BreadcrumbList\",\"@id\":\"https:\\\/\\\/dictator.se\\\/da\\\/produkter\\\/doerlukkere\\\/mekanisk-timer\\\/#breadcrumb\",\"itemListElement\":[{\"@type\":\"ListItem\",\"position\":1,\"name\":\"Home\",\"item\":\"https:\\\/\\\/dictator.se\\\/da\\\/\"},{\"@type\":\"ListItem\",\"position\":2,\"name\":\"Produkter\",\"item\":\"https:\\\/\\\/dictator.se\\\/da\\\/produkter\\\/\"},{\"@type\":\"ListItem\",\"position\":3,\"name\":\"D\u00f8rlukkere\",\"item\":\"https:\\\/\\\/dictator.se\\\/da\\\/produkter\\\/doerlukkere\\\/\"},{\"@type\":\"ListItem\",\"position\":4,\"name\":\"Mekanisk Timer\"}]},{\"@type\":\"WebSite\",\"@id\":\"https:\\\/\\\/dictator.se\\\/#website\",\"url\":\"https:\\\/\\\/dictator.se\\\/\",\"name\":\"dictator.se\",\"description\":\"\",\"publisher\":{\"@id\":\"https:\\\/\\\/dictator.se\\\/#organization\"},\"potentialAction\":[{\"@type\":\"SearchAction\",\"target\":{\"@type\":\"EntryPoint\",\"urlTemplate\":\"https:\\\/\\\/dictator.se\\\/?s={search_term_string}\"},\"query-input\":{\"@type\":\"PropertyValueSpecification\",\"valueRequired\":true,\"valueName\":\"search_term_string\"}}],\"inLanguage\":\"da-DK\"},{\"@type\":\"Organization\",\"@id\":\"https:\\\/\\\/dictator.se\\\/#organization\",\"name\":\"dictator.se\",\"url\":\"https:\\\/\\\/dictator.se\\\/\",\"logo\":{\"@type\":\"ImageObject\",\"inLanguage\":\"da-DK\",\"@id\":\"https:\\\/\\\/dictator.se\\\/#\\\/schema\\\/logo\\\/image\\\/\",\"url\":\"https:\\\/\\\/dictator.se\\\/wp-content\\\/uploads\\\/2023\\\/12\\\/DICTATOR_Logo1.svg\",\"contentUrl\":\"https:\\\/\\\/dictator.se\\\/wp-content\\\/uploads\\\/2023\\\/12\\\/DICTATOR_Logo1.svg\",\"width\":377,\"height\":58,\"caption\":\"dictator.se\"},\"image\":{\"@id\":\"https:\\\/\\\/dictator.se\\\/#\\\/schema\\\/logo\\\/image\\\/\"}}]}<\/script>\n<!-- \/ Yoast SEO plugin. -->","yoast_head_json":{"title":"Mekanisk Timer - dictator.se","description":"Mekanisk Timer til skyded\u00f8re har en indbygget justerbar forberedelsestid til lukning af d\u00f8ren. Hvor l\u00e6nge d\u00f8ren skal forblive \u00e5ben,","robots":{"index":"index","follow":"follow","max-snippet":"max-snippet:-1","max-image-preview":"max-image-preview:large","max-video-preview":"max-video-preview:-1"},"canonical":"https:\/\/dictator.se\/da\/produkter\/doerlukkere\/mekanisk-timer\/","og_locale":"da_DK","og_type":"article","og_title":"Mekanisk Timer - dictator.se","og_description":"Mekanisk Timer til skyded\u00f8re har en indbygget justerbar forberedelsestid til lukning af d\u00f8ren. Hvor l\u00e6nge d\u00f8ren skal forblive \u00e5ben,","og_url":"https:\/\/dictator.se\/da\/produkter\/doerlukkere\/mekanisk-timer\/","og_site_name":"dictator.se","article_modified_time":"2024-05-23T08:46:45+00:00","og_image":[{"url":"https:\/\/dictator.se\/wp-content\/uploads\/2024\/04\/Mechanisk-Timer.jpg","type":"","width":"","height":""}],"twitter_card":"summary_large_image","twitter_misc":{"Estimeret l\u00e6setid":"2 minutter"},"schema":{"@context":"https:\/\/schema.org","@graph":[{"@type":"WebPage","@id":"https:\/\/dictator.se\/da\/produkter\/doerlukkere\/mekanisk-timer\/","url":"https:\/\/dictator.se\/da\/produkter\/doerlukkere\/mekanisk-timer\/","name":"Mekanisk Timer - dictator.se","isPartOf":{"@id":"https:\/\/dictator.se\/#website"},"primaryImageOfPage":{"@id":"https:\/\/dictator.se\/da\/produkter\/doerlukkere\/mekanisk-timer\/#primaryimage"},"image":{"@id":"https:\/\/dictator.se\/da\/produkter\/doerlukkere\/mekanisk-timer\/#primaryimage"},"thumbnailUrl":"https:\/\/dictator.se\/wp-content\/uploads\/2024\/04\/Mechanisk-Timer.jpg","datePublished":"2024-04-10T13:29:31+00:00","dateModified":"2024-05-23T08:46:45+00:00","description":"Mekanisk Timer til skyded\u00f8re har en indbygget justerbar forberedelsestid til lukning af d\u00f8ren. Hvor l\u00e6nge d\u00f8ren skal forblive \u00e5ben,","breadcrumb":{"@id":"https:\/\/dictator.se\/da\/produkter\/doerlukkere\/mekanisk-timer\/#breadcrumb"},"inLanguage":"da-DK","potentialAction":[{"@type":"ReadAction","target":["https:\/\/dictator.se\/da\/produkter\/doerlukkere\/mekanisk-timer\/"]}]},{"@type":"ImageObject","inLanguage":"da-DK","@id":"https:\/\/dictator.se\/da\/produkter\/doerlukkere\/mekanisk-timer\/#primaryimage","url":"https:\/\/dictator.se\/wp-content\/uploads\/2024\/04\/Mechanisk-Timer.jpg","contentUrl":"https:\/\/dictator.se\/wp-content\/uploads\/2024\/04\/Mechanisk-Timer.jpg"},{"@type":"BreadcrumbList","@id":"https:\/\/dictator.se\/da\/produkter\/doerlukkere\/mekanisk-timer\/#breadcrumb","itemListElement":[{"@type":"ListItem","position":1,"name":"Home","item":"https:\/\/dictator.se\/da\/"},{"@type":"ListItem","position":2,"name":"Produkter","item":"https:\/\/dictator.se\/da\/produkter\/"},{"@type":"ListItem","position":3,"name":"D\u00f8rlukkere","item":"https:\/\/dictator.se\/da\/produkter\/doerlukkere\/"},{"@type":"ListItem","position":4,"name":"Mekanisk Timer"}]},{"@type":"WebSite","@id":"https:\/\/dictator.se\/#website","url":"https:\/\/dictator.se\/","name":"dictator.se","description":"","publisher":{"@id":"https:\/\/dictator.se\/#organization"},"potentialAction":[{"@type":"SearchAction","target":{"@type":"EntryPoint","urlTemplate":"https:\/\/dictator.se\/?s={search_term_string}"},"query-input":{"@type":"PropertyValueSpecification","valueRequired":true,"valueName":"search_term_string"}}],"inLanguage":"da-DK"},{"@type":"Organization","@id":"https:\/\/dictator.se\/#organization","name":"dictator.se","url":"https:\/\/dictator.se\/","logo":{"@type":"ImageObject","inLanguage":"da-DK","@id":"https:\/\/dictator.se\/#\/schema\/logo\/image\/","url":"https:\/\/dictator.se\/wp-content\/uploads\/2023\/12\/DICTATOR_Logo1.svg","contentUrl":"https:\/\/dictator.se\/wp-content\/uploads\/2023\/12\/DICTATOR_Logo1.svg","width":377,"height":58,"caption":"dictator.se"},"image":{"@id":"https:\/\/dictator.se\/#\/schema\/logo\/image\/"}}]}},"featured_image_src":null,"featured_image_src_square":null,"uagb_featured_image_src":{"full":false,"thumbnail":false,"medium":false,"medium_large":false,"large":false,"1536x1536":false,"2048x2048":false,"sidebar-featured":false,"genesis-singular-images":false,"gb-block-post-grid-landscape":false,"gb-block-post-grid-square":false},"uagb_author_info":{"display_name":"Sanna","author_link":"https:\/\/dictator.se\/da\/author\/sanna\/"},"uagb_comment_info":0,"uagb_excerpt":null,"_links":{"self":[{"href":"https:\/\/dictator.se\/da\/wp-json\/wp\/v2\/pages\/4184","targetHints":{"allow":["GET"]}}],"collection":[{"href":"https:\/\/dictator.se\/da\/wp-json\/wp\/v2\/pages"}],"about":[{"href":"https:\/\/dictator.se\/da\/wp-json\/wp\/v2\/types\/page"}],"author":[{"embeddable":true,"href":"https:\/\/dictator.se\/da\/wp-json\/wp\/v2\/users\/6"}],"replies":[{"embeddable":true,"href":"https:\/\/dictator.se\/da\/wp-json\/wp\/v2\/comments?post=4184"}],"version-history":[{"count":5,"href":"https:\/\/dictator.se\/da\/wp-json\/wp\/v2\/pages\/4184\/revisions"}],"predecessor-version":[{"id":5153,"href":"https:\/\/dictator.se\/da\/wp-json\/wp\/v2\/pages\/4184\/revisions\/5153"}],"up":[{"embeddable":true,"href":"https:\/\/dictator.se\/da\/wp-json\/wp\/v2\/pages\/4168"}],"wp:attachment":[{"href":"https:\/\/dictator.se\/da\/wp-json\/wp\/v2\/media?parent=4184"}],"curies":[{"name":"wp","href":"https:\/\/api.w.org\/{rel}","templated":true}]}}