{"id":4186,"date":"2024-04-10T15:41:59","date_gmt":"2024-04-10T13:41:59","guid":{"rendered":"https:\/\/dictator.se\/?page_id=4186"},"modified":"2024-05-23T10:47:21","modified_gmt":"2024-05-23T08:47:21","slug":"puffer-til-skydedoere","status":"publish","type":"page","link":"https:\/\/dictator.se\/da\/produkter\/doerlukkere\/puffer-til-skydedoere\/","title":{"rendered":"Puffer til skyded\u00f8re"},"content":{"rendered":"\n<div class=\"wp-block-genesis-blocks-gb-columns gb-layout-columns-1 one-column\"><div class=\"gb-layout-column-wrap gb-block-layout-column-gap-2 gb-is-responsive-column\">\n<div class=\"wp-block-genesis-blocks-gb-column gb-block-layout-column\"><div class=\"gb-block-layout-column-inner\">\n<div class=\"wp-block-genesis-blocks-gb-columns gb-layout-columns-2 gb-2-col-wideleft\"><div class=\"gb-layout-column-wrap gb-block-layout-column-gap-2 gb-is-responsive-column\">\n<div class=\"wp-block-genesis-blocks-gb-column gb-block-layout-column\"><div class=\"gb-block-layout-column-inner\"><div class=\"yoast-breadcrumbs\"><span><span><a href=\"https:\/\/dictator.se\/da\/\">Home<\/a><\/span> \u00bb <span><a href=\"https:\/\/dictator.se\/da\/produkter\/\">Produkter<\/a><\/span> \u00bb <span><a href=\"https:\/\/dictator.se\/da\/produkter\/doerlukkere\/\">D\u00f8rlukkere<\/a><\/span> \u00bb <span class=\"breadcrumb_last\" aria-current=\"page\">Puffer til skyded\u00f8re<\/span><\/span><\/div>\n\n\n<h1 class=\"wp-block-heading\" style=\"padding-top:var(--wp--preset--spacing--40);font-size:40px;text-transform:uppercase\">Puffer til skyded\u00f8re skubber d\u00f8rbladet ud af v\u00e6glommen<\/h1>\n\n\n\n<p class=\"has-small-font-size\">Puffer til skyded\u00f8re er den optimale l\u00f8sning &#8211; hvis problemet er, at d\u00f8rh\u00e5ndtaget til at lukke d\u00f8ren er skjult p\u00e5 siden af d\u00f8rbladet. Hvis d\u00f8ren ikke er helt \u00e5bnet, kan den dyrebare bredde af passagen g\u00e5 tabt. I v\u00e6rste fald, is\u00e6r for barriere fri bygning, kan dette kr\u00e6ve en bredere, dyrere d\u00f8r.<\/p>\n\n\n\n<p class=\"has-small-font-size\">DICTATOR&#8217;s release buffer, &#8220;Puffer&#8221;, er en enkel og p\u00e5lidelig l\u00f8sning p\u00e5 dette problem. Normalt er frigivelsesbufferen installeret usynligt p\u00e5 d\u00f8rens bagkant. N\u00e5r du \u00e5bner d\u00f8ren, rammer den magnetiske buffer p\u00e5 stempelstangen en kontraplade. Dette holder samtidig d\u00f8ren i \u00e5ben position.<\/p>\n\n\n\n<p class=\"has-small-font-size\">Hvis du \u00f8nsker at lukke d\u00f8ren, skal du blot trykke let mod kanten og den integrerede fjeder vil skubbe ud af v\u00e6glommen s\u00e5 langt, at h\u00e5ndtaget er tilg\u00e6ngeligt igen.<\/p>\n\n\n\n<h2 class=\"wp-block-heading has-large-font-size\">Egenskaber<\/h2>\n\n\n\n<ul class=\"wp-block-list\">\n<li class=\"has-small-font-size\">F\u00e5s med to forskellige fjederkr\u00e6fter<\/li>\n\n\n\n<li class=\"has-small-font-size\">Modellen med 85 N er normalt installeret i de fleste d\u00f8re<\/li>\n\n\n\n<li class=\"has-small-font-size\">Streg 20 mm<\/li>\n\n\n\n<li class=\"has-small-font-size\">Den st\u00e6rkere version med 135 N b\u00f8r kun v\u00e6lges, hvis d\u00f8ren ikke k\u00f8rer problemfrit, f.eks.<\/li>\n\n\n\n<li class=\"has-small-font-size\">Installeres usynligt ved d\u00f8r\u00e5bnings-kanten<\/li>\n<\/ul>\n\n\n\n<h2 class=\"wp-block-heading has-large-font-size\">Funktion<\/h2>\n\n\n\n<ul class=\"wp-block-list\">\n<li class=\"has-small-font-size\">N\u00e5r du \u00e5bner d\u00f8ren, rammer den magnetiske buffer p\u00e5 stempelstangen en kontraplade og holder d\u00f8ren \u00e5ben<\/li>\n\n\n\n<li class=\"has-small-font-size\">For at lukke d\u00f8ren skal du blot trykke let mod kanten af d\u00f8rbladet, og den integrerede fjeder skubber d\u00f8ren ud af v\u00e6glommen en lille smule, s\u00e5 det integrerede h\u00e5ndtag bliver tilg\u00e6ngeligt.<\/li>\n<\/ul>\n\n\n\n<div class=\"wp-block-uagb-buttons uagb-buttons__outer-wrap uagb-btn__small-btn uagb-btn-tablet__default-btn uagb-btn-mobile__default-btn uagb-block-5de5aa52\"><div class=\"uagb-buttons__wrap uagb-buttons-layout-wrap\">\n<div class=\"wp-block-uagb-buttons-child uagb-buttons__outer-wrap uagb-block-aa2ede34 wp-block-button\"><div class=\"uagb-button__wrapper\"><a class=\"uagb-buttons-repeater wp-block-button__link\" href=\"https:\/\/en.dictator.de\/products\/door-closing-solutions\/release-buffer\/\" onclick=\"return true;\" rel=\"follow noopener\" target=\"_blank\"><div class=\"uagb-button__link\">l\u00e6s mere her<\/div><span class=\"uagb-button__icon uagb-button__icon-position-after\"><svg xmlns=\"https:\/\/www.w3.org\/2000\/svg\" viewBox=\"0 0 448 512\"><path d=\"M438.6 278.6l-160 160C272.4 444.9 264.2 448 256 448s-16.38-3.125-22.62-9.375c-12.5-12.5-12.5-32.75 0-45.25L338.8 288H32C14.33 288 .0016 273.7 .0016 256S14.33 224 32 224h306.8l-105.4-105.4c-12.5-12.5-12.5-32.75 0-45.25s32.75-12.5 45.25 0l160 160C451.1 245.9 451.1 266.1 438.6 278.6z\"><\/path><\/svg><\/span><\/a><\/div><\/div>\n<\/div><\/div>\n<\/div><\/div>\n\n\n\n<div class=\"wp-block-genesis-blocks-gb-column gb-block-layout-column\"><div class=\"gb-block-layout-column-inner\">\n<div class=\"wp-block-uagb-image uagb-block-01a39da8 wp-block-uagb-image--layout-default wp-block-uagb-image--effect-static wp-block-uagb-image--align-none\"><figure class=\"wp-block-uagb-image__figure\"><img decoding=\"async\" srcset=\"https:\/\/dictator.se\/wp-content\/uploads\/2024\/04\/Puffer-skjutdorrar.jpg ,https:\/\/dictator.se\/wp-content\/uploads\/2024\/04\/Puffer-skjutdorrar.jpg 780w, https:\/\/dictator.se\/wp-content\/uploads\/2024\/04\/Puffer-skjutdorrar.jpg 360w\" sizes=\"auto, (max-width: 480px) 150px\" src=\"https:\/\/dictator.se\/wp-content\/uploads\/2024\/04\/Puffer-skjutdorrar.jpg\" alt=\"\" class=\"uag-image-3499\" width=\"800\" height=\"800\" title=\"\" loading=\"lazy\"\/><\/figure><\/div>\n\n\n\n<figure class=\"wp-block-embed is-type-video is-provider-youtube wp-block-embed-youtube wp-embed-aspect-16-9 wp-has-aspect-ratio\"><div class=\"wp-block-embed__wrapper\">\n<iframe loading=\"lazy\" title=\"Release Buffer | Push-to-Slide | Pushes sliding doors out of wall pocket\" width=\"500\" height=\"281\" src=\"https:\/\/www.youtube.com\/embed\/nMXWmCq9jz0?feature=oembed\" frameborder=\"0\" allow=\"accelerometer; autoplay; clipboard-write; encrypted-media; gyroscope; picture-in-picture; web-share\" referrerpolicy=\"strict-origin-when-cross-origin\" allowfullscreen><\/iframe>\n<\/div><\/figure>\n<\/div><\/div>\n<\/div><\/div>\n\n\n\n<div class=\"wp-block-genesis-blocks-gb-columns gb-layout-columns-1 one-column\"><div class=\"gb-layout-column-wrap gb-block-layout-column-gap-2 gb-is-responsive-column\">\n<div class=\"wp-block-genesis-blocks-gb-column gb-block-layout-column\"><div class=\"gb-block-layout-column-inner has-ci-quaternary-background-color\" style=\"margin-top:2%;padding-top:50px;padding-right:100px;padding-bottom:50px;padding-left:100px\">\n<div class=\"wp-block-genesis-blocks-gb-columns gb-layout-columns-2 gb-2-col-wideleft\"><div class=\"gb-layout-column-wrap gb-block-layout-column-gap-2 gb-is-responsive-column\">\n<div class=\"wp-block-genesis-blocks-gb-column gb-block-layout-column\"><div class=\"gb-block-layout-column-inner\">\n<h2 class=\"wp-block-heading has-large-font-size\"><strong>GRATIS SERVICE OG R\u00c5DGIVNING<\/strong><\/h2>\n\n\n\n<div class=\"wp-block-uagb-buttons uagb-buttons__outer-wrap uagb-btn__default-btn uagb-btn-tablet__default-btn uagb-btn-mobile__default-btn uagb-block-39eb0c0e\"><div class=\"uagb-buttons__wrap uagb-buttons-layout-wrap\">\n<div class=\"wp-block-uagb-buttons-child uagb-buttons__outer-wrap uagb-block-d206b251 wp-block-button\"><div class=\"uagb-button__wrapper\"><a class=\"uagb-buttons-repeater wp-block-button__link\" href=\"https:\/\/dictator.se\/da\/kontakt-os\/\" onclick=\"return true;\" rel=\"follow noopener\" target=\"_self\"><div class=\"uagb-button__link\">Kontakt os hEr<\/div><span class=\"uagb-button__icon uagb-button__icon-position-after\"><svg xmlns=\"https:\/\/www.w3.org\/2000\/svg\" viewBox=\"0 0 448 512\"><path d=\"M438.6 278.6l-160 160C272.4 444.9 264.2 448 256 448s-16.38-3.125-22.62-9.375c-12.5-12.5-12.5-32.75 0-45.25L338.8 288H32C14.33 288 .0016 273.7 .0016 256S14.33 224 32 224h306.8l-105.4-105.4c-12.5-12.5-12.5-32.75 0-45.25s32.75-12.5 45.25 0l160 160C451.1 245.9 451.1 266.1 438.6 278.6z\"><\/path><\/svg><\/span><\/a><\/div><\/div>\n<\/div><\/div>\n<\/div><\/div>\n\n\n\n<div class=\"wp-block-genesis-blocks-gb-column gb-block-layout-column\"><div class=\"gb-block-layout-column-inner\">\n<div class=\"wp-block-uagb-image aligncenter uagb-block-d296d348 wp-block-uagb-image--layout-default wp-block-uagb-image--effect-static wp-block-uagb-image--align-center\"><figure class=\"wp-block-uagb-image__figure\"><img decoding=\"async\" srcset=\"https:\/\/dictator.se\/wp-content\/uploads\/2023\/12\/icon-service-300x272.png ,https:\/\/dictator.se\/wp-content\/uploads\/2023\/12\/icon-service.png 780w, https:\/\/dictator.se\/wp-content\/uploads\/2023\/12\/icon-service.png 360w\" sizes=\"auto, (max-width: 480px) 150px\" src=\"https:\/\/dictator.se\/wp-content\/uploads\/2023\/12\/icon-service-300x272.png\" alt=\"\" class=\"uag-image-203\" width=\"150\" height=\"272\" title=\"\" loading=\"lazy\"\/><\/figure><\/div>\n<\/div><\/div>\n<\/div><\/div>\n<\/div><\/div>\n<\/div><\/div>\n<\/div><\/div>\n<\/div><\/div>\n","protected":false},"excerpt":{"rendered":"","protected":false},"author":6,"featured_media":0,"parent":4168,"menu_order":0,"comment_status":"closed","ping_status":"closed","template":"","meta":{"_acf_changed":false,"_uag_custom_page_level_css":"","_genesis_hide_title":true,"_genesis_hide_breadcrumbs":false,"_genesis_hide_singular_image":false,"_genesis_hide_footer_widgets":false,"_genesis_custom_body_class":"","_genesis_custom_post_class":"","_genesis_layout":"","footnotes":""},"class_list":{"0":"post-4186","1":"page","2":"type-page","3":"status-publish","5":"entry"},"acf":[],"yoast_head":"<!-- This site is optimized with the Yoast SEO plugin v27.3 - https:\/\/yoast.com\/product\/yoast-seo-wordpress\/ -->\n<title>Puffer til skyded\u00f8re - dictator.se<\/title>\n<meta name=\"description\" content=\"Puffer til skyded\u00f8re er den optimale l\u00f8sning - hvis problemet er, at d\u00f8rh\u00e5ndtaget til at lukke d\u00f8ren er skjult p\u00e5 siden af d\u00f8rbladet.\" \/>\n<meta name=\"robots\" content=\"index, follow, max-snippet:-1, max-image-preview:large, max-video-preview:-1\" \/>\n<link rel=\"canonical\" href=\"https:\/\/dictator.se\/da\/produkter\/doerlukkere\/puffer-til-skydedoere\/\" \/>\n<meta property=\"og:locale\" content=\"da_DK\" \/>\n<meta property=\"og:type\" content=\"article\" \/>\n<meta property=\"og:title\" content=\"Puffer til skyded\u00f8re - dictator.se\" \/>\n<meta property=\"og:description\" content=\"Puffer til skyded\u00f8re er den optimale l\u00f8sning - hvis problemet er, at d\u00f8rh\u00e5ndtaget til at lukke d\u00f8ren er skjult p\u00e5 siden af d\u00f8rbladet.\" \/>\n<meta property=\"og:url\" content=\"https:\/\/dictator.se\/da\/produkter\/doerlukkere\/puffer-til-skydedoere\/\" \/>\n<meta property=\"og:site_name\" content=\"dictator.se\" \/>\n<meta property=\"article:modified_time\" content=\"2024-05-23T08:47:21+00:00\" \/>\n<meta property=\"og:image\" content=\"https:\/\/dictator.se\/wp-content\/uploads\/2024\/04\/Puffer-skjutdorrar.jpg\" \/>\n<meta name=\"twitter:card\" content=\"summary_large_image\" \/>\n<meta name=\"twitter:label1\" content=\"Estimeret l\u00e6setid\" \/>\n\t<meta name=\"twitter:data1\" content=\"2 minutter\" \/>\n<script type=\"application\/ld+json\" class=\"yoast-schema-graph\">{\"@context\":\"https:\\\/\\\/schema.org\",\"@graph\":[{\"@type\":\"WebPage\",\"@id\":\"https:\\\/\\\/dictator.se\\\/da\\\/produkter\\\/doerlukkere\\\/puffer-til-skydedoere\\\/\",\"url\":\"https:\\\/\\\/dictator.se\\\/da\\\/produkter\\\/doerlukkere\\\/puffer-til-skydedoere\\\/\",\"name\":\"Puffer til skyded\u00f8re - dictator.se\",\"isPartOf\":{\"@id\":\"https:\\\/\\\/dictator.se\\\/#website\"},\"primaryImageOfPage\":{\"@id\":\"https:\\\/\\\/dictator.se\\\/da\\\/produkter\\\/doerlukkere\\\/puffer-til-skydedoere\\\/#primaryimage\"},\"image\":{\"@id\":\"https:\\\/\\\/dictator.se\\\/da\\\/produkter\\\/doerlukkere\\\/puffer-til-skydedoere\\\/#primaryimage\"},\"thumbnailUrl\":\"https:\\\/\\\/dictator.se\\\/wp-content\\\/uploads\\\/2024\\\/04\\\/Puffer-skjutdorrar.jpg\",\"datePublished\":\"2024-04-10T13:41:59+00:00\",\"dateModified\":\"2024-05-23T08:47:21+00:00\",\"description\":\"Puffer til skyded\u00f8re er den optimale l\u00f8sning - hvis problemet er, at d\u00f8rh\u00e5ndtaget til at lukke d\u00f8ren er skjult p\u00e5 siden af d\u00f8rbladet.\",\"breadcrumb\":{\"@id\":\"https:\\\/\\\/dictator.se\\\/da\\\/produkter\\\/doerlukkere\\\/puffer-til-skydedoere\\\/#breadcrumb\"},\"inLanguage\":\"da-DK\",\"potentialAction\":[{\"@type\":\"ReadAction\",\"target\":[\"https:\\\/\\\/dictator.se\\\/da\\\/produkter\\\/doerlukkere\\\/puffer-til-skydedoere\\\/\"]}]},{\"@type\":\"ImageObject\",\"inLanguage\":\"da-DK\",\"@id\":\"https:\\\/\\\/dictator.se\\\/da\\\/produkter\\\/doerlukkere\\\/puffer-til-skydedoere\\\/#primaryimage\",\"url\":\"https:\\\/\\\/dictator.se\\\/wp-content\\\/uploads\\\/2024\\\/04\\\/Puffer-skjutdorrar.jpg\",\"contentUrl\":\"https:\\\/\\\/dictator.se\\\/wp-content\\\/uploads\\\/2024\\\/04\\\/Puffer-skjutdorrar.jpg\"},{\"@type\":\"BreadcrumbList\",\"@id\":\"https:\\\/\\\/dictator.se\\\/da\\\/produkter\\\/doerlukkere\\\/puffer-til-skydedoere\\\/#breadcrumb\",\"itemListElement\":[{\"@type\":\"ListItem\",\"position\":1,\"name\":\"Home\",\"item\":\"https:\\\/\\\/dictator.se\\\/da\\\/\"},{\"@type\":\"ListItem\",\"position\":2,\"name\":\"Produkter\",\"item\":\"https:\\\/\\\/dictator.se\\\/da\\\/produkter\\\/\"},{\"@type\":\"ListItem\",\"position\":3,\"name\":\"D\u00f8rlukkere\",\"item\":\"https:\\\/\\\/dictator.se\\\/da\\\/produkter\\\/doerlukkere\\\/\"},{\"@type\":\"ListItem\",\"position\":4,\"name\":\"Puffer til skyded\u00f8re\"}]},{\"@type\":\"WebSite\",\"@id\":\"https:\\\/\\\/dictator.se\\\/#website\",\"url\":\"https:\\\/\\\/dictator.se\\\/\",\"name\":\"dictator.se\",\"description\":\"\",\"publisher\":{\"@id\":\"https:\\\/\\\/dictator.se\\\/#organization\"},\"potentialAction\":[{\"@type\":\"SearchAction\",\"target\":{\"@type\":\"EntryPoint\",\"urlTemplate\":\"https:\\\/\\\/dictator.se\\\/?s={search_term_string}\"},\"query-input\":{\"@type\":\"PropertyValueSpecification\",\"valueRequired\":true,\"valueName\":\"search_term_string\"}}],\"inLanguage\":\"da-DK\"},{\"@type\":\"Organization\",\"@id\":\"https:\\\/\\\/dictator.se\\\/#organization\",\"name\":\"dictator.se\",\"url\":\"https:\\\/\\\/dictator.se\\\/\",\"logo\":{\"@type\":\"ImageObject\",\"inLanguage\":\"da-DK\",\"@id\":\"https:\\\/\\\/dictator.se\\\/#\\\/schema\\\/logo\\\/image\\\/\",\"url\":\"https:\\\/\\\/dictator.se\\\/wp-content\\\/uploads\\\/2023\\\/12\\\/DICTATOR_Logo1.svg\",\"contentUrl\":\"https:\\\/\\\/dictator.se\\\/wp-content\\\/uploads\\\/2023\\\/12\\\/DICTATOR_Logo1.svg\",\"width\":377,\"height\":58,\"caption\":\"dictator.se\"},\"image\":{\"@id\":\"https:\\\/\\\/dictator.se\\\/#\\\/schema\\\/logo\\\/image\\\/\"}}]}<\/script>\n<!-- \/ Yoast SEO plugin. -->","yoast_head_json":{"title":"Puffer til skyded\u00f8re - dictator.se","description":"Puffer til skyded\u00f8re er den optimale l\u00f8sning - hvis problemet er, at d\u00f8rh\u00e5ndtaget til at lukke d\u00f8ren er skjult p\u00e5 siden af d\u00f8rbladet.","robots":{"index":"index","follow":"follow","max-snippet":"max-snippet:-1","max-image-preview":"max-image-preview:large","max-video-preview":"max-video-preview:-1"},"canonical":"https:\/\/dictator.se\/da\/produkter\/doerlukkere\/puffer-til-skydedoere\/","og_locale":"da_DK","og_type":"article","og_title":"Puffer til skyded\u00f8re - dictator.se","og_description":"Puffer til skyded\u00f8re er den optimale l\u00f8sning - hvis problemet er, at d\u00f8rh\u00e5ndtaget til at lukke d\u00f8ren er skjult p\u00e5 siden af d\u00f8rbladet.","og_url":"https:\/\/dictator.se\/da\/produkter\/doerlukkere\/puffer-til-skydedoere\/","og_site_name":"dictator.se","article_modified_time":"2024-05-23T08:47:21+00:00","og_image":[{"url":"https:\/\/dictator.se\/wp-content\/uploads\/2024\/04\/Puffer-skjutdorrar.jpg","type":"","width":"","height":""}],"twitter_card":"summary_large_image","twitter_misc":{"Estimeret l\u00e6setid":"2 minutter"},"schema":{"@context":"https:\/\/schema.org","@graph":[{"@type":"WebPage","@id":"https:\/\/dictator.se\/da\/produkter\/doerlukkere\/puffer-til-skydedoere\/","url":"https:\/\/dictator.se\/da\/produkter\/doerlukkere\/puffer-til-skydedoere\/","name":"Puffer til skyded\u00f8re - dictator.se","isPartOf":{"@id":"https:\/\/dictator.se\/#website"},"primaryImageOfPage":{"@id":"https:\/\/dictator.se\/da\/produkter\/doerlukkere\/puffer-til-skydedoere\/#primaryimage"},"image":{"@id":"https:\/\/dictator.se\/da\/produkter\/doerlukkere\/puffer-til-skydedoere\/#primaryimage"},"thumbnailUrl":"https:\/\/dictator.se\/wp-content\/uploads\/2024\/04\/Puffer-skjutdorrar.jpg","datePublished":"2024-04-10T13:41:59+00:00","dateModified":"2024-05-23T08:47:21+00:00","description":"Puffer til skyded\u00f8re er den optimale l\u00f8sning - hvis problemet er, at d\u00f8rh\u00e5ndtaget til at lukke d\u00f8ren er skjult p\u00e5 siden af d\u00f8rbladet.","breadcrumb":{"@id":"https:\/\/dictator.se\/da\/produkter\/doerlukkere\/puffer-til-skydedoere\/#breadcrumb"},"inLanguage":"da-DK","potentialAction":[{"@type":"ReadAction","target":["https:\/\/dictator.se\/da\/produkter\/doerlukkere\/puffer-til-skydedoere\/"]}]},{"@type":"ImageObject","inLanguage":"da-DK","@id":"https:\/\/dictator.se\/da\/produkter\/doerlukkere\/puffer-til-skydedoere\/#primaryimage","url":"https:\/\/dictator.se\/wp-content\/uploads\/2024\/04\/Puffer-skjutdorrar.jpg","contentUrl":"https:\/\/dictator.se\/wp-content\/uploads\/2024\/04\/Puffer-skjutdorrar.jpg"},{"@type":"BreadcrumbList","@id":"https:\/\/dictator.se\/da\/produkter\/doerlukkere\/puffer-til-skydedoere\/#breadcrumb","itemListElement":[{"@type":"ListItem","position":1,"name":"Home","item":"https:\/\/dictator.se\/da\/"},{"@type":"ListItem","position":2,"name":"Produkter","item":"https:\/\/dictator.se\/da\/produkter\/"},{"@type":"ListItem","position":3,"name":"D\u00f8rlukkere","item":"https:\/\/dictator.se\/da\/produkter\/doerlukkere\/"},{"@type":"ListItem","position":4,"name":"Puffer til skyded\u00f8re"}]},{"@type":"WebSite","@id":"https:\/\/dictator.se\/#website","url":"https:\/\/dictator.se\/","name":"dictator.se","description":"","publisher":{"@id":"https:\/\/dictator.se\/#organization"},"potentialAction":[{"@type":"SearchAction","target":{"@type":"EntryPoint","urlTemplate":"https:\/\/dictator.se\/?s={search_term_string}"},"query-input":{"@type":"PropertyValueSpecification","valueRequired":true,"valueName":"search_term_string"}}],"inLanguage":"da-DK"},{"@type":"Organization","@id":"https:\/\/dictator.se\/#organization","name":"dictator.se","url":"https:\/\/dictator.se\/","logo":{"@type":"ImageObject","inLanguage":"da-DK","@id":"https:\/\/dictator.se\/#\/schema\/logo\/image\/","url":"https:\/\/dictator.se\/wp-content\/uploads\/2023\/12\/DICTATOR_Logo1.svg","contentUrl":"https:\/\/dictator.se\/wp-content\/uploads\/2023\/12\/DICTATOR_Logo1.svg","width":377,"height":58,"caption":"dictator.se"},"image":{"@id":"https:\/\/dictator.se\/#\/schema\/logo\/image\/"}}]}},"featured_image_src":null,"featured_image_src_square":null,"uagb_featured_image_src":{"full":false,"thumbnail":false,"medium":false,"medium_large":false,"large":false,"1536x1536":false,"2048x2048":false,"sidebar-featured":false,"genesis-singular-images":false,"gb-block-post-grid-landscape":false,"gb-block-post-grid-square":false},"uagb_author_info":{"display_name":"Sanna","author_link":"https:\/\/dictator.se\/da\/author\/sanna\/"},"uagb_comment_info":0,"uagb_excerpt":null,"_links":{"self":[{"href":"https:\/\/dictator.se\/da\/wp-json\/wp\/v2\/pages\/4186","targetHints":{"allow":["GET"]}}],"collection":[{"href":"https:\/\/dictator.se\/da\/wp-json\/wp\/v2\/pages"}],"about":[{"href":"https:\/\/dictator.se\/da\/wp-json\/wp\/v2\/types\/page"}],"author":[{"embeddable":true,"href":"https:\/\/dictator.se\/da\/wp-json\/wp\/v2\/users\/6"}],"replies":[{"embeddable":true,"href":"https:\/\/dictator.se\/da\/wp-json\/wp\/v2\/comments?post=4186"}],"version-history":[{"count":4,"href":"https:\/\/dictator.se\/da\/wp-json\/wp\/v2\/pages\/4186\/revisions"}],"predecessor-version":[{"id":5154,"href":"https:\/\/dictator.se\/da\/wp-json\/wp\/v2\/pages\/4186\/revisions\/5154"}],"up":[{"embeddable":true,"href":"https:\/\/dictator.se\/da\/wp-json\/wp\/v2\/pages\/4168"}],"wp:attachment":[{"href":"https:\/\/dictator.se\/da\/wp-json\/wp\/v2\/media?parent=4186"}],"curies":[{"name":"wp","href":"https:\/\/api.w.org\/{rel}","templated":true}]}}