{"id":4188,"date":"2024-04-10T11:19:32","date_gmt":"2024-04-10T09:19:32","guid":{"rendered":"https:\/\/dictator.se\/?page_id=4188"},"modified":"2025-09-30T16:02:43","modified_gmt":"2025-09-30T14:02:43","slug":"skydedoer-lukker-dictamat-50","status":"publish","type":"page","link":"https:\/\/dictator.se\/da\/produkter\/doerlukkere\/skydedoer-lukker-dictamat-50\/","title":{"rendered":"Skyded\u00f8r lukker DICTAMAT 50"},"content":{"rendered":"\n<div class=\"wp-block-genesis-blocks-gb-columns gb-layout-columns-1 one-column\"><div class=\"gb-layout-column-wrap gb-block-layout-column-gap-2 gb-is-responsive-column\">\n<div class=\"wp-block-genesis-blocks-gb-column gb-block-layout-column\"><div class=\"gb-block-layout-column-inner\"><div class=\"yoast-breadcrumbs\"><span><span><a href=\"https:\/\/dictator.se\/da\/\">Home<\/a><\/span> \u00bb <span><a href=\"https:\/\/dictator.se\/da\/produkter\/\">Produkter<\/a><\/span> \u00bb <span><a href=\"https:\/\/dictator.se\/da\/produkter\/doerlukkere\/\">D\u00f8rlukkere<\/a><\/span> \u00bb <span class=\"breadcrumb_last\" aria-current=\"page\">Skyded\u00f8r lukker DICTAMAT 50<\/span><\/span><\/div>\n\n\n<h1 class=\"wp-block-heading\" style=\"padding-top:var(--wp--preset--spacing--40);font-size:40px;text-transform:uppercase\"><strong>Skyded\u00f8r lukker DICTAMAT 50<\/strong><\/h1>\n\n\n\n<p>Skyded\u00f8r lukker fra DICTATOR er en meget enkel og fleksibel l\u00f8sning med en mekanisk&nbsp; d\u00f8r lukker til skyded\u00f8re. Den er perfekt til at lukke sm\u00e5 og mellemstore skyded\u00f8re. DICTAMAT 50-serien drives af en fjederrulle og har indbygget LD 50-baseret radialt spj\u00e6ld, der g\u00f8r det nemt at justere lukkehastigheden. Der er modeller for normale indvendige d\u00f8re, d\u00f8re, der ofte anvendes, og d\u00f8re, der har en form for sikkerhedsudstyr installeret. Sammen danner de en l\u00f8sning, der lukker skyded\u00f8ren p\u00e5 en sikker, rolig og kontrolleret m\u00e5de.<\/p>\n\n\n\n<div class=\"wp-block-genesis-blocks-gb-columns gb-layout-columns-2 gb-2-col-wideleft\"><div class=\"gb-layout-column-wrap gb-block-layout-column-gap-2 gb-is-responsive-column\">\n<div class=\"wp-block-genesis-blocks-gb-column gb-block-layout-column\"><div class=\"gb-block-layout-column-inner\">\n<h2 class=\"wp-block-heading has-large-font-size\">Skyded\u00f8r lukker DICTAMAT 50\u00a0\u2013\u00a0Fordele<\/h2>\n\n\n\n<ul class=\"wp-block-list\">\n<li class=\"has-small-font-size\">justerbar lukkehastighed<\/li>\n\n\n\n<li class=\"has-small-font-size\">lukkestyrker fra 25 til 100 N<\/li>\n\n\n\n<li class=\"has-small-font-size\">egnet til afstande op til 4 m<\/li>\n\n\n\n<li class=\"has-small-font-size\">arbejde med fjederkraft<\/li>\n\n\n\n<li class=\"has-small-font-size\">egnet til de fleste jernbanesystemer p\u00e5 markedet<\/li>\n\n\n\n<li class=\"has-small-font-size\">brandd\u00f8re modeller er tilg\u00e6ngelige<\/li>\n<\/ul>\n<\/div><\/div>\n\n\n\n<div class=\"wp-block-genesis-blocks-gb-column gb-block-layout-column\"><div class=\"gb-block-layout-column-inner\">\n<figure class=\"wp-block-embed is-type-video is-provider-youtube wp-block-embed-youtube wp-embed-aspect-16-9 wp-has-aspect-ratio\"><div class=\"wp-block-embed__wrapper\">\n<iframe loading=\"lazy\" title=\"Sliding door closer DICTAMAT 50 | Mechanical door closer for sliding doors | DICTATOR\" width=\"500\" height=\"281\" src=\"https:\/\/www.youtube.com\/embed\/0bdNFQkZNA8?feature=oembed\" frameborder=\"0\" allow=\"accelerometer; autoplay; clipboard-write; encrypted-media; gyroscope; picture-in-picture; web-share\" referrerpolicy=\"strict-origin-when-cross-origin\" allowfullscreen><\/iframe>\n<\/div><\/figure>\n<\/div><\/div>\n<\/div><\/div>\n\n\n\n<h3 class=\"wp-block-heading has-large-font-size\">Forskellige modeller til<\/h3>\n\n\n\n<div class=\"wp-block-uagb-container uagb-layout-grid uagb-block-c42f61f0 alignfull uagb-is-root-container\"><div class=\"uagb-container-inner-blocks-wrap\">\n<div class=\"wp-block-uagb-container uagb-block-139e2923 default uagb-is-root-container\">\n<div class=\"wp-block-uagb-image aligncenter uagb-block-ac0e9b81 wp-block-uagb-image--layout-default wp-block-uagb-image--effect-static wp-block-uagb-image--align-center\"><figure class=\"wp-block-uagb-image__figure\"><a class=\"\" href=\"https:\/\/en.dictator.de\/products\/door-closing-solutions\/sliding-door-closers\/sliding-door-closer-dictamat50\/bk\/\" target=\"_blank\" rel=\"noreferrer noopener\"><img decoding=\"async\" srcset=\"https:\/\/dictator.se\/wp-content\/uploads\/2025\/03\/dictamat-50-BK.jpg ,https:\/\/dictator.se\/wp-content\/uploads\/2025\/03\/dictamat-50-BK.jpg 780w, https:\/\/dictator.se\/wp-content\/uploads\/2025\/03\/dictamat-50-BK.jpg 360w\" sizes=\"auto, (max-width: 480px) 150px\" src=\"https:\/\/dictator.se\/wp-content\/uploads\/2025\/03\/dictamat-50-BK.jpg\" alt=\"\" class=\"uag-image-6150\" width=\"200\" height=\"200\" title=\"dictamat 50 BK\" loading=\"lazy\" role=\"img\"\/><\/a><\/figure><\/div>\n\n\n\n<div class=\"wp-block-uagb-advanced-heading uagb-block-834cd21f\"><h4 class=\"uagb-heading-text\"><strong><strong><strong><strong>DICTAMAT 50 BK<\/strong><\/strong><\/strong><\/strong><\/h4><\/div>\n\n\n\n<p class=\"has-small-font-size\"><strong>D\u00f8re, der ofte anvendes, f.eks. DICTAMAT 50 BK-S<\/strong><\/p>\n\n\n\n<div class=\"wp-block-uagb-buttons uagb-buttons__outer-wrap uagb-btn__small-btn uagb-btn-tablet__default-btn uagb-btn-mobile__default-btn uagb-block-e0437532\"><div class=\"uagb-buttons__wrap uagb-buttons-layout-wrap \">\n<div class=\"wp-block-uagb-buttons-child uagb-buttons__outer-wrap uagb-block-dcf9bf10 wp-block-button\"><div class=\"uagb-button__wrapper\"><a class=\"uagb-buttons-repeater wp-block-button__link\" aria-label=\"\" href=\"https:\/\/en.dictator.de\/products\/door-closing-solutions\/sliding-door-closers\/sliding-door-closer-dictamat50\/bk\/\" rel=\"follow noopener\" target=\"_blank\" role=\"button\"><div class=\"uagb-button__link\">L\u00e6s mere her<\/div><span class=\"uagb-button__icon uagb-button__icon-position-after\"><svg xmlns=\"https:\/\/www.w3.org\/2000\/svg\" viewBox=\"0 0 448 512\" aria-hidden=\"true\" focussable=\"false\"><path d=\"M256 64C256 46.33 270.3 32 288 32H415.1C415.1 32 415.1 32 415.1 32C420.3 32 424.5 32.86 428.2 34.43C431.1 35.98 435.5 38.27 438.6 41.3C438.6 41.35 438.6 41.4 438.7 41.44C444.9 47.66 447.1 55.78 448 63.9C448 63.94 448 63.97 448 64V192C448 209.7 433.7 224 416 224C398.3 224 384 209.7 384 192V141.3L214.6 310.6C202.1 323.1 181.9 323.1 169.4 310.6C156.9 298.1 156.9 277.9 169.4 265.4L338.7 96H288C270.3 96 256 81.67 256 64V64zM0 128C0 92.65 28.65 64 64 64H160C177.7 64 192 78.33 192 96C192 113.7 177.7 128 160 128H64V416H352V320C352 302.3 366.3 288 384 288C401.7 288 416 302.3 416 320V416C416 451.3 387.3 480 352 480H64C28.65 480 0 451.3 0 416V128z\"><\/path><\/svg><\/span><\/a><\/div><\/div>\n<\/div><\/div>\n<\/div>\n\n\n\n<div class=\"wp-block-uagb-container uagb-block-f508e74d default uagb-is-root-container\">\n<div class=\"wp-block-uagb-image aligncenter uagb-block-84be7e69 wp-block-uagb-image--layout-default wp-block-uagb-image--effect-static wp-block-uagb-image--align-center\"><figure class=\"wp-block-uagb-image__figure\"><a class=\"\" href=\"https:\/\/en.dictator.de\/products\/door-closing-solutions\/sliding-door-closers\/sliding-door-closer-dictamat50\/kp-kw\/\" target=\"_blank\" rel=\"noreferrer noopener\"><img decoding=\"async\" srcset=\"https:\/\/dictator.se\/wp-content\/uploads\/2024\/04\/Dorrstangare-DICTAMAT-50-KP.jpg ,https:\/\/dictator.se\/wp-content\/uploads\/2024\/04\/Dorrstangare-DICTAMAT-50-KP.jpg 780w, https:\/\/dictator.se\/wp-content\/uploads\/2024\/04\/Dorrstangare-DICTAMAT-50-KP.jpg 360w\" sizes=\"auto, (max-width: 480px) 150px\" src=\"https:\/\/dictator.se\/wp-content\/uploads\/2024\/04\/Dorrstangare-DICTAMAT-50-KP.jpg\" alt=\"\" class=\"uag-image-3462\" width=\"200\" height=\"200\" title=\"Dorrstangare-DICTAMAT-50-KP\" loading=\"lazy\" role=\"img\"\/><\/a><\/figure><\/div>\n\n\n\n<div class=\"wp-block-uagb-advanced-heading uagb-block-0a89bec5\"><h4 class=\"uagb-heading-text\"><strong><strong>DICTAMAT 50 KP\/KW<\/strong><\/strong><\/h4><\/div>\n\n\n\n<p><strong>Normala innerd\u00f6rrar<\/strong><\/p>\n\n\n\n<ul class=\"wp-block-list\">\n<li class=\"has-small-font-size\"><strong>KP:<\/strong>&nbsp;&nbsp;med beslag til montering under skinnen<\/li>\n\n\n\n<li class=\"has-small-font-size\"><strong>KW:<\/strong>&nbsp;med beslag til montering over skinne<\/li>\n<\/ul>\n\n\n\n<div class=\"wp-block-uagb-buttons uagb-buttons__outer-wrap uagb-btn__small-btn uagb-btn-tablet__default-btn uagb-btn-mobile__default-btn uagb-block-27e658b2\"><div class=\"uagb-buttons__wrap uagb-buttons-layout-wrap \">\n<div class=\"wp-block-uagb-buttons-child uagb-buttons__outer-wrap uagb-block-c07e3c0f wp-block-button\"><div class=\"uagb-button__wrapper\"><a class=\"uagb-buttons-repeater wp-block-button__link\" aria-label=\"\" href=\"https:\/\/en.dictator.de\/products\/door-closing-solutions\/sliding-door-closers\/sliding-door-closer-dictamat50\/kp-kw\/\" rel=\"follow noopener\" target=\"_blank\" role=\"button\"><div class=\"uagb-button__link\">L\u00e6s mere her<\/div><span class=\"uagb-button__icon uagb-button__icon-position-after\"><svg xmlns=\"https:\/\/www.w3.org\/2000\/svg\" viewBox=\"0 0 448 512\" aria-hidden=\"true\" focussable=\"false\"><path d=\"M256 64C256 46.33 270.3 32 288 32H415.1C415.1 32 415.1 32 415.1 32C420.3 32 424.5 32.86 428.2 34.43C431.1 35.98 435.5 38.27 438.6 41.3C438.6 41.35 438.6 41.4 438.7 41.44C444.9 47.66 447.1 55.78 448 63.9C448 63.94 448 63.97 448 64V192C448 209.7 433.7 224 416 224C398.3 224 384 209.7 384 192V141.3L214.6 310.6C202.1 323.1 181.9 323.1 169.4 310.6C156.9 298.1 156.9 277.9 169.4 265.4L338.7 96H288C270.3 96 256 81.67 256 64V64zM0 128C0 92.65 28.65 64 64 64H160C177.7 64 192 78.33 192 96C192 113.7 177.7 128 160 128H64V416H352V320C352 302.3 366.3 288 384 288C401.7 288 416 302.3 416 320V416C416 451.3 387.3 480 352 480H64C28.65 480 0 451.3 0 416V128z\"><\/path><\/svg><\/span><\/a><\/div><\/div>\n<\/div><\/div>\n<\/div>\n\n\n\n<div class=\"wp-block-uagb-container uagb-block-9d2a41ec\"><\/div>\n\n\n\n<div class=\"wp-block-genesis-blocks-gb-columns gb-layout-columns-1 one-column\"><div class=\"gb-layout-column-wrap gb-block-layout-column-gap-2 gb-is-responsive-column\">\n<div class=\"wp-block-genesis-blocks-gb-column gb-block-layout-column\"><div class=\"gb-block-layout-column-inner\">\n<div class=\"wp-block-uagb-image uagb-block-40d5d0df wp-block-uagb-image--layout-default wp-block-uagb-image--effect-static wp-block-uagb-image--align-none\"><figure class=\"wp-block-uagb-image__figure\"><img decoding=\"async\" srcset=\"https:\/\/dictator.se\/wp-content\/uploads\/2024\/04\/Broschyr-DICTAMAT-50-150x150.jpg ,https:\/\/dictator.se\/wp-content\/uploads\/2024\/04\/Broschyr-DICTAMAT-50.jpg 780w, https:\/\/dictator.se\/wp-content\/uploads\/2024\/04\/Broschyr-DICTAMAT-50.jpg 360w\" sizes=\"auto, (max-width: 480px) 150px\" src=\"https:\/\/dictator.se\/wp-content\/uploads\/2024\/04\/Broschyr-DICTAMAT-50-150x150.jpg\" alt=\"\" class=\"uag-image-3475\" width=\"150\" height=\"150\" title=\"Broschyr-DICTAMAT-50\" loading=\"lazy\" role=\"img\"\/><\/figure><\/div>\n\n\n\n<p class=\"has-text-align-center has-small-font-size\"><a href=\"https:\/\/www.dictator.de\/wp-content\/uploads\/Sliding-door-closer-DICTAMAT-50.pdf\" target=\"_blank\" rel=\"noreferrer noopener\"><\/a><a href=\"https:\/\/www.dictator.de\/wp-content\/uploads\/Sliding-door-closer-DICTAMAT-50.pdf\" target=\"_blank\" rel=\"noreferrer noopener\">L\u00e6s v\u00e5res Brochure DICTAMAT 50<\/a><\/p>\n\n\n\n<div class=\"wp-block-uagb-image uagb-block-17ce24cf wp-block-uagb-image--layout-default wp-block-uagb-image--effect-static wp-block-uagb-image--align-none\"><figure class=\"wp-block-uagb-image__figure\"><img decoding=\"async\" srcset=\"https:\/\/dictator.se\/wp-content\/uploads\/2024\/04\/Katalog-Sliding-Door-Closer-150x150.jpg ,https:\/\/dictator.se\/wp-content\/uploads\/2024\/04\/Katalog-Sliding-Door-Closer.jpg 780w, https:\/\/dictator.se\/wp-content\/uploads\/2024\/04\/Katalog-Sliding-Door-Closer.jpg 360w\" sizes=\"auto, (max-width: 480px) 150px\" src=\"https:\/\/dictator.se\/wp-content\/uploads\/2024\/04\/Katalog-Sliding-Door-Closer-150x150.jpg\" alt=\"\" class=\"uag-image-3478\" width=\"150\" height=\"150\" title=\"Katalog-Sliding-Door-Closer\" loading=\"lazy\" role=\"img\"\/><\/figure><\/div>\n\n\n\n<p class=\"has-text-align-center has-small-font-size\"><a href=\"https:\/\/www.dictator.de\/wp-content\/uploads\/Sliding-door-closer-DICTAMAT-50.pdf\" target=\"_blank\" rel=\"noreferrer noopener\"><\/a><a href=\"https:\/\/en.dictator.de\/wp-content\/uploads\/0203-Sliding-door-closers.pdf\" target=\"_blank\" rel=\"noreferrer noopener\"><\/a><a href=\"https:\/\/en.dictator.de\/wp-content\/uploads\/0203-Sliding-door-closers.pdf\" target=\"_blank\" rel=\"noreferrer noopener\">L\u00e6s v\u00e5res Katalog Sliding Door Closer<\/a><\/p>\n<\/div><\/div>\n<\/div><\/div>\n<\/div><\/div>\n\n\n\n<div class=\"wp-block-genesis-blocks-gb-columns gb-layout-columns-1 one-column\" style=\"margin-top:2%\"><div class=\"gb-layout-column-wrap gb-block-layout-column-gap-2 gb-is-responsive-column\">\n<div class=\"wp-block-genesis-blocks-gb-column gb-block-layout-column\"><div class=\"gb-block-layout-column-inner has-ci-quaternary-background-color\" style=\"padding-top:50px;padding-right:100px;padding-bottom:50px;padding-left:100px\">\n<div class=\"wp-block-genesis-blocks-gb-columns gb-layout-columns-2 gb-2-col-wideleft\"><div class=\"gb-layout-column-wrap gb-block-layout-column-gap-2 gb-is-responsive-column\">\n<div class=\"wp-block-genesis-blocks-gb-column gb-block-layout-column\"><div class=\"gb-block-layout-column-inner\">\n<h2 class=\"wp-block-heading has-large-font-size\"><strong><strong>GRATIS SERVICE OG R\u00c5DGIVNING<\/strong><\/strong><\/h2>\n\n\n\n<p class=\"has-medium-font-size\">Kontakt os og vi hj\u00e6lper dig med hvilken model der passer dig bedst!<\/p>\n\n\n\n<div class=\"wp-block-uagb-buttons uagb-buttons__outer-wrap uagb-btn__default-btn uagb-btn-tablet__default-btn uagb-btn-mobile__default-btn uagb-block-39eb0c0e\"><div class=\"uagb-buttons__wrap uagb-buttons-layout-wrap \">\n<div class=\"wp-block-uagb-buttons-child uagb-buttons__outer-wrap uagb-block-d206b251 wp-block-button\"><div class=\"uagb-button__wrapper\"><a class=\"uagb-buttons-repeater wp-block-button__link\" aria-label=\"\" href=\"https:\/\/dictator.se\/da\/kontakt-os\/\" rel=\"follow noopener\" target=\"_self\" role=\"button\"><div class=\"uagb-button__link\">Kontakt os her<\/div><span class=\"uagb-button__icon uagb-button__icon-position-after\"><svg xmlns=\"https:\/\/www.w3.org\/2000\/svg\" viewBox=\"0 0 448 512\" aria-hidden=\"true\" focussable=\"false\"><path d=\"M438.6 278.6l-160 160C272.4 444.9 264.2 448 256 448s-16.38-3.125-22.62-9.375c-12.5-12.5-12.5-32.75 0-45.25L338.8 288H32C14.33 288 .0016 273.7 .0016 256S14.33 224 32 224h306.8l-105.4-105.4c-12.5-12.5-12.5-32.75 0-45.25s32.75-12.5 45.25 0l160 160C451.1 245.9 451.1 266.1 438.6 278.6z\"><\/path><\/svg><\/span><\/a><\/div><\/div>\n<\/div><\/div>\n<\/div><\/div>\n\n\n\n<div class=\"wp-block-genesis-blocks-gb-column gb-block-layout-column\"><div class=\"gb-block-layout-column-inner\">\n<div class=\"wp-block-uagb-image aligncenter uagb-block-d296d348 wp-block-uagb-image--layout-default wp-block-uagb-image--effect-static wp-block-uagb-image--align-center\"><figure class=\"wp-block-uagb-image__figure\"><img decoding=\"async\" srcset=\"https:\/\/dictator.se\/wp-content\/uploads\/2023\/12\/icon-service-150x150.png ,https:\/\/dictator.se\/wp-content\/uploads\/2023\/12\/icon-service.png 780w, https:\/\/dictator.se\/wp-content\/uploads\/2023\/12\/icon-service.png 360w\" sizes=\"auto, (max-width: 480px) 150px\" src=\"https:\/\/dictator.se\/wp-content\/uploads\/2023\/12\/icon-service-150x150.png\" alt=\"\" class=\"uag-image-203\" width=\"150\" height=\"150\" title=\"\" loading=\"lazy\" role=\"img\"\/><\/figure><\/div>\n<\/div><\/div>\n<\/div><\/div>\n<\/div><\/div>\n<\/div><\/div>\n<\/div><\/div>\n<\/div><\/div>\n","protected":false},"excerpt":{"rendered":"","protected":false},"author":6,"featured_media":0,"parent":4168,"menu_order":0,"comment_status":"closed","ping_status":"closed","template":"","meta":{"_acf_changed":false,"_uag_custom_page_level_css":"","_genesis_hide_title":true,"_genesis_hide_breadcrumbs":false,"_genesis_hide_singular_image":false,"_genesis_hide_footer_widgets":false,"_genesis_custom_body_class":"","_genesis_custom_post_class":"","_genesis_layout":"","footnotes":""},"class_list":{"0":"post-4188","1":"page","2":"type-page","3":"status-publish","5":"entry"},"acf":[],"yoast_head":"<!-- This site is optimized with the Yoast SEO plugin v27.3 - https:\/\/yoast.com\/product\/yoast-seo-wordpress\/ -->\n<title>Skyded\u00f8r lukker DICTAMAT 50 - dictator.se<\/title>\n<meta name=\"description\" content=\"Skyded\u00f8r lukker DICTAMAT 50 fra DICTATOR er en meget enkel og fleksibel l\u00f8sning med en mekanisk d\u00f8r lukker til skyded\u00f8re.\" \/>\n<meta name=\"robots\" content=\"index, follow, max-snippet:-1, max-image-preview:large, max-video-preview:-1\" \/>\n<link rel=\"canonical\" href=\"https:\/\/dictator.se\/da\/produkter\/doerlukkere\/skydedoer-lukker-dictamat-50\/\" \/>\n<meta property=\"og:locale\" content=\"da_DK\" \/>\n<meta property=\"og:type\" content=\"article\" \/>\n<meta property=\"og:title\" content=\"Skyded\u00f8r lukker DICTAMAT 50 - dictator.se\" \/>\n<meta property=\"og:description\" content=\"Skyded\u00f8r lukker DICTAMAT 50 fra DICTATOR er en meget enkel og fleksibel l\u00f8sning med en mekanisk d\u00f8r lukker til skyded\u00f8re.\" \/>\n<meta property=\"og:url\" content=\"https:\/\/dictator.se\/da\/produkter\/doerlukkere\/skydedoer-lukker-dictamat-50\/\" \/>\n<meta property=\"og:site_name\" content=\"dictator.se\" \/>\n<meta property=\"article:modified_time\" content=\"2025-09-30T14:02:43+00:00\" \/>\n<meta property=\"og:image\" content=\"https:\/\/dictator.se\/wp-content\/uploads\/2025\/03\/dictamat-50-BK.jpg\" \/>\n<meta name=\"twitter:card\" content=\"summary_large_image\" \/>\n<meta name=\"twitter:label1\" content=\"Estimeret l\u00e6setid\" \/>\n\t<meta name=\"twitter:data1\" content=\"2 minutter\" \/>\n<script type=\"application\/ld+json\" class=\"yoast-schema-graph\">{\"@context\":\"https:\\\/\\\/schema.org\",\"@graph\":[{\"@type\":\"WebPage\",\"@id\":\"https:\\\/\\\/dictator.se\\\/da\\\/produkter\\\/doerlukkere\\\/skydedoer-lukker-dictamat-50\\\/\",\"url\":\"https:\\\/\\\/dictator.se\\\/da\\\/produkter\\\/doerlukkere\\\/skydedoer-lukker-dictamat-50\\\/\",\"name\":\"Skyded\u00f8r lukker DICTAMAT 50 - dictator.se\",\"isPartOf\":{\"@id\":\"https:\\\/\\\/dictator.se\\\/#website\"},\"primaryImageOfPage\":{\"@id\":\"https:\\\/\\\/dictator.se\\\/da\\\/produkter\\\/doerlukkere\\\/skydedoer-lukker-dictamat-50\\\/#primaryimage\"},\"image\":{\"@id\":\"https:\\\/\\\/dictator.se\\\/da\\\/produkter\\\/doerlukkere\\\/skydedoer-lukker-dictamat-50\\\/#primaryimage\"},\"thumbnailUrl\":\"https:\\\/\\\/dictator.se\\\/wp-content\\\/uploads\\\/2025\\\/03\\\/dictamat-50-BK.jpg\",\"datePublished\":\"2024-04-10T09:19:32+00:00\",\"dateModified\":\"2025-09-30T14:02:43+00:00\",\"description\":\"Skyded\u00f8r lukker DICTAMAT 50 fra DICTATOR er en meget enkel og fleksibel l\u00f8sning med en mekanisk d\u00f8r lukker til skyded\u00f8re.\",\"breadcrumb\":{\"@id\":\"https:\\\/\\\/dictator.se\\\/da\\\/produkter\\\/doerlukkere\\\/skydedoer-lukker-dictamat-50\\\/#breadcrumb\"},\"inLanguage\":\"da-DK\",\"potentialAction\":[{\"@type\":\"ReadAction\",\"target\":[\"https:\\\/\\\/dictator.se\\\/da\\\/produkter\\\/doerlukkere\\\/skydedoer-lukker-dictamat-50\\\/\"]}]},{\"@type\":\"ImageObject\",\"inLanguage\":\"da-DK\",\"@id\":\"https:\\\/\\\/dictator.se\\\/da\\\/produkter\\\/doerlukkere\\\/skydedoer-lukker-dictamat-50\\\/#primaryimage\",\"url\":\"https:\\\/\\\/dictator.se\\\/wp-content\\\/uploads\\\/2025\\\/03\\\/dictamat-50-BK.jpg\",\"contentUrl\":\"https:\\\/\\\/dictator.se\\\/wp-content\\\/uploads\\\/2025\\\/03\\\/dictamat-50-BK.jpg\"},{\"@type\":\"BreadcrumbList\",\"@id\":\"https:\\\/\\\/dictator.se\\\/da\\\/produkter\\\/doerlukkere\\\/skydedoer-lukker-dictamat-50\\\/#breadcrumb\",\"itemListElement\":[{\"@type\":\"ListItem\",\"position\":1,\"name\":\"Home\",\"item\":\"https:\\\/\\\/dictator.se\\\/da\\\/\"},{\"@type\":\"ListItem\",\"position\":2,\"name\":\"Produkter\",\"item\":\"https:\\\/\\\/dictator.se\\\/da\\\/produkter\\\/\"},{\"@type\":\"ListItem\",\"position\":3,\"name\":\"D\u00f8rlukkere\",\"item\":\"https:\\\/\\\/dictator.se\\\/da\\\/produkter\\\/doerlukkere\\\/\"},{\"@type\":\"ListItem\",\"position\":4,\"name\":\"Skyded\u00f8r lukker DICTAMAT 50\"}]},{\"@type\":\"WebSite\",\"@id\":\"https:\\\/\\\/dictator.se\\\/#website\",\"url\":\"https:\\\/\\\/dictator.se\\\/\",\"name\":\"dictator.se\",\"description\":\"\",\"publisher\":{\"@id\":\"https:\\\/\\\/dictator.se\\\/#organization\"},\"potentialAction\":[{\"@type\":\"SearchAction\",\"target\":{\"@type\":\"EntryPoint\",\"urlTemplate\":\"https:\\\/\\\/dictator.se\\\/?s={search_term_string}\"},\"query-input\":{\"@type\":\"PropertyValueSpecification\",\"valueRequired\":true,\"valueName\":\"search_term_string\"}}],\"inLanguage\":\"da-DK\"},{\"@type\":\"Organization\",\"@id\":\"https:\\\/\\\/dictator.se\\\/#organization\",\"name\":\"dictator.se\",\"url\":\"https:\\\/\\\/dictator.se\\\/\",\"logo\":{\"@type\":\"ImageObject\",\"inLanguage\":\"da-DK\",\"@id\":\"https:\\\/\\\/dictator.se\\\/#\\\/schema\\\/logo\\\/image\\\/\",\"url\":\"https:\\\/\\\/dictator.se\\\/wp-content\\\/uploads\\\/2023\\\/12\\\/DICTATOR_Logo1.svg\",\"contentUrl\":\"https:\\\/\\\/dictator.se\\\/wp-content\\\/uploads\\\/2023\\\/12\\\/DICTATOR_Logo1.svg\",\"width\":377,\"height\":58,\"caption\":\"dictator.se\"},\"image\":{\"@id\":\"https:\\\/\\\/dictator.se\\\/#\\\/schema\\\/logo\\\/image\\\/\"}}]}<\/script>\n<!-- \/ Yoast SEO plugin. -->","yoast_head_json":{"title":"Skyded\u00f8r lukker DICTAMAT 50 - dictator.se","description":"Skyded\u00f8r lukker DICTAMAT 50 fra DICTATOR er en meget enkel og fleksibel l\u00f8sning med en mekanisk d\u00f8r lukker til skyded\u00f8re.","robots":{"index":"index","follow":"follow","max-snippet":"max-snippet:-1","max-image-preview":"max-image-preview:large","max-video-preview":"max-video-preview:-1"},"canonical":"https:\/\/dictator.se\/da\/produkter\/doerlukkere\/skydedoer-lukker-dictamat-50\/","og_locale":"da_DK","og_type":"article","og_title":"Skyded\u00f8r lukker DICTAMAT 50 - dictator.se","og_description":"Skyded\u00f8r lukker DICTAMAT 50 fra DICTATOR er en meget enkel og fleksibel l\u00f8sning med en mekanisk d\u00f8r lukker til skyded\u00f8re.","og_url":"https:\/\/dictator.se\/da\/produkter\/doerlukkere\/skydedoer-lukker-dictamat-50\/","og_site_name":"dictator.se","article_modified_time":"2025-09-30T14:02:43+00:00","og_image":[{"url":"https:\/\/dictator.se\/wp-content\/uploads\/2025\/03\/dictamat-50-BK.jpg","type":"","width":"","height":""}],"twitter_card":"summary_large_image","twitter_misc":{"Estimeret l\u00e6setid":"2 minutter"},"schema":{"@context":"https:\/\/schema.org","@graph":[{"@type":"WebPage","@id":"https:\/\/dictator.se\/da\/produkter\/doerlukkere\/skydedoer-lukker-dictamat-50\/","url":"https:\/\/dictator.se\/da\/produkter\/doerlukkere\/skydedoer-lukker-dictamat-50\/","name":"Skyded\u00f8r lukker DICTAMAT 50 - dictator.se","isPartOf":{"@id":"https:\/\/dictator.se\/#website"},"primaryImageOfPage":{"@id":"https:\/\/dictator.se\/da\/produkter\/doerlukkere\/skydedoer-lukker-dictamat-50\/#primaryimage"},"image":{"@id":"https:\/\/dictator.se\/da\/produkter\/doerlukkere\/skydedoer-lukker-dictamat-50\/#primaryimage"},"thumbnailUrl":"https:\/\/dictator.se\/wp-content\/uploads\/2025\/03\/dictamat-50-BK.jpg","datePublished":"2024-04-10T09:19:32+00:00","dateModified":"2025-09-30T14:02:43+00:00","description":"Skyded\u00f8r lukker DICTAMAT 50 fra DICTATOR er en meget enkel og fleksibel l\u00f8sning med en mekanisk d\u00f8r lukker til skyded\u00f8re.","breadcrumb":{"@id":"https:\/\/dictator.se\/da\/produkter\/doerlukkere\/skydedoer-lukker-dictamat-50\/#breadcrumb"},"inLanguage":"da-DK","potentialAction":[{"@type":"ReadAction","target":["https:\/\/dictator.se\/da\/produkter\/doerlukkere\/skydedoer-lukker-dictamat-50\/"]}]},{"@type":"ImageObject","inLanguage":"da-DK","@id":"https:\/\/dictator.se\/da\/produkter\/doerlukkere\/skydedoer-lukker-dictamat-50\/#primaryimage","url":"https:\/\/dictator.se\/wp-content\/uploads\/2025\/03\/dictamat-50-BK.jpg","contentUrl":"https:\/\/dictator.se\/wp-content\/uploads\/2025\/03\/dictamat-50-BK.jpg"},{"@type":"BreadcrumbList","@id":"https:\/\/dictator.se\/da\/produkter\/doerlukkere\/skydedoer-lukker-dictamat-50\/#breadcrumb","itemListElement":[{"@type":"ListItem","position":1,"name":"Home","item":"https:\/\/dictator.se\/da\/"},{"@type":"ListItem","position":2,"name":"Produkter","item":"https:\/\/dictator.se\/da\/produkter\/"},{"@type":"ListItem","position":3,"name":"D\u00f8rlukkere","item":"https:\/\/dictator.se\/da\/produkter\/doerlukkere\/"},{"@type":"ListItem","position":4,"name":"Skyded\u00f8r lukker DICTAMAT 50"}]},{"@type":"WebSite","@id":"https:\/\/dictator.se\/#website","url":"https:\/\/dictator.se\/","name":"dictator.se","description":"","publisher":{"@id":"https:\/\/dictator.se\/#organization"},"potentialAction":[{"@type":"SearchAction","target":{"@type":"EntryPoint","urlTemplate":"https:\/\/dictator.se\/?s={search_term_string}"},"query-input":{"@type":"PropertyValueSpecification","valueRequired":true,"valueName":"search_term_string"}}],"inLanguage":"da-DK"},{"@type":"Organization","@id":"https:\/\/dictator.se\/#organization","name":"dictator.se","url":"https:\/\/dictator.se\/","logo":{"@type":"ImageObject","inLanguage":"da-DK","@id":"https:\/\/dictator.se\/#\/schema\/logo\/image\/","url":"https:\/\/dictator.se\/wp-content\/uploads\/2023\/12\/DICTATOR_Logo1.svg","contentUrl":"https:\/\/dictator.se\/wp-content\/uploads\/2023\/12\/DICTATOR_Logo1.svg","width":377,"height":58,"caption":"dictator.se"},"image":{"@id":"https:\/\/dictator.se\/#\/schema\/logo\/image\/"}}]}},"featured_image_src":null,"featured_image_src_square":null,"uagb_featured_image_src":{"full":false,"thumbnail":false,"medium":false,"medium_large":false,"large":false,"1536x1536":false,"2048x2048":false,"sidebar-featured":false,"genesis-singular-images":false,"gb-block-post-grid-landscape":false,"gb-block-post-grid-square":false},"uagb_author_info":{"display_name":"Sanna","author_link":"https:\/\/dictator.se\/da\/author\/sanna\/"},"uagb_comment_info":0,"uagb_excerpt":null,"_links":{"self":[{"href":"https:\/\/dictator.se\/da\/wp-json\/wp\/v2\/pages\/4188","targetHints":{"allow":["GET"]}}],"collection":[{"href":"https:\/\/dictator.se\/da\/wp-json\/wp\/v2\/pages"}],"about":[{"href":"https:\/\/dictator.se\/da\/wp-json\/wp\/v2\/types\/page"}],"author":[{"embeddable":true,"href":"https:\/\/dictator.se\/da\/wp-json\/wp\/v2\/users\/6"}],"replies":[{"embeddable":true,"href":"https:\/\/dictator.se\/da\/wp-json\/wp\/v2\/comments?post=4188"}],"version-history":[{"count":8,"href":"https:\/\/dictator.se\/da\/wp-json\/wp\/v2\/pages\/4188\/revisions"}],"predecessor-version":[{"id":7379,"href":"https:\/\/dictator.se\/da\/wp-json\/wp\/v2\/pages\/4188\/revisions\/7379"}],"up":[{"embeddable":true,"href":"https:\/\/dictator.se\/da\/wp-json\/wp\/v2\/pages\/4168"}],"wp:attachment":[{"href":"https:\/\/dictator.se\/da\/wp-json\/wp\/v2\/media?parent=4188"}],"curies":[{"name":"wp","href":"https:\/\/api.w.org\/{rel}","templated":true}]}}