{"id":4196,"date":"2024-04-08T13:08:14","date_gmt":"2024-04-08T11:08:14","guid":{"rendered":"https:\/\/dictator.se\/?page_id=4196"},"modified":"2025-08-26T11:01:22","modified_gmt":"2025-08-26T09:01:22","slug":"dictators-lager-gasfjedre","status":"publish","type":"page","link":"https:\/\/dictator.se\/da\/produkter\/gasfjedre-til-alle-behov\/dictators-lager-gasfjedre\/","title":{"rendered":"DICTATOR&#8217;s Lager-gasfjedre"},"content":{"rendered":"\n<div class=\"wp-block-genesis-blocks-gb-columns gb-layout-columns-1 one-column\"><div class=\"gb-layout-column-wrap gb-block-layout-column-gap-2 gb-is-responsive-column\">\n<div class=\"wp-block-genesis-blocks-gb-column gb-block-layout-column\"><div class=\"gb-block-layout-column-inner\">\n<div class=\"wp-block-genesis-blocks-gb-columns gb-layout-columns-2 gb-2-col-wideleft\"><div class=\"gb-layout-column-wrap gb-block-layout-column-gap-2 gb-is-responsive-column\">\n<div class=\"wp-block-genesis-blocks-gb-column gb-block-layout-column\"><div class=\"gb-block-layout-column-inner\"><div class=\"yoast-breadcrumbs\"><span><span><a href=\"https:\/\/dictator.se\/da\/\">Home<\/a><\/span> \u00bb <span><a href=\"https:\/\/dictator.se\/da\/produkter\/\">Produkter<\/a><\/span> \u00bb <span><a href=\"https:\/\/dictator.se\/da\/produkter\/gasfjedre-til-alle-behov\/\">Gasfjedre til alle behov<\/a><\/span> \u00bb <span class=\"breadcrumb_last\" aria-current=\"page\">DICTATOR&#8217;s Lager-gasfjedre<\/span><\/span><\/div>\n\n\n<h1 class=\"wp-block-heading\" style=\"padding-top:var(--wp--preset--spacing--40);font-size:40px;text-transform:uppercase\"><strong>DICTATOR&#8217;s Lager-gasfjedre<\/strong><\/h1>\n\n\n\n<p class=\"has-small-font-size\"><strong>DICTATOR&#8217;s lager-gasfjedre<\/strong> er tilg\u00e6ngelige for de fleste behov. Normalt fremstilles hver gasfjeder efter kundens \u00f8nsker, og der er ingen egentlig standard for slagtilf\u00e6lde og kraft. Nogle gange haster det, og for at g\u00f8re det lettere for kunden har vi et begr\u00e6nset udvalg af kv\u00e6lende gasfjedre p\u00e5 lager, som vi normalt kan levere straks fra vores fabrik i Berlin.<\/p>\n\n\n\n<p class=\"has-small-font-size\">Det er et begr\u00e6nset udvalg af de mest almindelige faste str\u00f8g. Gasfjedrene er udstyret med en udluftningsventil, der g\u00f8r det muligt at gen-opfylde eller tapre s\u00e5 meget gas, som kunden har brug for, eller som er teknisk teknisk muligt for hver st\u00f8rrelse.<\/p>\n\n\n\n<p class=\"has-small-font-size\">Der er ogs\u00e5 et begr\u00e6nset udvalg af rustfrit st\u00e5l gasfjedre p\u00e5 lager, at vi kan levere disse p\u00e5 en lignende m\u00e5de. Der kan v\u00e6lges forskellige typer ende-positionsbeslag og monteringsbeslag. Hvis du har travlt, kan vi arrangere ekspreslevering natten over for et bestemt till\u00e6g.<\/p>\n\n\n\n<p class=\"has-small-font-size\"><strong><em><strong>Har du travlt, kan vi tilbyde hurtig levering med overnat service!<\/strong><\/em><\/strong><\/p>\n<\/div><\/div>\n\n\n\n<div class=\"wp-block-genesis-blocks-gb-column gb-block-layout-column\"><div class=\"gb-block-layout-column-inner\">\n<div class=\"wp-block-uagb-image aligncenter uagb-block-13976dfd wp-block-uagb-image--layout-default wp-block-uagb-image--effect-static wp-block-uagb-image--align-center\"><figure class=\"wp-block-uagb-image__figure\"><img decoding=\"async\" srcset=\"https:\/\/dictator.se\/wp-content\/uploads\/2024\/04\/Packning.jpg ,https:\/\/dictator.se\/wp-content\/uploads\/2024\/04\/Packning.jpg 780w, https:\/\/dictator.se\/wp-content\/uploads\/2024\/04\/Packning.jpg 360w\" sizes=\"auto, (max-width: 480px) 150px\" src=\"https:\/\/dictator.se\/wp-content\/uploads\/2024\/04\/Packning.jpg\" alt=\"\" class=\"uag-image-3174\" width=\"322\" height=\"226\" title=\"\" loading=\"lazy\" role=\"img\"\/><\/figure><\/div>\n<\/div><\/div>\n<\/div><\/div>\n<\/div><\/div>\n<\/div><\/div>\n","protected":false},"excerpt":{"rendered":"","protected":false},"author":6,"featured_media":0,"parent":4194,"menu_order":0,"comment_status":"closed","ping_status":"closed","template":"","meta":{"_acf_changed":false,"_uag_custom_page_level_css":"","_genesis_hide_title":true,"_genesis_hide_breadcrumbs":false,"_genesis_hide_singular_image":false,"_genesis_hide_footer_widgets":false,"_genesis_custom_body_class":"","_genesis_custom_post_class":"","_genesis_layout":"","footnotes":""},"class_list":{"0":"post-4196","1":"page","2":"type-page","3":"status-publish","5":"entry"},"acf":[],"yoast_head":"<!-- This site is optimized with the Yoast SEO plugin v27.4 - https:\/\/yoast.com\/product\/yoast-seo-wordpress\/ -->\n<title>DICTATOR&#039;s Lager-gasfjedre - dictator.se<\/title>\n<meta name=\"description\" content=\"Gasfjedrene er udstyret med en udluftningsventil, der g\u00f8r det muligt at gen-opfylde eller tapre s\u00e5 meget gas, som kunden har brug for.\" \/>\n<meta name=\"robots\" content=\"index, follow, max-snippet:-1, max-image-preview:large, max-video-preview:-1\" \/>\n<link rel=\"canonical\" href=\"https:\/\/dictator.se\/da\/produkter\/gasfjedre-til-alle-behov\/dictators-lager-gasfjedre\/\" \/>\n<meta property=\"og:locale\" content=\"da_DK\" \/>\n<meta property=\"og:type\" content=\"article\" \/>\n<meta property=\"og:title\" content=\"DICTATOR&#039;s Lager-gasfjedre - dictator.se\" \/>\n<meta property=\"og:description\" content=\"Gasfjedrene er udstyret med en udluftningsventil, der g\u00f8r det muligt at gen-opfylde eller tapre s\u00e5 meget gas, som kunden har brug for.\" \/>\n<meta property=\"og:url\" content=\"https:\/\/dictator.se\/da\/produkter\/gasfjedre-til-alle-behov\/dictators-lager-gasfjedre\/\" \/>\n<meta property=\"og:site_name\" content=\"dictator.se\" \/>\n<meta property=\"article:modified_time\" content=\"2025-08-26T09:01:22+00:00\" \/>\n<meta property=\"og:image\" content=\"https:\/\/dictator.se\/wp-content\/uploads\/2024\/04\/Packning.jpg\" \/>\n<meta name=\"twitter:card\" content=\"summary_large_image\" \/>\n<meta name=\"twitter:label1\" content=\"Estimeret l\u00e6setid\" \/>\n\t<meta name=\"twitter:data1\" content=\"1 minut\" \/>\n<script type=\"application\/ld+json\" class=\"yoast-schema-graph\">{\"@context\":\"https:\\\/\\\/schema.org\",\"@graph\":[{\"@type\":\"WebPage\",\"@id\":\"https:\\\/\\\/dictator.se\\\/da\\\/produkter\\\/gasfjedre-til-alle-behov\\\/dictators-lager-gasfjedre\\\/\",\"url\":\"https:\\\/\\\/dictator.se\\\/da\\\/produkter\\\/gasfjedre-til-alle-behov\\\/dictators-lager-gasfjedre\\\/\",\"name\":\"DICTATOR's Lager-gasfjedre - dictator.se\",\"isPartOf\":{\"@id\":\"https:\\\/\\\/dictator.se\\\/#website\"},\"primaryImageOfPage\":{\"@id\":\"https:\\\/\\\/dictator.se\\\/da\\\/produkter\\\/gasfjedre-til-alle-behov\\\/dictators-lager-gasfjedre\\\/#primaryimage\"},\"image\":{\"@id\":\"https:\\\/\\\/dictator.se\\\/da\\\/produkter\\\/gasfjedre-til-alle-behov\\\/dictators-lager-gasfjedre\\\/#primaryimage\"},\"thumbnailUrl\":\"https:\\\/\\\/dictator.se\\\/wp-content\\\/uploads\\\/2024\\\/04\\\/Packning.jpg\",\"datePublished\":\"2024-04-08T11:08:14+00:00\",\"dateModified\":\"2025-08-26T09:01:22+00:00\",\"description\":\"Gasfjedrene er udstyret med en udluftningsventil, der g\u00f8r det muligt at gen-opfylde eller tapre s\u00e5 meget gas, som kunden har brug for.\",\"breadcrumb\":{\"@id\":\"https:\\\/\\\/dictator.se\\\/da\\\/produkter\\\/gasfjedre-til-alle-behov\\\/dictators-lager-gasfjedre\\\/#breadcrumb\"},\"inLanguage\":\"da-DK\",\"potentialAction\":[{\"@type\":\"ReadAction\",\"target\":[\"https:\\\/\\\/dictator.se\\\/da\\\/produkter\\\/gasfjedre-til-alle-behov\\\/dictators-lager-gasfjedre\\\/\"]}]},{\"@type\":\"ImageObject\",\"inLanguage\":\"da-DK\",\"@id\":\"https:\\\/\\\/dictator.se\\\/da\\\/produkter\\\/gasfjedre-til-alle-behov\\\/dictators-lager-gasfjedre\\\/#primaryimage\",\"url\":\"https:\\\/\\\/dictator.se\\\/wp-content\\\/uploads\\\/2024\\\/04\\\/Packning.jpg\",\"contentUrl\":\"https:\\\/\\\/dictator.se\\\/wp-content\\\/uploads\\\/2024\\\/04\\\/Packning.jpg\"},{\"@type\":\"BreadcrumbList\",\"@id\":\"https:\\\/\\\/dictator.se\\\/da\\\/produkter\\\/gasfjedre-til-alle-behov\\\/dictators-lager-gasfjedre\\\/#breadcrumb\",\"itemListElement\":[{\"@type\":\"ListItem\",\"position\":1,\"name\":\"Home\",\"item\":\"https:\\\/\\\/dictator.se\\\/da\\\/\"},{\"@type\":\"ListItem\",\"position\":2,\"name\":\"Produkter\",\"item\":\"https:\\\/\\\/dictator.se\\\/da\\\/produkter\\\/\"},{\"@type\":\"ListItem\",\"position\":3,\"name\":\"Gasfjedre til alle behov\",\"item\":\"https:\\\/\\\/dictator.se\\\/da\\\/produkter\\\/gasfjedre-til-alle-behov\\\/\"},{\"@type\":\"ListItem\",\"position\":4,\"name\":\"DICTATOR&#8217;s Lager-gasfjedre\"}]},{\"@type\":\"WebSite\",\"@id\":\"https:\\\/\\\/dictator.se\\\/#website\",\"url\":\"https:\\\/\\\/dictator.se\\\/\",\"name\":\"dictator.se\",\"description\":\"\",\"publisher\":{\"@id\":\"https:\\\/\\\/dictator.se\\\/#organization\"},\"potentialAction\":[{\"@type\":\"SearchAction\",\"target\":{\"@type\":\"EntryPoint\",\"urlTemplate\":\"https:\\\/\\\/dictator.se\\\/?s={search_term_string}\"},\"query-input\":{\"@type\":\"PropertyValueSpecification\",\"valueRequired\":true,\"valueName\":\"search_term_string\"}}],\"inLanguage\":\"da-DK\"},{\"@type\":\"Organization\",\"@id\":\"https:\\\/\\\/dictator.se\\\/#organization\",\"name\":\"dictator.se\",\"url\":\"https:\\\/\\\/dictator.se\\\/\",\"logo\":{\"@type\":\"ImageObject\",\"inLanguage\":\"da-DK\",\"@id\":\"https:\\\/\\\/dictator.se\\\/#\\\/schema\\\/logo\\\/image\\\/\",\"url\":\"https:\\\/\\\/dictator.se\\\/wp-content\\\/uploads\\\/2023\\\/12\\\/DICTATOR_Logo1.svg\",\"contentUrl\":\"https:\\\/\\\/dictator.se\\\/wp-content\\\/uploads\\\/2023\\\/12\\\/DICTATOR_Logo1.svg\",\"width\":377,\"height\":58,\"caption\":\"dictator.se\"},\"image\":{\"@id\":\"https:\\\/\\\/dictator.se\\\/#\\\/schema\\\/logo\\\/image\\\/\"}}]}<\/script>\n<!-- \/ Yoast SEO plugin. -->","yoast_head_json":{"title":"DICTATOR's Lager-gasfjedre - dictator.se","description":"Gasfjedrene er udstyret med en udluftningsventil, der g\u00f8r det muligt at gen-opfylde eller tapre s\u00e5 meget gas, som kunden har brug for.","robots":{"index":"index","follow":"follow","max-snippet":"max-snippet:-1","max-image-preview":"max-image-preview:large","max-video-preview":"max-video-preview:-1"},"canonical":"https:\/\/dictator.se\/da\/produkter\/gasfjedre-til-alle-behov\/dictators-lager-gasfjedre\/","og_locale":"da_DK","og_type":"article","og_title":"DICTATOR's Lager-gasfjedre - dictator.se","og_description":"Gasfjedrene er udstyret med en udluftningsventil, der g\u00f8r det muligt at gen-opfylde eller tapre s\u00e5 meget gas, som kunden har brug for.","og_url":"https:\/\/dictator.se\/da\/produkter\/gasfjedre-til-alle-behov\/dictators-lager-gasfjedre\/","og_site_name":"dictator.se","article_modified_time":"2025-08-26T09:01:22+00:00","og_image":[{"url":"https:\/\/dictator.se\/wp-content\/uploads\/2024\/04\/Packning.jpg","type":"","width":"","height":""}],"twitter_card":"summary_large_image","twitter_misc":{"Estimeret l\u00e6setid":"1 minut"},"schema":{"@context":"https:\/\/schema.org","@graph":[{"@type":"WebPage","@id":"https:\/\/dictator.se\/da\/produkter\/gasfjedre-til-alle-behov\/dictators-lager-gasfjedre\/","url":"https:\/\/dictator.se\/da\/produkter\/gasfjedre-til-alle-behov\/dictators-lager-gasfjedre\/","name":"DICTATOR's Lager-gasfjedre - dictator.se","isPartOf":{"@id":"https:\/\/dictator.se\/#website"},"primaryImageOfPage":{"@id":"https:\/\/dictator.se\/da\/produkter\/gasfjedre-til-alle-behov\/dictators-lager-gasfjedre\/#primaryimage"},"image":{"@id":"https:\/\/dictator.se\/da\/produkter\/gasfjedre-til-alle-behov\/dictators-lager-gasfjedre\/#primaryimage"},"thumbnailUrl":"https:\/\/dictator.se\/wp-content\/uploads\/2024\/04\/Packning.jpg","datePublished":"2024-04-08T11:08:14+00:00","dateModified":"2025-08-26T09:01:22+00:00","description":"Gasfjedrene er udstyret med en udluftningsventil, der g\u00f8r det muligt at gen-opfylde eller tapre s\u00e5 meget gas, som kunden har brug for.","breadcrumb":{"@id":"https:\/\/dictator.se\/da\/produkter\/gasfjedre-til-alle-behov\/dictators-lager-gasfjedre\/#breadcrumb"},"inLanguage":"da-DK","potentialAction":[{"@type":"ReadAction","target":["https:\/\/dictator.se\/da\/produkter\/gasfjedre-til-alle-behov\/dictators-lager-gasfjedre\/"]}]},{"@type":"ImageObject","inLanguage":"da-DK","@id":"https:\/\/dictator.se\/da\/produkter\/gasfjedre-til-alle-behov\/dictators-lager-gasfjedre\/#primaryimage","url":"https:\/\/dictator.se\/wp-content\/uploads\/2024\/04\/Packning.jpg","contentUrl":"https:\/\/dictator.se\/wp-content\/uploads\/2024\/04\/Packning.jpg"},{"@type":"BreadcrumbList","@id":"https:\/\/dictator.se\/da\/produkter\/gasfjedre-til-alle-behov\/dictators-lager-gasfjedre\/#breadcrumb","itemListElement":[{"@type":"ListItem","position":1,"name":"Home","item":"https:\/\/dictator.se\/da\/"},{"@type":"ListItem","position":2,"name":"Produkter","item":"https:\/\/dictator.se\/da\/produkter\/"},{"@type":"ListItem","position":3,"name":"Gasfjedre til alle behov","item":"https:\/\/dictator.se\/da\/produkter\/gasfjedre-til-alle-behov\/"},{"@type":"ListItem","position":4,"name":"DICTATOR&#8217;s Lager-gasfjedre"}]},{"@type":"WebSite","@id":"https:\/\/dictator.se\/#website","url":"https:\/\/dictator.se\/","name":"dictator.se","description":"","publisher":{"@id":"https:\/\/dictator.se\/#organization"},"potentialAction":[{"@type":"SearchAction","target":{"@type":"EntryPoint","urlTemplate":"https:\/\/dictator.se\/?s={search_term_string}"},"query-input":{"@type":"PropertyValueSpecification","valueRequired":true,"valueName":"search_term_string"}}],"inLanguage":"da-DK"},{"@type":"Organization","@id":"https:\/\/dictator.se\/#organization","name":"dictator.se","url":"https:\/\/dictator.se\/","logo":{"@type":"ImageObject","inLanguage":"da-DK","@id":"https:\/\/dictator.se\/#\/schema\/logo\/image\/","url":"https:\/\/dictator.se\/wp-content\/uploads\/2023\/12\/DICTATOR_Logo1.svg","contentUrl":"https:\/\/dictator.se\/wp-content\/uploads\/2023\/12\/DICTATOR_Logo1.svg","width":377,"height":58,"caption":"dictator.se"},"image":{"@id":"https:\/\/dictator.se\/#\/schema\/logo\/image\/"}}]}},"featured_image_src":null,"featured_image_src_square":null,"uagb_featured_image_src":{"full":false,"thumbnail":false,"medium":false,"medium_large":false,"large":false,"1536x1536":false,"2048x2048":false,"sidebar-featured":false,"genesis-singular-images":false,"gb-block-post-grid-landscape":false,"gb-block-post-grid-square":false},"uagb_author_info":{"display_name":"Sanna","author_link":"https:\/\/dictator.se\/da\/author\/sanna\/"},"uagb_comment_info":0,"uagb_excerpt":null,"_links":{"self":[{"href":"https:\/\/dictator.se\/da\/wp-json\/wp\/v2\/pages\/4196","targetHints":{"allow":["GET"]}}],"collection":[{"href":"https:\/\/dictator.se\/da\/wp-json\/wp\/v2\/pages"}],"about":[{"href":"https:\/\/dictator.se\/da\/wp-json\/wp\/v2\/types\/page"}],"author":[{"embeddable":true,"href":"https:\/\/dictator.se\/da\/wp-json\/wp\/v2\/users\/6"}],"replies":[{"embeddable":true,"href":"https:\/\/dictator.se\/da\/wp-json\/wp\/v2\/comments?post=4196"}],"version-history":[{"count":6,"href":"https:\/\/dictator.se\/da\/wp-json\/wp\/v2\/pages\/4196\/revisions"}],"predecessor-version":[{"id":6861,"href":"https:\/\/dictator.se\/da\/wp-json\/wp\/v2\/pages\/4196\/revisions\/6861"}],"up":[{"embeddable":true,"href":"https:\/\/dictator.se\/da\/wp-json\/wp\/v2\/pages\/4194"}],"wp:attachment":[{"href":"https:\/\/dictator.se\/da\/wp-json\/wp\/v2\/media?parent=4196"}],"curies":[{"name":"wp","href":"https:\/\/api.w.org\/{rel}","templated":true}]}}