{"id":4204,"date":"2024-04-10T10:44:07","date_gmt":"2024-04-10T08:44:07","guid":{"rendered":"https:\/\/dictator.se\/?page_id=4204"},"modified":"2024-05-23T09:05:17","modified_gmt":"2024-05-23T07:05:17","slug":"gate-lukker-rts","status":"publish","type":"page","link":"https:\/\/dictator.se\/da\/produkter\/gate-lukker\/gate-lukker-rts\/","title":{"rendered":"Gate lukker &#8211; RTS"},"content":{"rendered":"\n<div class=\"wp-block-genesis-blocks-gb-columns gb-layout-columns-1 one-column\"><div class=\"gb-layout-column-wrap gb-block-layout-column-gap-2 gb-is-responsive-column\">\n<div class=\"wp-block-genesis-blocks-gb-column gb-block-layout-column\"><div class=\"gb-block-layout-column-inner\">\n<div class=\"wp-block-genesis-blocks-gb-columns gb-layout-columns-2 gb-2-col-wideleft\"><div class=\"gb-layout-column-wrap gb-block-layout-column-gap-2 gb-is-responsive-column\">\n<div class=\"wp-block-genesis-blocks-gb-column gb-block-layout-column\"><div class=\"gb-block-layout-column-inner\"><div class=\"yoast-breadcrumbs\"><span><span><a href=\"https:\/\/dictator.se\/da\/\">Home<\/a><\/span> \u00bb <span><a href=\"https:\/\/dictator.se\/da\/produkter\/\">Produkter<\/a><\/span> \u00bb <span><a href=\"https:\/\/dictator.se\/da\/produkter\/gate-lukker\/\">Gate lukker<\/a><\/span> \u00bb <span class=\"breadcrumb_last\" aria-current=\"page\">Gate lukker &#8211; RTS<\/span><\/span><\/div>\n\n\n<h1 class=\"wp-block-heading\" style=\"padding-top:var(--wp--preset--spacing--40);font-size:40px;text-transform:uppercase\"><strong>RTS -den usynlige Port &amp; D\u00f8r Closer<\/strong><\/h1>\n\n\n\n<p class=\"has-small-font-size\">Gate lukker <strong><a href=\"https:\/\/en.dictator.de\/products\/door-closing-solutions\/door-closers\/tube-door-closer-rts\/\" target=\"_blank\" rel=\"noreferrer noopener\">RTS &#8211; den usynlige port og d\u00f8r closer<\/a><\/strong> bruges normalt af optiske eller sikkerhedsm\u00e6ssige \u00e5rsager. Installationen er skjult i porten eller d\u00f8ren og er derfor n\u00e6sten usynlig. Lukkehastigheden kan justeres, og afh\u00e6ngigt af monteringssituationen kan den \u00e5bnes op til 180\u00b0.<\/p>\n\n\n\n<h2 class=\"wp-block-heading has-large-font-size\">Gate lukker &#8211; RTS <strong>Fordele ved RTS -den usynlige Grind &amp; Door Closer:<\/strong><\/h2>\n\n\n\n<ul class=\"wp-block-list\">\n<li class=\"has-small-font-size\">Er n\u00e6sten usynlig, n\u00e5r den er indbygget i porten, og kun koblingen kan ses, n\u00e5r porten er \u00e5ben<\/li>\n\n\n\n<li class=\"has-small-font-size\">RTS bruges prim\u00e6rt til udend\u00f8rs porte s\u00e5som v\u00e6rftet porte og indgangsporte til industrielle faciliteter, men passer ogs\u00e5 godt med almindelige d\u00f8re<\/li>\n\n\n\n<li class=\"has-small-font-size\">En perfekt l\u00f8sning til indgangsporte til industrier, der har adgangskontrol for deres medarbejdere<\/li>\n\n\n\n<li class=\"has-small-font-size\">Indbygget installation beskytter det for elementerne og g\u00f8r det dybest set vandal-bevis<\/li>\n\n\n\n<li class=\"has-small-font-size\">Den specielle kobling er vejrbestandig og fleksibel, s\u00e5 RTS kan bruges med forskellige typer h\u00e6ngsler<\/li>\n\n\n\n<li class=\"has-small-font-size\">Portd\u00f8ren kan \u00e5bnes op til 180\u00b0 afh\u00e6ngigt af monteringspositionen og typen af h\u00e6ngsel<\/li>\n<\/ul>\n\n\n\n<h3 class=\"wp-block-heading has-medium-font-size\"><strong>Modeller og tilbeh\u00f8r:<\/strong><\/h3>\n\n\n\n<p class=\"has-small-font-size\">Der er flere modeller af RTS til forskellige typer af porte og d\u00f8re:<\/p>\n\n\n\n<ul class=\"wp-block-list\">\n<li class=\"has-small-font-size\"><strong>RTS-d\/e:<\/strong>&nbsp;Til d\u00f8re i st\u00e5l, st\u00e5l og aluminium<\/li>\n\n\n\n<li class=\"has-small-font-size\"><strong>RTS-t\/u:<\/strong>&nbsp;Til d\u00f8re i st\u00e5l og aluminium med andre tilbeh\u00f8r end ovenst\u00e5ende<\/li>\n\n\n\n<li class=\"has-small-font-size\"><strong>RTS-v:<\/strong>&nbsp;Passer til tr\u00e6d\u00f8re<\/li>\n<\/ul>\n\n\n\n<h3 class=\"wp-block-heading has-medium-font-size\"><strong>Tilbeh\u00f8r:<\/strong><\/h3>\n\n\n\n<p class=\"has-small-font-size\">Vi har et tilbeh\u00f8r i form af et monteringss\u00e6t til eftermontering, der skal monteres p\u00e5 ydersiden af grinet. Det passer til type RTS -e.<\/p>\n<\/div><\/div>\n\n\n\n<div class=\"wp-block-genesis-blocks-gb-column gb-block-layout-column\"><div class=\"gb-block-layout-column-inner\">\n<div class=\"wp-block-uagb-image uagb-block-13983c08 wp-block-uagb-image--layout-default wp-block-uagb-image--effect-static wp-block-uagb-image--align-none\"><figure class=\"wp-block-uagb-image__figure\"><img decoding=\"async\" srcset=\"https:\/\/dictator.se\/wp-content\/uploads\/2024\/04\/Grindstangare-RTS.jpg ,https:\/\/dictator.se\/wp-content\/uploads\/2024\/04\/Grindstangare-RTS.jpg 780w, https:\/\/dictator.se\/wp-content\/uploads\/2024\/04\/Grindstangare-RTS.jpg 360w\" sizes=\"auto, (max-width: 480px) 150px\" src=\"https:\/\/dictator.se\/wp-content\/uploads\/2024\/04\/Grindstangare-RTS.jpg\" alt=\"\" class=\"uag-image-3117\" width=\"800\" height=\"800\" title=\"\" loading=\"lazy\"\/><\/figure><\/div>\n\n\n\n<figure class=\"wp-block-embed is-type-video is-provider-youtube wp-block-embed-youtube wp-embed-aspect-16-9 wp-has-aspect-ratio\"><div class=\"wp-block-embed__wrapper\">\n<iframe loading=\"lazy\" title=\"Concealed Gate Closer RTS  | closes doors and gates automatically\" width=\"500\" height=\"281\" src=\"https:\/\/www.youtube.com\/embed\/C0yFraGPEOY?feature=oembed\" frameborder=\"0\" allow=\"accelerometer; autoplay; clipboard-write; encrypted-media; gyroscope; picture-in-picture; web-share\" referrerpolicy=\"strict-origin-when-cross-origin\" allowfullscreen><\/iframe>\n<\/div><\/figure>\n<\/div><\/div>\n<\/div><\/div>\n\n\n\n<div class=\"wp-block-genesis-blocks-gb-columns gb-layout-columns-1 one-column\"><div class=\"gb-layout-column-wrap gb-block-layout-column-gap-2 gb-is-responsive-column\">\n<div class=\"wp-block-genesis-blocks-gb-column gb-block-layout-column\"><div class=\"gb-block-layout-column-inner has-ci-quaternary-background-color\" style=\"padding-top:50px;padding-right:100px;padding-bottom:50px;padding-left:100px\">\n<div class=\"wp-block-genesis-blocks-gb-columns gb-layout-columns-2 gb-2-col-wideleft\"><div class=\"gb-layout-column-wrap gb-block-layout-column-gap-2 gb-is-responsive-column\">\n<div class=\"wp-block-genesis-blocks-gb-column gb-block-layout-column\"><div class=\"gb-block-layout-column-inner\">\n<h2 class=\"wp-block-heading has-large-font-size\"><strong>GRATIS SERVICE OG R\u00c5DGIVNING<\/strong><\/h2>\n\n\n\n<div class=\"wp-block-uagb-buttons uagb-buttons__outer-wrap uagb-btn__default-btn uagb-btn-tablet__default-btn uagb-btn-mobile__default-btn uagb-block-39eb0c0e\"><div class=\"uagb-buttons__wrap uagb-buttons-layout-wrap\">\n<div class=\"wp-block-uagb-buttons-child uagb-buttons__outer-wrap uagb-block-d206b251 wp-block-button\"><div class=\"uagb-button__wrapper\"><a class=\"uagb-buttons-repeater wp-block-button__link\" href=\"https:\/\/dictator.se\/kontakta-oss\/\" onclick=\"return true;\" rel=\"follow noopener\" target=\"_self\"><div class=\"uagb-button__link\">Kontakt os her<\/div><span class=\"uagb-button__icon uagb-button__icon-position-after\"><svg xmlns=\"https:\/\/www.w3.org\/2000\/svg\" viewBox=\"0 0 448 512\"><path d=\"M438.6 278.6l-160 160C272.4 444.9 264.2 448 256 448s-16.38-3.125-22.62-9.375c-12.5-12.5-12.5-32.75 0-45.25L338.8 288H32C14.33 288 .0016 273.7 .0016 256S14.33 224 32 224h306.8l-105.4-105.4c-12.5-12.5-12.5-32.75 0-45.25s32.75-12.5 45.25 0l160 160C451.1 245.9 451.1 266.1 438.6 278.6z\"><\/path><\/svg><\/span><\/a><\/div><\/div>\n<\/div><\/div>\n<\/div><\/div>\n\n\n\n<div class=\"wp-block-genesis-blocks-gb-column gb-block-layout-column\"><div class=\"gb-block-layout-column-inner\">\n<div class=\"wp-block-uagb-image aligncenter uagb-block-d296d348 wp-block-uagb-image--layout-default wp-block-uagb-image--effect-static wp-block-uagb-image--align-center\"><figure class=\"wp-block-uagb-image__figure\"><img decoding=\"async\" srcset=\"https:\/\/dictator.se\/wp-content\/uploads\/2023\/12\/icon-service-300x272.png ,https:\/\/dictator.se\/wp-content\/uploads\/2023\/12\/icon-service.png 780w, https:\/\/dictator.se\/wp-content\/uploads\/2023\/12\/icon-service.png 360w\" sizes=\"auto, (max-width: 480px) 150px\" src=\"https:\/\/dictator.se\/wp-content\/uploads\/2023\/12\/icon-service-300x272.png\" alt=\"\" class=\"uag-image-203\" width=\"150\" height=\"272\" title=\"\" loading=\"lazy\"\/><\/figure><\/div>\n<\/div><\/div>\n<\/div><\/div>\n<\/div><\/div>\n<\/div><\/div>\n<\/div><\/div>\n<\/div><\/div>\n","protected":false},"excerpt":{"rendered":"","protected":false},"author":6,"featured_media":0,"parent":4200,"menu_order":0,"comment_status":"closed","ping_status":"closed","template":"","meta":{"_acf_changed":false,"_uag_custom_page_level_css":"","_genesis_hide_title":true,"_genesis_hide_breadcrumbs":false,"_genesis_hide_singular_image":false,"_genesis_hide_footer_widgets":false,"_genesis_custom_body_class":"","_genesis_custom_post_class":"","_genesis_layout":"","footnotes":""},"class_list":{"0":"post-4204","1":"page","2":"type-page","3":"status-publish","5":"entry"},"acf":[],"yoast_head":"<!-- This site is optimized with the Yoast SEO plugin v27.3 - https:\/\/yoast.com\/product\/yoast-seo-wordpress\/ -->\n<title>Gate lukker - RTS - dictator.se<\/title>\n<meta name=\"description\" content=\"Gate lukker - RTS den usynlige port og d\u00f8r closer bruges normalt af optiske eller sikkerhedsm\u00e6ssige \u00e5rsager. - Lukkehastigheden kan justeres\" \/>\n<meta name=\"robots\" content=\"index, follow, max-snippet:-1, max-image-preview:large, max-video-preview:-1\" \/>\n<link rel=\"canonical\" href=\"https:\/\/dictator.se\/da\/produkter\/gate-lukker\/gate-lukker-rts\/\" \/>\n<meta property=\"og:locale\" content=\"da_DK\" \/>\n<meta property=\"og:type\" content=\"article\" \/>\n<meta property=\"og:title\" content=\"Gate lukker - RTS - dictator.se\" \/>\n<meta property=\"og:description\" content=\"Gate lukker - RTS den usynlige port og d\u00f8r closer bruges normalt af optiske eller sikkerhedsm\u00e6ssige \u00e5rsager. - Lukkehastigheden kan justeres\" \/>\n<meta property=\"og:url\" content=\"https:\/\/dictator.se\/da\/produkter\/gate-lukker\/gate-lukker-rts\/\" \/>\n<meta property=\"og:site_name\" content=\"dictator.se\" \/>\n<meta property=\"article:modified_time\" content=\"2024-05-23T07:05:17+00:00\" \/>\n<meta property=\"og:image\" content=\"https:\/\/dictator.se\/wp-content\/uploads\/2024\/04\/Grindstangare-RTS.jpg\" \/>\n<meta name=\"twitter:card\" content=\"summary_large_image\" \/>\n<meta name=\"twitter:label1\" content=\"Estimeret l\u00e6setid\" \/>\n\t<meta name=\"twitter:data1\" content=\"2 minutter\" \/>\n<script type=\"application\/ld+json\" class=\"yoast-schema-graph\">{\"@context\":\"https:\\\/\\\/schema.org\",\"@graph\":[{\"@type\":\"WebPage\",\"@id\":\"https:\\\/\\\/dictator.se\\\/da\\\/produkter\\\/gate-lukker\\\/gate-lukker-rts\\\/\",\"url\":\"https:\\\/\\\/dictator.se\\\/da\\\/produkter\\\/gate-lukker\\\/gate-lukker-rts\\\/\",\"name\":\"Gate lukker - RTS - dictator.se\",\"isPartOf\":{\"@id\":\"https:\\\/\\\/dictator.se\\\/#website\"},\"primaryImageOfPage\":{\"@id\":\"https:\\\/\\\/dictator.se\\\/da\\\/produkter\\\/gate-lukker\\\/gate-lukker-rts\\\/#primaryimage\"},\"image\":{\"@id\":\"https:\\\/\\\/dictator.se\\\/da\\\/produkter\\\/gate-lukker\\\/gate-lukker-rts\\\/#primaryimage\"},\"thumbnailUrl\":\"https:\\\/\\\/dictator.se\\\/wp-content\\\/uploads\\\/2024\\\/04\\\/Grindstangare-RTS.jpg\",\"datePublished\":\"2024-04-10T08:44:07+00:00\",\"dateModified\":\"2024-05-23T07:05:17+00:00\",\"description\":\"Gate lukker - RTS den usynlige port og d\u00f8r closer bruges normalt af optiske eller sikkerhedsm\u00e6ssige \u00e5rsager. - Lukkehastigheden kan justeres\",\"breadcrumb\":{\"@id\":\"https:\\\/\\\/dictator.se\\\/da\\\/produkter\\\/gate-lukker\\\/gate-lukker-rts\\\/#breadcrumb\"},\"inLanguage\":\"da-DK\",\"potentialAction\":[{\"@type\":\"ReadAction\",\"target\":[\"https:\\\/\\\/dictator.se\\\/da\\\/produkter\\\/gate-lukker\\\/gate-lukker-rts\\\/\"]}]},{\"@type\":\"ImageObject\",\"inLanguage\":\"da-DK\",\"@id\":\"https:\\\/\\\/dictator.se\\\/da\\\/produkter\\\/gate-lukker\\\/gate-lukker-rts\\\/#primaryimage\",\"url\":\"https:\\\/\\\/dictator.se\\\/wp-content\\\/uploads\\\/2024\\\/04\\\/Grindstangare-RTS.jpg\",\"contentUrl\":\"https:\\\/\\\/dictator.se\\\/wp-content\\\/uploads\\\/2024\\\/04\\\/Grindstangare-RTS.jpg\"},{\"@type\":\"BreadcrumbList\",\"@id\":\"https:\\\/\\\/dictator.se\\\/da\\\/produkter\\\/gate-lukker\\\/gate-lukker-rts\\\/#breadcrumb\",\"itemListElement\":[{\"@type\":\"ListItem\",\"position\":1,\"name\":\"Home\",\"item\":\"https:\\\/\\\/dictator.se\\\/da\\\/\"},{\"@type\":\"ListItem\",\"position\":2,\"name\":\"Produkter\",\"item\":\"https:\\\/\\\/dictator.se\\\/da\\\/produkter\\\/\"},{\"@type\":\"ListItem\",\"position\":3,\"name\":\"Gate lukker\",\"item\":\"https:\\\/\\\/dictator.se\\\/da\\\/produkter\\\/gate-lukker\\\/\"},{\"@type\":\"ListItem\",\"position\":4,\"name\":\"Gate lukker &#8211; RTS\"}]},{\"@type\":\"WebSite\",\"@id\":\"https:\\\/\\\/dictator.se\\\/#website\",\"url\":\"https:\\\/\\\/dictator.se\\\/\",\"name\":\"dictator.se\",\"description\":\"\",\"publisher\":{\"@id\":\"https:\\\/\\\/dictator.se\\\/#organization\"},\"potentialAction\":[{\"@type\":\"SearchAction\",\"target\":{\"@type\":\"EntryPoint\",\"urlTemplate\":\"https:\\\/\\\/dictator.se\\\/?s={search_term_string}\"},\"query-input\":{\"@type\":\"PropertyValueSpecification\",\"valueRequired\":true,\"valueName\":\"search_term_string\"}}],\"inLanguage\":\"da-DK\"},{\"@type\":\"Organization\",\"@id\":\"https:\\\/\\\/dictator.se\\\/#organization\",\"name\":\"dictator.se\",\"url\":\"https:\\\/\\\/dictator.se\\\/\",\"logo\":{\"@type\":\"ImageObject\",\"inLanguage\":\"da-DK\",\"@id\":\"https:\\\/\\\/dictator.se\\\/#\\\/schema\\\/logo\\\/image\\\/\",\"url\":\"https:\\\/\\\/dictator.se\\\/wp-content\\\/uploads\\\/2023\\\/12\\\/DICTATOR_Logo1.svg\",\"contentUrl\":\"https:\\\/\\\/dictator.se\\\/wp-content\\\/uploads\\\/2023\\\/12\\\/DICTATOR_Logo1.svg\",\"width\":377,\"height\":58,\"caption\":\"dictator.se\"},\"image\":{\"@id\":\"https:\\\/\\\/dictator.se\\\/#\\\/schema\\\/logo\\\/image\\\/\"}}]}<\/script>\n<!-- \/ Yoast SEO plugin. -->","yoast_head_json":{"title":"Gate lukker - RTS - dictator.se","description":"Gate lukker - RTS den usynlige port og d\u00f8r closer bruges normalt af optiske eller sikkerhedsm\u00e6ssige \u00e5rsager. - Lukkehastigheden kan justeres","robots":{"index":"index","follow":"follow","max-snippet":"max-snippet:-1","max-image-preview":"max-image-preview:large","max-video-preview":"max-video-preview:-1"},"canonical":"https:\/\/dictator.se\/da\/produkter\/gate-lukker\/gate-lukker-rts\/","og_locale":"da_DK","og_type":"article","og_title":"Gate lukker - RTS - dictator.se","og_description":"Gate lukker - RTS den usynlige port og d\u00f8r closer bruges normalt af optiske eller sikkerhedsm\u00e6ssige \u00e5rsager. - Lukkehastigheden kan justeres","og_url":"https:\/\/dictator.se\/da\/produkter\/gate-lukker\/gate-lukker-rts\/","og_site_name":"dictator.se","article_modified_time":"2024-05-23T07:05:17+00:00","og_image":[{"url":"https:\/\/dictator.se\/wp-content\/uploads\/2024\/04\/Grindstangare-RTS.jpg","type":"","width":"","height":""}],"twitter_card":"summary_large_image","twitter_misc":{"Estimeret l\u00e6setid":"2 minutter"},"schema":{"@context":"https:\/\/schema.org","@graph":[{"@type":"WebPage","@id":"https:\/\/dictator.se\/da\/produkter\/gate-lukker\/gate-lukker-rts\/","url":"https:\/\/dictator.se\/da\/produkter\/gate-lukker\/gate-lukker-rts\/","name":"Gate lukker - RTS - dictator.se","isPartOf":{"@id":"https:\/\/dictator.se\/#website"},"primaryImageOfPage":{"@id":"https:\/\/dictator.se\/da\/produkter\/gate-lukker\/gate-lukker-rts\/#primaryimage"},"image":{"@id":"https:\/\/dictator.se\/da\/produkter\/gate-lukker\/gate-lukker-rts\/#primaryimage"},"thumbnailUrl":"https:\/\/dictator.se\/wp-content\/uploads\/2024\/04\/Grindstangare-RTS.jpg","datePublished":"2024-04-10T08:44:07+00:00","dateModified":"2024-05-23T07:05:17+00:00","description":"Gate lukker - RTS den usynlige port og d\u00f8r closer bruges normalt af optiske eller sikkerhedsm\u00e6ssige \u00e5rsager. - Lukkehastigheden kan justeres","breadcrumb":{"@id":"https:\/\/dictator.se\/da\/produkter\/gate-lukker\/gate-lukker-rts\/#breadcrumb"},"inLanguage":"da-DK","potentialAction":[{"@type":"ReadAction","target":["https:\/\/dictator.se\/da\/produkter\/gate-lukker\/gate-lukker-rts\/"]}]},{"@type":"ImageObject","inLanguage":"da-DK","@id":"https:\/\/dictator.se\/da\/produkter\/gate-lukker\/gate-lukker-rts\/#primaryimage","url":"https:\/\/dictator.se\/wp-content\/uploads\/2024\/04\/Grindstangare-RTS.jpg","contentUrl":"https:\/\/dictator.se\/wp-content\/uploads\/2024\/04\/Grindstangare-RTS.jpg"},{"@type":"BreadcrumbList","@id":"https:\/\/dictator.se\/da\/produkter\/gate-lukker\/gate-lukker-rts\/#breadcrumb","itemListElement":[{"@type":"ListItem","position":1,"name":"Home","item":"https:\/\/dictator.se\/da\/"},{"@type":"ListItem","position":2,"name":"Produkter","item":"https:\/\/dictator.se\/da\/produkter\/"},{"@type":"ListItem","position":3,"name":"Gate lukker","item":"https:\/\/dictator.se\/da\/produkter\/gate-lukker\/"},{"@type":"ListItem","position":4,"name":"Gate lukker &#8211; RTS"}]},{"@type":"WebSite","@id":"https:\/\/dictator.se\/#website","url":"https:\/\/dictator.se\/","name":"dictator.se","description":"","publisher":{"@id":"https:\/\/dictator.se\/#organization"},"potentialAction":[{"@type":"SearchAction","target":{"@type":"EntryPoint","urlTemplate":"https:\/\/dictator.se\/?s={search_term_string}"},"query-input":{"@type":"PropertyValueSpecification","valueRequired":true,"valueName":"search_term_string"}}],"inLanguage":"da-DK"},{"@type":"Organization","@id":"https:\/\/dictator.se\/#organization","name":"dictator.se","url":"https:\/\/dictator.se\/","logo":{"@type":"ImageObject","inLanguage":"da-DK","@id":"https:\/\/dictator.se\/#\/schema\/logo\/image\/","url":"https:\/\/dictator.se\/wp-content\/uploads\/2023\/12\/DICTATOR_Logo1.svg","contentUrl":"https:\/\/dictator.se\/wp-content\/uploads\/2023\/12\/DICTATOR_Logo1.svg","width":377,"height":58,"caption":"dictator.se"},"image":{"@id":"https:\/\/dictator.se\/#\/schema\/logo\/image\/"}}]}},"featured_image_src":null,"featured_image_src_square":null,"uagb_featured_image_src":{"full":false,"thumbnail":false,"medium":false,"medium_large":false,"large":false,"1536x1536":false,"2048x2048":false,"sidebar-featured":false,"genesis-singular-images":false,"gb-block-post-grid-landscape":false,"gb-block-post-grid-square":false},"uagb_author_info":{"display_name":"Sanna","author_link":"https:\/\/dictator.se\/da\/author\/sanna\/"},"uagb_comment_info":0,"uagb_excerpt":null,"_links":{"self":[{"href":"https:\/\/dictator.se\/da\/wp-json\/wp\/v2\/pages\/4204","targetHints":{"allow":["GET"]}}],"collection":[{"href":"https:\/\/dictator.se\/da\/wp-json\/wp\/v2\/pages"}],"about":[{"href":"https:\/\/dictator.se\/da\/wp-json\/wp\/v2\/types\/page"}],"author":[{"embeddable":true,"href":"https:\/\/dictator.se\/da\/wp-json\/wp\/v2\/users\/6"}],"replies":[{"embeddable":true,"href":"https:\/\/dictator.se\/da\/wp-json\/wp\/v2\/comments?post=4204"}],"version-history":[{"count":4,"href":"https:\/\/dictator.se\/da\/wp-json\/wp\/v2\/pages\/4204\/revisions"}],"predecessor-version":[{"id":5036,"href":"https:\/\/dictator.se\/da\/wp-json\/wp\/v2\/pages\/4204\/revisions\/5036"}],"up":[{"embeddable":true,"href":"https:\/\/dictator.se\/da\/wp-json\/wp\/v2\/pages\/4200"}],"wp:attachment":[{"href":"https:\/\/dictator.se\/da\/wp-json\/wp\/v2\/media?parent=4204"}],"curies":[{"name":"wp","href":"https:\/\/api.w.org\/{rel}","templated":true}]}}