{"id":4216,"date":"2024-01-23T11:46:22","date_gmt":"2024-01-23T10:46:22","guid":{"rendered":"https:\/\/dictator.se\/?page_id=4216"},"modified":"2025-09-30T15:40:20","modified_gmt":"2025-09-30T13:40:20","slug":"referencer-doerlukker","status":"publish","type":"page","link":"https:\/\/dictator.se\/da\/referencer\/referencer-doerlukker\/","title":{"rendered":"Referencer &#8211; D\u00f8rlukker"},"content":{"rendered":"\n<div class=\"wp-block-genesis-blocks-gb-columns gb-layout-columns-1 one-column\"><div class=\"gb-layout-column-wrap gb-block-layout-column-gap-2 gb-is-responsive-column\">\n<div class=\"wp-block-genesis-blocks-gb-column gb-block-layout-column\"><div class=\"gb-block-layout-column-inner\"><div class=\"yoast-breadcrumbs\"><span><span><a href=\"https:\/\/dictator.se\/da\/\">Home<\/a><\/span> \u00bb <span><a href=\"https:\/\/dictator.se\/da\/referencer\/\">Referencer<\/a><\/span> \u00bb <span class=\"breadcrumb_last\" aria-current=\"page\">Referencer &#8211; D\u00f8rlukker<\/span><\/span><\/div>\n\n\n<h1 class=\"wp-block-heading\" style=\"padding-top:var(--wp--preset--spacing--40);font-size:40px;text-transform:uppercase\">Referencer &#8211; D\u00f8rlukker<\/h1>\n\n\n\n<p class=\"has-small-font-size\">Referencer &#8211; D\u00f8rlukker er en specialitet af DICTATOR. Nedenfor viser vi et udvalg af l\u00f8sninger med d\u00f8rlukkere til alle milj\u00f8er, b\u00e5de undtagen og indend\u00f8rs.<\/p>\n\n\n\n<p class=\"has-small-font-size\">Vores d\u00f8rlukkere sp\u00e6nder fra enkle mekaniske l\u00f8sninger med fjedre op til komplekse fuldautomatiske produkter. Den mest ber\u00f8mte produkt er uden tvivl vores d\u00f8rlukker eller DICTATOR, som det almindeligvis kaldes i h\u00e5ndv\u00e6rker sprog. Det dikterer d\u00f8ren, det er s\u00e5 simpelt er det!<\/p>\n\n\n\n<p><a href=\"https:\/\/dictator.se\/da\/produkter\/dorrstangare-2\/\"><\/a><a href=\"https:\/\/dictator.se\/da\/producten\/doerlukkere\/\">&gt; Se hele vores udvalg af d\u00f8rlukkere her!<\/a><\/p>\n\n\n\n<div class=\"wp-block-uagb-container uagb-layout-grid uagb-block-c42f61f0 alignfull uagb-is-root-container\"><div class=\"uagb-container-inner-blocks-wrap\">\n<div class=\"wp-block-uagb-container uagb-block-2151ad33 default uagb-is-root-container\">\n<div class=\"wp-block-uagb-image aligncenter uagb-block-c4f29346 wp-block-uagb-image--layout-default wp-block-uagb-image--effect-static wp-block-uagb-image--align-center\"><figure class=\"wp-block-uagb-image__figure\"><a class=\"\" href=\"https:\/\/dictator.se\/da\/produkter\/doerlukkere\/doerdaempere\/\" target=\"\" rel=\"noopener\"><img decoding=\"async\" srcset=\"https:\/\/dictator.se\/wp-content\/uploads\/2024\/04\/Dorrdampare-skjukhus.jpg ,https:\/\/dictator.se\/wp-content\/uploads\/2024\/04\/Dorrdampare-skjukhus.jpg 780w, https:\/\/dictator.se\/wp-content\/uploads\/2024\/04\/Dorrdampare-skjukhus.jpg 360w\" sizes=\"auto, (max-width: 480px) 150px\" src=\"https:\/\/dictator.se\/wp-content\/uploads\/2024\/04\/Dorrdampare-skjukhus.jpg\" alt=\"\" class=\"uag-image-3631\" width=\"300\" height=\"200\" title=\"Dorrdampare-skjukhus\" loading=\"lazy\" role=\"img\"\/><\/a><\/figure><\/div>\n\n\n\n<div class=\"wp-block-uagb-advanced-heading uagb-block-e1e05fc6\"><h4 class=\"uagb-heading-text\"><mark style=\"background-color:rgba(0, 0, 0, 0)\" class=\"has-inline-color has-ci-tertiary-color\"><strong>D\u00f8rd\u00e6mper til d\u00f8re, der sm\u00e6kker<\/strong><\/mark><\/h4><\/div>\n\n\n\n<p class=\"has-small-font-size\">En d\u00f8rd\u00e6mper bremser op og lukker d\u00f8ren stille og roligt, hver gang og problemet med sm\u00e6kkende d\u00f8re, der forstyrrer er nu endelig l\u00f8st! En perfekt l\u00f8sning til kontorer og hospitaler.<\/p>\n\n\n\n<div class=\"wp-block-uagb-buttons uagb-buttons__outer-wrap uagb-btn__small-btn uagb-btn-tablet__default-btn uagb-btn-mobile__default-btn uagb-block-041cacdf\"><div class=\"uagb-buttons__wrap uagb-buttons-layout-wrap \">\n<div class=\"wp-block-uagb-buttons-child uagb-buttons__outer-wrap uagb-block-2690ebee wp-block-button\"><div class=\"uagb-button__wrapper\"><a class=\"uagb-buttons-repeater wp-block-button__link\" aria-label=\"\" href=\"https:\/\/dictator.se\/da\/produkter\/doerlukkere\/doerdaempere\/\" rel=\"follow noopener\" target=\"_self\" role=\"button\"><div class=\"uagb-button__link\">L\u00e6s mere her<\/div><span class=\"uagb-button__icon uagb-button__icon-position-after\"><svg xmlns=\"https:\/\/www.w3.org\/2000\/svg\" viewBox=\"0 0 448 512\" aria-hidden=\"true\" focussable=\"false\"><path d=\"M438.6 278.6l-160 160C272.4 444.9 264.2 448 256 448s-16.38-3.125-22.62-9.375c-12.5-12.5-12.5-32.75 0-45.25L338.8 288H32C14.33 288 .0016 273.7 .0016 256S14.33 224 32 224h306.8l-105.4-105.4c-12.5-12.5-12.5-32.75 0-45.25s32.75-12.5 45.25 0l160 160C451.1 245.9 451.1 266.1 438.6 278.6z\"><\/path><\/svg><\/span><\/a><\/div><\/div>\n<\/div><\/div>\n<\/div>\n\n\n\n<div class=\"wp-block-uagb-container uagb-block-9d1ab301 default uagb-is-root-container\">\n<div class=\"wp-block-uagb-image aligncenter uagb-block-f501cb8c wp-block-uagb-image--layout-default wp-block-uagb-image--effect-static wp-block-uagb-image--align-center\"><figure class=\"wp-block-uagb-image__figure\"><a class=\"\" href=\"https:\/\/dictator.se\/da\/produkter\/doerlukkere\/skydedoer-lukker-dictamat-50\/\" target=\"\" rel=\"noopener\"><img decoding=\"async\" srcset=\"https:\/\/dictator.se\/wp-content\/uploads\/2024\/04\/Skjutdorr-stangare-Dictamat-50-sjukhus-300x200.jpg ,https:\/\/dictator.se\/wp-content\/uploads\/2024\/04\/Skjutdorr-stangare-Dictamat-50-sjukhus.jpg 780w, https:\/\/dictator.se\/wp-content\/uploads\/2024\/04\/Skjutdorr-stangare-Dictamat-50-sjukhus.jpg 360w\" sizes=\"auto, (max-width: 480px) 150px\" src=\"https:\/\/dictator.se\/wp-content\/uploads\/2024\/04\/Skjutdorr-stangare-Dictamat-50-sjukhus-300x200.jpg\" alt=\"\" class=\"uag-image-3636\" width=\"300\" height=\"200\" title=\"Skjutdorr-stangare-Dictamat-50-sjukhus\" loading=\"lazy\" role=\"img\"\/><\/a><\/figure><\/div>\n\n\n\n<div class=\"wp-block-uagb-advanced-heading uagb-block-28a7878a\"><h4 class=\"uagb-heading-text\"><strong>DICTAMAT 50 p\u00e5 en skyded\u00f8r i et hospitalsmilj\u00f8<\/strong><\/h4><\/div>\n\n\n\n<p class=\"has-small-font-size\">DICTAMAT 50 er en enhed med fjederrulle og spj\u00e6ld indbygget, der er ideel til lukning af skyded\u00f8re.<\/p>\n\n\n\n<div class=\"wp-block-uagb-buttons uagb-buttons__outer-wrap uagb-btn__small-btn uagb-btn-tablet__default-btn uagb-btn-mobile__default-btn uagb-block-98be895a\"><div class=\"uagb-buttons__wrap uagb-buttons-layout-wrap \">\n<div class=\"wp-block-uagb-buttons-child uagb-buttons__outer-wrap uagb-block-3469ec2e wp-block-button\"><div class=\"uagb-button__wrapper\"><a class=\"uagb-buttons-repeater wp-block-button__link\" aria-label=\"\" href=\"https:\/\/dictator.se\/da\/produkter\/doerlukkere\/skydedoer-lukker-dictamat-50\/\" rel=\"follow noopener\" target=\"_self\" role=\"button\"><div class=\"uagb-button__link\">L\u00e6s mere her<\/div><span class=\"uagb-button__icon uagb-button__icon-position-after\"><svg xmlns=\"https:\/\/www.w3.org\/2000\/svg\" viewBox=\"0 0 448 512\" aria-hidden=\"true\" focussable=\"false\"><path d=\"M438.6 278.6l-160 160C272.4 444.9 264.2 448 256 448s-16.38-3.125-22.62-9.375c-12.5-12.5-12.5-32.75 0-45.25L338.8 288H32C14.33 288 .0016 273.7 .0016 256S14.33 224 32 224h306.8l-105.4-105.4c-12.5-12.5-12.5-32.75 0-45.25s32.75-12.5 45.25 0l160 160C451.1 245.9 451.1 266.1 438.6 278.6z\"><\/path><\/svg><\/span><\/a><\/div><\/div>\n<\/div><\/div>\n<\/div>\n\n\n\n<div class=\"wp-block-uagb-container uagb-block-c70fece3 default uagb-is-root-container\">\n<div class=\"wp-block-uagb-image aligncenter uagb-block-4c35a487 wp-block-uagb-image--layout-default wp-block-uagb-image--effect-static wp-block-uagb-image--align-center\"><figure class=\"wp-block-uagb-image__figure\"><a class=\"\" href=\"https:\/\/dictator.se\/da\/produkter\/doerlukkere\/doerholdere\/\" target=\"\" rel=\"noopener\"><img decoding=\"async\" srcset=\"https:\/\/dictator.se\/wp-content\/uploads\/2024\/04\/Dorrhallare-ZE60-applikation-300x200.jpg ,https:\/\/dictator.se\/wp-content\/uploads\/2024\/04\/Dorrhallare-ZE60-applikation.jpg 780w, https:\/\/dictator.se\/wp-content\/uploads\/2024\/04\/Dorrhallare-ZE60-applikation.jpg 360w\" sizes=\"auto, (max-width: 480px) 150px\" src=\"https:\/\/dictator.se\/wp-content\/uploads\/2024\/04\/Dorrhallare-ZE60-applikation-300x200.jpg\" alt=\"\" class=\"uag-image-3641\" width=\"300\" height=\"200\" title=\"Dorrhallare-ZE60-applikation\" loading=\"lazy\" role=\"img\"\/><\/a><\/figure><\/div>\n\n\n\n<div class=\"wp-block-uagb-advanced-heading uagb-block-22620b34\"><h4 class=\"uagb-heading-text\"><strong><strong><strong><strong><strong>D\u00f8rholder ZE holder d\u00f8ren \u00e5ben<\/strong><\/strong><\/strong><\/strong><\/strong><\/h4><\/div>\n\n\n\n<p class=\"has-small-font-size\">D\u00f8rholder ZE har et flot design og er en enkel l\u00f8sning til at holde en d\u00f8r \u00e5ben i enhver position.<\/p>\n\n\n\n<p class=\"has-small-font-size\"><a href=\"https:\/\/dictator.se\/da\/anvandning-av-dictators-dorrhallare\/\"><\/a><\/p>\n\n\n\n<div class=\"wp-block-uagb-buttons uagb-buttons__outer-wrap uagb-btn__small-btn uagb-btn-tablet__default-btn uagb-btn-mobile__default-btn uagb-block-48869bc9\"><div class=\"uagb-buttons__wrap uagb-buttons-layout-wrap \">\n<div class=\"wp-block-uagb-buttons-child uagb-buttons__outer-wrap uagb-block-0da19104 wp-block-button\"><div class=\"uagb-button__wrapper\"><a class=\"uagb-buttons-repeater wp-block-button__link\" aria-label=\"\" href=\"https:\/\/dictator.se\/da\/produkter\/doerlukkere\/doerholdere\/\" rel=\"follow noopener\" target=\"_self\" role=\"button\"><div class=\"uagb-button__link\">L\u00e6s mere her<\/div><span class=\"uagb-button__icon uagb-button__icon-position-after\"><svg xmlns=\"https:\/\/www.w3.org\/2000\/svg\" viewBox=\"0 0 448 512\" aria-hidden=\"true\" focussable=\"false\"><path d=\"M438.6 278.6l-160 160C272.4 444.9 264.2 448 256 448s-16.38-3.125-22.62-9.375c-12.5-12.5-12.5-32.75 0-45.25L338.8 288H32C14.33 288 .0016 273.7 .0016 256S14.33 224 32 224h306.8l-105.4-105.4c-12.5-12.5-12.5-32.75 0-45.25s32.75-12.5 45.25 0l160 160C451.1 245.9 451.1 266.1 438.6 278.6z\"><\/path><\/svg><\/span><\/a><\/div><\/div>\n<\/div><\/div>\n<\/div>\n<\/div><\/div>\n<\/div><\/div>\n<\/div><\/div>\n","protected":false},"excerpt":{"rendered":"","protected":false},"author":6,"featured_media":0,"parent":4210,"menu_order":0,"comment_status":"closed","ping_status":"closed","template":"","meta":{"_acf_changed":false,"_uag_custom_page_level_css":"","_genesis_hide_title":true,"_genesis_hide_breadcrumbs":false,"_genesis_hide_singular_image":false,"_genesis_hide_footer_widgets":false,"_genesis_custom_body_class":"","_genesis_custom_post_class":"","_genesis_layout":"","footnotes":""},"class_list":{"0":"post-4216","1":"page","2":"type-page","3":"status-publish","5":"entry"},"acf":[],"yoast_head":"<!-- This site is optimized with the Yoast SEO plugin v27.3 - https:\/\/yoast.com\/product\/yoast-seo-wordpress\/ -->\n<title>Referencer - D\u00f8rlukker - dictator.se<\/title>\n<meta name=\"description\" content=\"Referencer - med D\u00f8rlukker er en specialitet af DICTATOR. Nedenfor viser vi et udvalg af l\u00f8sninger med d\u00f8rlukkere til alle milj\u00f8er.\" \/>\n<meta name=\"robots\" content=\"index, follow, max-snippet:-1, max-image-preview:large, max-video-preview:-1\" \/>\n<link rel=\"canonical\" href=\"https:\/\/dictator.se\/da\/referencer\/referencer-doerlukker\/\" \/>\n<meta property=\"og:locale\" content=\"da_DK\" \/>\n<meta property=\"og:type\" content=\"article\" \/>\n<meta property=\"og:title\" content=\"Referencer - D\u00f8rlukker - dictator.se\" \/>\n<meta property=\"og:description\" content=\"Referencer - med D\u00f8rlukker er en specialitet af DICTATOR. Nedenfor viser vi et udvalg af l\u00f8sninger med d\u00f8rlukkere til alle milj\u00f8er.\" \/>\n<meta property=\"og:url\" content=\"https:\/\/dictator.se\/da\/referencer\/referencer-doerlukker\/\" \/>\n<meta property=\"og:site_name\" content=\"dictator.se\" \/>\n<meta property=\"article:modified_time\" content=\"2025-09-30T13:40:20+00:00\" \/>\n<meta property=\"og:image\" content=\"https:\/\/dictator.se\/wp-content\/uploads\/2024\/04\/Dorrdampare-skjukhus.jpg\" \/>\n<meta name=\"twitter:card\" content=\"summary_large_image\" \/>\n<meta name=\"twitter:label1\" content=\"Estimeret l\u00e6setid\" \/>\n\t<meta name=\"twitter:data1\" content=\"2 minutter\" \/>\n<script type=\"application\/ld+json\" class=\"yoast-schema-graph\">{\"@context\":\"https:\\\/\\\/schema.org\",\"@graph\":[{\"@type\":\"WebPage\",\"@id\":\"https:\\\/\\\/dictator.se\\\/da\\\/referencer\\\/referencer-doerlukker\\\/\",\"url\":\"https:\\\/\\\/dictator.se\\\/da\\\/referencer\\\/referencer-doerlukker\\\/\",\"name\":\"Referencer - D\u00f8rlukker - dictator.se\",\"isPartOf\":{\"@id\":\"https:\\\/\\\/dictator.se\\\/#website\"},\"primaryImageOfPage\":{\"@id\":\"https:\\\/\\\/dictator.se\\\/da\\\/referencer\\\/referencer-doerlukker\\\/#primaryimage\"},\"image\":{\"@id\":\"https:\\\/\\\/dictator.se\\\/da\\\/referencer\\\/referencer-doerlukker\\\/#primaryimage\"},\"thumbnailUrl\":\"https:\\\/\\\/dictator.se\\\/wp-content\\\/uploads\\\/2024\\\/04\\\/Dorrdampare-skjukhus.jpg\",\"datePublished\":\"2024-01-23T10:46:22+00:00\",\"dateModified\":\"2025-09-30T13:40:20+00:00\",\"description\":\"Referencer - med D\u00f8rlukker er en specialitet af DICTATOR. Nedenfor viser vi et udvalg af l\u00f8sninger med d\u00f8rlukkere til alle milj\u00f8er.\",\"breadcrumb\":{\"@id\":\"https:\\\/\\\/dictator.se\\\/da\\\/referencer\\\/referencer-doerlukker\\\/#breadcrumb\"},\"inLanguage\":\"da-DK\",\"potentialAction\":[{\"@type\":\"ReadAction\",\"target\":[\"https:\\\/\\\/dictator.se\\\/da\\\/referencer\\\/referencer-doerlukker\\\/\"]}]},{\"@type\":\"ImageObject\",\"inLanguage\":\"da-DK\",\"@id\":\"https:\\\/\\\/dictator.se\\\/da\\\/referencer\\\/referencer-doerlukker\\\/#primaryimage\",\"url\":\"https:\\\/\\\/dictator.se\\\/wp-content\\\/uploads\\\/2024\\\/04\\\/Dorrdampare-skjukhus.jpg\",\"contentUrl\":\"https:\\\/\\\/dictator.se\\\/wp-content\\\/uploads\\\/2024\\\/04\\\/Dorrdampare-skjukhus.jpg\"},{\"@type\":\"BreadcrumbList\",\"@id\":\"https:\\\/\\\/dictator.se\\\/da\\\/referencer\\\/referencer-doerlukker\\\/#breadcrumb\",\"itemListElement\":[{\"@type\":\"ListItem\",\"position\":1,\"name\":\"Home\",\"item\":\"https:\\\/\\\/dictator.se\\\/da\\\/\"},{\"@type\":\"ListItem\",\"position\":2,\"name\":\"Referencer\",\"item\":\"https:\\\/\\\/dictator.se\\\/da\\\/referencer\\\/\"},{\"@type\":\"ListItem\",\"position\":3,\"name\":\"Referencer &#8211; D\u00f8rlukker\"}]},{\"@type\":\"WebSite\",\"@id\":\"https:\\\/\\\/dictator.se\\\/#website\",\"url\":\"https:\\\/\\\/dictator.se\\\/\",\"name\":\"dictator.se\",\"description\":\"\",\"publisher\":{\"@id\":\"https:\\\/\\\/dictator.se\\\/#organization\"},\"potentialAction\":[{\"@type\":\"SearchAction\",\"target\":{\"@type\":\"EntryPoint\",\"urlTemplate\":\"https:\\\/\\\/dictator.se\\\/?s={search_term_string}\"},\"query-input\":{\"@type\":\"PropertyValueSpecification\",\"valueRequired\":true,\"valueName\":\"search_term_string\"}}],\"inLanguage\":\"da-DK\"},{\"@type\":\"Organization\",\"@id\":\"https:\\\/\\\/dictator.se\\\/#organization\",\"name\":\"dictator.se\",\"url\":\"https:\\\/\\\/dictator.se\\\/\",\"logo\":{\"@type\":\"ImageObject\",\"inLanguage\":\"da-DK\",\"@id\":\"https:\\\/\\\/dictator.se\\\/#\\\/schema\\\/logo\\\/image\\\/\",\"url\":\"https:\\\/\\\/dictator.se\\\/wp-content\\\/uploads\\\/2023\\\/12\\\/DICTATOR_Logo1.svg\",\"contentUrl\":\"https:\\\/\\\/dictator.se\\\/wp-content\\\/uploads\\\/2023\\\/12\\\/DICTATOR_Logo1.svg\",\"width\":377,\"height\":58,\"caption\":\"dictator.se\"},\"image\":{\"@id\":\"https:\\\/\\\/dictator.se\\\/#\\\/schema\\\/logo\\\/image\\\/\"}}]}<\/script>\n<!-- \/ Yoast SEO plugin. -->","yoast_head_json":{"title":"Referencer - D\u00f8rlukker - dictator.se","description":"Referencer - med D\u00f8rlukker er en specialitet af DICTATOR. Nedenfor viser vi et udvalg af l\u00f8sninger med d\u00f8rlukkere til alle milj\u00f8er.","robots":{"index":"index","follow":"follow","max-snippet":"max-snippet:-1","max-image-preview":"max-image-preview:large","max-video-preview":"max-video-preview:-1"},"canonical":"https:\/\/dictator.se\/da\/referencer\/referencer-doerlukker\/","og_locale":"da_DK","og_type":"article","og_title":"Referencer - D\u00f8rlukker - dictator.se","og_description":"Referencer - med D\u00f8rlukker er en specialitet af DICTATOR. Nedenfor viser vi et udvalg af l\u00f8sninger med d\u00f8rlukkere til alle milj\u00f8er.","og_url":"https:\/\/dictator.se\/da\/referencer\/referencer-doerlukker\/","og_site_name":"dictator.se","article_modified_time":"2025-09-30T13:40:20+00:00","og_image":[{"url":"https:\/\/dictator.se\/wp-content\/uploads\/2024\/04\/Dorrdampare-skjukhus.jpg","type":"","width":"","height":""}],"twitter_card":"summary_large_image","twitter_misc":{"Estimeret l\u00e6setid":"2 minutter"},"schema":{"@context":"https:\/\/schema.org","@graph":[{"@type":"WebPage","@id":"https:\/\/dictator.se\/da\/referencer\/referencer-doerlukker\/","url":"https:\/\/dictator.se\/da\/referencer\/referencer-doerlukker\/","name":"Referencer - D\u00f8rlukker - dictator.se","isPartOf":{"@id":"https:\/\/dictator.se\/#website"},"primaryImageOfPage":{"@id":"https:\/\/dictator.se\/da\/referencer\/referencer-doerlukker\/#primaryimage"},"image":{"@id":"https:\/\/dictator.se\/da\/referencer\/referencer-doerlukker\/#primaryimage"},"thumbnailUrl":"https:\/\/dictator.se\/wp-content\/uploads\/2024\/04\/Dorrdampare-skjukhus.jpg","datePublished":"2024-01-23T10:46:22+00:00","dateModified":"2025-09-30T13:40:20+00:00","description":"Referencer - med D\u00f8rlukker er en specialitet af DICTATOR. Nedenfor viser vi et udvalg af l\u00f8sninger med d\u00f8rlukkere til alle milj\u00f8er.","breadcrumb":{"@id":"https:\/\/dictator.se\/da\/referencer\/referencer-doerlukker\/#breadcrumb"},"inLanguage":"da-DK","potentialAction":[{"@type":"ReadAction","target":["https:\/\/dictator.se\/da\/referencer\/referencer-doerlukker\/"]}]},{"@type":"ImageObject","inLanguage":"da-DK","@id":"https:\/\/dictator.se\/da\/referencer\/referencer-doerlukker\/#primaryimage","url":"https:\/\/dictator.se\/wp-content\/uploads\/2024\/04\/Dorrdampare-skjukhus.jpg","contentUrl":"https:\/\/dictator.se\/wp-content\/uploads\/2024\/04\/Dorrdampare-skjukhus.jpg"},{"@type":"BreadcrumbList","@id":"https:\/\/dictator.se\/da\/referencer\/referencer-doerlukker\/#breadcrumb","itemListElement":[{"@type":"ListItem","position":1,"name":"Home","item":"https:\/\/dictator.se\/da\/"},{"@type":"ListItem","position":2,"name":"Referencer","item":"https:\/\/dictator.se\/da\/referencer\/"},{"@type":"ListItem","position":3,"name":"Referencer &#8211; D\u00f8rlukker"}]},{"@type":"WebSite","@id":"https:\/\/dictator.se\/#website","url":"https:\/\/dictator.se\/","name":"dictator.se","description":"","publisher":{"@id":"https:\/\/dictator.se\/#organization"},"potentialAction":[{"@type":"SearchAction","target":{"@type":"EntryPoint","urlTemplate":"https:\/\/dictator.se\/?s={search_term_string}"},"query-input":{"@type":"PropertyValueSpecification","valueRequired":true,"valueName":"search_term_string"}}],"inLanguage":"da-DK"},{"@type":"Organization","@id":"https:\/\/dictator.se\/#organization","name":"dictator.se","url":"https:\/\/dictator.se\/","logo":{"@type":"ImageObject","inLanguage":"da-DK","@id":"https:\/\/dictator.se\/#\/schema\/logo\/image\/","url":"https:\/\/dictator.se\/wp-content\/uploads\/2023\/12\/DICTATOR_Logo1.svg","contentUrl":"https:\/\/dictator.se\/wp-content\/uploads\/2023\/12\/DICTATOR_Logo1.svg","width":377,"height":58,"caption":"dictator.se"},"image":{"@id":"https:\/\/dictator.se\/#\/schema\/logo\/image\/"}}]}},"featured_image_src":null,"featured_image_src_square":null,"uagb_featured_image_src":{"full":false,"thumbnail":false,"medium":false,"medium_large":false,"large":false,"1536x1536":false,"2048x2048":false,"sidebar-featured":false,"genesis-singular-images":false,"gb-block-post-grid-landscape":false,"gb-block-post-grid-square":false},"uagb_author_info":{"display_name":"Sanna","author_link":"https:\/\/dictator.se\/da\/author\/sanna\/"},"uagb_comment_info":0,"uagb_excerpt":null,"_links":{"self":[{"href":"https:\/\/dictator.se\/da\/wp-json\/wp\/v2\/pages\/4216","targetHints":{"allow":["GET"]}}],"collection":[{"href":"https:\/\/dictator.se\/da\/wp-json\/wp\/v2\/pages"}],"about":[{"href":"https:\/\/dictator.se\/da\/wp-json\/wp\/v2\/types\/page"}],"author":[{"embeddable":true,"href":"https:\/\/dictator.se\/da\/wp-json\/wp\/v2\/users\/6"}],"replies":[{"embeddable":true,"href":"https:\/\/dictator.se\/da\/wp-json\/wp\/v2\/comments?post=4216"}],"version-history":[{"count":15,"href":"https:\/\/dictator.se\/da\/wp-json\/wp\/v2\/pages\/4216\/revisions"}],"predecessor-version":[{"id":7339,"href":"https:\/\/dictator.se\/da\/wp-json\/wp\/v2\/pages\/4216\/revisions\/7339"}],"up":[{"embeddable":true,"href":"https:\/\/dictator.se\/da\/wp-json\/wp\/v2\/pages\/4210"}],"wp:attachment":[{"href":"https:\/\/dictator.se\/da\/wp-json\/wp\/v2\/media?parent=4216"}],"curies":[{"name":"wp","href":"https:\/\/api.w.org\/{rel}","templated":true}]}}