{"id":4218,"date":"2024-01-22T14:16:49","date_gmt":"2024-01-22T13:16:49","guid":{"rendered":"https:\/\/dictator.se\/?page_id=4218"},"modified":"2025-09-30T15:52:33","modified_gmt":"2025-09-30T13:52:33","slug":"referencer-med-doerlukker-til-branddoere","status":"publish","type":"page","link":"https:\/\/dictator.se\/da\/referencer\/referencer-med-doerlukker-til-branddoere\/","title":{"rendered":"Referencer med d\u00f8rlukker til brandd\u00f8re"},"content":{"rendered":"\n<div class=\"wp-block-genesis-blocks-gb-columns gb-layout-columns-1 one-column\"><div class=\"gb-layout-column-wrap gb-block-layout-column-gap-2 gb-is-responsive-column\">\n<div class=\"wp-block-genesis-blocks-gb-column gb-block-layout-column\"><div class=\"gb-block-layout-column-inner\"><div class=\"yoast-breadcrumbs\"><span><span><a href=\"https:\/\/dictator.se\/da\/\">Home<\/a><\/span> \u00bb <span><a href=\"https:\/\/dictator.se\/da\/referencer\/\">Referencer<\/a><\/span> \u00bb <span class=\"breadcrumb_last\" aria-current=\"page\">Referencer med d\u00f8rlukker til brandd\u00f8re<\/span><\/span><\/div>\n\n\n<h1 class=\"wp-block-heading\" style=\"padding-top:var(--wp--preset--spacing--40);font-size:40px;text-transform:uppercase\">Referencer med d\u00f8rlukker til brandd\u00f8re<\/h1>\n\n\n\n<p>L\u00f8sninger med<a href=\"https:\/\/dictator.se\/da\/produkter\/doerlukkere-til-branddoere\/\" target=\"_blank\" rel=\"noreferrer noopener\"><strong>&nbsp;<\/strong><\/a><a href=\"https:\/\/dictator.se\/da\/produkter\/doerlukkere-til-branddoere\/\">d\u00f8rlukker til brandd\u00f8re og porte<\/a>&nbsp;fra DICTATOR har v\u00e6ret og er et synonym for navnet DICTATOR. I \u00e5rtier har forebyggende brandsikring v\u00e6ret et af diktatorens kerneomr\u00e5der. Referencer med d\u00f8rlukker til brandd\u00f8re \u2013 DICTATOR str\u00e6ber efter en perfekt brandsikring med h\u00f8j komfort for brugerne.<\/p>\n\n\n\n<p>Vi tilbyder en bred vifte af forskellige komponenter, der er godkendt i henhold til g\u00e6ldende standarder til at betjene b\u00e5de nye og eksisterende brandd\u00f8re. Gennem \u00e5rene har vi udviklet d\u00f8rlukkere eller operat\u00f8rer til b\u00e5de normale brandd\u00f8re og til store og tunge skyded\u00f8re. Vores produkter er velegnede til alt fra l\u00f8sninger til individuelle enheder til l\u00f8sninger med fuldautomatiske d\u00f8roperat\u00f8rer i erhvervsejendomme. Vi er specialister i l\u00f8ste problemer for store og tunge brandd\u00f8re, b\u00e5de skyded\u00f8re og h\u00e6nged\u00f8re.<\/p>\n\n\n\n<div class=\"wp-block-uagb-container uagb-layout-grid uagb-block-c42f61f0 alignfull uagb-is-root-container\"><div class=\"uagb-container-inner-blocks-wrap\">\n<div class=\"wp-block-uagb-container uagb-block-2151ad33 default uagb-is-root-container\">\n<div class=\"wp-block-uagb-image aligncenter uagb-block-c4f29346 wp-block-uagb-image--layout-default wp-block-uagb-image--effect-static wp-block-uagb-image--align-center\"><figure class=\"wp-block-uagb-image__figure\"><a class=\"\" href=\"https:\/\/dictator.se\/da\/dictator-oppnar-375-kg-tunga-branddorrar\/\" target=\"\" rel=\"noopener\"><img decoding=\"async\" srcset=\"https:\/\/dictator.se\/wp-content\/uploads\/2024\/04\/Dorroperatorer-teater.jpg ,https:\/\/dictator.se\/wp-content\/uploads\/2024\/04\/Dorroperatorer-teater.jpg 780w, https:\/\/dictator.se\/wp-content\/uploads\/2024\/04\/Dorroperatorer-teater.jpg 360w\" sizes=\"auto, (max-width: 480px) 150px\" src=\"https:\/\/dictator.se\/wp-content\/uploads\/2024\/04\/Dorroperatorer-teater.jpg\" alt=\"\" class=\"uag-image-3675\" width=\"300\" height=\"200\" title=\"Dorroperatorer-teater\" loading=\"lazy\" role=\"img\"\/><\/a><\/figure><\/div>\n\n\n\n<div class=\"wp-block-uagb-advanced-heading uagb-block-e1e05fc6\"><h4 class=\"uagb-heading-text\"><mark style=\"background-color:rgba(0, 0, 0, 0)\" class=\"has-inline-color has-ci-tertiary-color\"><strong><strong><strong>DICTATOR\u2019s d\u00f8r operat\u00f8rer \u00e5bne 375 kg tunge d\u00f8re i et teater<\/strong><\/strong><\/strong><\/mark><\/h4><\/div>\n\n\n\n<p class=\"has-small-font-size\">Det var vigtigt hurtigt at finde en p\u00e5lidelig l\u00f8sning, som opfyldte reglerne, fordi bygningsinspektionen havde opdaget, at der var mangler i brandsikringen p\u00e5 teateret. Hvis brandd\u00f8rene ikke var udstyret med automatiske operat\u00f8rer i henhold til g\u00e6ldende regler, ville teatret ikke have f\u00e5et lov til at starte op til en ny s\u00e6son.<\/p>\n\n\n\n<div class=\"wp-block-uagb-buttons uagb-buttons__outer-wrap uagb-btn__small-btn uagb-btn-tablet__default-btn uagb-btn-mobile__default-btn uagb-block-041cacdf\"><div class=\"uagb-buttons__wrap uagb-buttons-layout-wrap \">\n<div class=\"wp-block-uagb-buttons-child uagb-buttons__outer-wrap uagb-block-2690ebee wp-block-button\"><div class=\"uagb-button__wrapper\"><a class=\"uagb-buttons-repeater wp-block-button__link\" aria-label=\"\" href=\"https:\/\/dictator.se\/da\/dictator-oppnar-375-kg-tunga-branddorrar\/\" rel=\"follow noopener\" target=\"_self\" role=\"button\"><div class=\"uagb-button__link\">L\u00e6s mere her<\/div><span class=\"uagb-button__icon uagb-button__icon-position-after\"><svg xmlns=\"https:\/\/www.w3.org\/2000\/svg\" viewBox=\"0 0 448 512\" aria-hidden=\"true\" focussable=\"false\"><path d=\"M438.6 278.6l-160 160C272.4 444.9 264.2 448 256 448s-16.38-3.125-22.62-9.375c-12.5-12.5-12.5-32.75 0-45.25L338.8 288H32C14.33 288 .0016 273.7 .0016 256S14.33 224 32 224h306.8l-105.4-105.4c-12.5-12.5-12.5-32.75 0-45.25s32.75-12.5 45.25 0l160 160C451.1 245.9 451.1 266.1 438.6 278.6z\"><\/path><\/svg><\/span><\/a><\/div><\/div>\n<\/div><\/div>\n<\/div>\n\n\n\n<div class=\"wp-block-uagb-container uagb-block-c70fece3 default uagb-is-root-container\">\n<div class=\"wp-block-uagb-image aligncenter uagb-block-4c35a487 wp-block-uagb-image--layout-default wp-block-uagb-image--effect-static wp-block-uagb-image--align-center\"><figure class=\"wp-block-uagb-image__figure\"><a class=\"\" href=\"https:\/\/en.dictator.de\/referenzen\/door-operator-fire-protection-door-hazardous-area\/\" target=\"_blank\" rel=\"noreferrer noopener\"><img decoding=\"async\" srcset=\"https:\/\/dictator.se\/wp-content\/uploads\/2024\/04\/Automatisering-brandskjutdorrar-farliga-miljoer.jpg ,https:\/\/dictator.se\/wp-content\/uploads\/2024\/04\/Automatisering-brandskjutdorrar-farliga-miljoer.jpg 780w, https:\/\/dictator.se\/wp-content\/uploads\/2024\/04\/Automatisering-brandskjutdorrar-farliga-miljoer.jpg 360w\" sizes=\"auto, (max-width: 480px) 150px\" src=\"https:\/\/dictator.se\/wp-content\/uploads\/2024\/04\/Automatisering-brandskjutdorrar-farliga-miljoer.jpg\" alt=\"\" class=\"uag-image-3678\" width=\"300\" height=\"200\" title=\"Automatisering-brandskjutdorrar-farliga-miljoer\" loading=\"lazy\" role=\"img\"\/><\/a><\/figure><\/div>\n\n\n\n<div class=\"wp-block-uagb-advanced-heading uagb-block-22620b34\"><h4 class=\"uagb-heading-text\"><strong><strong><strong>L\u00f8sninger til brandd\u00f8re her i form af automatisering af skyded\u00f8re i farlige milj\u00f8er<\/strong><\/strong><\/strong><\/h4><\/div>\n\n\n\n<p class=\"has-small-font-size\">Vi hj\u00e6lper dig gerne med at designe en l\u00f8sning til dit brandsikrings-problem gratis.<\/p>\n\n\n\n<p class=\"has-small-font-size\"><a href=\"https:\/\/dictator.se\/da\/anvandning-av-dictators-dorrhallare\/\"><\/a><\/p>\n\n\n\n<div class=\"wp-block-uagb-buttons uagb-buttons__outer-wrap uagb-btn__small-btn uagb-btn-tablet__default-btn uagb-btn-mobile__default-btn uagb-block-48869bc9\"><div class=\"uagb-buttons__wrap uagb-buttons-layout-wrap \">\n<div class=\"wp-block-uagb-buttons-child uagb-buttons__outer-wrap uagb-block-0da19104 wp-block-button\"><div class=\"uagb-button__wrapper\"><a class=\"uagb-buttons-repeater wp-block-button__link\" aria-label=\"\" href=\"https:\/\/en.dictator.de\/referenzen\/door-operator-fire-protection-door-hazardous-area\/\" rel=\"follow noopener\" target=\"_blank\" role=\"button\"><div class=\"uagb-button__link\">L\u00e6s mere her<\/div><span class=\"uagb-button__icon uagb-button__icon-position-after\"><svg xmlns=\"https:\/\/www.w3.org\/2000\/svg\" viewBox=\"0 0 448 512\" aria-hidden=\"true\" focussable=\"false\"><path d=\"M256 64C256 46.33 270.3 32 288 32H415.1C415.1 32 415.1 32 415.1 32C420.3 32 424.5 32.86 428.2 34.43C431.1 35.98 435.5 38.27 438.6 41.3C438.6 41.35 438.6 41.4 438.7 41.44C444.9 47.66 447.1 55.78 448 63.9C448 63.94 448 63.97 448 64V192C448 209.7 433.7 224 416 224C398.3 224 384 209.7 384 192V141.3L214.6 310.6C202.1 323.1 181.9 323.1 169.4 310.6C156.9 298.1 156.9 277.9 169.4 265.4L338.7 96H288C270.3 96 256 81.67 256 64V64zM0 128C0 92.65 28.65 64 64 64H160C177.7 64 192 78.33 192 96C192 113.7 177.7 128 160 128H64V416H352V320C352 302.3 366.3 288 384 288C401.7 288 416 302.3 416 320V416C416 451.3 387.3 480 352 480H64C28.65 480 0 451.3 0 416V128z\"><\/path><\/svg><\/span><\/a><\/div><\/div>\n<\/div><\/div>\n<\/div>\n<\/div><\/div>\n\n\n\n<div class=\"wp-block-genesis-blocks-gb-columns gb-layout-columns-1 one-column\" style=\"margin-top:2%\"><div class=\"gb-layout-column-wrap gb-block-layout-column-gap-2 gb-is-responsive-column\">\n<div class=\"wp-block-genesis-blocks-gb-column gb-block-layout-column\"><div class=\"gb-block-layout-column-inner has-ci-quaternary-background-color\" style=\"padding-top:50px;padding-right:100px;padding-bottom:50px;padding-left:100px\">\n<div class=\"wp-block-genesis-blocks-gb-columns gb-layout-columns-2 gb-2-col-wideleft\"><div class=\"gb-layout-column-wrap gb-block-layout-column-gap-2 gb-is-responsive-column\">\n<div class=\"wp-block-genesis-blocks-gb-column gb-block-layout-column gb-is-vertically-aligned-center\"><div class=\"gb-block-layout-column-inner\">\n<h2 class=\"wp-block-heading has-large-font-size\"><strong><strong><strong>Teknisk service og r\u00e5dgivning:<\/strong><\/strong><\/strong><\/h2>\n\n\n\n<div class=\"wp-block-uagb-buttons uagb-buttons__outer-wrap uagb-btn__default-btn uagb-btn-tablet__default-btn uagb-btn-mobile__default-btn uagb-block-39eb0c0e\"><div class=\"uagb-buttons__wrap uagb-buttons-layout-wrap \">\n<div class=\"wp-block-uagb-buttons-child uagb-buttons__outer-wrap uagb-block-d206b251 wp-block-button\"><div class=\"uagb-button__wrapper\"><a class=\"uagb-buttons-repeater wp-block-button__link\" aria-label=\"\" href=\"https:\/\/dictator.se\/da\/kontakt-os\/\" rel=\"follow noopener\" target=\"_self\" role=\"button\"><div class=\"uagb-button__link\">Kontakt os For gratis r\u00e5dgivning<\/div><span class=\"uagb-button__icon uagb-button__icon-position-after\"><svg xmlns=\"https:\/\/www.w3.org\/2000\/svg\" viewBox=\"0 0 448 512\" aria-hidden=\"true\" focussable=\"false\"><path d=\"M438.6 278.6l-160 160C272.4 444.9 264.2 448 256 448s-16.38-3.125-22.62-9.375c-12.5-12.5-12.5-32.75 0-45.25L338.8 288H32C14.33 288 .0016 273.7 .0016 256S14.33 224 32 224h306.8l-105.4-105.4c-12.5-12.5-12.5-32.75 0-45.25s32.75-12.5 45.25 0l160 160C451.1 245.9 451.1 266.1 438.6 278.6z\"><\/path><\/svg><\/span><\/a><\/div><\/div>\n<\/div><\/div>\n<\/div><\/div>\n\n\n\n<div class=\"wp-block-genesis-blocks-gb-column gb-block-layout-column gb-is-vertically-aligned-center\"><div class=\"gb-block-layout-column-inner\">\n<div class=\"wp-block-uagb-image aligncenter uagb-block-d296d348 wp-block-uagb-image--layout-default wp-block-uagb-image--effect-static wp-block-uagb-image--align-center\"><figure class=\"wp-block-uagb-image__figure\"><img decoding=\"async\" srcset=\"https:\/\/dictator.se\/wp-content\/uploads\/2023\/12\/icon-service-150x150.png ,https:\/\/dictator.se\/wp-content\/uploads\/2023\/12\/icon-service.png 780w, https:\/\/dictator.se\/wp-content\/uploads\/2023\/12\/icon-service.png 360w\" sizes=\"auto, (max-width: 480px) 150px\" src=\"https:\/\/dictator.se\/wp-content\/uploads\/2023\/12\/icon-service-150x150.png\" alt=\"\" class=\"uag-image-203\" width=\"150\" height=\"150\" title=\"\" loading=\"lazy\" role=\"img\"\/><\/figure><\/div>\n<\/div><\/div>\n<\/div><\/div>\n<\/div><\/div>\n<\/div><\/div>\n<\/div><\/div>\n<\/div><\/div>\n","protected":false},"excerpt":{"rendered":"","protected":false},"author":6,"featured_media":0,"parent":4210,"menu_order":0,"comment_status":"closed","ping_status":"closed","template":"","meta":{"_acf_changed":false,"_uag_custom_page_level_css":"","_genesis_hide_title":true,"_genesis_hide_breadcrumbs":false,"_genesis_hide_singular_image":false,"_genesis_hide_footer_widgets":false,"_genesis_custom_body_class":"","_genesis_custom_post_class":"","_genesis_layout":"","footnotes":""},"class_list":{"0":"post-4218","1":"page","2":"type-page","3":"status-publish","5":"entry"},"acf":[],"yoast_head":"<!-- This site is optimized with the Yoast SEO plugin v27.4 - https:\/\/yoast.com\/product\/yoast-seo-wordpress\/ -->\n<title>Referencer med d\u00f8rlukker til brandd\u00f8re - dictator.se<\/title>\n<meta name=\"description\" content=\"Referencer med d\u00f8rlukker til brandd\u00f8re. DICTATOR str\u00e6ber efter en perfekt brandsikring med h\u00f8j komfort for brugerne.\" \/>\n<meta name=\"robots\" content=\"index, follow, max-snippet:-1, max-image-preview:large, max-video-preview:-1\" \/>\n<link rel=\"canonical\" href=\"https:\/\/dictator.se\/da\/referencer\/referencer-med-doerlukker-til-branddoere\/\" \/>\n<meta property=\"og:locale\" content=\"da_DK\" \/>\n<meta property=\"og:type\" content=\"article\" \/>\n<meta property=\"og:title\" content=\"Referencer med d\u00f8rlukker til brandd\u00f8re - dictator.se\" \/>\n<meta property=\"og:description\" content=\"Referencer med d\u00f8rlukker til brandd\u00f8re. DICTATOR str\u00e6ber efter en perfekt brandsikring med h\u00f8j komfort for brugerne.\" \/>\n<meta property=\"og:url\" content=\"https:\/\/dictator.se\/da\/referencer\/referencer-med-doerlukker-til-branddoere\/\" \/>\n<meta property=\"og:site_name\" content=\"dictator.se\" \/>\n<meta property=\"article:modified_time\" content=\"2025-09-30T13:52:33+00:00\" \/>\n<meta property=\"og:image\" content=\"https:\/\/dictator.se\/wp-content\/uploads\/2024\/04\/Dorroperatorer-teater.jpg\" \/>\n<meta name=\"twitter:card\" content=\"summary_large_image\" \/>\n<meta name=\"twitter:label1\" content=\"Estimeret l\u00e6setid\" \/>\n\t<meta name=\"twitter:data1\" content=\"2 minutter\" \/>\n<script type=\"application\/ld+json\" class=\"yoast-schema-graph\">{\"@context\":\"https:\\\/\\\/schema.org\",\"@graph\":[{\"@type\":\"WebPage\",\"@id\":\"https:\\\/\\\/dictator.se\\\/da\\\/referencer\\\/referencer-med-doerlukker-til-branddoere\\\/\",\"url\":\"https:\\\/\\\/dictator.se\\\/da\\\/referencer\\\/referencer-med-doerlukker-til-branddoere\\\/\",\"name\":\"Referencer med d\u00f8rlukker til brandd\u00f8re - dictator.se\",\"isPartOf\":{\"@id\":\"https:\\\/\\\/dictator.se\\\/#website\"},\"primaryImageOfPage\":{\"@id\":\"https:\\\/\\\/dictator.se\\\/da\\\/referencer\\\/referencer-med-doerlukker-til-branddoere\\\/#primaryimage\"},\"image\":{\"@id\":\"https:\\\/\\\/dictator.se\\\/da\\\/referencer\\\/referencer-med-doerlukker-til-branddoere\\\/#primaryimage\"},\"thumbnailUrl\":\"https:\\\/\\\/dictator.se\\\/wp-content\\\/uploads\\\/2024\\\/04\\\/Dorroperatorer-teater.jpg\",\"datePublished\":\"2024-01-22T13:16:49+00:00\",\"dateModified\":\"2025-09-30T13:52:33+00:00\",\"description\":\"Referencer med d\u00f8rlukker til brandd\u00f8re. DICTATOR str\u00e6ber efter en perfekt brandsikring med h\u00f8j komfort for brugerne.\",\"breadcrumb\":{\"@id\":\"https:\\\/\\\/dictator.se\\\/da\\\/referencer\\\/referencer-med-doerlukker-til-branddoere\\\/#breadcrumb\"},\"inLanguage\":\"da-DK\",\"potentialAction\":[{\"@type\":\"ReadAction\",\"target\":[\"https:\\\/\\\/dictator.se\\\/da\\\/referencer\\\/referencer-med-doerlukker-til-branddoere\\\/\"]}]},{\"@type\":\"ImageObject\",\"inLanguage\":\"da-DK\",\"@id\":\"https:\\\/\\\/dictator.se\\\/da\\\/referencer\\\/referencer-med-doerlukker-til-branddoere\\\/#primaryimage\",\"url\":\"https:\\\/\\\/dictator.se\\\/wp-content\\\/uploads\\\/2024\\\/04\\\/Dorroperatorer-teater.jpg\",\"contentUrl\":\"https:\\\/\\\/dictator.se\\\/wp-content\\\/uploads\\\/2024\\\/04\\\/Dorroperatorer-teater.jpg\"},{\"@type\":\"BreadcrumbList\",\"@id\":\"https:\\\/\\\/dictator.se\\\/da\\\/referencer\\\/referencer-med-doerlukker-til-branddoere\\\/#breadcrumb\",\"itemListElement\":[{\"@type\":\"ListItem\",\"position\":1,\"name\":\"Home\",\"item\":\"https:\\\/\\\/dictator.se\\\/da\\\/\"},{\"@type\":\"ListItem\",\"position\":2,\"name\":\"Referencer\",\"item\":\"https:\\\/\\\/dictator.se\\\/da\\\/referencer\\\/\"},{\"@type\":\"ListItem\",\"position\":3,\"name\":\"Referencer med d\u00f8rlukker til brandd\u00f8re\"}]},{\"@type\":\"WebSite\",\"@id\":\"https:\\\/\\\/dictator.se\\\/#website\",\"url\":\"https:\\\/\\\/dictator.se\\\/\",\"name\":\"dictator.se\",\"description\":\"\",\"publisher\":{\"@id\":\"https:\\\/\\\/dictator.se\\\/#organization\"},\"potentialAction\":[{\"@type\":\"SearchAction\",\"target\":{\"@type\":\"EntryPoint\",\"urlTemplate\":\"https:\\\/\\\/dictator.se\\\/?s={search_term_string}\"},\"query-input\":{\"@type\":\"PropertyValueSpecification\",\"valueRequired\":true,\"valueName\":\"search_term_string\"}}],\"inLanguage\":\"da-DK\"},{\"@type\":\"Organization\",\"@id\":\"https:\\\/\\\/dictator.se\\\/#organization\",\"name\":\"dictator.se\",\"url\":\"https:\\\/\\\/dictator.se\\\/\",\"logo\":{\"@type\":\"ImageObject\",\"inLanguage\":\"da-DK\",\"@id\":\"https:\\\/\\\/dictator.se\\\/#\\\/schema\\\/logo\\\/image\\\/\",\"url\":\"https:\\\/\\\/dictator.se\\\/wp-content\\\/uploads\\\/2023\\\/12\\\/DICTATOR_Logo1.svg\",\"contentUrl\":\"https:\\\/\\\/dictator.se\\\/wp-content\\\/uploads\\\/2023\\\/12\\\/DICTATOR_Logo1.svg\",\"width\":377,\"height\":58,\"caption\":\"dictator.se\"},\"image\":{\"@id\":\"https:\\\/\\\/dictator.se\\\/#\\\/schema\\\/logo\\\/image\\\/\"}}]}<\/script>\n<!-- \/ Yoast SEO plugin. -->","yoast_head_json":{"title":"Referencer med d\u00f8rlukker til brandd\u00f8re - dictator.se","description":"Referencer med d\u00f8rlukker til brandd\u00f8re. DICTATOR str\u00e6ber efter en perfekt brandsikring med h\u00f8j komfort for brugerne.","robots":{"index":"index","follow":"follow","max-snippet":"max-snippet:-1","max-image-preview":"max-image-preview:large","max-video-preview":"max-video-preview:-1"},"canonical":"https:\/\/dictator.se\/da\/referencer\/referencer-med-doerlukker-til-branddoere\/","og_locale":"da_DK","og_type":"article","og_title":"Referencer med d\u00f8rlukker til brandd\u00f8re - dictator.se","og_description":"Referencer med d\u00f8rlukker til brandd\u00f8re. DICTATOR str\u00e6ber efter en perfekt brandsikring med h\u00f8j komfort for brugerne.","og_url":"https:\/\/dictator.se\/da\/referencer\/referencer-med-doerlukker-til-branddoere\/","og_site_name":"dictator.se","article_modified_time":"2025-09-30T13:52:33+00:00","og_image":[{"url":"https:\/\/dictator.se\/wp-content\/uploads\/2024\/04\/Dorroperatorer-teater.jpg","type":"","width":"","height":""}],"twitter_card":"summary_large_image","twitter_misc":{"Estimeret l\u00e6setid":"2 minutter"},"schema":{"@context":"https:\/\/schema.org","@graph":[{"@type":"WebPage","@id":"https:\/\/dictator.se\/da\/referencer\/referencer-med-doerlukker-til-branddoere\/","url":"https:\/\/dictator.se\/da\/referencer\/referencer-med-doerlukker-til-branddoere\/","name":"Referencer med d\u00f8rlukker til brandd\u00f8re - dictator.se","isPartOf":{"@id":"https:\/\/dictator.se\/#website"},"primaryImageOfPage":{"@id":"https:\/\/dictator.se\/da\/referencer\/referencer-med-doerlukker-til-branddoere\/#primaryimage"},"image":{"@id":"https:\/\/dictator.se\/da\/referencer\/referencer-med-doerlukker-til-branddoere\/#primaryimage"},"thumbnailUrl":"https:\/\/dictator.se\/wp-content\/uploads\/2024\/04\/Dorroperatorer-teater.jpg","datePublished":"2024-01-22T13:16:49+00:00","dateModified":"2025-09-30T13:52:33+00:00","description":"Referencer med d\u00f8rlukker til brandd\u00f8re. DICTATOR str\u00e6ber efter en perfekt brandsikring med h\u00f8j komfort for brugerne.","breadcrumb":{"@id":"https:\/\/dictator.se\/da\/referencer\/referencer-med-doerlukker-til-branddoere\/#breadcrumb"},"inLanguage":"da-DK","potentialAction":[{"@type":"ReadAction","target":["https:\/\/dictator.se\/da\/referencer\/referencer-med-doerlukker-til-branddoere\/"]}]},{"@type":"ImageObject","inLanguage":"da-DK","@id":"https:\/\/dictator.se\/da\/referencer\/referencer-med-doerlukker-til-branddoere\/#primaryimage","url":"https:\/\/dictator.se\/wp-content\/uploads\/2024\/04\/Dorroperatorer-teater.jpg","contentUrl":"https:\/\/dictator.se\/wp-content\/uploads\/2024\/04\/Dorroperatorer-teater.jpg"},{"@type":"BreadcrumbList","@id":"https:\/\/dictator.se\/da\/referencer\/referencer-med-doerlukker-til-branddoere\/#breadcrumb","itemListElement":[{"@type":"ListItem","position":1,"name":"Home","item":"https:\/\/dictator.se\/da\/"},{"@type":"ListItem","position":2,"name":"Referencer","item":"https:\/\/dictator.se\/da\/referencer\/"},{"@type":"ListItem","position":3,"name":"Referencer med d\u00f8rlukker til brandd\u00f8re"}]},{"@type":"WebSite","@id":"https:\/\/dictator.se\/#website","url":"https:\/\/dictator.se\/","name":"dictator.se","description":"","publisher":{"@id":"https:\/\/dictator.se\/#organization"},"potentialAction":[{"@type":"SearchAction","target":{"@type":"EntryPoint","urlTemplate":"https:\/\/dictator.se\/?s={search_term_string}"},"query-input":{"@type":"PropertyValueSpecification","valueRequired":true,"valueName":"search_term_string"}}],"inLanguage":"da-DK"},{"@type":"Organization","@id":"https:\/\/dictator.se\/#organization","name":"dictator.se","url":"https:\/\/dictator.se\/","logo":{"@type":"ImageObject","inLanguage":"da-DK","@id":"https:\/\/dictator.se\/#\/schema\/logo\/image\/","url":"https:\/\/dictator.se\/wp-content\/uploads\/2023\/12\/DICTATOR_Logo1.svg","contentUrl":"https:\/\/dictator.se\/wp-content\/uploads\/2023\/12\/DICTATOR_Logo1.svg","width":377,"height":58,"caption":"dictator.se"},"image":{"@id":"https:\/\/dictator.se\/#\/schema\/logo\/image\/"}}]}},"featured_image_src":null,"featured_image_src_square":null,"uagb_featured_image_src":{"full":false,"thumbnail":false,"medium":false,"medium_large":false,"large":false,"1536x1536":false,"2048x2048":false,"sidebar-featured":false,"genesis-singular-images":false,"gb-block-post-grid-landscape":false,"gb-block-post-grid-square":false},"uagb_author_info":{"display_name":"Sanna","author_link":"https:\/\/dictator.se\/da\/author\/sanna\/"},"uagb_comment_info":0,"uagb_excerpt":null,"_links":{"self":[{"href":"https:\/\/dictator.se\/da\/wp-json\/wp\/v2\/pages\/4218","targetHints":{"allow":["GET"]}}],"collection":[{"href":"https:\/\/dictator.se\/da\/wp-json\/wp\/v2\/pages"}],"about":[{"href":"https:\/\/dictator.se\/da\/wp-json\/wp\/v2\/types\/page"}],"author":[{"embeddable":true,"href":"https:\/\/dictator.se\/da\/wp-json\/wp\/v2\/users\/6"}],"replies":[{"embeddable":true,"href":"https:\/\/dictator.se\/da\/wp-json\/wp\/v2\/comments?post=4218"}],"version-history":[{"count":10,"href":"https:\/\/dictator.se\/da\/wp-json\/wp\/v2\/pages\/4218\/revisions"}],"predecessor-version":[{"id":7358,"href":"https:\/\/dictator.se\/da\/wp-json\/wp\/v2\/pages\/4218\/revisions\/7358"}],"up":[{"embeddable":true,"href":"https:\/\/dictator.se\/da\/wp-json\/wp\/v2\/pages\/4210"}],"wp:attachment":[{"href":"https:\/\/dictator.se\/da\/wp-json\/wp\/v2\/media?parent=4218"}],"curies":[{"name":"wp","href":"https:\/\/api.w.org\/{rel}","templated":true}]}}