{"id":4220,"date":"2024-01-22T14:46:32","date_gmt":"2024-01-22T13:46:32","guid":{"rendered":"https:\/\/dictator.se\/?page_id=4220"},"modified":"2025-09-30T15:53:36","modified_gmt":"2025-09-30T13:53:36","slug":"referencer-doerlukker-til-porte-og-doere","status":"publish","type":"page","link":"https:\/\/dictator.se\/da\/referencer\/referencer-doerlukker-til-porte-og-doere\/","title":{"rendered":"Referencer &#8211; D\u00f8rlukker til porte og d\u00f8re"},"content":{"rendered":"\n<div class=\"wp-block-genesis-blocks-gb-columns gb-layout-columns-1 one-column\"><div class=\"gb-layout-column-wrap gb-block-layout-column-gap-2 gb-is-responsive-column\">\n<div class=\"wp-block-genesis-blocks-gb-column gb-block-layout-column\"><div class=\"gb-block-layout-column-inner\"><div class=\"yoast-breadcrumbs\"><span><span><a href=\"https:\/\/dictator.se\/da\/\">Home<\/a><\/span> \u00bb <span><a href=\"https:\/\/dictator.se\/da\/referencer\/\">Referencer<\/a><\/span> \u00bb <span class=\"breadcrumb_last\" aria-current=\"page\">Referencer &#8211; D\u00f8rlukker til porte og d\u00f8re<\/span><\/span><\/div>\n\n\n<h1 class=\"wp-block-heading\" style=\"padding-top:var(--wp--preset--spacing--40);font-size:40px;text-transform:uppercase\">Referencer \u2013 D\u00f8rlukker til porte og d\u00f8re<\/h1>\n\n\n\n<p>D\u00f8rlukker til porte og d\u00f8re \u2013 DICTATOR har specialiseret sig i l\u00f8sninger\u00a0<a href=\"https:\/\/dictator.se\/da\/produkter\/doerlukkere-til-skydedoere-og-doere\/\" target=\"_blank\" rel=\"noreferrer noopener\">med d\u00f8rlukker til porte og d\u00f8re<\/a>! Is\u00e6r til store og tunge skyded\u00f8re.<\/p>\n\n\n\n<p>DICTAMAT MultiMove er en modul\u00e6r d\u00f8roperat\u00f8r til skyded\u00f8re og er designet til at kunne automatisere meget store og tunge d\u00f8re.<\/p>\n\n\n\n<p>Vores sortiment omfatter d\u00f8r operat\u00f8rer til normale oph\u00e6ngte d\u00f8re og skyded\u00f8re.<\/p>\n\n\n\n<h3 class=\"wp-block-heading has-medium-font-size\">Eksempler p\u00e5 l\u00f8sninger<\/h3>\n\n\n\n<p>Nedenfor viser vi nogle eksempler p\u00e5 l\u00f8sninger, som vi har hjulpet vores kunder med, og her kan vi virkelig tale om heftig d\u00f8re, der skal h\u00e5ndteres. Vores dygtige teknikere i Tyskland m\u00e5tte virkelig arbejde h\u00e5rdt for at finde den optimale l\u00f8sning. Vi h\u00e5ber, at disse eksempler p\u00e5 l\u00f8sninger kan give dig ideer til, hvordan vores produkter til havne og d\u00f8re kan bruges.<\/p>\n\n\n\n<div class=\"wp-block-uagb-container uagb-layout-grid uagb-block-c42f61f0 alignfull uagb-is-root-container\"><div class=\"uagb-container-inner-blocks-wrap\">\n<div class=\"wp-block-uagb-container uagb-block-2151ad33 default uagb-is-root-container\">\n<div class=\"wp-block-uagb-image aligncenter uagb-block-c4f29346 wp-block-uagb-image--layout-default wp-block-uagb-image--effect-static wp-block-uagb-image--align-center\"><figure class=\"wp-block-uagb-image__figure\"><a class=\"\" href=\"https:\/\/dictator.se\/da\/dictamat-multimove-dorroppnare\/\" target=\"\" rel=\"noopener\"><img decoding=\"async\" srcset=\"https:\/\/dictator.se\/wp-content\/uploads\/2024\/04\/MultiMove-skjutport-bilhall.jpg ,https:\/\/dictator.se\/wp-content\/uploads\/2024\/04\/MultiMove-skjutport-bilhall.jpg 780w, https:\/\/dictator.se\/wp-content\/uploads\/2024\/04\/MultiMove-skjutport-bilhall.jpg 360w\" sizes=\"auto, (max-width: 480px) 150px\" src=\"https:\/\/dictator.se\/wp-content\/uploads\/2024\/04\/MultiMove-skjutport-bilhall.jpg\" alt=\"\" class=\"uag-image-3687\" width=\"300\" height=\"200\" title=\"MultiMove-skjutport-bilhall\" loading=\"lazy\" role=\"img\"\/><\/a><\/figure><\/div>\n\n\n\n<div class=\"wp-block-uagb-advanced-heading uagb-block-e1e05fc6\"><h4 class=\"uagb-heading-text\"><mark style=\"background-color:rgba(0, 0, 0, 0)\" class=\"has-inline-color has-ci-tertiary-color\"><strong><strong>DICTAMAT MultiMove g\u00f8r en tung indgangsd\u00f8r automatisk<\/strong><\/strong><\/mark><\/h4><\/div>\n\n\n\n<div class=\"wp-block-uagb-buttons uagb-buttons__outer-wrap uagb-btn__small-btn uagb-btn-tablet__default-btn uagb-btn-mobile__default-btn uagb-block-041cacdf\"><div class=\"uagb-buttons__wrap uagb-buttons-layout-wrap \">\n<div class=\"wp-block-uagb-buttons-child uagb-buttons__outer-wrap uagb-block-2690ebee wp-block-button\"><div class=\"uagb-button__wrapper\"><a class=\"uagb-buttons-repeater wp-block-button__link\" aria-label=\"\" href=\"https:\/\/dictator.se\/da\/dictamat-multimove-dorroppnare\/\" rel=\"follow noopener\" target=\"_self\" role=\"button\"><div class=\"uagb-button__link\">L\u00e6s mere her<\/div><span class=\"uagb-button__icon uagb-button__icon-position-after\"><svg xmlns=\"https:\/\/www.w3.org\/2000\/svg\" viewBox=\"0 0 448 512\" aria-hidden=\"true\" focussable=\"false\"><path d=\"M438.6 278.6l-160 160C272.4 444.9 264.2 448 256 448s-16.38-3.125-22.62-9.375c-12.5-12.5-12.5-32.75 0-45.25L338.8 288H32C14.33 288 .0016 273.7 .0016 256S14.33 224 32 224h306.8l-105.4-105.4c-12.5-12.5-12.5-32.75 0-45.25s32.75-12.5 45.25 0l160 160C451.1 245.9 451.1 266.1 438.6 278.6z\"><\/path><\/svg><\/span><\/a><\/div><\/div>\n<\/div><\/div>\n<\/div>\n\n\n\n<div class=\"wp-block-uagb-container uagb-block-9d1ab301 default uagb-is-root-container\">\n<div class=\"wp-block-uagb-image aligncenter uagb-block-f501cb8c wp-block-uagb-image--layout-default wp-block-uagb-image--effect-static wp-block-uagb-image--align-center\"><figure class=\"wp-block-uagb-image__figure\"><a class=\"\" href=\"https:\/\/dictator.se\/da\/dictamat-multimove-dorroperator\/\" target=\"\" rel=\"noopener\"><img decoding=\"async\" srcset=\"https:\/\/dictator.se\/wp-content\/uploads\/2024\/04\/MultiMove-dubbeldorr-torkugn-1.jpg ,https:\/\/dictator.se\/wp-content\/uploads\/2024\/04\/MultiMove-dubbeldorr-torkugn-1.jpg 780w, https:\/\/dictator.se\/wp-content\/uploads\/2024\/04\/MultiMove-dubbeldorr-torkugn-1.jpg 360w\" sizes=\"auto, (max-width: 480px) 150px\" src=\"https:\/\/dictator.se\/wp-content\/uploads\/2024\/04\/MultiMove-dubbeldorr-torkugn-1.jpg\" alt=\"\" class=\"uag-image-3696\" width=\"300\" height=\"200\" title=\"MultiMove-dubbeldorr-torkugn-1\" loading=\"lazy\" role=\"img\"\/><\/a><\/figure><\/div>\n\n\n\n<div class=\"wp-block-uagb-advanced-heading uagb-block-28a7878a\"><h4 class=\"uagb-heading-text\"><strong><strong><strong>DICTAMAT MultiMove p\u00e5 en dobbelt d\u00f8r til t\u00f8rring ovn<\/strong><\/strong><\/strong><\/h4><\/div>\n\n\n\n<div class=\"wp-block-uagb-buttons uagb-buttons__outer-wrap uagb-btn__small-btn uagb-btn-tablet__default-btn uagb-btn-mobile__default-btn uagb-block-98be895a\"><div class=\"uagb-buttons__wrap uagb-buttons-layout-wrap \">\n<div class=\"wp-block-uagb-buttons-child uagb-buttons__outer-wrap uagb-block-3469ec2e wp-block-button\"><div class=\"uagb-button__wrapper\"><a class=\"uagb-buttons-repeater wp-block-button__link\" aria-label=\"\" href=\"https:\/\/dictator.se\/da\/dictamat-multimove-dorroperator\/\" rel=\"follow noopener\" target=\"_self\" role=\"button\"><div class=\"uagb-button__link\">L\u00e6s mere her<\/div><span class=\"uagb-button__icon uagb-button__icon-position-after\"><svg xmlns=\"https:\/\/www.w3.org\/2000\/svg\" viewBox=\"0 0 448 512\" aria-hidden=\"true\" focussable=\"false\"><path d=\"M438.6 278.6l-160 160C272.4 444.9 264.2 448 256 448s-16.38-3.125-22.62-9.375c-12.5-12.5-12.5-32.75 0-45.25L338.8 288H32C14.33 288 .0016 273.7 .0016 256S14.33 224 32 224h306.8l-105.4-105.4c-12.5-12.5-12.5-32.75 0-45.25s32.75-12.5 45.25 0l160 160C451.1 245.9 451.1 266.1 438.6 278.6z\"><\/path><\/svg><\/span><\/a><\/div><\/div>\n<\/div><\/div>\n<\/div>\n\n\n\n<div class=\"wp-block-uagb-container uagb-block-c70fece3 default uagb-is-root-container\">\n<div class=\"wp-block-uagb-image aligncenter uagb-block-4c35a487 wp-block-uagb-image--layout-default wp-block-uagb-image--effect-static wp-block-uagb-image--align-center\"><figure class=\"wp-block-uagb-image__figure\"><a class=\"\" href=\"https:\/\/dictator.se\/da\/speciallosning-for-solskydd\/\" target=\"\" rel=\"noopener\"><img decoding=\"async\" srcset=\"https:\/\/dictator.se\/wp-content\/uploads\/2024\/04\/Automatisering-stora-solskydd-1.jpg ,https:\/\/dictator.se\/wp-content\/uploads\/2024\/04\/Automatisering-stora-solskydd-1.jpg 780w, https:\/\/dictator.se\/wp-content\/uploads\/2024\/04\/Automatisering-stora-solskydd-1.jpg 360w\" sizes=\"auto, (max-width: 480px) 150px\" src=\"https:\/\/dictator.se\/wp-content\/uploads\/2024\/04\/Automatisering-stora-solskydd-1.jpg\" alt=\"\" class=\"uag-image-3699\" width=\"300\" height=\"200\" title=\"Automatisering-stora-solskydd-1\" loading=\"lazy\" role=\"img\"\/><\/a><\/figure><\/div>\n\n\n\n<div class=\"wp-block-uagb-advanced-heading uagb-block-22620b34\"><h4 class=\"uagb-heading-text\"><strong><strong><strong>Automatisering af store udend\u00f8rs markiser<\/strong><\/strong><\/strong><\/h4><\/div>\n\n\n\n<p class=\"has-small-font-size\"><a href=\"https:\/\/dictator.se\/da\/anvandning-av-dictators-dorrhallare\/\"><\/a><\/p>\n\n\n\n<div class=\"wp-block-uagb-buttons uagb-buttons__outer-wrap uagb-btn__small-btn uagb-btn-tablet__default-btn uagb-btn-mobile__default-btn uagb-block-48869bc9\"><div class=\"uagb-buttons__wrap uagb-buttons-layout-wrap \">\n<div class=\"wp-block-uagb-buttons-child uagb-buttons__outer-wrap uagb-block-0da19104 wp-block-button\"><div class=\"uagb-button__wrapper\"><a class=\"uagb-buttons-repeater wp-block-button__link\" aria-label=\"\" href=\"https:\/\/dictator.se\/da\/speciallosning-for-solskydd\/\" rel=\"follow noopener\" target=\"_self\" role=\"button\"><div class=\"uagb-button__link\">L\u00e6s mere her<\/div><span class=\"uagb-button__icon uagb-button__icon-position-after\"><svg xmlns=\"https:\/\/www.w3.org\/2000\/svg\" viewBox=\"0 0 448 512\" aria-hidden=\"true\" focussable=\"false\"><path d=\"M438.6 278.6l-160 160C272.4 444.9 264.2 448 256 448s-16.38-3.125-22.62-9.375c-12.5-12.5-12.5-32.75 0-45.25L338.8 288H32C14.33 288 .0016 273.7 .0016 256S14.33 224 32 224h306.8l-105.4-105.4c-12.5-12.5-12.5-32.75 0-45.25s32.75-12.5 45.25 0l160 160C451.1 245.9 451.1 266.1 438.6 278.6z\"><\/path><\/svg><\/span><\/a><\/div><\/div>\n<\/div><\/div>\n<\/div>\n<\/div><\/div>\n\n\n\n<div class=\"wp-block-genesis-blocks-gb-columns gb-layout-columns-2 gb-2-col-wideleft\" style=\"margin-top:2%\"><div class=\"gb-layout-column-wrap gb-block-layout-column-gap-2 gb-is-responsive-column\">\n<div class=\"wp-block-genesis-blocks-gb-column gb-block-layout-column\"><div class=\"gb-block-layout-column-inner\">\n<h3 class=\"wp-block-heading has-medium-font-size\">DICTAMAT MultiMove g\u00f8r en tung indgangsd\u00f8r automatisk<\/h3>\n\n\n\n<p>Den store og tunge indgangsd\u00f8r var indtil videre blevet \u00e5bnet manuelt i bilforhandleren i van Mossel. Det tog en masse magt til at \u00e5bne og lukke d\u00f8ren, omkring 200 gange om dagen. Det er lige blevet for meget! Takket v\u00e6re DICTATOR, der er bestilt til at l\u00f8se problemet. En DICTAMAT MultiMove blev monteret og nu \u00e5bner og lukker d\u00f8ren helt automatisk.<\/p>\n\n\n\n<h3 class=\"wp-block-heading has-medium-font-size\">Data til skyded\u00f8ren<\/h3>\n\n\n\n<ul class=\"wp-block-list\">\n<li>4005 mm bred, 4550 mm h\u00f8j, v\u00e6gt ca. 900 kg<\/li>\n\n\n\n<li>Kraft kr\u00e6ves til manuel h\u00e5ndtering af d\u00f8ren: 400 N!<\/li>\n<\/ul>\n<\/div><\/div>\n\n\n\n<div class=\"wp-block-genesis-blocks-gb-column gb-block-layout-column\"><div class=\"gb-block-layout-column-inner\">\n<div class=\"wp-block-uagb-image uagb-block-215bb947 wp-block-uagb-image--layout-default wp-block-uagb-image--effect-static wp-block-uagb-image--align-none\"><figure class=\"wp-block-uagb-image__figure\"><img decoding=\"async\" srcset=\"https:\/\/dictator.se\/wp-content\/uploads\/2024\/04\/Broschyr-Door-Gate-Opreators--150x150.jpg ,https:\/\/dictator.se\/wp-content\/uploads\/2024\/04\/Broschyr-Door-Gate-Opreators-.jpg 780w, https:\/\/dictator.se\/wp-content\/uploads\/2024\/04\/Broschyr-Door-Gate-Opreators-.jpg 360w\" sizes=\"auto, (max-width: 480px) 150px\" src=\"https:\/\/dictator.se\/wp-content\/uploads\/2024\/04\/Broschyr-Door-Gate-Opreators--150x150.jpg\" alt=\"\" class=\"uag-image-3702\" width=\"150\" height=\"150\" title=\"Broschyr-Door-Gate-Opreators-\" loading=\"lazy\" role=\"img\"\/><\/figure><\/div>\n\n\n\n<p class=\"has-text-align-center has-small-font-size\"><a href=\"https:\/\/en.dictator.de\/wp-content\/uploads\/DICTATOR-Door-Gate-Operators.pdf\" target=\"_blank\" rel=\"noreferrer noopener\">Broschyr Door &amp; Gate Operators<\/a><\/p>\n<\/div><\/div>\n<\/div><\/div>\n\n\n\n<div class=\"wp-block-genesis-blocks-gb-columns gb-layout-columns-1 one-column\" style=\"margin-top:2%\"><div class=\"gb-layout-column-wrap gb-block-layout-column-gap-2 gb-is-responsive-column\">\n<div class=\"wp-block-genesis-blocks-gb-column gb-block-layout-column\"><div class=\"gb-block-layout-column-inner has-ci-quaternary-background-color\" style=\"padding-top:50px;padding-right:100px;padding-bottom:50px;padding-left:100px\">\n<div class=\"wp-block-genesis-blocks-gb-columns gb-layout-columns-2 gb-2-col-wideleft\"><div class=\"gb-layout-column-wrap gb-block-layout-column-gap-2 gb-is-responsive-column\">\n<div class=\"wp-block-genesis-blocks-gb-column gb-block-layout-column\"><div class=\"gb-block-layout-column-inner\">\n<h2 class=\"wp-block-heading has-large-font-size\"><strong><strong><strong>Teknisk r\u00e5dgivning &amp; service<\/strong><\/strong><\/strong><\/h2>\n\n\n\n<p class=\"has-medium-font-size\">Vi hj\u00e6lper gerne med r\u00e5dgivning og komplette l\u00f8sninger p\u00e5 dine d\u00f8rproblemer.<\/p>\n\n\n\n<div class=\"wp-block-uagb-buttons uagb-buttons__outer-wrap uagb-btn__default-btn uagb-btn-tablet__default-btn uagb-btn-mobile__default-btn uagb-block-39eb0c0e\"><div class=\"uagb-buttons__wrap uagb-buttons-layout-wrap \">\n<div class=\"wp-block-uagb-buttons-child uagb-buttons__outer-wrap uagb-block-d206b251 wp-block-button\"><div class=\"uagb-button__wrapper\"><a class=\"uagb-buttons-repeater wp-block-button__link\" aria-label=\"\" href=\"https:\/\/dictator.se\/da\/kontakt-os\/\" rel=\"follow noopener\" target=\"_self\" role=\"button\"><div class=\"uagb-button__link\">Kontakt os her<\/div><span class=\"uagb-button__icon uagb-button__icon-position-after\"><svg xmlns=\"https:\/\/www.w3.org\/2000\/svg\" viewBox=\"0 0 448 512\" aria-hidden=\"true\" focussable=\"false\"><path d=\"M438.6 278.6l-160 160C272.4 444.9 264.2 448 256 448s-16.38-3.125-22.62-9.375c-12.5-12.5-12.5-32.75 0-45.25L338.8 288H32C14.33 288 .0016 273.7 .0016 256S14.33 224 32 224h306.8l-105.4-105.4c-12.5-12.5-12.5-32.75 0-45.25s32.75-12.5 45.25 0l160 160C451.1 245.9 451.1 266.1 438.6 278.6z\"><\/path><\/svg><\/span><\/a><\/div><\/div>\n<\/div><\/div>\n<\/div><\/div>\n\n\n\n<div class=\"wp-block-genesis-blocks-gb-column gb-block-layout-column\"><div class=\"gb-block-layout-column-inner\">\n<div class=\"wp-block-uagb-image aligncenter uagb-block-d296d348 wp-block-uagb-image--layout-default wp-block-uagb-image--effect-static wp-block-uagb-image--align-center\"><figure class=\"wp-block-uagb-image__figure\"><img decoding=\"async\" srcset=\"https:\/\/dictator.se\/wp-content\/uploads\/2023\/12\/icon-service-150x150.png ,https:\/\/dictator.se\/wp-content\/uploads\/2023\/12\/icon-service.png 780w, https:\/\/dictator.se\/wp-content\/uploads\/2023\/12\/icon-service.png 360w\" sizes=\"auto, (max-width: 480px) 150px\" src=\"https:\/\/dictator.se\/wp-content\/uploads\/2023\/12\/icon-service-150x150.png\" alt=\"\" class=\"uag-image-203\" width=\"150\" height=\"150\" title=\"\" loading=\"lazy\" role=\"img\"\/><\/figure><\/div>\n<\/div><\/div>\n<\/div><\/div>\n<\/div><\/div>\n<\/div><\/div>\n<\/div><\/div>\n<\/div><\/div>\n","protected":false},"excerpt":{"rendered":"","protected":false},"author":6,"featured_media":0,"parent":4210,"menu_order":0,"comment_status":"closed","ping_status":"closed","template":"","meta":{"_acf_changed":false,"_uag_custom_page_level_css":"","_genesis_hide_title":true,"_genesis_hide_breadcrumbs":false,"_genesis_hide_singular_image":false,"_genesis_hide_footer_widgets":false,"_genesis_custom_body_class":"","_genesis_custom_post_class":"","_genesis_layout":"","footnotes":""},"class_list":{"0":"post-4220","1":"page","2":"type-page","3":"status-publish","5":"entry"},"acf":[],"yoast_head":"<!-- This site is optimized with the Yoast SEO plugin v27.4 - https:\/\/yoast.com\/product\/yoast-seo-wordpress\/ -->\n<title>Referencer - D\u00f8rlukker til porte og d\u00f8re - dictator.se<\/title>\n<meta name=\"description\" content=\"Referencer - D\u00f8rlukker til porte og d\u00f8re. Vores sortiment omfatter d\u00f8r operat\u00f8rer til normale oph\u00e6ngte d\u00f8re og skyded\u00f8re.\" \/>\n<meta name=\"robots\" content=\"index, follow, max-snippet:-1, max-image-preview:large, max-video-preview:-1\" \/>\n<link rel=\"canonical\" href=\"https:\/\/dictator.se\/da\/referencer\/referencer-doerlukker-til-porte-og-doere\/\" \/>\n<meta property=\"og:locale\" content=\"da_DK\" \/>\n<meta property=\"og:type\" content=\"article\" \/>\n<meta property=\"og:title\" content=\"Referencer - D\u00f8rlukker til porte og d\u00f8re - dictator.se\" \/>\n<meta property=\"og:description\" content=\"Referencer - D\u00f8rlukker til porte og d\u00f8re. Vores sortiment omfatter d\u00f8r operat\u00f8rer til normale oph\u00e6ngte d\u00f8re og skyded\u00f8re.\" \/>\n<meta property=\"og:url\" content=\"https:\/\/dictator.se\/da\/referencer\/referencer-doerlukker-til-porte-og-doere\/\" \/>\n<meta property=\"og:site_name\" content=\"dictator.se\" \/>\n<meta property=\"article:modified_time\" content=\"2025-09-30T13:53:36+00:00\" \/>\n<meta property=\"og:image\" content=\"https:\/\/dictator.se\/wp-content\/uploads\/2024\/04\/MultiMove-skjutport-bilhall.jpg\" \/>\n<meta name=\"twitter:card\" content=\"summary_large_image\" \/>\n<meta name=\"twitter:label1\" content=\"Estimeret l\u00e6setid\" \/>\n\t<meta name=\"twitter:data1\" content=\"3 minutter\" \/>\n<script type=\"application\/ld+json\" class=\"yoast-schema-graph\">{\"@context\":\"https:\\\/\\\/schema.org\",\"@graph\":[{\"@type\":\"WebPage\",\"@id\":\"https:\\\/\\\/dictator.se\\\/da\\\/referencer\\\/referencer-doerlukker-til-porte-og-doere\\\/\",\"url\":\"https:\\\/\\\/dictator.se\\\/da\\\/referencer\\\/referencer-doerlukker-til-porte-og-doere\\\/\",\"name\":\"Referencer - D\u00f8rlukker til porte og d\u00f8re - dictator.se\",\"isPartOf\":{\"@id\":\"https:\\\/\\\/dictator.se\\\/#website\"},\"primaryImageOfPage\":{\"@id\":\"https:\\\/\\\/dictator.se\\\/da\\\/referencer\\\/referencer-doerlukker-til-porte-og-doere\\\/#primaryimage\"},\"image\":{\"@id\":\"https:\\\/\\\/dictator.se\\\/da\\\/referencer\\\/referencer-doerlukker-til-porte-og-doere\\\/#primaryimage\"},\"thumbnailUrl\":\"https:\\\/\\\/dictator.se\\\/wp-content\\\/uploads\\\/2024\\\/04\\\/MultiMove-skjutport-bilhall.jpg\",\"datePublished\":\"2024-01-22T13:46:32+00:00\",\"dateModified\":\"2025-09-30T13:53:36+00:00\",\"description\":\"Referencer - D\u00f8rlukker til porte og d\u00f8re. Vores sortiment omfatter d\u00f8r operat\u00f8rer til normale oph\u00e6ngte d\u00f8re og skyded\u00f8re.\",\"breadcrumb\":{\"@id\":\"https:\\\/\\\/dictator.se\\\/da\\\/referencer\\\/referencer-doerlukker-til-porte-og-doere\\\/#breadcrumb\"},\"inLanguage\":\"da-DK\",\"potentialAction\":[{\"@type\":\"ReadAction\",\"target\":[\"https:\\\/\\\/dictator.se\\\/da\\\/referencer\\\/referencer-doerlukker-til-porte-og-doere\\\/\"]}]},{\"@type\":\"ImageObject\",\"inLanguage\":\"da-DK\",\"@id\":\"https:\\\/\\\/dictator.se\\\/da\\\/referencer\\\/referencer-doerlukker-til-porte-og-doere\\\/#primaryimage\",\"url\":\"https:\\\/\\\/dictator.se\\\/wp-content\\\/uploads\\\/2024\\\/04\\\/MultiMove-skjutport-bilhall.jpg\",\"contentUrl\":\"https:\\\/\\\/dictator.se\\\/wp-content\\\/uploads\\\/2024\\\/04\\\/MultiMove-skjutport-bilhall.jpg\"},{\"@type\":\"BreadcrumbList\",\"@id\":\"https:\\\/\\\/dictator.se\\\/da\\\/referencer\\\/referencer-doerlukker-til-porte-og-doere\\\/#breadcrumb\",\"itemListElement\":[{\"@type\":\"ListItem\",\"position\":1,\"name\":\"Home\",\"item\":\"https:\\\/\\\/dictator.se\\\/da\\\/\"},{\"@type\":\"ListItem\",\"position\":2,\"name\":\"Referencer\",\"item\":\"https:\\\/\\\/dictator.se\\\/da\\\/referencer\\\/\"},{\"@type\":\"ListItem\",\"position\":3,\"name\":\"Referencer &#8211; D\u00f8rlukker til porte og d\u00f8re\"}]},{\"@type\":\"WebSite\",\"@id\":\"https:\\\/\\\/dictator.se\\\/#website\",\"url\":\"https:\\\/\\\/dictator.se\\\/\",\"name\":\"dictator.se\",\"description\":\"\",\"publisher\":{\"@id\":\"https:\\\/\\\/dictator.se\\\/#organization\"},\"potentialAction\":[{\"@type\":\"SearchAction\",\"target\":{\"@type\":\"EntryPoint\",\"urlTemplate\":\"https:\\\/\\\/dictator.se\\\/?s={search_term_string}\"},\"query-input\":{\"@type\":\"PropertyValueSpecification\",\"valueRequired\":true,\"valueName\":\"search_term_string\"}}],\"inLanguage\":\"da-DK\"},{\"@type\":\"Organization\",\"@id\":\"https:\\\/\\\/dictator.se\\\/#organization\",\"name\":\"dictator.se\",\"url\":\"https:\\\/\\\/dictator.se\\\/\",\"logo\":{\"@type\":\"ImageObject\",\"inLanguage\":\"da-DK\",\"@id\":\"https:\\\/\\\/dictator.se\\\/#\\\/schema\\\/logo\\\/image\\\/\",\"url\":\"https:\\\/\\\/dictator.se\\\/wp-content\\\/uploads\\\/2023\\\/12\\\/DICTATOR_Logo1.svg\",\"contentUrl\":\"https:\\\/\\\/dictator.se\\\/wp-content\\\/uploads\\\/2023\\\/12\\\/DICTATOR_Logo1.svg\",\"width\":377,\"height\":58,\"caption\":\"dictator.se\"},\"image\":{\"@id\":\"https:\\\/\\\/dictator.se\\\/#\\\/schema\\\/logo\\\/image\\\/\"}}]}<\/script>\n<!-- \/ Yoast SEO plugin. -->","yoast_head_json":{"title":"Referencer - D\u00f8rlukker til porte og d\u00f8re - dictator.se","description":"Referencer - D\u00f8rlukker til porte og d\u00f8re. Vores sortiment omfatter d\u00f8r operat\u00f8rer til normale oph\u00e6ngte d\u00f8re og skyded\u00f8re.","robots":{"index":"index","follow":"follow","max-snippet":"max-snippet:-1","max-image-preview":"max-image-preview:large","max-video-preview":"max-video-preview:-1"},"canonical":"https:\/\/dictator.se\/da\/referencer\/referencer-doerlukker-til-porte-og-doere\/","og_locale":"da_DK","og_type":"article","og_title":"Referencer - D\u00f8rlukker til porte og d\u00f8re - dictator.se","og_description":"Referencer - D\u00f8rlukker til porte og d\u00f8re. Vores sortiment omfatter d\u00f8r operat\u00f8rer til normale oph\u00e6ngte d\u00f8re og skyded\u00f8re.","og_url":"https:\/\/dictator.se\/da\/referencer\/referencer-doerlukker-til-porte-og-doere\/","og_site_name":"dictator.se","article_modified_time":"2025-09-30T13:53:36+00:00","og_image":[{"url":"https:\/\/dictator.se\/wp-content\/uploads\/2024\/04\/MultiMove-skjutport-bilhall.jpg","type":"","width":"","height":""}],"twitter_card":"summary_large_image","twitter_misc":{"Estimeret l\u00e6setid":"3 minutter"},"schema":{"@context":"https:\/\/schema.org","@graph":[{"@type":"WebPage","@id":"https:\/\/dictator.se\/da\/referencer\/referencer-doerlukker-til-porte-og-doere\/","url":"https:\/\/dictator.se\/da\/referencer\/referencer-doerlukker-til-porte-og-doere\/","name":"Referencer - D\u00f8rlukker til porte og d\u00f8re - dictator.se","isPartOf":{"@id":"https:\/\/dictator.se\/#website"},"primaryImageOfPage":{"@id":"https:\/\/dictator.se\/da\/referencer\/referencer-doerlukker-til-porte-og-doere\/#primaryimage"},"image":{"@id":"https:\/\/dictator.se\/da\/referencer\/referencer-doerlukker-til-porte-og-doere\/#primaryimage"},"thumbnailUrl":"https:\/\/dictator.se\/wp-content\/uploads\/2024\/04\/MultiMove-skjutport-bilhall.jpg","datePublished":"2024-01-22T13:46:32+00:00","dateModified":"2025-09-30T13:53:36+00:00","description":"Referencer - D\u00f8rlukker til porte og d\u00f8re. Vores sortiment omfatter d\u00f8r operat\u00f8rer til normale oph\u00e6ngte d\u00f8re og skyded\u00f8re.","breadcrumb":{"@id":"https:\/\/dictator.se\/da\/referencer\/referencer-doerlukker-til-porte-og-doere\/#breadcrumb"},"inLanguage":"da-DK","potentialAction":[{"@type":"ReadAction","target":["https:\/\/dictator.se\/da\/referencer\/referencer-doerlukker-til-porte-og-doere\/"]}]},{"@type":"ImageObject","inLanguage":"da-DK","@id":"https:\/\/dictator.se\/da\/referencer\/referencer-doerlukker-til-porte-og-doere\/#primaryimage","url":"https:\/\/dictator.se\/wp-content\/uploads\/2024\/04\/MultiMove-skjutport-bilhall.jpg","contentUrl":"https:\/\/dictator.se\/wp-content\/uploads\/2024\/04\/MultiMove-skjutport-bilhall.jpg"},{"@type":"BreadcrumbList","@id":"https:\/\/dictator.se\/da\/referencer\/referencer-doerlukker-til-porte-og-doere\/#breadcrumb","itemListElement":[{"@type":"ListItem","position":1,"name":"Home","item":"https:\/\/dictator.se\/da\/"},{"@type":"ListItem","position":2,"name":"Referencer","item":"https:\/\/dictator.se\/da\/referencer\/"},{"@type":"ListItem","position":3,"name":"Referencer &#8211; D\u00f8rlukker til porte og d\u00f8re"}]},{"@type":"WebSite","@id":"https:\/\/dictator.se\/#website","url":"https:\/\/dictator.se\/","name":"dictator.se","description":"","publisher":{"@id":"https:\/\/dictator.se\/#organization"},"potentialAction":[{"@type":"SearchAction","target":{"@type":"EntryPoint","urlTemplate":"https:\/\/dictator.se\/?s={search_term_string}"},"query-input":{"@type":"PropertyValueSpecification","valueRequired":true,"valueName":"search_term_string"}}],"inLanguage":"da-DK"},{"@type":"Organization","@id":"https:\/\/dictator.se\/#organization","name":"dictator.se","url":"https:\/\/dictator.se\/","logo":{"@type":"ImageObject","inLanguage":"da-DK","@id":"https:\/\/dictator.se\/#\/schema\/logo\/image\/","url":"https:\/\/dictator.se\/wp-content\/uploads\/2023\/12\/DICTATOR_Logo1.svg","contentUrl":"https:\/\/dictator.se\/wp-content\/uploads\/2023\/12\/DICTATOR_Logo1.svg","width":377,"height":58,"caption":"dictator.se"},"image":{"@id":"https:\/\/dictator.se\/#\/schema\/logo\/image\/"}}]}},"featured_image_src":null,"featured_image_src_square":null,"uagb_featured_image_src":{"full":false,"thumbnail":false,"medium":false,"medium_large":false,"large":false,"1536x1536":false,"2048x2048":false,"sidebar-featured":false,"genesis-singular-images":false,"gb-block-post-grid-landscape":false,"gb-block-post-grid-square":false},"uagb_author_info":{"display_name":"Sanna","author_link":"https:\/\/dictator.se\/da\/author\/sanna\/"},"uagb_comment_info":0,"uagb_excerpt":null,"_links":{"self":[{"href":"https:\/\/dictator.se\/da\/wp-json\/wp\/v2\/pages\/4220","targetHints":{"allow":["GET"]}}],"collection":[{"href":"https:\/\/dictator.se\/da\/wp-json\/wp\/v2\/pages"}],"about":[{"href":"https:\/\/dictator.se\/da\/wp-json\/wp\/v2\/types\/page"}],"author":[{"embeddable":true,"href":"https:\/\/dictator.se\/da\/wp-json\/wp\/v2\/users\/6"}],"replies":[{"embeddable":true,"href":"https:\/\/dictator.se\/da\/wp-json\/wp\/v2\/comments?post=4220"}],"version-history":[{"count":8,"href":"https:\/\/dictator.se\/da\/wp-json\/wp\/v2\/pages\/4220\/revisions"}],"predecessor-version":[{"id":7360,"href":"https:\/\/dictator.se\/da\/wp-json\/wp\/v2\/pages\/4220\/revisions\/7360"}],"up":[{"embeddable":true,"href":"https:\/\/dictator.se\/da\/wp-json\/wp\/v2\/pages\/4210"}],"wp:attachment":[{"href":"https:\/\/dictator.se\/da\/wp-json\/wp\/v2\/media?parent=4220"}],"curies":[{"name":"wp","href":"https:\/\/api.w.org\/{rel}","templated":true}]}}