{"id":4228,"date":"2024-01-22T15:37:23","date_gmt":"2024-01-22T14:37:23","guid":{"rendered":"https:\/\/dictator.se\/?page_id=4228"},"modified":"2025-09-30T15:55:51","modified_gmt":"2025-09-30T13:55:51","slug":"referencer-interlocksystem","status":"publish","type":"page","link":"https:\/\/dictator.se\/da\/referencer\/referencer-interlocksystem\/","title":{"rendered":"Referencer &#8211; Interlocksystem"},"content":{"rendered":"\n<div class=\"wp-block-genesis-blocks-gb-columns gb-layout-columns-1 one-column\"><div class=\"gb-layout-column-wrap gb-block-layout-column-gap-2 gb-is-responsive-column\">\n<div class=\"wp-block-genesis-blocks-gb-column gb-block-layout-column\"><div class=\"gb-block-layout-column-inner\"><div class=\"yoast-breadcrumbs\"><span><span><a href=\"https:\/\/dictator.se\/da\/\">Home<\/a><\/span> \u00bb <span><a href=\"https:\/\/dictator.se\/da\/referencer\/\">Referencer<\/a><\/span> \u00bb <span class=\"breadcrumb_last\" aria-current=\"page\">Referencer &#8211; Interlocksystem<\/span><\/span><\/div>\n\n\n<h1 class=\"wp-block-heading\" style=\"padding-top:var(--wp--preset--spacing--40);font-size:40px;text-transform:uppercase\">ReferenCer \u2013 Interlocksystem<\/h1>\n\n\n\n<p>L\u00f8sninger med Interlock-systemer bruges oftest til rene-rum i industri, laboratorier og i hospitalsmilj\u00f8er. Referencer \u2013 Interlocksystem udm\u00e6rker sig ved, at de er nemme at installere, og fordi de ikke har brug for nogen kompliceret programmering. I stedet indstilles funktionerne nemt via DIP-switcher i styreenheden. De forskellige enheder i systemerne er forbundet via f\u00e6rdige kabler med RJ45-stik, hvilket g\u00f8r det meget nemt og hurtigt at installere systemerne og f\u00e5 dem til at fungere.<\/p>\n\n\n\n<div class=\"wp-block-uagb-container uagb-layout-grid uagb-block-c42f61f0 alignfull uagb-is-root-container\"><div class=\"uagb-container-inner-blocks-wrap\">\n<div class=\"wp-block-uagb-container uagb-block-2151ad33 default uagb-is-root-container\">\n<div class=\"wp-block-uagb-image aligncenter uagb-block-c4f29346 wp-block-uagb-image--layout-default wp-block-uagb-image--effect-static wp-block-uagb-image--align-center\"><figure class=\"wp-block-uagb-image__figure\"><a class=\"\" href=\"https:\/\/dictator.se\/da\/forreglingssystem-pa-sjukhus\/\" target=\"\" rel=\"noopener\"><img decoding=\"async\" srcset=\"https:\/\/dictator.se\/wp-content\/uploads\/2024\/04\/Sluss-System-tva-dorrar.jpg ,https:\/\/dictator.se\/wp-content\/uploads\/2024\/04\/Sluss-System-tva-dorrar.jpg 780w, https:\/\/dictator.se\/wp-content\/uploads\/2024\/04\/Sluss-System-tva-dorrar.jpg 360w\" sizes=\"auto, (max-width: 480px) 150px\" src=\"https:\/\/dictator.se\/wp-content\/uploads\/2024\/04\/Sluss-System-tva-dorrar.jpg\" alt=\"\" class=\"uag-image-3727\" width=\"300\" height=\"200\" title=\"Sluss-System-tva-dorrar\" loading=\"lazy\" role=\"img\"\/><\/a><\/figure><\/div>\n\n\n\n<div class=\"wp-block-uagb-advanced-heading uagb-block-e1e05fc6\"><h4 class=\"uagb-heading-text\"><mark style=\"background-color:rgba(0, 0, 0, 0)\" class=\"has-inline-color has-ci-tertiary-color\"><strong><strong>L\u00f8sning med Interlock-systemer p\u00e5 hospitaler<\/strong><\/strong><\/mark><\/h4><\/div>\n\n\n\n<div class=\"wp-block-uagb-buttons uagb-buttons__outer-wrap uagb-btn__small-btn uagb-btn-tablet__default-btn uagb-btn-mobile__default-btn uagb-block-041cacdf\"><div class=\"uagb-buttons__wrap uagb-buttons-layout-wrap \">\n<div class=\"wp-block-uagb-buttons-child uagb-buttons__outer-wrap uagb-block-2690ebee wp-block-button\"><div class=\"uagb-button__wrapper\"><a class=\"uagb-buttons-repeater wp-block-button__link\" aria-label=\"\" href=\"https:\/\/dictator.se\/da\/forreglingssystem-pa-sjukhus\/\" rel=\"follow noopener\" target=\"_self\" role=\"button\"><div class=\"uagb-button__link\">L\u00e6s mere her<\/div><span class=\"uagb-button__icon uagb-button__icon-position-after\"><svg xmlns=\"https:\/\/www.w3.org\/2000\/svg\" viewBox=\"0 0 448 512\" aria-hidden=\"true\" focussable=\"false\"><path d=\"M438.6 278.6l-160 160C272.4 444.9 264.2 448 256 448s-16.38-3.125-22.62-9.375c-12.5-12.5-12.5-32.75 0-45.25L338.8 288H32C14.33 288 .0016 273.7 .0016 256S14.33 224 32 224h306.8l-105.4-105.4c-12.5-12.5-12.5-32.75 0-45.25s32.75-12.5 45.25 0l160 160C451.1 245.9 451.1 266.1 438.6 278.6z\"><\/path><\/svg><\/span><\/a><\/div><\/div>\n<\/div><\/div>\n<\/div>\n\n\n\n<div class=\"wp-block-uagb-container uagb-block-9d1ab301 default uagb-is-root-container\">\n<div class=\"wp-block-uagb-image aligncenter uagb-block-f501cb8c wp-block-uagb-image--layout-default wp-block-uagb-image--effect-static wp-block-uagb-image--align-center\"><figure class=\"wp-block-uagb-image__figure\"><a class=\"\" href=\"https:\/\/dictator.se\/da\/med-dictators-forreglings-system-blir-installationen-nastan-latt-som-en-platt\/\" target=\"\" rel=\"noopener\"><img decoding=\"async\" srcset=\"https:\/\/dictator.se\/wp-content\/uploads\/2024\/04\/Interlock-Dorr-Nodutgang.jpg ,https:\/\/dictator.se\/wp-content\/uploads\/2024\/04\/Interlock-Dorr-Nodutgang.jpg 780w, https:\/\/dictator.se\/wp-content\/uploads\/2024\/04\/Interlock-Dorr-Nodutgang.jpg 360w\" sizes=\"auto, (max-width: 480px) 150px\" src=\"https:\/\/dictator.se\/wp-content\/uploads\/2024\/04\/Interlock-Dorr-Nodutgang.jpg\" alt=\"\" class=\"uag-image-3730\" width=\"300\" height=\"200\" title=\"Interlock-Dorr-Nodutgang\" loading=\"lazy\" role=\"img\"\/><\/a><\/figure><\/div>\n\n\n\n<div class=\"wp-block-uagb-advanced-heading uagb-block-28a7878a\"><h4 class=\"uagb-heading-text\"><strong><strong>Rene-rum udstyret med Interlock-system<\/strong><\/strong><\/h4><\/div>\n\n\n\n<div class=\"wp-block-uagb-buttons uagb-buttons__outer-wrap uagb-btn__small-btn uagb-btn-tablet__default-btn uagb-btn-mobile__default-btn uagb-block-98be895a\"><div class=\"uagb-buttons__wrap uagb-buttons-layout-wrap \">\n<div class=\"wp-block-uagb-buttons-child uagb-buttons__outer-wrap uagb-block-3469ec2e wp-block-button\"><div class=\"uagb-button__wrapper\"><a class=\"uagb-buttons-repeater wp-block-button__link\" aria-label=\"\" href=\"https:\/\/dictator.se\/da\/med-dictators-forreglings-system-blir-installationen-nastan-latt-som-en-platt\/\" rel=\"follow noopener\" target=\"_self\" role=\"button\"><div class=\"uagb-button__link\">L\u00e6s mere her<\/div><span class=\"uagb-button__icon uagb-button__icon-position-after\"><svg xmlns=\"https:\/\/www.w3.org\/2000\/svg\" viewBox=\"0 0 448 512\" aria-hidden=\"true\" focussable=\"false\"><path d=\"M438.6 278.6l-160 160C272.4 444.9 264.2 448 256 448s-16.38-3.125-22.62-9.375c-12.5-12.5-12.5-32.75 0-45.25L338.8 288H32C14.33 288 .0016 273.7 .0016 256S14.33 224 32 224h306.8l-105.4-105.4c-12.5-12.5-12.5-32.75 0-45.25s32.75-12.5 45.25 0l160 160C451.1 245.9 451.1 266.1 438.6 278.6z\"><\/path><\/svg><\/span><\/a><\/div><\/div>\n<\/div><\/div>\n<\/div>\n\n\n\n<div class=\"wp-block-uagb-container uagb-block-c70fece3 default uagb-is-root-container\">\n<div class=\"wp-block-uagb-image aligncenter uagb-block-4c35a487 wp-block-uagb-image--layout-default wp-block-uagb-image--effect-static wp-block-uagb-image--align-center\"><figure class=\"wp-block-uagb-image__figure\"><a class=\"\" href=\"https:\/\/dictator.se\/da\/forreglings-system-vid-university-clinical-centre-st-polten-osterrike\/\" target=\"\" rel=\"noopener\"><img decoding=\"async\" srcset=\"https:\/\/dictator.se\/wp-content\/uploads\/2024\/04\/Interlock-system-rengor-rum.jpg ,https:\/\/dictator.se\/wp-content\/uploads\/2024\/04\/Interlock-system-rengor-rum.jpg 780w, https:\/\/dictator.se\/wp-content\/uploads\/2024\/04\/Interlock-system-rengor-rum.jpg 360w\" sizes=\"auto, (max-width: 480px) 150px\" src=\"https:\/\/dictator.se\/wp-content\/uploads\/2024\/04\/Interlock-system-rengor-rum.jpg\" alt=\"\" class=\"uag-image-3733\" width=\"300\" height=\"200\" title=\"Interlock-system-rengor-rum\" loading=\"lazy\" role=\"img\"\/><\/a><\/figure><\/div>\n\n\n\n<div class=\"wp-block-uagb-advanced-heading uagb-block-22620b34\"><h4 class=\"uagb-heading-text\"><strong><strong>Interlock system til rene-rum<\/strong><\/strong><\/h4><\/div>\n\n\n\n<p class=\"has-small-font-size\"><a href=\"https:\/\/dictator.se\/da\/anvandning-av-dictators-dorrhallare\/\"><\/a><\/p>\n\n\n\n<div class=\"wp-block-uagb-buttons uagb-buttons__outer-wrap uagb-btn__small-btn uagb-btn-tablet__default-btn uagb-btn-mobile__default-btn uagb-block-48869bc9\"><div class=\"uagb-buttons__wrap uagb-buttons-layout-wrap \">\n<div class=\"wp-block-uagb-buttons-child uagb-buttons__outer-wrap uagb-block-0da19104 wp-block-button\"><div class=\"uagb-button__wrapper\"><a class=\"uagb-buttons-repeater wp-block-button__link\" aria-label=\"\" href=\"https:\/\/dictator.se\/da\/forreglings-system-vid-university-clinical-centre-st-polten-osterrike\/\" rel=\"follow noopener\" target=\"_self\" role=\"button\"><div class=\"uagb-button__link\">L\u00e6s mere her<\/div><span class=\"uagb-button__icon uagb-button__icon-position-after\"><svg xmlns=\"https:\/\/www.w3.org\/2000\/svg\" viewBox=\"0 0 448 512\" aria-hidden=\"true\" focussable=\"false\"><path d=\"M438.6 278.6l-160 160C272.4 444.9 264.2 448 256 448s-16.38-3.125-22.62-9.375c-12.5-12.5-12.5-32.75 0-45.25L338.8 288H32C14.33 288 .0016 273.7 .0016 256S14.33 224 32 224h306.8l-105.4-105.4c-12.5-12.5-12.5-32.75 0-45.25s32.75-12.5 45.25 0l160 160C451.1 245.9 451.1 266.1 438.6 278.6z\"><\/path><\/svg><\/span><\/a><\/div><\/div>\n<\/div><\/div>\n<\/div>\n<\/div><\/div>\n\n\n\n<p style=\"padding-top:var(--wp--preset--spacing--40)\">Infektioner, der erhverves oftere og oftere p\u00e5 hospitaler, bliver et alvorligt og mere almindeligt problem mange steder. P\u00e5 Hospitalet Medisch Centrum Leeuwarden-MCL Harlingen i det nordlige Holland blev hele operationsafdelingen p\u00e5 anden sal opdateret med diktatorens sikringssystem. Systemet sikrer, at d\u00f8re til bestemte omr\u00e5der kun kan \u00e5bnes, n\u00e5r andre d\u00f8re er lukkede. Dette forhindrer en utilsigtet spredning af bakterier, hvilket i v\u00e6sentlig grad letter arbejdet p\u00e5 den kirurgiske afdeling og hele hospitalet.<\/p>\n\n\n\n<h2 class=\"wp-block-heading has-large-font-size\">L\u00f8sninger med Interlocksystem \u2013 Fordelene:<\/h2>\n\n\n\n<p>Den store fordel ved DICTATOR\u2019s systemer er, at de ikke indeholder en central enhed, der kr\u00e6ver kompliceret programmering! Simple DIP-switcher i styreenhederne g\u00f8r programmeringen meget nem og nem at \u00e6ndre, hvis det er n\u00f8dvendigt. Disse fordele g\u00f8r systemerne b\u00e5de billige at k\u00f8be, installere og implementere!<\/p>\n\n\n\n<h2 class=\"wp-block-heading has-large-font-size\">L\u00f8sninger med Interlocksystem \u2013 Forskellige systemer:<\/h2>\n\n\n\n<p>Der er systemer til en centraliseret l\u00f8sning, hvor d\u00f8rene er godt samlet, hvilket vil v\u00e6re meget overkommeligt. En l\u00f8sning med et decentralt system er bedst egnet, hvor der er l\u00e6ngere afstand mellem d\u00f8rene. Der er ogs\u00e5 systemer, der er specielt tilpasset til Ex-milj\u00f8.<\/p>\n\n\n\n<div class=\"wp-block-genesis-blocks-gb-columns gb-layout-columns-1 one-column\"><div class=\"gb-layout-column-wrap gb-block-layout-column-gap-2 gb-is-responsive-column\">\n<div class=\"wp-block-genesis-blocks-gb-column gb-block-layout-column\"><div class=\"gb-block-layout-column-inner has-ci-quaternary-background-color\" style=\"padding-top:50px;padding-right:100px;padding-bottom:50px;padding-left:100px\">\n<div class=\"wp-block-genesis-blocks-gb-columns gb-layout-columns-2 gb-2-col-wideleft\"><div class=\"gb-layout-column-wrap gb-block-layout-column-gap-2 gb-is-responsive-column\">\n<div class=\"wp-block-genesis-blocks-gb-column gb-block-layout-column\"><div class=\"gb-block-layout-column-inner\">\n<h2 class=\"wp-block-heading has-large-font-size\"><strong><strong>Teknisk support og r\u00e5dgivning<\/strong><\/strong><\/h2>\n\n\n\n<p class=\"has-medium-font-size\">Vi hj\u00e6lper gerne med at designe dit interlock-system efter dine \u00f8nsker og krav, for en optimal l\u00f8sning. B\u00e5de teknisk og ikke mindst \u00f8konomisk.<\/p>\n\n\n\n<div class=\"wp-block-uagb-buttons uagb-buttons__outer-wrap uagb-btn__default-btn uagb-btn-tablet__default-btn uagb-btn-mobile__default-btn uagb-block-39eb0c0e\"><div class=\"uagb-buttons__wrap uagb-buttons-layout-wrap \">\n<div class=\"wp-block-uagb-buttons-child uagb-buttons__outer-wrap uagb-block-d206b251 wp-block-button\"><div class=\"uagb-button__wrapper\"><a class=\"uagb-buttons-repeater wp-block-button__link\" aria-label=\"\" href=\"https:\/\/dictator.se\/da\/kontakt-os\/\" rel=\"follow noopener\" target=\"_self\" role=\"button\"><div class=\"uagb-button__link\">Kontakt os her<\/div><span class=\"uagb-button__icon uagb-button__icon-position-after\"><svg xmlns=\"https:\/\/www.w3.org\/2000\/svg\" viewBox=\"0 0 448 512\" aria-hidden=\"true\" focussable=\"false\"><path d=\"M438.6 278.6l-160 160C272.4 444.9 264.2 448 256 448s-16.38-3.125-22.62-9.375c-12.5-12.5-12.5-32.75 0-45.25L338.8 288H32C14.33 288 .0016 273.7 .0016 256S14.33 224 32 224h306.8l-105.4-105.4c-12.5-12.5-12.5-32.75 0-45.25s32.75-12.5 45.25 0l160 160C451.1 245.9 451.1 266.1 438.6 278.6z\"><\/path><\/svg><\/span><\/a><\/div><\/div>\n<\/div><\/div>\n<\/div><\/div>\n\n\n\n<div class=\"wp-block-genesis-blocks-gb-column gb-block-layout-column\"><div class=\"gb-block-layout-column-inner\">\n<div class=\"wp-block-uagb-image aligncenter uagb-block-d296d348 wp-block-uagb-image--layout-default wp-block-uagb-image--effect-static wp-block-uagb-image--align-center\"><figure class=\"wp-block-uagb-image__figure\"><img decoding=\"async\" srcset=\"https:\/\/dictator.se\/wp-content\/uploads\/2023\/12\/icon-service-150x150.png ,https:\/\/dictator.se\/wp-content\/uploads\/2023\/12\/icon-service.png 780w, https:\/\/dictator.se\/wp-content\/uploads\/2023\/12\/icon-service.png 360w\" sizes=\"auto, (max-width: 480px) 150px\" src=\"https:\/\/dictator.se\/wp-content\/uploads\/2023\/12\/icon-service-150x150.png\" alt=\"\" class=\"uag-image-203\" width=\"150\" height=\"150\" title=\"\" loading=\"lazy\" role=\"img\"\/><\/figure><\/div>\n<\/div><\/div>\n<\/div><\/div>\n<\/div><\/div>\n<\/div><\/div>\n<\/div><\/div>\n<\/div><\/div>\n","protected":false},"excerpt":{"rendered":"","protected":false},"author":6,"featured_media":0,"parent":4210,"menu_order":0,"comment_status":"closed","ping_status":"closed","template":"","meta":{"_acf_changed":false,"_uag_custom_page_level_css":"","_genesis_hide_title":true,"_genesis_hide_breadcrumbs":false,"_genesis_hide_singular_image":false,"_genesis_hide_footer_widgets":false,"_genesis_custom_body_class":"","_genesis_custom_post_class":"","_genesis_layout":"","footnotes":""},"class_list":{"0":"post-4228","1":"page","2":"type-page","3":"status-publish","5":"entry"},"acf":[],"yoast_head":"<!-- This site is optimized with the Yoast SEO plugin v27.3 - https:\/\/yoast.com\/product\/yoast-seo-wordpress\/ -->\n<title>Referencer - Interlocksystem - dictator.se<\/title>\n<meta name=\"description\" content=\"Referencer - Interlocksystem bruges oftest til rene-rum i industri, laboratorier og i hospitalsmilj\u00f8er med mere\" \/>\n<meta name=\"robots\" content=\"index, follow, max-snippet:-1, max-image-preview:large, max-video-preview:-1\" \/>\n<link rel=\"canonical\" href=\"https:\/\/dictator.se\/da\/referencer\/referencer-interlocksystem\/\" \/>\n<meta property=\"og:locale\" content=\"da_DK\" \/>\n<meta property=\"og:type\" content=\"article\" \/>\n<meta property=\"og:title\" content=\"Referencer - Interlocksystem - dictator.se\" \/>\n<meta property=\"og:description\" content=\"Referencer - Interlocksystem bruges oftest til rene-rum i industri, laboratorier og i hospitalsmilj\u00f8er med mere\" \/>\n<meta property=\"og:url\" content=\"https:\/\/dictator.se\/da\/referencer\/referencer-interlocksystem\/\" \/>\n<meta property=\"og:site_name\" content=\"dictator.se\" \/>\n<meta property=\"article:modified_time\" content=\"2025-09-30T13:55:51+00:00\" \/>\n<meta property=\"og:image\" content=\"https:\/\/dictator.se\/wp-content\/uploads\/2024\/04\/Sluss-System-tva-dorrar.jpg\" \/>\n<meta name=\"twitter:card\" content=\"summary_large_image\" \/>\n<meta name=\"twitter:label1\" content=\"Estimeret l\u00e6setid\" \/>\n\t<meta name=\"twitter:data1\" content=\"3 minutter\" \/>\n<script type=\"application\/ld+json\" class=\"yoast-schema-graph\">{\"@context\":\"https:\\\/\\\/schema.org\",\"@graph\":[{\"@type\":\"WebPage\",\"@id\":\"https:\\\/\\\/dictator.se\\\/da\\\/referencer\\\/referencer-interlocksystem\\\/\",\"url\":\"https:\\\/\\\/dictator.se\\\/da\\\/referencer\\\/referencer-interlocksystem\\\/\",\"name\":\"Referencer - Interlocksystem - dictator.se\",\"isPartOf\":{\"@id\":\"https:\\\/\\\/dictator.se\\\/#website\"},\"primaryImageOfPage\":{\"@id\":\"https:\\\/\\\/dictator.se\\\/da\\\/referencer\\\/referencer-interlocksystem\\\/#primaryimage\"},\"image\":{\"@id\":\"https:\\\/\\\/dictator.se\\\/da\\\/referencer\\\/referencer-interlocksystem\\\/#primaryimage\"},\"thumbnailUrl\":\"https:\\\/\\\/dictator.se\\\/wp-content\\\/uploads\\\/2024\\\/04\\\/Sluss-System-tva-dorrar.jpg\",\"datePublished\":\"2024-01-22T14:37:23+00:00\",\"dateModified\":\"2025-09-30T13:55:51+00:00\",\"description\":\"Referencer - Interlocksystem bruges oftest til rene-rum i industri, laboratorier og i hospitalsmilj\u00f8er med mere\",\"breadcrumb\":{\"@id\":\"https:\\\/\\\/dictator.se\\\/da\\\/referencer\\\/referencer-interlocksystem\\\/#breadcrumb\"},\"inLanguage\":\"da-DK\",\"potentialAction\":[{\"@type\":\"ReadAction\",\"target\":[\"https:\\\/\\\/dictator.se\\\/da\\\/referencer\\\/referencer-interlocksystem\\\/\"]}]},{\"@type\":\"ImageObject\",\"inLanguage\":\"da-DK\",\"@id\":\"https:\\\/\\\/dictator.se\\\/da\\\/referencer\\\/referencer-interlocksystem\\\/#primaryimage\",\"url\":\"https:\\\/\\\/dictator.se\\\/wp-content\\\/uploads\\\/2024\\\/04\\\/Sluss-System-tva-dorrar.jpg\",\"contentUrl\":\"https:\\\/\\\/dictator.se\\\/wp-content\\\/uploads\\\/2024\\\/04\\\/Sluss-System-tva-dorrar.jpg\"},{\"@type\":\"BreadcrumbList\",\"@id\":\"https:\\\/\\\/dictator.se\\\/da\\\/referencer\\\/referencer-interlocksystem\\\/#breadcrumb\",\"itemListElement\":[{\"@type\":\"ListItem\",\"position\":1,\"name\":\"Home\",\"item\":\"https:\\\/\\\/dictator.se\\\/da\\\/\"},{\"@type\":\"ListItem\",\"position\":2,\"name\":\"Referencer\",\"item\":\"https:\\\/\\\/dictator.se\\\/da\\\/referencer\\\/\"},{\"@type\":\"ListItem\",\"position\":3,\"name\":\"Referencer &#8211; Interlocksystem\"}]},{\"@type\":\"WebSite\",\"@id\":\"https:\\\/\\\/dictator.se\\\/#website\",\"url\":\"https:\\\/\\\/dictator.se\\\/\",\"name\":\"dictator.se\",\"description\":\"\",\"publisher\":{\"@id\":\"https:\\\/\\\/dictator.se\\\/#organization\"},\"potentialAction\":[{\"@type\":\"SearchAction\",\"target\":{\"@type\":\"EntryPoint\",\"urlTemplate\":\"https:\\\/\\\/dictator.se\\\/?s={search_term_string}\"},\"query-input\":{\"@type\":\"PropertyValueSpecification\",\"valueRequired\":true,\"valueName\":\"search_term_string\"}}],\"inLanguage\":\"da-DK\"},{\"@type\":\"Organization\",\"@id\":\"https:\\\/\\\/dictator.se\\\/#organization\",\"name\":\"dictator.se\",\"url\":\"https:\\\/\\\/dictator.se\\\/\",\"logo\":{\"@type\":\"ImageObject\",\"inLanguage\":\"da-DK\",\"@id\":\"https:\\\/\\\/dictator.se\\\/#\\\/schema\\\/logo\\\/image\\\/\",\"url\":\"https:\\\/\\\/dictator.se\\\/wp-content\\\/uploads\\\/2023\\\/12\\\/DICTATOR_Logo1.svg\",\"contentUrl\":\"https:\\\/\\\/dictator.se\\\/wp-content\\\/uploads\\\/2023\\\/12\\\/DICTATOR_Logo1.svg\",\"width\":377,\"height\":58,\"caption\":\"dictator.se\"},\"image\":{\"@id\":\"https:\\\/\\\/dictator.se\\\/#\\\/schema\\\/logo\\\/image\\\/\"}}]}<\/script>\n<!-- \/ Yoast SEO plugin. -->","yoast_head_json":{"title":"Referencer - Interlocksystem - dictator.se","description":"Referencer - Interlocksystem bruges oftest til rene-rum i industri, laboratorier og i hospitalsmilj\u00f8er med mere","robots":{"index":"index","follow":"follow","max-snippet":"max-snippet:-1","max-image-preview":"max-image-preview:large","max-video-preview":"max-video-preview:-1"},"canonical":"https:\/\/dictator.se\/da\/referencer\/referencer-interlocksystem\/","og_locale":"da_DK","og_type":"article","og_title":"Referencer - Interlocksystem - dictator.se","og_description":"Referencer - Interlocksystem bruges oftest til rene-rum i industri, laboratorier og i hospitalsmilj\u00f8er med mere","og_url":"https:\/\/dictator.se\/da\/referencer\/referencer-interlocksystem\/","og_site_name":"dictator.se","article_modified_time":"2025-09-30T13:55:51+00:00","og_image":[{"url":"https:\/\/dictator.se\/wp-content\/uploads\/2024\/04\/Sluss-System-tva-dorrar.jpg","type":"","width":"","height":""}],"twitter_card":"summary_large_image","twitter_misc":{"Estimeret l\u00e6setid":"3 minutter"},"schema":{"@context":"https:\/\/schema.org","@graph":[{"@type":"WebPage","@id":"https:\/\/dictator.se\/da\/referencer\/referencer-interlocksystem\/","url":"https:\/\/dictator.se\/da\/referencer\/referencer-interlocksystem\/","name":"Referencer - Interlocksystem - dictator.se","isPartOf":{"@id":"https:\/\/dictator.se\/#website"},"primaryImageOfPage":{"@id":"https:\/\/dictator.se\/da\/referencer\/referencer-interlocksystem\/#primaryimage"},"image":{"@id":"https:\/\/dictator.se\/da\/referencer\/referencer-interlocksystem\/#primaryimage"},"thumbnailUrl":"https:\/\/dictator.se\/wp-content\/uploads\/2024\/04\/Sluss-System-tva-dorrar.jpg","datePublished":"2024-01-22T14:37:23+00:00","dateModified":"2025-09-30T13:55:51+00:00","description":"Referencer - Interlocksystem bruges oftest til rene-rum i industri, laboratorier og i hospitalsmilj\u00f8er med mere","breadcrumb":{"@id":"https:\/\/dictator.se\/da\/referencer\/referencer-interlocksystem\/#breadcrumb"},"inLanguage":"da-DK","potentialAction":[{"@type":"ReadAction","target":["https:\/\/dictator.se\/da\/referencer\/referencer-interlocksystem\/"]}]},{"@type":"ImageObject","inLanguage":"da-DK","@id":"https:\/\/dictator.se\/da\/referencer\/referencer-interlocksystem\/#primaryimage","url":"https:\/\/dictator.se\/wp-content\/uploads\/2024\/04\/Sluss-System-tva-dorrar.jpg","contentUrl":"https:\/\/dictator.se\/wp-content\/uploads\/2024\/04\/Sluss-System-tva-dorrar.jpg"},{"@type":"BreadcrumbList","@id":"https:\/\/dictator.se\/da\/referencer\/referencer-interlocksystem\/#breadcrumb","itemListElement":[{"@type":"ListItem","position":1,"name":"Home","item":"https:\/\/dictator.se\/da\/"},{"@type":"ListItem","position":2,"name":"Referencer","item":"https:\/\/dictator.se\/da\/referencer\/"},{"@type":"ListItem","position":3,"name":"Referencer &#8211; Interlocksystem"}]},{"@type":"WebSite","@id":"https:\/\/dictator.se\/#website","url":"https:\/\/dictator.se\/","name":"dictator.se","description":"","publisher":{"@id":"https:\/\/dictator.se\/#organization"},"potentialAction":[{"@type":"SearchAction","target":{"@type":"EntryPoint","urlTemplate":"https:\/\/dictator.se\/?s={search_term_string}"},"query-input":{"@type":"PropertyValueSpecification","valueRequired":true,"valueName":"search_term_string"}}],"inLanguage":"da-DK"},{"@type":"Organization","@id":"https:\/\/dictator.se\/#organization","name":"dictator.se","url":"https:\/\/dictator.se\/","logo":{"@type":"ImageObject","inLanguage":"da-DK","@id":"https:\/\/dictator.se\/#\/schema\/logo\/image\/","url":"https:\/\/dictator.se\/wp-content\/uploads\/2023\/12\/DICTATOR_Logo1.svg","contentUrl":"https:\/\/dictator.se\/wp-content\/uploads\/2023\/12\/DICTATOR_Logo1.svg","width":377,"height":58,"caption":"dictator.se"},"image":{"@id":"https:\/\/dictator.se\/#\/schema\/logo\/image\/"}}]}},"featured_image_src":null,"featured_image_src_square":null,"uagb_featured_image_src":{"full":false,"thumbnail":false,"medium":false,"medium_large":false,"large":false,"1536x1536":false,"2048x2048":false,"sidebar-featured":false,"genesis-singular-images":false,"gb-block-post-grid-landscape":false,"gb-block-post-grid-square":false},"uagb_author_info":{"display_name":"Sanna","author_link":"https:\/\/dictator.se\/da\/author\/sanna\/"},"uagb_comment_info":0,"uagb_excerpt":null,"_links":{"self":[{"href":"https:\/\/dictator.se\/da\/wp-json\/wp\/v2\/pages\/4228","targetHints":{"allow":["GET"]}}],"collection":[{"href":"https:\/\/dictator.se\/da\/wp-json\/wp\/v2\/pages"}],"about":[{"href":"https:\/\/dictator.se\/da\/wp-json\/wp\/v2\/types\/page"}],"author":[{"embeddable":true,"href":"https:\/\/dictator.se\/da\/wp-json\/wp\/v2\/users\/6"}],"replies":[{"embeddable":true,"href":"https:\/\/dictator.se\/da\/wp-json\/wp\/v2\/comments?post=4228"}],"version-history":[{"count":11,"href":"https:\/\/dictator.se\/da\/wp-json\/wp\/v2\/pages\/4228\/revisions"}],"predecessor-version":[{"id":7369,"href":"https:\/\/dictator.se\/da\/wp-json\/wp\/v2\/pages\/4228\/revisions\/7369"}],"up":[{"embeddable":true,"href":"https:\/\/dictator.se\/da\/wp-json\/wp\/v2\/pages\/4210"}],"wp:attachment":[{"href":"https:\/\/dictator.se\/da\/wp-json\/wp\/v2\/media?parent=4228"}],"curies":[{"name":"wp","href":"https:\/\/api.w.org\/{rel}","templated":true}]}}