{"id":5219,"date":"2024-01-22T14:07:53","date_gmt":"2024-01-22T13:07:53","guid":{"rendered":"https:\/\/dictator.se\/?page_id=5219"},"modified":"2025-09-30T16:01:57","modified_gmt":"2025-09-30T14:01:57","slug":"branndorer","status":"publish","type":"page","link":"https:\/\/dictator.se\/da\/referencer\/branndorer\/","title":{"rendered":"Referencer &#8211; Brannd\u00f8rer"},"content":{"rendered":"\n<div class=\"wp-block-genesis-blocks-gb-columns gb-layout-columns-1 one-column\"><div class=\"gb-layout-column-wrap gb-block-layout-column-gap-2 gb-is-responsive-column\">\n<div class=\"wp-block-genesis-blocks-gb-column gb-block-layout-column\"><div class=\"gb-block-layout-column-inner\"><div class=\"yoast-breadcrumbs\"><span><span><a href=\"https:\/\/dictator.se\/da\/\">Home<\/a><\/span> \u00bb <span><a href=\"https:\/\/dictator.se\/da\/referencer\/\">Referencer<\/a><\/span> \u00bb <span class=\"breadcrumb_last\" aria-current=\"page\">Referencer &#8211; Brannd\u00f8rer<\/span><\/span><\/div>\n\n\n<h1 class=\"wp-block-heading\" style=\"padding-top:var(--wp--preset--spacing--40);font-size:40px;text-transform:uppercase\">Referencer \u2013 brannd\u00f8rer<\/h1>\n\n\n\n<p>L\u00f8sninger for brannd\u00f8rer inkluderer ofte Hold-open systemer som m\u00e5 fungere helt p\u00e5litelig n\u00e5r brannalarmen slukkes. Hold \u00e5pne systemer er n\u00f8dvendig for \u00e5 lukke d\u00f8rene i tilfelle brann og holde dem lukket for \u00e5 hindre at brannen og r\u00f8yken sprer seg. Systemene utl\u00f8ses ofte av r\u00f8ykvarslere eller i noen tilfeller manuelt.<\/p>\n\n\n\n<div class=\"wp-block-uagb-container uagb-layout-grid uagb-block-c42f61f0 alignfull uagb-is-root-container\"><div class=\"uagb-container-inner-blocks-wrap\">\n<div class=\"wp-block-uagb-container uagb-block-2151ad33 default uagb-is-root-container\">\n<div class=\"wp-block-uagb-image aligncenter uagb-block-c4f29346 wp-block-uagb-image--layout-default wp-block-uagb-image--effect-static wp-block-uagb-image--align-center\"><figure class=\"wp-block-uagb-image__figure\"><a class=\"\" href=\"https:\/\/dictator.se\/da\/utbyte-av-gamla-hold-open-system-for-sakerhet-i-byggnader-och-manniskor\/\" target=\"\" rel=\"noopener\"><img decoding=\"async\" srcset=\"https:\/\/dictator.se\/wp-content\/uploads\/2024\/04\/hold-open-system-skolbyggnad.jpg ,https:\/\/dictator.se\/wp-content\/uploads\/2024\/04\/hold-open-system-skolbyggnad.jpg 780w, https:\/\/dictator.se\/wp-content\/uploads\/2024\/04\/hold-open-system-skolbyggnad.jpg 360w\" sizes=\"auto, (max-width: 480px) 150px\" src=\"https:\/\/dictator.se\/wp-content\/uploads\/2024\/04\/hold-open-system-skolbyggnad.jpg\" alt=\"\" class=\"uag-image-3646\" width=\"300\" height=\"200\" title=\"hold-open-system-skolbyggnad\" loading=\"lazy\" role=\"img\"\/><\/a><\/figure><\/div>\n\n\n\n<h3 class=\"wp-block-heading has-medium-font-size\">Utskifting av gamle hold-\u00e5pne systemer \u00f8ker sikkerheten p\u00e5 en skole<\/h3>\n\n\n\n<p class=\"has-small-font-size\">Orange School i Wiesbaden, Tyskland, har installert brannd\u00f8rer mellom trapper og de ulike korridorene som f\u00f8rer inn i klasserommene. For ikke \u00e5 hindre tilgang til klasserom i vanlig skoletid, holder elektromagnetene brannd\u00f8rene \u00e5pne.<\/p>\n\n\n\n<p class=\"has-small-font-size\">Under en grunnleggende oppussing og restrukturering av kjemiavdelingen ved Universitetet i G\u00f6ttingen ble det bygget et helt nytt sentralt oppbevaring-rom for alle kjemikaliene som trengs for undervisning og forskning.<\/p>\n\n\n\n<div class=\"wp-block-uagb-buttons uagb-buttons__outer-wrap uagb-btn__small-btn uagb-btn-tablet__default-btn uagb-btn-mobile__default-btn uagb-block-041cacdf\"><div class=\"uagb-buttons__wrap uagb-buttons-layout-wrap \">\n<div class=\"wp-block-uagb-buttons-child uagb-buttons__outer-wrap uagb-block-2690ebee wp-block-button\"><div class=\"uagb-button__wrapper\"><a class=\"uagb-buttons-repeater wp-block-button__link\" aria-label=\"\" href=\"https:\/\/dictator.se\/da\/utbyte-av-gamla-hold-open-system-for-sakerhet-i-byggnader-och-manniskor\/\" rel=\"follow noopener\" target=\"_self\" role=\"button\"><div class=\"uagb-button__link\">L\u00e6s mere her<\/div><span class=\"uagb-button__icon uagb-button__icon-position-after\"><svg xmlns=\"https:\/\/www.w3.org\/2000\/svg\" viewBox=\"0 0 448 512\" aria-hidden=\"true\" focussable=\"false\"><path d=\"M438.6 278.6l-160 160C272.4 444.9 264.2 448 256 448s-16.38-3.125-22.62-9.375c-12.5-12.5-12.5-32.75 0-45.25L338.8 288H32C14.33 288 .0016 273.7 .0016 256S14.33 224 32 224h306.8l-105.4-105.4c-12.5-12.5-12.5-32.75 0-45.25s32.75-12.5 45.25 0l160 160C451.1 245.9 451.1 266.1 438.6 278.6z\"><\/path><\/svg><\/span><\/a><\/div><\/div>\n<\/div><\/div>\n<\/div>\n\n\n\n<div class=\"wp-block-uagb-container uagb-block-9d1ab301 default uagb-is-root-container\">\n<div class=\"wp-block-uagb-image aligncenter uagb-block-f501cb8c wp-block-uagb-image--layout-default wp-block-uagb-image--effect-static wp-block-uagb-image--align-center\"><figure class=\"wp-block-uagb-image__figure\"><a class=\"\" href=\"https:\/\/dictator.se\/da\/ex-sakra-hold-open-system-fran-dictator\/\" target=\"\" rel=\"noopener\"><img decoding=\"async\" srcset=\"https:\/\/dictator.se\/wp-content\/uploads\/2024\/04\/Kemilagret-Univeritet-Gottingen.jpg ,https:\/\/dictator.se\/wp-content\/uploads\/2024\/04\/Kemilagret-Univeritet-Gottingen.jpg 780w, https:\/\/dictator.se\/wp-content\/uploads\/2024\/04\/Kemilagret-Univeritet-Gottingen.jpg 360w\" sizes=\"auto, (max-width: 480px) 150px\" src=\"https:\/\/dictator.se\/wp-content\/uploads\/2024\/04\/Kemilagret-Univeritet-Gottingen.jpg\" alt=\"\" class=\"uag-image-3649\" width=\"300\" height=\"200\" title=\"Kemilagret-Univeritet-Gottingen\" loading=\"lazy\" role=\"img\"\/><\/a><\/figure><\/div>\n\n\n\n<h3 class=\"wp-block-heading has-medium-font-size\">Hold-open system i Ex-milj\u00f8 i det nybygde kjemiske lageret ved Universitetet i G\u00f6ttingen<\/h3>\n\n\n\n<p class=\"has-small-font-size\">Under en grundig renovering og omstrukturering af kemiafdelingen ved Universitetet i G\u00f6ttingen blev der bygget et helt nyt centralt opbevaringsrum til alle de kemikalier, der er n\u00f8dvendige til undervisning og forskning. \u00d8verst p\u00e5 listen over krav stod sikkerhedsaspektet. DICTATOR fik til opgave at l\u00f8se dette. Sammen med oppgaven att l\u00f8se dette og med \u00e5 integrere systemene i lagerhuset med universitetkomplekset var en stor utfordring.<\/p>\n\n\n\n<div class=\"wp-block-uagb-buttons uagb-buttons__outer-wrap uagb-btn__small-btn uagb-btn-tablet__default-btn uagb-btn-mobile__default-btn uagb-block-98be895a\"><div class=\"uagb-buttons__wrap uagb-buttons-layout-wrap \">\n<div class=\"wp-block-uagb-buttons-child uagb-buttons__outer-wrap uagb-block-3469ec2e wp-block-button\"><div class=\"uagb-button__wrapper\"><a class=\"uagb-buttons-repeater wp-block-button__link\" aria-label=\"\" href=\"https:\/\/dictator.se\/da\/ex-sakra-hold-open-system-fran-dictator\/\" rel=\"follow noopener\" target=\"_self\" role=\"button\"><div class=\"uagb-button__link\">L\u00e6s mere her<\/div><span class=\"uagb-button__icon uagb-button__icon-position-after\"><svg xmlns=\"https:\/\/www.w3.org\/2000\/svg\" viewBox=\"0 0 448 512\" aria-hidden=\"true\" focussable=\"false\"><path d=\"M438.6 278.6l-160 160C272.4 444.9 264.2 448 256 448s-16.38-3.125-22.62-9.375c-12.5-12.5-12.5-32.75 0-45.25L338.8 288H32C14.33 288 .0016 273.7 .0016 256S14.33 224 32 224h306.8l-105.4-105.4c-12.5-12.5-12.5-32.75 0-45.25s32.75-12.5 45.25 0l160 160C451.1 245.9 451.1 266.1 438.6 278.6z\"><\/path><\/svg><\/span><\/a><\/div><\/div>\n<\/div><\/div>\n<\/div>\n\n\n\n<div class=\"wp-block-uagb-container uagb-block-c70fece3 default uagb-is-root-container\">\n<div class=\"wp-block-uagb-image aligncenter uagb-block-4c35a487 wp-block-uagb-image--layout-default wp-block-uagb-image--effect-static wp-block-uagb-image--align-center\"><figure class=\"wp-block-uagb-image__figure\"><a class=\"\" href=\"https:\/\/dictator.se\/da\/ex-sakra-hold-open-system-fran-dictator\/\" target=\"\" rel=\"noopener\"><img decoding=\"async\" srcset=\"https:\/\/dictator.se\/wp-content\/uploads\/2024\/04\/Hoga-krav-brandsakerheten.jpg ,https:\/\/dictator.se\/wp-content\/uploads\/2024\/04\/Hoga-krav-brandsakerheten.jpg 780w, https:\/\/dictator.se\/wp-content\/uploads\/2024\/04\/Hoga-krav-brandsakerheten.jpg 360w\" sizes=\"auto, (max-width: 480px) 150px\" src=\"https:\/\/dictator.se\/wp-content\/uploads\/2024\/04\/Hoga-krav-brandsakerheten.jpg\" alt=\"\" class=\"uag-image-3656\" width=\"300\" height=\"200\" title=\"Hoga-krav-brandsakerheten\" loading=\"lazy\" role=\"img\"\/><\/a><\/figure><\/div>\n\n\n\n<h3 class=\"wp-block-heading has-medium-font-size\">H\u00f8je standarder for brandsikkerhed<\/h3>\n\n\n\n<p class=\"has-small-font-size\">\u00d8verst p\u00e5 listen over krav stod brandsikkerhed i det nybyggede kemikalielager. DICTATOR var den virksomhed, der fik til opgave at l\u00f8se dette sikkerhedsproblem. Opgaven med at integrere den nye lagerbygnings brandsystem med universitetsbygningens andre sikkerhedssystemer var en stor udfordring for os, som vi form\u00e5ede at l\u00f8se.<\/p>\n\n\n\n<p class=\"has-small-font-size\"><a href=\"https:\/\/dictator.se\/da\/anvandning-av-dictators-dorrhallare\/\"><\/a><\/p>\n\n\n\n<div class=\"wp-block-uagb-buttons uagb-buttons__outer-wrap uagb-btn__small-btn uagb-btn-tablet__default-btn uagb-btn-mobile__default-btn uagb-block-48869bc9\"><div class=\"uagb-buttons__wrap uagb-buttons-layout-wrap \">\n<div class=\"wp-block-uagb-buttons-child uagb-buttons__outer-wrap uagb-block-0da19104 wp-block-button\"><div class=\"uagb-button__wrapper\"><a class=\"uagb-buttons-repeater wp-block-button__link\" aria-label=\"\" href=\"https:\/\/dictator.se\/da\/ex-sakra-hold-open-system-fran-dictator\/\" rel=\"follow noopener\" target=\"_self\" role=\"button\"><div class=\"uagb-button__link\">L\u00e6s mere her<\/div><span class=\"uagb-button__icon uagb-button__icon-position-after\"><svg xmlns=\"https:\/\/www.w3.org\/2000\/svg\" viewBox=\"0 0 448 512\" aria-hidden=\"true\" focussable=\"false\"><path d=\"M438.6 278.6l-160 160C272.4 444.9 264.2 448 256 448s-16.38-3.125-22.62-9.375c-12.5-12.5-12.5-32.75 0-45.25L338.8 288H32C14.33 288 .0016 273.7 .0016 256S14.33 224 32 224h306.8l-105.4-105.4c-12.5-12.5-12.5-32.75 0-45.25s32.75-12.5 45.25 0l160 160C451.1 245.9 451.1 266.1 438.6 278.6z\"><\/path><\/svg><\/span><\/a><\/div><\/div>\n<\/div><\/div>\n<\/div>\n<\/div><\/div>\n\n\n\n<div class=\"wp-block-genesis-blocks-gb-columns gb-layout-columns-2 gb-2-col-wideleft\"><div class=\"gb-layout-column-wrap gb-block-layout-column-gap-2 gb-is-responsive-column\">\n<div class=\"wp-block-genesis-blocks-gb-column gb-block-layout-column\"><div class=\"gb-block-layout-column-inner\">\n<h2 class=\"wp-block-heading has-large-font-size\" style=\"margin-top:var(--wp--preset--spacing--40)\">DICTATORS l\u00f8sninger til brandd\u00f8re<\/h2>\n\n\n\n<p>DICTATOR har specialiseret sig i at l\u00f8se denne type problemer i mange \u00e5r. Vi udvikler optimale og sikre l\u00f8sninger til alle typer bygninger, der kr\u00e6ver brandsikkerhedsl\u00f8sninger. Altid i overensstemmelse med g\u00e6ldende standarder og regler. Eksempler er erhvervsejendomme, der kr\u00e6ver brandl\u00f8sninger som kontorer, hospitaler, skoler, hoteller, teatre, indk\u00f8bscentre osv.<\/p>\n<\/div><\/div>\n\n\n\n<div class=\"wp-block-genesis-blocks-gb-column gb-block-layout-column\"><div class=\"gb-block-layout-column-inner\">\n<div class=\"wp-block-uagb-image uagb-block-0c51b0e3 wp-block-uagb-image--layout-default wp-block-uagb-image--effect-static wp-block-uagb-image--align-none\"><figure class=\"wp-block-uagb-image__figure\"><img decoding=\"async\" srcset=\"https:\/\/dictator.se\/wp-content\/uploads\/2024\/04\/Broschyr-Hold-Open-Systems-150x150.jpg ,https:\/\/dictator.se\/wp-content\/uploads\/2024\/04\/Broschyr-Hold-Open-Systems.jpg 780w, https:\/\/dictator.se\/wp-content\/uploads\/2024\/04\/Broschyr-Hold-Open-Systems.jpg 360w\" sizes=\"auto, (max-width: 480px) 150px\" src=\"https:\/\/dictator.se\/wp-content\/uploads\/2024\/04\/Broschyr-Hold-Open-Systems-150x150.jpg\" alt=\"\" class=\"uag-image-3667\" width=\"150\" height=\"150\" title=\"Broschyr-Hold-Open-Systems\" loading=\"lazy\" role=\"img\"\/><\/figure><\/div>\n\n\n\n<p class=\"has-text-align-center has-small-font-size\"><a href=\"https:\/\/en.dictator.de\/wp-content\/uploads\/DICTATOR-Hold-open-systems.pdf\" target=\"_blank\" rel=\"noreferrer noopener\"><\/a><a href=\"https:\/\/en.dictator.de\/wp-content\/uploads\/DICTATOR-Hold-open-systems.pdf\" target=\"_blank\" rel=\"noreferrer noopener\">L\u00e6s vores brochure Hold-Open-systemer<\/a><\/p>\n<\/div><\/div>\n<\/div><\/div>\n\n\n\n<div class=\"wp-block-genesis-blocks-gb-columns gb-layout-columns-1 one-column\"><div class=\"gb-layout-column-wrap gb-block-layout-column-gap-2 gb-is-responsive-column\">\n<div class=\"wp-block-genesis-blocks-gb-column gb-block-layout-column\"><div class=\"gb-block-layout-column-inner has-ci-quaternary-background-color\" style=\"padding-top:50px;padding-right:100px;padding-bottom:50px;padding-left:100px\">\n<div class=\"wp-block-genesis-blocks-gb-columns gb-layout-columns-2 gb-2-col-wideleft\"><div class=\"gb-layout-column-wrap gb-block-layout-column-gap-2 gb-is-responsive-column\">\n<div class=\"wp-block-genesis-blocks-gb-column gb-block-layout-column\"><div class=\"gb-block-layout-column-inner\">\n<h2 class=\"wp-block-heading has-large-font-size\"><strong><strong>Brandd\u00f8rsl\u00f8sninger \u2013 Teknisk support<\/strong><\/strong><\/h2>\n\n\n\n<p class=\"has-medium-font-size\">Vores eksperter vil med gl\u00e6de hj\u00e6lpe dig med at designe den optimale l\u00f8sning til brandd\u00f8rskontrol til dine specifikke behov.<\/p>\n\n\n\n<div class=\"wp-block-uagb-buttons uagb-buttons__outer-wrap uagb-btn__default-btn uagb-btn-tablet__default-btn uagb-btn-mobile__default-btn uagb-block-39eb0c0e\"><div class=\"uagb-buttons__wrap uagb-buttons-layout-wrap \">\n<div class=\"wp-block-uagb-buttons-child uagb-buttons__outer-wrap uagb-block-d206b251 wp-block-button\"><div class=\"uagb-button__wrapper\"><a class=\"uagb-buttons-repeater wp-block-button__link\" aria-label=\"\" href=\"https:\/\/dictator.se\/da\/kontakt-os\/\" rel=\"follow noopener\" target=\"_self\" role=\"button\"><div class=\"uagb-button__link\">Kontakt os for gratis r\u00e5dgivning<\/div><span class=\"uagb-button__icon uagb-button__icon-position-after\"><svg xmlns=\"https:\/\/www.w3.org\/2000\/svg\" viewBox=\"0 0 448 512\" aria-hidden=\"true\" focussable=\"false\"><path d=\"M438.6 278.6l-160 160C272.4 444.9 264.2 448 256 448s-16.38-3.125-22.62-9.375c-12.5-12.5-12.5-32.75 0-45.25L338.8 288H32C14.33 288 .0016 273.7 .0016 256S14.33 224 32 224h306.8l-105.4-105.4c-12.5-12.5-12.5-32.75 0-45.25s32.75-12.5 45.25 0l160 160C451.1 245.9 451.1 266.1 438.6 278.6z\"><\/path><\/svg><\/span><\/a><\/div><\/div>\n<\/div><\/div>\n<\/div><\/div>\n\n\n\n<div class=\"wp-block-genesis-blocks-gb-column gb-block-layout-column\"><div class=\"gb-block-layout-column-inner\">\n<div class=\"wp-block-uagb-image aligncenter uagb-block-d296d348 wp-block-uagb-image--layout-default wp-block-uagb-image--effect-static wp-block-uagb-image--align-center\"><figure class=\"wp-block-uagb-image__figure\"><img decoding=\"async\" srcset=\"https:\/\/dictator.se\/wp-content\/uploads\/2023\/12\/icon-service-150x150.png ,https:\/\/dictator.se\/wp-content\/uploads\/2023\/12\/icon-service.png 780w, https:\/\/dictator.se\/wp-content\/uploads\/2023\/12\/icon-service.png 360w\" sizes=\"auto, (max-width: 480px) 150px\" src=\"https:\/\/dictator.se\/wp-content\/uploads\/2023\/12\/icon-service-150x150.png\" alt=\"\" class=\"uag-image-203\" width=\"150\" height=\"150\" title=\"\" loading=\"lazy\" role=\"img\"\/><\/figure><\/div>\n<\/div><\/div>\n<\/div><\/div>\n<\/div><\/div>\n<\/div><\/div>\n<\/div><\/div>\n<\/div><\/div>\n","protected":false},"excerpt":{"rendered":"","protected":false},"author":2,"featured_media":0,"parent":4210,"menu_order":0,"comment_status":"closed","ping_status":"closed","template":"","meta":{"_acf_changed":false,"_uag_custom_page_level_css":"","_genesis_hide_title":true,"_genesis_hide_breadcrumbs":false,"_genesis_hide_singular_image":false,"_genesis_hide_footer_widgets":false,"_genesis_custom_body_class":"","_genesis_custom_post_class":"","_genesis_layout":"","footnotes":""},"class_list":{"0":"post-5219","1":"page","2":"type-page","3":"status-publish","5":"entry"},"acf":[],"yoast_head":"<!-- This site is optimized with the Yoast SEO plugin v27.3 - https:\/\/yoast.com\/product\/yoast-seo-wordpress\/ -->\n<title>L\u00f8sninger for brannd\u00f8rer<\/title>\n<meta name=\"description\" content=\"L\u00f8sninger for brannd\u00f8rer inkluderer ofte Hold-open systemer som m\u00e5 fungere helt p\u00e5litelig n\u00e5r brannalarmen slukkes.\" \/>\n<meta name=\"robots\" content=\"index, follow, max-snippet:-1, max-image-preview:large, max-video-preview:-1\" \/>\n<link rel=\"canonical\" href=\"https:\/\/dictator.se\/da\/referencer\/branndorer\/\" \/>\n<meta property=\"og:locale\" content=\"da_DK\" \/>\n<meta property=\"og:type\" content=\"article\" \/>\n<meta property=\"og:title\" content=\"L\u00f8sninger for brannd\u00f8rer\" \/>\n<meta property=\"og:description\" content=\"L\u00f8sninger for brannd\u00f8rer inkluderer ofte Hold-open systemer som m\u00e5 fungere helt p\u00e5litelig n\u00e5r brannalarmen slukkes.\" \/>\n<meta property=\"og:url\" content=\"https:\/\/dictator.se\/da\/referencer\/branndorer\/\" \/>\n<meta property=\"og:site_name\" content=\"dictator.se\" \/>\n<meta property=\"article:modified_time\" content=\"2025-09-30T14:01:57+00:00\" \/>\n<meta property=\"og:image\" content=\"https:\/\/dictator.se\/wp-content\/uploads\/2024\/04\/hold-open-system-skolbyggnad.jpg\" \/>\n<meta name=\"twitter:card\" content=\"summary_large_image\" \/>\n<meta name=\"twitter:label1\" content=\"Estimeret l\u00e6setid\" \/>\n\t<meta name=\"twitter:data1\" content=\"3 minutter\" \/>\n<script type=\"application\/ld+json\" class=\"yoast-schema-graph\">{\"@context\":\"https:\\\/\\\/schema.org\",\"@graph\":[{\"@type\":\"WebPage\",\"@id\":\"https:\\\/\\\/dictator.se\\\/da\\\/referencer\\\/branndorer\\\/\",\"url\":\"https:\\\/\\\/dictator.se\\\/da\\\/referencer\\\/branndorer\\\/\",\"name\":\"L\u00f8sninger for brannd\u00f8rer\",\"isPartOf\":{\"@id\":\"https:\\\/\\\/dictator.se\\\/#website\"},\"primaryImageOfPage\":{\"@id\":\"https:\\\/\\\/dictator.se\\\/da\\\/referencer\\\/branndorer\\\/#primaryimage\"},\"image\":{\"@id\":\"https:\\\/\\\/dictator.se\\\/da\\\/referencer\\\/branndorer\\\/#primaryimage\"},\"thumbnailUrl\":\"https:\\\/\\\/dictator.se\\\/wp-content\\\/uploads\\\/2024\\\/04\\\/hold-open-system-skolbyggnad.jpg\",\"datePublished\":\"2024-01-22T13:07:53+00:00\",\"dateModified\":\"2025-09-30T14:01:57+00:00\",\"description\":\"L\u00f8sninger for brannd\u00f8rer inkluderer ofte Hold-open systemer som m\u00e5 fungere helt p\u00e5litelig n\u00e5r brannalarmen slukkes.\",\"breadcrumb\":{\"@id\":\"https:\\\/\\\/dictator.se\\\/da\\\/referencer\\\/branndorer\\\/#breadcrumb\"},\"inLanguage\":\"da-DK\",\"potentialAction\":[{\"@type\":\"ReadAction\",\"target\":[\"https:\\\/\\\/dictator.se\\\/da\\\/referencer\\\/branndorer\\\/\"]}]},{\"@type\":\"ImageObject\",\"inLanguage\":\"da-DK\",\"@id\":\"https:\\\/\\\/dictator.se\\\/da\\\/referencer\\\/branndorer\\\/#primaryimage\",\"url\":\"https:\\\/\\\/dictator.se\\\/wp-content\\\/uploads\\\/2024\\\/04\\\/hold-open-system-skolbyggnad.jpg\",\"contentUrl\":\"https:\\\/\\\/dictator.se\\\/wp-content\\\/uploads\\\/2024\\\/04\\\/hold-open-system-skolbyggnad.jpg\"},{\"@type\":\"BreadcrumbList\",\"@id\":\"https:\\\/\\\/dictator.se\\\/da\\\/referencer\\\/branndorer\\\/#breadcrumb\",\"itemListElement\":[{\"@type\":\"ListItem\",\"position\":1,\"name\":\"Home\",\"item\":\"https:\\\/\\\/dictator.se\\\/da\\\/\"},{\"@type\":\"ListItem\",\"position\":2,\"name\":\"Referencer\",\"item\":\"https:\\\/\\\/dictator.se\\\/da\\\/referencer\\\/\"},{\"@type\":\"ListItem\",\"position\":3,\"name\":\"Referencer &#8211; Brannd\u00f8rer\"}]},{\"@type\":\"WebSite\",\"@id\":\"https:\\\/\\\/dictator.se\\\/#website\",\"url\":\"https:\\\/\\\/dictator.se\\\/\",\"name\":\"dictator.se\",\"description\":\"\",\"publisher\":{\"@id\":\"https:\\\/\\\/dictator.se\\\/#organization\"},\"potentialAction\":[{\"@type\":\"SearchAction\",\"target\":{\"@type\":\"EntryPoint\",\"urlTemplate\":\"https:\\\/\\\/dictator.se\\\/?s={search_term_string}\"},\"query-input\":{\"@type\":\"PropertyValueSpecification\",\"valueRequired\":true,\"valueName\":\"search_term_string\"}}],\"inLanguage\":\"da-DK\"},{\"@type\":\"Organization\",\"@id\":\"https:\\\/\\\/dictator.se\\\/#organization\",\"name\":\"dictator.se\",\"url\":\"https:\\\/\\\/dictator.se\\\/\",\"logo\":{\"@type\":\"ImageObject\",\"inLanguage\":\"da-DK\",\"@id\":\"https:\\\/\\\/dictator.se\\\/#\\\/schema\\\/logo\\\/image\\\/\",\"url\":\"https:\\\/\\\/dictator.se\\\/wp-content\\\/uploads\\\/2023\\\/12\\\/DICTATOR_Logo1.svg\",\"contentUrl\":\"https:\\\/\\\/dictator.se\\\/wp-content\\\/uploads\\\/2023\\\/12\\\/DICTATOR_Logo1.svg\",\"width\":377,\"height\":58,\"caption\":\"dictator.se\"},\"image\":{\"@id\":\"https:\\\/\\\/dictator.se\\\/#\\\/schema\\\/logo\\\/image\\\/\"}}]}<\/script>\n<!-- \/ Yoast SEO plugin. -->","yoast_head_json":{"title":"L\u00f8sninger for brannd\u00f8rer","description":"L\u00f8sninger for brannd\u00f8rer inkluderer ofte Hold-open systemer som m\u00e5 fungere helt p\u00e5litelig n\u00e5r brannalarmen slukkes.","robots":{"index":"index","follow":"follow","max-snippet":"max-snippet:-1","max-image-preview":"max-image-preview:large","max-video-preview":"max-video-preview:-1"},"canonical":"https:\/\/dictator.se\/da\/referencer\/branndorer\/","og_locale":"da_DK","og_type":"article","og_title":"L\u00f8sninger for brannd\u00f8rer","og_description":"L\u00f8sninger for brannd\u00f8rer inkluderer ofte Hold-open systemer som m\u00e5 fungere helt p\u00e5litelig n\u00e5r brannalarmen slukkes.","og_url":"https:\/\/dictator.se\/da\/referencer\/branndorer\/","og_site_name":"dictator.se","article_modified_time":"2025-09-30T14:01:57+00:00","og_image":[{"url":"https:\/\/dictator.se\/wp-content\/uploads\/2024\/04\/hold-open-system-skolbyggnad.jpg","type":"","width":"","height":""}],"twitter_card":"summary_large_image","twitter_misc":{"Estimeret l\u00e6setid":"3 minutter"},"schema":{"@context":"https:\/\/schema.org","@graph":[{"@type":"WebPage","@id":"https:\/\/dictator.se\/da\/referencer\/branndorer\/","url":"https:\/\/dictator.se\/da\/referencer\/branndorer\/","name":"L\u00f8sninger for brannd\u00f8rer","isPartOf":{"@id":"https:\/\/dictator.se\/#website"},"primaryImageOfPage":{"@id":"https:\/\/dictator.se\/da\/referencer\/branndorer\/#primaryimage"},"image":{"@id":"https:\/\/dictator.se\/da\/referencer\/branndorer\/#primaryimage"},"thumbnailUrl":"https:\/\/dictator.se\/wp-content\/uploads\/2024\/04\/hold-open-system-skolbyggnad.jpg","datePublished":"2024-01-22T13:07:53+00:00","dateModified":"2025-09-30T14:01:57+00:00","description":"L\u00f8sninger for brannd\u00f8rer inkluderer ofte Hold-open systemer som m\u00e5 fungere helt p\u00e5litelig n\u00e5r brannalarmen slukkes.","breadcrumb":{"@id":"https:\/\/dictator.se\/da\/referencer\/branndorer\/#breadcrumb"},"inLanguage":"da-DK","potentialAction":[{"@type":"ReadAction","target":["https:\/\/dictator.se\/da\/referencer\/branndorer\/"]}]},{"@type":"ImageObject","inLanguage":"da-DK","@id":"https:\/\/dictator.se\/da\/referencer\/branndorer\/#primaryimage","url":"https:\/\/dictator.se\/wp-content\/uploads\/2024\/04\/hold-open-system-skolbyggnad.jpg","contentUrl":"https:\/\/dictator.se\/wp-content\/uploads\/2024\/04\/hold-open-system-skolbyggnad.jpg"},{"@type":"BreadcrumbList","@id":"https:\/\/dictator.se\/da\/referencer\/branndorer\/#breadcrumb","itemListElement":[{"@type":"ListItem","position":1,"name":"Home","item":"https:\/\/dictator.se\/da\/"},{"@type":"ListItem","position":2,"name":"Referencer","item":"https:\/\/dictator.se\/da\/referencer\/"},{"@type":"ListItem","position":3,"name":"Referencer &#8211; Brannd\u00f8rer"}]},{"@type":"WebSite","@id":"https:\/\/dictator.se\/#website","url":"https:\/\/dictator.se\/","name":"dictator.se","description":"","publisher":{"@id":"https:\/\/dictator.se\/#organization"},"potentialAction":[{"@type":"SearchAction","target":{"@type":"EntryPoint","urlTemplate":"https:\/\/dictator.se\/?s={search_term_string}"},"query-input":{"@type":"PropertyValueSpecification","valueRequired":true,"valueName":"search_term_string"}}],"inLanguage":"da-DK"},{"@type":"Organization","@id":"https:\/\/dictator.se\/#organization","name":"dictator.se","url":"https:\/\/dictator.se\/","logo":{"@type":"ImageObject","inLanguage":"da-DK","@id":"https:\/\/dictator.se\/#\/schema\/logo\/image\/","url":"https:\/\/dictator.se\/wp-content\/uploads\/2023\/12\/DICTATOR_Logo1.svg","contentUrl":"https:\/\/dictator.se\/wp-content\/uploads\/2023\/12\/DICTATOR_Logo1.svg","width":377,"height":58,"caption":"dictator.se"},"image":{"@id":"https:\/\/dictator.se\/#\/schema\/logo\/image\/"}}]}},"featured_image_src":null,"featured_image_src_square":null,"uagb_featured_image_src":{"full":false,"thumbnail":false,"medium":false,"medium_large":false,"large":false,"1536x1536":false,"2048x2048":false,"sidebar-featured":false,"genesis-singular-images":false,"gb-block-post-grid-landscape":false,"gb-block-post-grid-square":false},"uagb_author_info":{"display_name":"Verena W.","author_link":"https:\/\/dictator.se\/da\/author\/v-weilermann\/"},"uagb_comment_info":0,"uagb_excerpt":null,"_links":{"self":[{"href":"https:\/\/dictator.se\/da\/wp-json\/wp\/v2\/pages\/5219","targetHints":{"allow":["GET"]}}],"collection":[{"href":"https:\/\/dictator.se\/da\/wp-json\/wp\/v2\/pages"}],"about":[{"href":"https:\/\/dictator.se\/da\/wp-json\/wp\/v2\/types\/page"}],"author":[{"embeddable":true,"href":"https:\/\/dictator.se\/da\/wp-json\/wp\/v2\/users\/2"}],"replies":[{"embeddable":true,"href":"https:\/\/dictator.se\/da\/wp-json\/wp\/v2\/comments?post=5219"}],"version-history":[{"count":14,"href":"https:\/\/dictator.se\/da\/wp-json\/wp\/v2\/pages\/5219\/revisions"}],"predecessor-version":[{"id":7378,"href":"https:\/\/dictator.se\/da\/wp-json\/wp\/v2\/pages\/5219\/revisions\/7378"}],"up":[{"embeddable":true,"href":"https:\/\/dictator.se\/da\/wp-json\/wp\/v2\/pages\/4210"}],"wp:attachment":[{"href":"https:\/\/dictator.se\/da\/wp-json\/wp\/v2\/media?parent=5219"}],"curies":[{"name":"wp","href":"https:\/\/api.w.org\/{rel}","templated":true}]}}