{"id":4551,"date":"2023-12-13T12:22:58","date_gmt":"2023-12-13T11:22:58","guid":{"rendered":"https:\/\/dictator.se\/?page_id=4551"},"modified":"2024-05-22T14:06:06","modified_gmt":"2024-05-22T12:06:06","slug":"dictators-integritets-sakerhetspolicy","status":"publish","type":"page","link":"https:\/\/dictator.se\/no\/dictators-integritets-sakerhetspolicy\/","title":{"rendered":"DICTATORS Integritets &amp; S\u00e4kerhetspolicy"},"content":{"rendered":"\n<div class=\"wp-block-genesis-blocks-gb-columns gb-layout-columns-1 one-column\"><div class=\"gb-layout-column-wrap gb-block-layout-column-gap-2 gb-is-responsive-column\">\n<div class=\"wp-block-genesis-blocks-gb-column gb-block-layout-column\"><div class=\"gb-block-layout-column-inner\">\n<h1 class=\"wp-block-heading\">DICTATORS Integritets &amp; S\u00e4kerhetspolicy<\/h1>\n\n\n\n<p class=\"has-small-font-size\"><strong>DICTATORS Integritets &amp; S\u00e4kerhetspolicy<\/strong>&nbsp;<strong>beskriver hur vi anv\u00e4nder och skyddar all information du l\u00e4mnar till oss n\u00e4r du anv\u00e4nder denna webbplats.<\/strong><\/p>\n\n\n\n<p class=\"has-small-font-size\">Vi \u00e4r fast beslutna att skydda din integritet och om vi ber dig att tillhandah\u00e5lla viss information n\u00e4r du anv\u00e4nder denna webbplats kommer vi endast att anv\u00e4nda den i enlighet med denna policy.<\/p>\n\n\n\n<p class=\"has-small-font-size\">Vi kan \u00e4ndra den h\u00e4r policyn d\u00e5 och d\u00e5 genom att uppdatera den h\u00e4r sidan. Nuvarande policy g\u00e4ller fr\u00e5n 2017-01-01.<\/p>\n\n\n\n<h3 class=\"wp-block-heading\"><strong>Vad g\u00f6r vi med den information vi samlar in?<\/strong><\/h3>\n\n\n\n<p class=\"has-small-font-size\">Vi m\u00e5ste samla in information f\u00f6r att ge dig en b\u00e4ttre service och s\u00e4rskilt av f\u00f6ljande sk\u00e4l:<\/p>\n\n\n\n<ul class=\"wp-block-list\">\n<li class=\"has-small-font-size\">F\u00f6r intern registrering.<\/li>\n\n\n\n<li class=\"has-small-font-size\">F\u00f6r att f\u00f6rb\u00e4ttra informationen om v\u00e5ra produkter och tj\u00e4nster.<\/li>\n<\/ul>\n\n\n\n<h3 class=\"wp-block-heading\"><strong>S\u00e4kerhet:<\/strong><\/h3>\n\n\n\n<p class=\"has-small-font-size\">F\u00f6r att f\u00f6rhindra obeh\u00f6rig \u00e5tkomst till information har vi satt in l\u00e4mpliga fysiska och elektroniska procedurer f\u00f6r att skydda och s\u00e4kra den information vi samlar in.<\/p>\n\n\n\n<h3 class=\"wp-block-heading\"><strong>Hur anv\u00e4nder vi cookies?<\/strong><\/h3>\n\n\n\n<p class=\"has-small-font-size\">En cookie g\u00f6r det m\u00f6jligt f\u00f6r v\u00e5r webbapplikation att se dig som en individ. Genom att samla in och komma ih\u00e5g information om dina preferenser hj\u00e4lper det oss att f\u00f6rb\u00e4ttra v\u00e5r webbplats f\u00f6r att skr\u00e4ddarsy den efter dina behov.<\/p>\n\n\n\n<p class=\"has-small-font-size\">Vi anv\u00e4nder denna information f\u00f6r statistisk analys och tar sedan bort den fr\u00e5n v\u00e5rt system. En cookie ger oss inte tillg\u00e5ng till din dator eller n\u00e5gon information om dig, f\u00f6rutom den information du v\u00e4ljer att dela med dig till oss.<\/p>\n\n\n\n<h3 class=\"wp-block-heading\"><strong>Cookies som anv\u00e4nds f\u00f6r analytisk sp\u00e5rning:<\/strong><\/h3>\n\n\n\n<p class=\"has-small-font-size\">V\u00e5r webbplats har Google Analytics installerat som g\u00f6r att vi kan sp\u00e5ra och sammanst\u00e4lla anonym bes\u00f6ksstatistik. Den insamlade informationen varierar fr\u00e5n den enskilda trafikvolymen till vilken typ av webbl\u00e4sare du bes\u00f6ker v\u00e5r webbplats med.<\/p>\n\n\n\n<p class=\"has-small-font-size\">Ingen personlig information samlas in av Google Analytics. Informationen f\u00f6rb\u00e4ttrar bara anv\u00e4ndbarheten, s\u00e4kerheten och belastningshastigheten f\u00f6r v\u00e5rt webbplatsinneh\u00e5ll.<\/p>\n\n\n\n<h3 class=\"wp-block-heading\"><strong>S\u00e5 h\u00e4r inaktiverar du cookies:<\/strong><\/h3>\n\n\n\n<p class=\"has-small-font-size\">Du kan inaktivera cookies helt genom att redigera dina inst\u00e4llningar i webbl\u00e4saren och detta i sig kan begr\u00e4nsa funktionaliteten p\u00e5 v\u00e5r webbplats.<\/p>\n\n\n\n<p class=\"has-small-font-size\">Google har ett till\u00e4gg till Google Analytics som du kan l\u00e4gga till i din webbl\u00e4sare som g\u00f6r att du automatiskt kan v\u00e4lja bort alla webbplatser som sp\u00e5rar din aktivitet via Google Analytics.<\/p>\n\n\n\n<p class=\"has-small-font-size\">Om du \u00e4r orolig f\u00f6r cookies som sp\u00e5rar och spionerar p\u00e5 dina onliner\u00f6relser kan du anv\u00e4nda ett anti-spionprogram.<\/p>\n\n\n\n<h3 class=\"wp-block-heading\"><strong>L\u00e4nkar till andra webbplatser:<\/strong><\/h3>\n\n\n\n<p class=\"has-small-font-size\">V\u00e5r webbplats kan inneh\u00e5lla l\u00e4nkar till andra webbplatser. N\u00e4r du har l\u00e4mnat v\u00e5r webbplats har vi inte l\u00e4ngre n\u00e5gon kontroll \u00f6ver den andra webbplatsen.<\/p>\n\n\n\n<p class=\"has-small-font-size\">D\u00e4rf\u00f6r kan vi inte vara ansvariga f\u00f6r skyddet och integriteten p\u00e5 s\u00e5dana webbplatser.<\/p>\n\n\n\n<h3 class=\"wp-block-heading\"><strong>Hur kontrollerar du dina personuppgifter?<\/strong><\/h3>\n\n\n\n<p class=\"has-small-font-size\">Du kan v\u00e4lja att begr\u00e4nsa insamlingen eller anv\u00e4ndningen av dina personuppgifter p\u00e5 f\u00f6ljande s\u00e4tt:<\/p>\n\n\n\n<ul class=\"wp-block-list\">\n<li class=\"has-small-font-size\">Om du blir ombedd att fylla i ett formul\u00e4r p\u00e5 webbplatsen. Leta efter rutan som du kan klicka p\u00e5 f\u00f6r att ange att du inte vill att informationen ska anv\u00e4ndas av n\u00e5gon f\u00f6r direktmarknadsf\u00f6rings\u00e4ndam\u00e5l.<\/li>\n\n\n\n<li class=\"has-small-font-size\">Om du tidigare har kommit \u00f6verens om att vi f\u00e5r anv\u00e4nda dina personuppgifter i direktmarknadsf\u00f6ringssyfte kan du n\u00e4r som helst \u00e4ndra dig genom att:&nbsp;<a href=\"mailto:info@dictator.se\" target=\"_blank\" rel=\"noreferrer noopener\"><strong>Mejla oss h\u00e4r<\/strong><\/a><\/li>\n<\/ul>\n\n\n\n<h3 class=\"wp-block-heading\"><strong>Du kan beg\u00e4ra information:<\/strong><\/h3>\n\n\n\n<p class=\"has-small-font-size\">Vi kommer inte att s\u00e4lja eller distribuera dina personuppgifter till tredje part. Vi kan anv\u00e4nda dina personuppgifter f\u00f6r att skicka marknadsf\u00f6ringsinformation om tredje part som vi tycker \u00e4r intressant och om du samtycker till detta.<\/p>\n\n\n\n<p class=\"has-small-font-size\">Du kan beg\u00e4ra personuppgifter som vi har om dig enligt Dataskyddslagen fr\u00e5n 1998, mot en liten avgift.<\/p>\n\n\n\n<p class=\"has-small-font-size\">Om du vill ha en kopia av informationen om dig, v\u00e4nligen:&nbsp;<strong><a href=\"mailto:info@dictator.se\" target=\"_blank\" rel=\"noreferrer noopener\">Mejla oss h\u00e4r<\/a><\/strong><\/p>\n\n\n\n<h3 class=\"wp-block-heading\"><strong>Felaktig information:<\/strong><\/h3>\n\n\n\n<p class=\"has-small-font-size\">Om du anser att n\u00e5gon information vi har om dig \u00e4r felaktig eller ofullst\u00e4ndig, v\u00e4nligen mejla oss s\u00e5 snart som m\u00f6jligt p\u00e5 ovanst\u00e5ende adress. Vi kommer omedelbart att korrigera information som har befunnits vara felaktig.<\/p>\n\n\n\n<p class=\"has-small-font-size\">DICTATORS Integritets &amp; S\u00e4kerhetspolicy &#8211; Fr\u00e5gor? <a href=\"https:\/\/dictator.se\/kontakta-oss\/\" target=\"_blank\" rel=\"noreferrer noopener\">Kontakta oss h\u00e4r<\/a><\/p>\n<\/div><\/div>\n<\/div><\/div>\n","protected":false},"excerpt":{"rendered":"","protected":false},"author":6,"featured_media":0,"parent":0,"menu_order":0,"comment_status":"closed","ping_status":"closed","template":"","meta":{"_acf_changed":false,"_uag_custom_page_level_css":"","_genesis_hide_title":true,"_genesis_hide_breadcrumbs":false,"_genesis_hide_singular_image":false,"_genesis_hide_footer_widgets":false,"_genesis_custom_body_class":"","_genesis_custom_post_class":"","_genesis_layout":"","footnotes":""},"class_list":{"0":"post-4551","1":"page","2":"type-page","3":"status-publish","5":"entry"},"acf":[],"yoast_head":"<!-- This site is optimized with the Yoast SEO plugin v27.4 - https:\/\/yoast.com\/product\/yoast-seo-wordpress\/ -->\n<title>DICTATORS Integritets &amp; S\u00e4kerhetspolicy - dictator.se<\/title>\n<meta name=\"robots\" content=\"index, follow, max-snippet:-1, max-image-preview:large, max-video-preview:-1\" \/>\n<link rel=\"canonical\" href=\"https:\/\/dictator.se\/integritets-sakerhetspolicy\/\" \/>\n<meta property=\"og:locale\" content=\"nb_NO\" \/>\n<meta property=\"og:type\" content=\"article\" \/>\n<meta property=\"og:title\" content=\"DICTATORS Integritets &amp; S\u00e4kerhetspolicy - dictator.se\" \/>\n<meta property=\"og:url\" content=\"https:\/\/dictator.se\/integritets-sakerhetspolicy\/\" \/>\n<meta property=\"og:site_name\" content=\"dictator.se\" \/>\n<meta property=\"article:modified_time\" content=\"2024-05-22T12:06:06+00:00\" \/>\n<meta name=\"twitter:card\" content=\"summary_large_image\" \/>\n<meta name=\"twitter:label1\" content=\"Ansl. lesetid\" \/>\n\t<meta name=\"twitter:data1\" content=\"3 minutter\" \/>\n<script type=\"application\/ld+json\" class=\"yoast-schema-graph\">{\"@context\":\"https:\\\/\\\/schema.org\",\"@graph\":[{\"@type\":\"WebPage\",\"@id\":\"https:\\\/\\\/dictator.se\\\/integritets-sakerhetspolicy\\\/\",\"url\":\"https:\\\/\\\/dictator.se\\\/integritets-sakerhetspolicy\\\/\",\"name\":\"DICTATORS Integritets &amp; S\u00e4kerhetspolicy - dictator.se\",\"isPartOf\":{\"@id\":\"https:\\\/\\\/dictator.se\\\/#website\"},\"datePublished\":\"2023-12-13T11:22:58+00:00\",\"dateModified\":\"2024-05-22T12:06:06+00:00\",\"breadcrumb\":{\"@id\":\"https:\\\/\\\/dictator.se\\\/integritets-sakerhetspolicy\\\/#breadcrumb\"},\"inLanguage\":\"nb-NO\",\"potentialAction\":[{\"@type\":\"ReadAction\",\"target\":[\"https:\\\/\\\/dictator.se\\\/integritets-sakerhetspolicy\\\/\"]}]},{\"@type\":\"BreadcrumbList\",\"@id\":\"https:\\\/\\\/dictator.se\\\/integritets-sakerhetspolicy\\\/#breadcrumb\",\"itemListElement\":[{\"@type\":\"ListItem\",\"position\":1,\"name\":\"Home\",\"item\":\"https:\\\/\\\/dictator.se\\\/no\\\/\"},{\"@type\":\"ListItem\",\"position\":2,\"name\":\"DICTATORS Integritets &amp; S\u00e4kerhetspolicy\"}]},{\"@type\":\"WebSite\",\"@id\":\"https:\\\/\\\/dictator.se\\\/#website\",\"url\":\"https:\\\/\\\/dictator.se\\\/\",\"name\":\"dictator.se\",\"description\":\"\",\"publisher\":{\"@id\":\"https:\\\/\\\/dictator.se\\\/#organization\"},\"potentialAction\":[{\"@type\":\"SearchAction\",\"target\":{\"@type\":\"EntryPoint\",\"urlTemplate\":\"https:\\\/\\\/dictator.se\\\/?s={search_term_string}\"},\"query-input\":{\"@type\":\"PropertyValueSpecification\",\"valueRequired\":true,\"valueName\":\"search_term_string\"}}],\"inLanguage\":\"nb-NO\"},{\"@type\":\"Organization\",\"@id\":\"https:\\\/\\\/dictator.se\\\/#organization\",\"name\":\"dictator.se\",\"url\":\"https:\\\/\\\/dictator.se\\\/\",\"logo\":{\"@type\":\"ImageObject\",\"inLanguage\":\"nb-NO\",\"@id\":\"https:\\\/\\\/dictator.se\\\/#\\\/schema\\\/logo\\\/image\\\/\",\"url\":\"https:\\\/\\\/dictator.se\\\/wp-content\\\/uploads\\\/2023\\\/12\\\/DICTATOR_Logo1.svg\",\"contentUrl\":\"https:\\\/\\\/dictator.se\\\/wp-content\\\/uploads\\\/2023\\\/12\\\/DICTATOR_Logo1.svg\",\"width\":377,\"height\":58,\"caption\":\"dictator.se\"},\"image\":{\"@id\":\"https:\\\/\\\/dictator.se\\\/#\\\/schema\\\/logo\\\/image\\\/\"}}]}<\/script>\n<!-- \/ Yoast SEO plugin. -->","yoast_head_json":{"title":"DICTATORS Integritets &amp; S\u00e4kerhetspolicy - dictator.se","robots":{"index":"index","follow":"follow","max-snippet":"max-snippet:-1","max-image-preview":"max-image-preview:large","max-video-preview":"max-video-preview:-1"},"canonical":"https:\/\/dictator.se\/integritets-sakerhetspolicy\/","og_locale":"nb_NO","og_type":"article","og_title":"DICTATORS Integritets &amp; S\u00e4kerhetspolicy - dictator.se","og_url":"https:\/\/dictator.se\/integritets-sakerhetspolicy\/","og_site_name":"dictator.se","article_modified_time":"2024-05-22T12:06:06+00:00","twitter_card":"summary_large_image","twitter_misc":{"Ansl. lesetid":"3 minutter"},"schema":{"@context":"https:\/\/schema.org","@graph":[{"@type":"WebPage","@id":"https:\/\/dictator.se\/integritets-sakerhetspolicy\/","url":"https:\/\/dictator.se\/integritets-sakerhetspolicy\/","name":"DICTATORS Integritets &amp; S\u00e4kerhetspolicy - dictator.se","isPartOf":{"@id":"https:\/\/dictator.se\/#website"},"datePublished":"2023-12-13T11:22:58+00:00","dateModified":"2024-05-22T12:06:06+00:00","breadcrumb":{"@id":"https:\/\/dictator.se\/integritets-sakerhetspolicy\/#breadcrumb"},"inLanguage":"nb-NO","potentialAction":[{"@type":"ReadAction","target":["https:\/\/dictator.se\/integritets-sakerhetspolicy\/"]}]},{"@type":"BreadcrumbList","@id":"https:\/\/dictator.se\/integritets-sakerhetspolicy\/#breadcrumb","itemListElement":[{"@type":"ListItem","position":1,"name":"Home","item":"https:\/\/dictator.se\/no\/"},{"@type":"ListItem","position":2,"name":"DICTATORS Integritets &amp; S\u00e4kerhetspolicy"}]},{"@type":"WebSite","@id":"https:\/\/dictator.se\/#website","url":"https:\/\/dictator.se\/","name":"dictator.se","description":"","publisher":{"@id":"https:\/\/dictator.se\/#organization"},"potentialAction":[{"@type":"SearchAction","target":{"@type":"EntryPoint","urlTemplate":"https:\/\/dictator.se\/?s={search_term_string}"},"query-input":{"@type":"PropertyValueSpecification","valueRequired":true,"valueName":"search_term_string"}}],"inLanguage":"nb-NO"},{"@type":"Organization","@id":"https:\/\/dictator.se\/#organization","name":"dictator.se","url":"https:\/\/dictator.se\/","logo":{"@type":"ImageObject","inLanguage":"nb-NO","@id":"https:\/\/dictator.se\/#\/schema\/logo\/image\/","url":"https:\/\/dictator.se\/wp-content\/uploads\/2023\/12\/DICTATOR_Logo1.svg","contentUrl":"https:\/\/dictator.se\/wp-content\/uploads\/2023\/12\/DICTATOR_Logo1.svg","width":377,"height":58,"caption":"dictator.se"},"image":{"@id":"https:\/\/dictator.se\/#\/schema\/logo\/image\/"}}]}},"featured_image_src":null,"featured_image_src_square":null,"uagb_featured_image_src":{"full":false,"thumbnail":false,"medium":false,"medium_large":false,"large":false,"1536x1536":false,"2048x2048":false,"sidebar-featured":false,"genesis-singular-images":false,"gb-block-post-grid-landscape":false,"gb-block-post-grid-square":false},"uagb_author_info":{"display_name":"Sanna","author_link":"https:\/\/dictator.se\/no\/author\/sanna\/"},"uagb_comment_info":0,"uagb_excerpt":null,"_links":{"self":[{"href":"https:\/\/dictator.se\/no\/wp-json\/wp\/v2\/pages\/4551","targetHints":{"allow":["GET"]}}],"collection":[{"href":"https:\/\/dictator.se\/no\/wp-json\/wp\/v2\/pages"}],"about":[{"href":"https:\/\/dictator.se\/no\/wp-json\/wp\/v2\/types\/page"}],"author":[{"embeddable":true,"href":"https:\/\/dictator.se\/no\/wp-json\/wp\/v2\/users\/6"}],"replies":[{"embeddable":true,"href":"https:\/\/dictator.se\/no\/wp-json\/wp\/v2\/comments?post=4551"}],"version-history":[{"count":3,"href":"https:\/\/dictator.se\/no\/wp-json\/wp\/v2\/pages\/4551\/revisions"}],"predecessor-version":[{"id":4803,"href":"https:\/\/dictator.se\/no\/wp-json\/wp\/v2\/pages\/4551\/revisions\/4803"}],"wp:attachment":[{"href":"https:\/\/dictator.se\/no\/wp-json\/wp\/v2\/media?parent=4551"}],"curies":[{"name":"wp","href":"https:\/\/api.w.org\/{rel}","templated":true}]}}