{"id":4553,"date":"2023-12-13T12:13:51","date_gmt":"2023-12-13T11:13:51","guid":{"rendered":"https:\/\/dictator.se\/?page_id=4553"},"modified":"2025-09-03T14:10:58","modified_gmt":"2025-09-03T12:10:58","slug":"kontakt-oss","status":"publish","type":"page","link":"https:\/\/dictator.se\/no\/kontakt-oss\/","title":{"rendered":"Kontakt oss"},"content":{"rendered":"\n<div class=\"wp-block-genesis-blocks-gb-columns gb-layout-columns-1 one-column\"><div class=\"gb-layout-column-wrap gb-block-layout-column-gap-2 gb-is-responsive-column\">\n<div class=\"wp-block-genesis-blocks-gb-column gb-block-layout-column\"><div class=\"gb-block-layout-column-inner\"><div class=\"yoast-breadcrumbs\"><span><span><a href=\"https:\/\/dictator.se\/no\/\">Home<\/a><\/span> \u00bb <span class=\"breadcrumb_last\" aria-current=\"page\">Kontakt oss<\/span><\/span><\/div>\n\n\n<h1 class=\"wp-block-heading\" style=\"margin-top:var(--wp--preset--spacing--50);margin-bottom:var(--wp--preset--spacing--30);text-transform:uppercase\">KONTAKT OSS<\/h1>\n\n\n\n<p class=\"has-small-font-size\">Ta gjerne kontakt med oss i DICTATOR Scandinavia hvis du vil ha mer informasjon eller r\u00e5d om noen av v\u00e5re produkter, eller hvis du har et sp\u00f8rsm\u00e5l som du \u00f8nsker \u00e5 diskutere mer detaljert. N\u00e5r det gjelder kundeservice, tenker vi ikke n\u00e5r det gjelder &laquo;bokser&raquo;, men n\u00e5r det gjelder l\u00f8sninger. Vi gir ikke opp f\u00f8r vi finner den rette l\u00f8sningen for deg. Vi er mer enn glade for \u00e5 investere tiden som trengs for \u00e5 gj\u00f8re dette. For oss er kundeservice ikke bare et uttrykk; Det er en lidenskap. Og det gir oss stor glede \u00e5 kunne g\u00e5 et skritt videre, enten det er v\u00e5re produkter, h\u00e5ndteringprosessen, v\u00e5r kundeservice, v\u00e5r nettside eller teknisk support. Det er ofte de sm\u00e5 tingene som dukker opp under en uformell samtale som representerer et stort skritt fremover. Og det gj\u00f8r jobben v\u00e5r utrolig givende.<\/p>\n\n\n\n<p class=\"has-small-font-size\"><strong><strong>All informasjon og data som vi mottar fra v\u00e5re kunder, for eksempel spesifikasjoner eller skisser og tegninger etc. h\u00e5ndteres konfidensielt.<\/strong><\/strong><\/p>\n\n\n\n<p class=\"has-small-font-size\"><strong>Ring oss eller send oss en e-post.<\/strong> Se v\u00e5re kontaktdetaljer ved siden av.<\/p>\n\n\n\n<h3 class=\"wp-block-heading\">Kontakt oss &#8211; Vi ser frem til \u00e5 h\u00f8re fra deg!<\/h3>\n\n\n\n<div class=\"wp-block-genesis-blocks-gb-columns gb-layout-columns-2 gb-2-col-wideleft\"><div class=\"gb-layout-column-wrap gb-block-layout-column-gap-2 gb-is-responsive-column\">\n<div class=\"wp-block-genesis-blocks-gb-column gb-block-layout-column\"><div class=\"gb-block-layout-column-inner\">\n<div class=\"wp-block-genesis-blocks-gb-columns form gb-layout-columns-1 one-column\"><div class=\"gb-layout-column-wrap gb-block-layout-column-gap-2 gb-is-responsive-column\">\n<div class=\"wp-block-genesis-blocks-gb-column gb-block-layout-column\"><div class=\"gb-block-layout-column-inner\">\n<h2 class=\"wp-block-heading\" style=\"text-transform:uppercase\">Kontaktskjema<\/h2>\n\n\n<div class=\"frm_forms  with_frm_style frm_style_formidable-style\" id=\"frm_form_3_container\" data-token=\"81dc3e29d9b39e538ffc48568edc8e73\">\n<form enctype=\"multipart\/form-data\" method=\"post\" class=\"frm-show-form  frm_js_validate  frm_ajax_submit \" id=\"form_contact-form22\" data-token=\"81dc3e29d9b39e538ffc48568edc8e73\">\n<div class=\"frm_form_fields \">\n<fieldset>\n<legend class=\"frm_screen_reader\">Kontakt oss NO<\/legend>\r\n\r\n<div class=\"frm_fields_container\">\n<input type=\"hidden\" name=\"frm_action\" value=\"create\" \/>\n<input type=\"hidden\" name=\"form_id\" value=\"3\" \/>\n<input type=\"hidden\" name=\"frm_hide_fields_3\" id=\"frm_hide_fields_3\" value=\"\" \/>\n<input type=\"hidden\" name=\"form_key\" value=\"contact-form22\" \/>\n<input type=\"hidden\" name=\"item_meta[0]\" value=\"\" \/>\n<input type=\"hidden\" id=\"frm_submit_entry_3\" name=\"frm_submit_entry_3\" value=\"6fda6f5815\" \/><input type=\"hidden\" name=\"_wp_http_referer\" value=\"\/no\/wp-json\/wp\/v2\/pages\/4553\" \/><div id=\"frm_field_18_container\" class=\"frm_form_field form-field  frm_required_field frm_top_container frm12 frm_first\">\r\n\t<label for=\"field_qh4icy3\" id=\"field_qh4icy3_label\" class=\"frm_primary_label\"><b>Fornavn<\/b>\r\n\t\t<span class=\"frm_required\" aria-hidden=\"true\">*<\/span>\r\n\t<\/label>\r\n\t<input type=\"text\" id=\"field_qh4icy3\" name=\"item_meta[18]\" value=\"\"  data-reqmsg=\"&lt;b&gt;Fornavn&lt;\/b&gt; cannot be blank.\" aria-required=\"true\" data-invmsg=\"&lt;b&gt;Fornavn&lt;\/b&gt; is invalid\" aria-invalid=\"false\"  \/>\r\n\t\r\n\t\r\n<\/div>\n<div id=\"frm_field_19_container\" class=\"frm_form_field form-field  frm_required_field frm_top_container frm12 frm_first\">\r\n\t<label for=\"field_3yzhc3\" id=\"field_3yzhc3_label\" class=\"frm_primary_label\"><b>Etternavn<\/b>\r\n\t\t<span class=\"frm_required\" aria-hidden=\"true\">*<\/span>\r\n\t<\/label>\r\n\t<input type=\"text\" id=\"field_3yzhc3\" name=\"item_meta[19]\" value=\"\"  data-reqmsg=\"&lt;b&gt;Etternavn&lt;\/b&gt; cannot be blank.\" aria-required=\"true\" data-invmsg=\"&lt;b&gt;Etternavn&lt;\/b&gt; is invalid\" aria-invalid=\"false\"  \/>\r\n\t\r\n\t\r\n<\/div>\n<div id=\"frm_field_20_container\" class=\"frm_form_field form-field  frm_required_field frm_top_container frm6 frm_first\">\r\n\t<label for=\"field_29yf4d3\" id=\"field_29yf4d3_label\" class=\"frm_primary_label\"><b>E-postadresse<\/b>\r\n\t\t<span class=\"frm_required\" aria-hidden=\"true\">*<\/span>\r\n\t<\/label>\r\n\t<input type=\"email\" id=\"field_29yf4d3\" name=\"item_meta[20]\" value=\"\"  data-reqmsg=\"&lt;b&gt;E-postadresse&lt;\/b&gt; cannot be blank.\" aria-required=\"true\" data-invmsg=\"Please enter a valid email address\" aria-invalid=\"false\"  \/>\r\n\t\r\n\t\r\n<\/div>\n<div id=\"frm_field_21_container\" class=\"frm_form_field form-field  frm_required_field frm_top_container frm6\">\r\n\t<label for=\"field_wq26v3\" id=\"field_wq26v3_label\" class=\"frm_primary_label\"><b>Telefonnummer<\/b>\r\n\t\t<span class=\"frm_required\" aria-hidden=\"true\">*<\/span>\r\n\t<\/label>\r\n\t<input type=\"tel\" id=\"field_wq26v3\" name=\"item_meta[21]\" value=\"\"  data-reqmsg=\"&lt;b&gt;Telefonnummer&lt;\/b&gt; cannot be blank.\" aria-required=\"true\" data-invmsg=\"&lt;b&gt;Telefonnummer&lt;\/b&gt; is invalid\" aria-invalid=\"false\" pattern=\"((\\+\\d{1,3}(-|.| )?\\(?\\d\\)?(-| |.)?\\d{1,5})|(\\(?\\d{2,6}\\)?))(-|.| )?(\\d{3,4})(-|.| )?(\\d{4})(( x| ext)\\d{1,5}){0,1}$\"  \/>\r\n\t\r\n\t\r\n<\/div>\n<div id=\"frm_field_22_container\" class=\"frm_form_field form-field  frm_required_field frm_top_container frm_full\">\r\n\t<label for=\"field_9jv0r13\" id=\"field_9jv0r13_label\" class=\"frm_primary_label\"><b>Varsling<\/b>\r\n\t\t<span class=\"frm_required\" aria-hidden=\"true\">*<\/span>\r\n\t<\/label>\r\n\t<textarea name=\"item_meta[22]\" id=\"field_9jv0r13\" rows=\"5\"  data-reqmsg=\"&lt;b&gt;Varsling&lt;\/b&gt; cannot be blank.\" aria-required=\"true\" data-invmsg=\"&lt;b&gt;Varsling&lt;\/b&gt; is invalid\" aria-invalid=\"false\"  ><\/textarea>\r\n\t\r\n\t\r\n<\/div>\n<div id=\"frm_field_23_container\" class=\"frm_form_field form-field  frm_required_field frm_top_container frm12 frm_first vertical_radio\">\r\n\t<div  id=\"field_xnevx3_label\" class=\"frm_primary_label\"><b>Personvern<\/b>\r\n\t\t<span class=\"frm_required\" aria-hidden=\"true\">*<\/span>\r\n\t<\/div>\r\n\t<div class=\"frm_opt_container\" aria-labelledby=\"field_xnevx3_label\" role=\"group\">\t\t<div class=\"frm_checkbox\" id=\"frm_checkbox_23-0\">\t\t\t<label  for=\"field_xnevx3-0\">\n\t\t\t<input type=\"checkbox\" name=\"item_meta[23][]\" id=\"field_xnevx3-0\" value=\"Jeg godtar &lt;a href=&quot; https:\/\/dictator.se\/no\/dictators-integritets-sakerhetspolicy\/&quot;&gt;DICTATORS retningslinjer for personvern og sikkerhet&lt;\/a&gt;.\"  data-reqmsg=\"&lt;b&gt;Personvern&lt;\/b&gt; cannot be blank.\" data-invmsg=\"&lt;b&gt;Personvern&lt;\/b&gt; is invalid\" aria-invalid=\"false\"   aria-required=\"true\"  \/> Jeg godtar <a href=\"https:\/\/dictator.se\/no\/dictators-integritets-sakerhetspolicy\/\">DICTATORS retningslinjer for personvern og sikkerhet<\/a>.<\/label><\/div>\n<\/div>\r\n\t\r\n\t\r\n<\/div>\n<div id=\"frm_field_24_container\" class=\"frm_form_field form-field \">\r\n\t<div class=\"frm_submit frm_flex\">\r\n<button class=\"frm_button_submit\" type=\"submit\"  >SEND INN<\/button>\r\n\r\n\r\n\r\n<\/div>\r\n<\/div>\n\t<input type=\"hidden\" name=\"item_key\" value=\"\" \/>\n\t\t\t<div id=\"frm_field_25_container\">\n\t\t\t<label for=\"field_iw8cq\" >\n\t\t\t\tIf you are human, leave this field blank.\t\t\t<\/label>\n\t\t\t<input  id=\"field_iw8cq\" type=\"text\" class=\"frm_form_field form-field frm_verify\" name=\"item_meta[25]\" value=\"\"  \/>\n\t\t<\/div>\n\t\t<input name=\"frm_state\" type=\"hidden\" value=\"7EY5NzPzw2R0nefZF8l+SFTJqQGnq5W\/A\/662Nxcmcc=\" \/><\/div>\n<\/fieldset>\n<\/div>\n\n<\/form>\n<\/div>\n\n<\/div><\/div>\n<\/div><\/div>\n<\/div><\/div>\n\n\n\n<div class=\"wp-block-genesis-blocks-gb-column gb-block-layout-column\"><div class=\"gb-block-layout-column-inner\">\n<h2 class=\"wp-block-heading has-large-font-size\">Kontaktuppgifter<\/h2>\n\n\n\n<p class=\"has-small-font-size\"><strong>Tel:&nbsp;<\/strong>&nbsp;+46 (0) 143-126 20<br><strong>E-Mail:&nbsp;<a href=\"mailto:info@dictator.se\">info@dictator.se<\/a><\/strong><\/p>\n\n\n\n<h2 class=\"wp-block-heading has-large-font-size\">Adress<\/h2>\n\n\n\n<p class=\"has-small-font-size\"><strong>DICTATOR Scandinavia AB<\/strong><br>Kron\u00e4ngsgatan 1<br>SE-592 30 Vadstena<br>Sverige<\/p>\n\n\n\n<h2 class=\"wp-block-heading has-large-font-size\">Internationella kontaktuppgifter<\/h2>\n\n\n\n<p class=\"has-small-font-size\"><a href=\"https:\/\/en.dictator.de\/contact-international\/\">&gt; H\u00e4r hittar du information om v\u00e5ra internationella kontor p\u00e5 DICTATORS globala hemsida<\/a><\/p>\n<\/div><\/div>\n<\/div><\/div>\n<\/div><\/div>\n<\/div><\/div>\n","protected":false},"excerpt":{"rendered":"","protected":false},"author":6,"featured_media":0,"parent":0,"menu_order":0,"comment_status":"closed","ping_status":"closed","template":"","meta":{"_acf_changed":false,"_uag_custom_page_level_css":"","_genesis_hide_title":true,"_genesis_hide_breadcrumbs":false,"_genesis_hide_singular_image":false,"_genesis_hide_footer_widgets":false,"_genesis_custom_body_class":"","_genesis_custom_post_class":"","_genesis_layout":"","footnotes":""},"class_list":{"0":"post-4553","1":"page","2":"type-page","3":"status-publish","5":"entry"},"acf":[],"yoast_head":"<!-- This site is optimized with the Yoast SEO plugin v27.4 - https:\/\/yoast.com\/product\/yoast-seo-wordpress\/ -->\n<title>Kontakt oss - dictator.se<\/title>\n<meta name=\"description\" content=\"Kontakt oss i DICTATOR Scandinavia hvis du vil ha mer informasjon eller r\u00e5d om noen av v\u00e5re produkter, eller hvis du har et sp\u00f8rsm\u00e5l\" \/>\n<meta name=\"robots\" content=\"index, follow, max-snippet:-1, max-image-preview:large, max-video-preview:-1\" \/>\n<link rel=\"canonical\" href=\"https:\/\/dictator.se\/no\/kontakt-oss\/\" \/>\n<meta property=\"og:locale\" content=\"nb_NO\" \/>\n<meta property=\"og:type\" content=\"article\" \/>\n<meta property=\"og:title\" content=\"Kontakt oss - dictator.se\" \/>\n<meta property=\"og:description\" content=\"Kontakt oss i DICTATOR Scandinavia hvis du vil ha mer informasjon eller r\u00e5d om noen av v\u00e5re produkter, eller hvis du har et sp\u00f8rsm\u00e5l\" \/>\n<meta property=\"og:url\" content=\"https:\/\/dictator.se\/no\/kontakt-oss\/\" \/>\n<meta property=\"og:site_name\" content=\"dictator.se\" \/>\n<meta property=\"article:modified_time\" content=\"2025-09-03T12:10:58+00:00\" \/>\n<meta name=\"twitter:card\" content=\"summary_large_image\" \/>\n<meta name=\"twitter:label1\" content=\"Ansl. lesetid\" \/>\n\t<meta name=\"twitter:data1\" content=\"1 minutt\" \/>\n<script type=\"application\/ld+json\" class=\"yoast-schema-graph\">{\"@context\":\"https:\\\/\\\/schema.org\",\"@graph\":[{\"@type\":\"WebPage\",\"@id\":\"https:\\\/\\\/dictator.se\\\/no\\\/kontakt-oss\\\/\",\"url\":\"https:\\\/\\\/dictator.se\\\/no\\\/kontakt-oss\\\/\",\"name\":\"Kontakt oss - dictator.se\",\"isPartOf\":{\"@id\":\"https:\\\/\\\/dictator.se\\\/#website\"},\"datePublished\":\"2023-12-13T11:13:51+00:00\",\"dateModified\":\"2025-09-03T12:10:58+00:00\",\"description\":\"Kontakt oss i DICTATOR Scandinavia hvis du vil ha mer informasjon eller r\u00e5d om noen av v\u00e5re produkter, eller hvis du har et sp\u00f8rsm\u00e5l\",\"breadcrumb\":{\"@id\":\"https:\\\/\\\/dictator.se\\\/no\\\/kontakt-oss\\\/#breadcrumb\"},\"inLanguage\":\"nb-NO\",\"potentialAction\":[{\"@type\":\"ReadAction\",\"target\":[\"https:\\\/\\\/dictator.se\\\/no\\\/kontakt-oss\\\/\"]}]},{\"@type\":\"BreadcrumbList\",\"@id\":\"https:\\\/\\\/dictator.se\\\/no\\\/kontakt-oss\\\/#breadcrumb\",\"itemListElement\":[{\"@type\":\"ListItem\",\"position\":1,\"name\":\"Home\",\"item\":\"https:\\\/\\\/dictator.se\\\/no\\\/\"},{\"@type\":\"ListItem\",\"position\":2,\"name\":\"Kontakt oss\"}]},{\"@type\":\"WebSite\",\"@id\":\"https:\\\/\\\/dictator.se\\\/#website\",\"url\":\"https:\\\/\\\/dictator.se\\\/\",\"name\":\"dictator.se\",\"description\":\"\",\"publisher\":{\"@id\":\"https:\\\/\\\/dictator.se\\\/#organization\"},\"potentialAction\":[{\"@type\":\"SearchAction\",\"target\":{\"@type\":\"EntryPoint\",\"urlTemplate\":\"https:\\\/\\\/dictator.se\\\/?s={search_term_string}\"},\"query-input\":{\"@type\":\"PropertyValueSpecification\",\"valueRequired\":true,\"valueName\":\"search_term_string\"}}],\"inLanguage\":\"nb-NO\"},{\"@type\":\"Organization\",\"@id\":\"https:\\\/\\\/dictator.se\\\/#organization\",\"name\":\"dictator.se\",\"url\":\"https:\\\/\\\/dictator.se\\\/\",\"logo\":{\"@type\":\"ImageObject\",\"inLanguage\":\"nb-NO\",\"@id\":\"https:\\\/\\\/dictator.se\\\/#\\\/schema\\\/logo\\\/image\\\/\",\"url\":\"https:\\\/\\\/dictator.se\\\/wp-content\\\/uploads\\\/2023\\\/12\\\/DICTATOR_Logo1.svg\",\"contentUrl\":\"https:\\\/\\\/dictator.se\\\/wp-content\\\/uploads\\\/2023\\\/12\\\/DICTATOR_Logo1.svg\",\"width\":377,\"height\":58,\"caption\":\"dictator.se\"},\"image\":{\"@id\":\"https:\\\/\\\/dictator.se\\\/#\\\/schema\\\/logo\\\/image\\\/\"}}]}<\/script>\n<!-- \/ Yoast SEO plugin. -->","yoast_head_json":{"title":"Kontakt oss - dictator.se","description":"Kontakt oss i DICTATOR Scandinavia hvis du vil ha mer informasjon eller r\u00e5d om noen av v\u00e5re produkter, eller hvis du har et sp\u00f8rsm\u00e5l","robots":{"index":"index","follow":"follow","max-snippet":"max-snippet:-1","max-image-preview":"max-image-preview:large","max-video-preview":"max-video-preview:-1"},"canonical":"https:\/\/dictator.se\/no\/kontakt-oss\/","og_locale":"nb_NO","og_type":"article","og_title":"Kontakt oss - dictator.se","og_description":"Kontakt oss i DICTATOR Scandinavia hvis du vil ha mer informasjon eller r\u00e5d om noen av v\u00e5re produkter, eller hvis du har et sp\u00f8rsm\u00e5l","og_url":"https:\/\/dictator.se\/no\/kontakt-oss\/","og_site_name":"dictator.se","article_modified_time":"2025-09-03T12:10:58+00:00","twitter_card":"summary_large_image","twitter_misc":{"Ansl. lesetid":"1 minutt"},"schema":{"@context":"https:\/\/schema.org","@graph":[{"@type":"WebPage","@id":"https:\/\/dictator.se\/no\/kontakt-oss\/","url":"https:\/\/dictator.se\/no\/kontakt-oss\/","name":"Kontakt oss - dictator.se","isPartOf":{"@id":"https:\/\/dictator.se\/#website"},"datePublished":"2023-12-13T11:13:51+00:00","dateModified":"2025-09-03T12:10:58+00:00","description":"Kontakt oss i DICTATOR Scandinavia hvis du vil ha mer informasjon eller r\u00e5d om noen av v\u00e5re produkter, eller hvis du har et sp\u00f8rsm\u00e5l","breadcrumb":{"@id":"https:\/\/dictator.se\/no\/kontakt-oss\/#breadcrumb"},"inLanguage":"nb-NO","potentialAction":[{"@type":"ReadAction","target":["https:\/\/dictator.se\/no\/kontakt-oss\/"]}]},{"@type":"BreadcrumbList","@id":"https:\/\/dictator.se\/no\/kontakt-oss\/#breadcrumb","itemListElement":[{"@type":"ListItem","position":1,"name":"Home","item":"https:\/\/dictator.se\/no\/"},{"@type":"ListItem","position":2,"name":"Kontakt oss"}]},{"@type":"WebSite","@id":"https:\/\/dictator.se\/#website","url":"https:\/\/dictator.se\/","name":"dictator.se","description":"","publisher":{"@id":"https:\/\/dictator.se\/#organization"},"potentialAction":[{"@type":"SearchAction","target":{"@type":"EntryPoint","urlTemplate":"https:\/\/dictator.se\/?s={search_term_string}"},"query-input":{"@type":"PropertyValueSpecification","valueRequired":true,"valueName":"search_term_string"}}],"inLanguage":"nb-NO"},{"@type":"Organization","@id":"https:\/\/dictator.se\/#organization","name":"dictator.se","url":"https:\/\/dictator.se\/","logo":{"@type":"ImageObject","inLanguage":"nb-NO","@id":"https:\/\/dictator.se\/#\/schema\/logo\/image\/","url":"https:\/\/dictator.se\/wp-content\/uploads\/2023\/12\/DICTATOR_Logo1.svg","contentUrl":"https:\/\/dictator.se\/wp-content\/uploads\/2023\/12\/DICTATOR_Logo1.svg","width":377,"height":58,"caption":"dictator.se"},"image":{"@id":"https:\/\/dictator.se\/#\/schema\/logo\/image\/"}}]}},"featured_image_src":null,"featured_image_src_square":null,"uagb_featured_image_src":{"full":false,"thumbnail":false,"medium":false,"medium_large":false,"large":false,"1536x1536":false,"2048x2048":false,"sidebar-featured":false,"genesis-singular-images":false,"gb-block-post-grid-landscape":false,"gb-block-post-grid-square":false},"uagb_author_info":{"display_name":"Sanna","author_link":"https:\/\/dictator.se\/no\/author\/sanna\/"},"uagb_comment_info":0,"uagb_excerpt":null,"_links":{"self":[{"href":"https:\/\/dictator.se\/no\/wp-json\/wp\/v2\/pages\/4553","targetHints":{"allow":["GET"]}}],"collection":[{"href":"https:\/\/dictator.se\/no\/wp-json\/wp\/v2\/pages"}],"about":[{"href":"https:\/\/dictator.se\/no\/wp-json\/wp\/v2\/types\/page"}],"author":[{"embeddable":true,"href":"https:\/\/dictator.se\/no\/wp-json\/wp\/v2\/users\/6"}],"replies":[{"embeddable":true,"href":"https:\/\/dictator.se\/no\/wp-json\/wp\/v2\/comments?post=4553"}],"version-history":[{"count":6,"href":"https:\/\/dictator.se\/no\/wp-json\/wp\/v2\/pages\/4553\/revisions"}],"predecessor-version":[{"id":6966,"href":"https:\/\/dictator.se\/no\/wp-json\/wp\/v2\/pages\/4553\/revisions\/6966"}],"wp:attachment":[{"href":"https:\/\/dictator.se\/no\/wp-json\/wp\/v2\/media?parent=4553"}],"curies":[{"name":"wp","href":"https:\/\/api.w.org\/{rel}","templated":true}]}}