{"id":4557,"date":"2023-12-13T12:12:46","date_gmt":"2023-12-13T11:12:46","guid":{"rendered":"https:\/\/dictator.se\/?page_id=4557"},"modified":"2024-05-23T08:49:42","modified_gmt":"2024-05-23T06:49:42","slug":"om-oss","status":"publish","type":"page","link":"https:\/\/dictator.se\/no\/om-oss\/","title":{"rendered":"Om oss"},"content":{"rendered":"\n<div class=\"wp-block-genesis-blocks-gb-columns gb-layout-columns-1 one-column\"><div class=\"gb-layout-column-wrap gb-block-layout-column-gap-2 gb-is-responsive-column\">\n<div class=\"wp-block-genesis-blocks-gb-column gb-block-layout-column\"><div class=\"gb-block-layout-column-inner\"><div class=\"yoast-breadcrumbs\"><span><span><a href=\"https:\/\/dictator.se\/no\/\">Home<\/a><\/span> \u00bb <span class=\"breadcrumb_last\" aria-current=\"page\">Om oss<\/span><\/span><\/div>\n\n\n<h1 class=\"wp-block-heading\" style=\"margin-top:var(--wp--preset--spacing--40);margin-bottom:var(--wp--preset--spacing--30)\">OM OSS<\/h1>\n\n\n\n<div class=\"wp-block-genesis-blocks-gb-columns gb-layout-columns-2 gb-2-col-wideleft\" style=\"margin-bottom:2%\"><div class=\"gb-layout-column-wrap gb-block-layout-column-gap-2 gb-is-responsive-column\">\n<div class=\"wp-block-genesis-blocks-gb-column gb-block-layout-column gb-is-vertically-aligned-center\"><div class=\"gb-block-layout-column-inner\">\n<h1 class=\"wp-block-heading\"><\/h1>\n\n\n\n<p><strong>Om oss &#8211; DICTATOR Scandinavia. Morselskapet v\u00e5rt <a href=\"https:\/\/en.dictator.de\/\" target=\"_blank\" rel=\"noreferrer noopener\">DICTATOR Technik GmbH<\/a> spesialiserer seg p\u00e5 produkter som kontrollerer eller dikterer bevegelser for d\u00f8rer. Derav selskapets navn DICTATOR som kommer fra selskapets mest ber\u00f8mte produkt, d\u00f8rlukkeren &laquo;Diktator&raquo;, som ble oppfunnet tilbake i 1932.<\/strong><\/p>\n\n\n\n<p class=\"has-small-font-size\">Selskapet har levert l\u00f8sninger for industrielle applikasjoner i over 80 \u00e5r. I dag er vi en global gruppe som produserer <a href=\"https:\/\/dictator.se\/no\/produkter\/\">v\u00e5re produkter<\/a> i egne <a href=\"https:\/\/en.dictator.de\/company\/production-sites\/\" target=\"_blank\" rel=\"noreferrer noopener\">fabrikker i Europa<\/a>. Hovedsakelig i Tyskland, Holland, England og Spania. Noe som sikrer en h\u00f8y kvalitet og kontinuerlig utvikling av v\u00e5re produkter.<\/p>\n<\/div><\/div>\n\n\n\n<div class=\"wp-block-genesis-blocks-gb-column gb-block-layout-column gb-is-vertically-aligned-center\"><div class=\"gb-block-layout-column-inner\">\n<div class=\"wp-block-uagb-image uagb-block-bdb159d4 wp-block-uagb-image--layout-default wp-block-uagb-image--effect-static wp-block-uagb-image--align-none\"><figure class=\"wp-block-uagb-image__figure\"><img decoding=\"async\" srcset=\"https:\/\/dictator.se\/wp-content\/uploads\/2024\/01\/DICTATOR-Wereldkaart.jpg ,https:\/\/dictator.se\/wp-content\/uploads\/2024\/01\/DICTATOR-Wereldkaart.jpg 780w, https:\/\/dictator.se\/wp-content\/uploads\/2024\/01\/DICTATOR-Wereldkaart.jpg 360w\" sizes=\"auto, (max-width: 480px) 150px\" src=\"https:\/\/dictator.se\/wp-content\/uploads\/2024\/01\/DICTATOR-Wereldkaart.jpg\" alt=\"\" class=\"uag-image-1071\" width=\"800\" height=\"438\" title=\"\" loading=\"lazy\"\/><\/figure><\/div>\n<\/div><\/div>\n<\/div><\/div>\n\n\n\n<div class=\"wp-block-genesis-blocks-gb-columns gb-layout-columns-2 gb-2-col-wideleft\" style=\"margin-bottom:2%\"><div class=\"gb-layout-column-wrap gb-block-layout-column-gap-2 gb-is-responsive-column\">\n<div class=\"wp-block-genesis-blocks-gb-column gb-block-layout-column gb-is-vertically-aligned-center\"><div class=\"gb-block-layout-column-inner\">\n<h2 class=\"wp-block-heading has-large-font-size\">Om oss &#8211; DICTATOR Scandinavia<\/h2>\n\n\n\n<p class=\"has-small-font-size\">Siden 1989 har DICTATOR Scandinavia AB v\u00e6rt et delvis eid datterselskap av <a href=\"https:\/\/en.dictator.de\/company\/about-dictator\/\" target=\"_blank\" rel=\"noreferrer noopener\">DICTATOR Technik GmbH.<\/a><\/p>\n\n\n\n<p class=\"has-small-font-size\">Fra starten i 1989 ble selskapet kalt Dictator Teknik Sverige AB og fokusert p\u00e5 det svenske markedet. Tidlig i 2010 skiftet selskapet navn til DICTATOR Scandinavia AB og flyttet kontoret fra Tran\u00e5s til Vadstena. I januar 2013 ble vi forhandlere til det danske markedet og i dag ogs\u00e5 til det norske markedet.<\/p>\n\n\n\n<p class=\"has-small-font-size\">Ansvarlig for virksomheten, administrerende direkt\u00f8r og medeier er Ahron Sturm-Kimby, som med hjelp av ansatte og tidligere administrerende direkt\u00f8r og partner Torbj\u00f6rn Ljunggren, utvikler og driver selskapet videre.<\/p>\n\n\n\n<p><strong><a href=\"https:\/\/dictator.se\/kontakta-oss\/\"><\/a><\/strong><a href=\"https:\/\/dictator.se\/no\/kontakt-oss\/\">Kontakt oss for mere informasjon<\/a><\/p>\n<\/div><\/div>\n\n\n\n<div class=\"wp-block-genesis-blocks-gb-column gb-block-layout-column gb-is-vertically-aligned-center\"><div class=\"gb-block-layout-column-inner\">\n<figure class=\"wp-block-image size-full\"><img loading=\"lazy\" decoding=\"async\" width=\"800\" height=\"450\" src=\"https:\/\/dictator.se\/wp-content\/uploads\/2024\/04\/Dictator_Hus.jpg\" alt=\"\" class=\"wp-image-3966\" srcset=\"https:\/\/dictator.se\/wp-content\/uploads\/2024\/04\/Dictator_Hus.jpg 800w, https:\/\/dictator.se\/wp-content\/uploads\/2024\/04\/Dictator_Hus-300x169.jpg 300w, https:\/\/dictator.se\/wp-content\/uploads\/2024\/04\/Dictator_Hus-768x432.jpg 768w\" sizes=\"auto, (max-width: 800px) 100vw, 800px\" \/><\/figure>\n<\/div><\/div>\n<\/div><\/div>\n\n\n\n<div class=\"wp-block-genesis-blocks-gb-columns gb-layout-columns-1 gb-1-col-equal\" style=\"margin-bottom:2%\"><div class=\"gb-layout-column-wrap gb-block-layout-column-gap-2 gb-is-responsive-column\">\n<div class=\"wp-block-genesis-blocks-gb-column gb-block-layout-column\"><div class=\"gb-block-layout-column-inner\">\n<h2 class=\"wp-block-heading has-large-font-size\"><strong>V\u00e5r filosofi handler om \u00e5 tilby l\u00f8sninger<\/strong><\/h2>\n\n\n\n<p class=\"has-small-font-size\">Vi er stolte av \u00e5 kunne tilby utmerket service til alle v\u00e5re kunder, sm\u00e5 og store. Vi \u00f8nsker \u00e5 samarbeide med deg for \u00e5 levere den beste l\u00f8sningen for ditt prosjekt, enten det er et standardprodukt eller om det betyr \u00e5 utvikle en skreddersydd l\u00f8sning.<\/p>\n\n\n\n<p class=\"has-small-font-size\">Produksjon av v\u00e5re egne produkter har alltid v\u00e6rt viktig for oss, og vi fortsetter \u00e5 investere i det nyeste utstyret i v\u00e5re anlegg i Europa.<\/p>\n\n\n\n<p class=\"has-small-font-size\"><strong>Fremfor alt verdsetter vi relasjonene vi bygger med v\u00e5re kunder. Vi lytter alltid til kundene v\u00e5re og samarbeider med dem for \u00e5 l\u00f8se problemene deres.<\/strong><\/p>\n<\/div><\/div>\n<\/div><\/div>\n<\/div><\/div>\n<\/div><\/div>\n","protected":false},"excerpt":{"rendered":"","protected":false},"author":6,"featured_media":0,"parent":0,"menu_order":0,"comment_status":"closed","ping_status":"closed","template":"","meta":{"_acf_changed":false,"_uag_custom_page_level_css":"","_genesis_hide_title":true,"_genesis_hide_breadcrumbs":false,"_genesis_hide_singular_image":false,"_genesis_hide_footer_widgets":false,"_genesis_custom_body_class":"","_genesis_custom_post_class":"","_genesis_layout":"","footnotes":""},"class_list":{"0":"post-4557","1":"page","2":"type-page","3":"status-publish","5":"entry"},"acf":[],"yoast_head":"<!-- This site is optimized with the Yoast SEO plugin v27.3 - https:\/\/yoast.com\/product\/yoast-seo-wordpress\/ -->\n<title>Om oss - dictator.se<\/title>\n<meta name=\"description\" content=\"Om oss - Morselskapet v\u00e5rt DICTATOR Technik GmbH spesialiserer seg p\u00e5 produkter som kontrollerer eller dikterer bevegelser for d\u00f8rer.\" \/>\n<meta name=\"robots\" content=\"index, follow, max-snippet:-1, max-image-preview:large, max-video-preview:-1\" \/>\n<link rel=\"canonical\" href=\"https:\/\/dictator.se\/no\/om-oss\/\" \/>\n<meta property=\"og:locale\" content=\"nb_NO\" \/>\n<meta property=\"og:type\" content=\"article\" \/>\n<meta property=\"og:title\" content=\"Om oss - dictator.se\" \/>\n<meta property=\"og:description\" content=\"Om oss - Morselskapet v\u00e5rt DICTATOR Technik GmbH spesialiserer seg p\u00e5 produkter som kontrollerer eller dikterer bevegelser for d\u00f8rer.\" \/>\n<meta property=\"og:url\" content=\"https:\/\/dictator.se\/no\/om-oss\/\" \/>\n<meta property=\"og:site_name\" content=\"dictator.se\" \/>\n<meta property=\"article:modified_time\" content=\"2024-05-23T06:49:42+00:00\" \/>\n<meta property=\"og:image\" content=\"https:\/\/dictator.se\/wp-content\/uploads\/2024\/01\/DICTATOR-Wereldkaart.jpg\" \/>\n<meta name=\"twitter:card\" content=\"summary_large_image\" \/>\n<meta name=\"twitter:label1\" content=\"Ansl. lesetid\" \/>\n\t<meta name=\"twitter:data1\" content=\"2 minutter\" \/>\n<script type=\"application\/ld+json\" class=\"yoast-schema-graph\">{\"@context\":\"https:\\\/\\\/schema.org\",\"@graph\":[{\"@type\":\"WebPage\",\"@id\":\"https:\\\/\\\/dictator.se\\\/no\\\/om-oss\\\/\",\"url\":\"https:\\\/\\\/dictator.se\\\/no\\\/om-oss\\\/\",\"name\":\"Om oss - dictator.se\",\"isPartOf\":{\"@id\":\"https:\\\/\\\/dictator.se\\\/#website\"},\"primaryImageOfPage\":{\"@id\":\"https:\\\/\\\/dictator.se\\\/no\\\/om-oss\\\/#primaryimage\"},\"image\":{\"@id\":\"https:\\\/\\\/dictator.se\\\/no\\\/om-oss\\\/#primaryimage\"},\"thumbnailUrl\":\"https:\\\/\\\/dictator.se\\\/wp-content\\\/uploads\\\/2024\\\/01\\\/DICTATOR-Wereldkaart.jpg\",\"datePublished\":\"2023-12-13T11:12:46+00:00\",\"dateModified\":\"2024-05-23T06:49:42+00:00\",\"description\":\"Om oss - Morselskapet v\u00e5rt DICTATOR Technik GmbH spesialiserer seg p\u00e5 produkter som kontrollerer eller dikterer bevegelser for d\u00f8rer.\",\"breadcrumb\":{\"@id\":\"https:\\\/\\\/dictator.se\\\/no\\\/om-oss\\\/#breadcrumb\"},\"inLanguage\":\"nb-NO\",\"potentialAction\":[{\"@type\":\"ReadAction\",\"target\":[\"https:\\\/\\\/dictator.se\\\/no\\\/om-oss\\\/\"]}]},{\"@type\":\"ImageObject\",\"inLanguage\":\"nb-NO\",\"@id\":\"https:\\\/\\\/dictator.se\\\/no\\\/om-oss\\\/#primaryimage\",\"url\":\"https:\\\/\\\/dictator.se\\\/wp-content\\\/uploads\\\/2024\\\/01\\\/DICTATOR-Wereldkaart.jpg\",\"contentUrl\":\"https:\\\/\\\/dictator.se\\\/wp-content\\\/uploads\\\/2024\\\/01\\\/DICTATOR-Wereldkaart.jpg\"},{\"@type\":\"BreadcrumbList\",\"@id\":\"https:\\\/\\\/dictator.se\\\/no\\\/om-oss\\\/#breadcrumb\",\"itemListElement\":[{\"@type\":\"ListItem\",\"position\":1,\"name\":\"Home\",\"item\":\"https:\\\/\\\/dictator.se\\\/no\\\/\"},{\"@type\":\"ListItem\",\"position\":2,\"name\":\"Om oss\"}]},{\"@type\":\"WebSite\",\"@id\":\"https:\\\/\\\/dictator.se\\\/#website\",\"url\":\"https:\\\/\\\/dictator.se\\\/\",\"name\":\"dictator.se\",\"description\":\"\",\"publisher\":{\"@id\":\"https:\\\/\\\/dictator.se\\\/#organization\"},\"potentialAction\":[{\"@type\":\"SearchAction\",\"target\":{\"@type\":\"EntryPoint\",\"urlTemplate\":\"https:\\\/\\\/dictator.se\\\/?s={search_term_string}\"},\"query-input\":{\"@type\":\"PropertyValueSpecification\",\"valueRequired\":true,\"valueName\":\"search_term_string\"}}],\"inLanguage\":\"nb-NO\"},{\"@type\":\"Organization\",\"@id\":\"https:\\\/\\\/dictator.se\\\/#organization\",\"name\":\"dictator.se\",\"url\":\"https:\\\/\\\/dictator.se\\\/\",\"logo\":{\"@type\":\"ImageObject\",\"inLanguage\":\"nb-NO\",\"@id\":\"https:\\\/\\\/dictator.se\\\/#\\\/schema\\\/logo\\\/image\\\/\",\"url\":\"https:\\\/\\\/dictator.se\\\/wp-content\\\/uploads\\\/2023\\\/12\\\/DICTATOR_Logo1.svg\",\"contentUrl\":\"https:\\\/\\\/dictator.se\\\/wp-content\\\/uploads\\\/2023\\\/12\\\/DICTATOR_Logo1.svg\",\"width\":377,\"height\":58,\"caption\":\"dictator.se\"},\"image\":{\"@id\":\"https:\\\/\\\/dictator.se\\\/#\\\/schema\\\/logo\\\/image\\\/\"}}]}<\/script>\n<!-- \/ Yoast SEO plugin. -->","yoast_head_json":{"title":"Om oss - dictator.se","description":"Om oss - Morselskapet v\u00e5rt DICTATOR Technik GmbH spesialiserer seg p\u00e5 produkter som kontrollerer eller dikterer bevegelser for d\u00f8rer.","robots":{"index":"index","follow":"follow","max-snippet":"max-snippet:-1","max-image-preview":"max-image-preview:large","max-video-preview":"max-video-preview:-1"},"canonical":"https:\/\/dictator.se\/no\/om-oss\/","og_locale":"nb_NO","og_type":"article","og_title":"Om oss - dictator.se","og_description":"Om oss - Morselskapet v\u00e5rt DICTATOR Technik GmbH spesialiserer seg p\u00e5 produkter som kontrollerer eller dikterer bevegelser for d\u00f8rer.","og_url":"https:\/\/dictator.se\/no\/om-oss\/","og_site_name":"dictator.se","article_modified_time":"2024-05-23T06:49:42+00:00","og_image":[{"url":"https:\/\/dictator.se\/wp-content\/uploads\/2024\/01\/DICTATOR-Wereldkaart.jpg","type":"","width":"","height":""}],"twitter_card":"summary_large_image","twitter_misc":{"Ansl. lesetid":"2 minutter"},"schema":{"@context":"https:\/\/schema.org","@graph":[{"@type":"WebPage","@id":"https:\/\/dictator.se\/no\/om-oss\/","url":"https:\/\/dictator.se\/no\/om-oss\/","name":"Om oss - dictator.se","isPartOf":{"@id":"https:\/\/dictator.se\/#website"},"primaryImageOfPage":{"@id":"https:\/\/dictator.se\/no\/om-oss\/#primaryimage"},"image":{"@id":"https:\/\/dictator.se\/no\/om-oss\/#primaryimage"},"thumbnailUrl":"https:\/\/dictator.se\/wp-content\/uploads\/2024\/01\/DICTATOR-Wereldkaart.jpg","datePublished":"2023-12-13T11:12:46+00:00","dateModified":"2024-05-23T06:49:42+00:00","description":"Om oss - Morselskapet v\u00e5rt DICTATOR Technik GmbH spesialiserer seg p\u00e5 produkter som kontrollerer eller dikterer bevegelser for d\u00f8rer.","breadcrumb":{"@id":"https:\/\/dictator.se\/no\/om-oss\/#breadcrumb"},"inLanguage":"nb-NO","potentialAction":[{"@type":"ReadAction","target":["https:\/\/dictator.se\/no\/om-oss\/"]}]},{"@type":"ImageObject","inLanguage":"nb-NO","@id":"https:\/\/dictator.se\/no\/om-oss\/#primaryimage","url":"https:\/\/dictator.se\/wp-content\/uploads\/2024\/01\/DICTATOR-Wereldkaart.jpg","contentUrl":"https:\/\/dictator.se\/wp-content\/uploads\/2024\/01\/DICTATOR-Wereldkaart.jpg"},{"@type":"BreadcrumbList","@id":"https:\/\/dictator.se\/no\/om-oss\/#breadcrumb","itemListElement":[{"@type":"ListItem","position":1,"name":"Home","item":"https:\/\/dictator.se\/no\/"},{"@type":"ListItem","position":2,"name":"Om oss"}]},{"@type":"WebSite","@id":"https:\/\/dictator.se\/#website","url":"https:\/\/dictator.se\/","name":"dictator.se","description":"","publisher":{"@id":"https:\/\/dictator.se\/#organization"},"potentialAction":[{"@type":"SearchAction","target":{"@type":"EntryPoint","urlTemplate":"https:\/\/dictator.se\/?s={search_term_string}"},"query-input":{"@type":"PropertyValueSpecification","valueRequired":true,"valueName":"search_term_string"}}],"inLanguage":"nb-NO"},{"@type":"Organization","@id":"https:\/\/dictator.se\/#organization","name":"dictator.se","url":"https:\/\/dictator.se\/","logo":{"@type":"ImageObject","inLanguage":"nb-NO","@id":"https:\/\/dictator.se\/#\/schema\/logo\/image\/","url":"https:\/\/dictator.se\/wp-content\/uploads\/2023\/12\/DICTATOR_Logo1.svg","contentUrl":"https:\/\/dictator.se\/wp-content\/uploads\/2023\/12\/DICTATOR_Logo1.svg","width":377,"height":58,"caption":"dictator.se"},"image":{"@id":"https:\/\/dictator.se\/#\/schema\/logo\/image\/"}}]}},"featured_image_src":null,"featured_image_src_square":null,"uagb_featured_image_src":{"full":false,"thumbnail":false,"medium":false,"medium_large":false,"large":false,"1536x1536":false,"2048x2048":false,"sidebar-featured":false,"genesis-singular-images":false,"gb-block-post-grid-landscape":false,"gb-block-post-grid-square":false},"uagb_author_info":{"display_name":"Sanna","author_link":"https:\/\/dictator.se\/no\/author\/sanna\/"},"uagb_comment_info":0,"uagb_excerpt":null,"_links":{"self":[{"href":"https:\/\/dictator.se\/no\/wp-json\/wp\/v2\/pages\/4557","targetHints":{"allow":["GET"]}}],"collection":[{"href":"https:\/\/dictator.se\/no\/wp-json\/wp\/v2\/pages"}],"about":[{"href":"https:\/\/dictator.se\/no\/wp-json\/wp\/v2\/types\/page"}],"author":[{"embeddable":true,"href":"https:\/\/dictator.se\/no\/wp-json\/wp\/v2\/users\/6"}],"replies":[{"embeddable":true,"href":"https:\/\/dictator.se\/no\/wp-json\/wp\/v2\/comments?post=4557"}],"version-history":[{"count":4,"href":"https:\/\/dictator.se\/no\/wp-json\/wp\/v2\/pages\/4557\/revisions"}],"predecessor-version":[{"id":5004,"href":"https:\/\/dictator.se\/no\/wp-json\/wp\/v2\/pages\/4557\/revisions\/5004"}],"wp:attachment":[{"href":"https:\/\/dictator.se\/no\/wp-json\/wp\/v2\/media?parent=4557"}],"curies":[{"name":"wp","href":"https:\/\/api.w.org\/{rel}","templated":true}]}}