{"id":4571,"date":"2024-04-10T16:10:11","date_gmt":"2024-04-10T14:10:11","guid":{"rendered":"https:\/\/dictator.se\/?page_id=4571"},"modified":"2025-09-30T08:24:06","modified_gmt":"2025-09-30T06:24:06","slug":"dorholder","status":"publish","type":"page","link":"https:\/\/dictator.se\/no\/produkter\/dorlukkere\/dorholder\/","title":{"rendered":"D\u00f8rholder"},"content":{"rendered":"\n<div class=\"wp-block-genesis-blocks-gb-columns gb-layout-columns-1 one-column\"><div class=\"gb-layout-column-wrap gb-block-layout-column-gap-2 gb-is-responsive-column\">\n<div class=\"wp-block-genesis-blocks-gb-column gb-block-layout-column\"><div class=\"gb-block-layout-column-inner\"><div class=\"yoast-breadcrumbs\"><span><span><a href=\"https:\/\/dictator.se\/no\/\">Home<\/a><\/span> \u00bb <span><a href=\"https:\/\/dictator.se\/no\/produkter\/\">Produkter<\/a><\/span> \u00bb <span><a href=\"https:\/\/dictator.se\/no\/produkter\/dorlukkere\/\">D\u00f8rlukkere<\/a><\/span> \u00bb <span class=\"breadcrumb_last\" aria-current=\"page\">D\u00f8rholder<\/span><\/span><\/div>\n\n\n<div class=\"wp-block-genesis-blocks-gb-columns gb-layout-columns-2 gb-2-col-wideleft\"><div class=\"gb-layout-column-wrap gb-block-layout-column-gap-2 gb-is-responsive-column\">\n<div class=\"wp-block-genesis-blocks-gb-column gb-block-layout-column\"><div class=\"gb-block-layout-column-inner\">\n<h1 class=\"wp-block-heading\" style=\"padding-top:var(--wp--preset--spacing--40);font-size:40px;text-transform:uppercase\"><strong>D\u00f8rholder<\/strong><\/h1>\n\n\n\n<p>DICTATOR\u2019s d\u00f8rholdere er preget hovedsakelig av deres robuste konstruksjon og attraktive design. D\u00f8rholdere er tilpasset for \u00e5 holde d\u00f8ren i en hvilken som helst posisjon og kan l\u00e5ses d\u00f8ren eller l\u00f8sne den med et lite trykk p\u00e5 foten.<\/p>\n\n\n\n<p>Materialene er valgt basert p\u00e5 en rustfritt st\u00e5l og vedlikeholdsfri funksjon for \u00e5 oppn\u00e5 h\u00f8y kvalitet og lang levetid. D\u00f8rholdere serien ZE er tilgjengelig med flere forskjellige st\u00f8tpunkter opp til s\u00e5 mye som 200 mm. Perfekt for patio d\u00f8rer der vanligvis avstanden til patio overflaten selv kan v\u00e6re stor.<\/p>\n\n\n\n<p>ZE -serien huset er laget i ett stykke i aluminium og de andre delene er laget av rustfritt st\u00e5l, plass og gummi som gj\u00f8r d\u00f8rholderen rustfritt st\u00e5l som er en forutsetning for \u00e5 rydde utvendige d\u00f8rer og patio d\u00f8rer i lang tid. Ved \u00e5 skyve gummifoten ned mot overflaten, stopper d\u00f8ren ogs\u00e5 med polerte overflater.<\/p>\n\n\n\n<p>Hvis d\u00f8ren alltid skal v\u00e6re \u00e5pen i samme posisjon og du vil unng\u00e5 \u00e5 feste eller slippe d\u00f8rholderen med jevne mellomrom, anbefaler vi v\u00e5r d\u00f8rstopp med buffer som ofte kan v\u00e6re en bedre l\u00f8sning enn den fleksible d\u00f8rholderen.<\/p>\n\n\n\n<h2 class=\"wp-block-heading has-large-font-size\">Funksjonen<\/h2>\n\n\n\n<ul class=\"wp-block-list\">\n<li class=\"has-small-font-size\">Stopper d\u00f8ren forsiktig n\u00e5r du \u00e5pner<\/li>\n\n\n\n<li class=\"has-small-font-size\">Hindrer at d\u00f8ren \u00e5pnes utenfor \u00f8nsket vinkel<\/li>\n\n\n\n<li class=\"has-small-font-size\">Holder d\u00f8ren \u00e5pen i \u00f8nsket posisjon<\/li>\n<\/ul>\n<\/div><\/div>\n\n\n\n<div class=\"wp-block-genesis-blocks-gb-column gb-block-layout-column\"><div class=\"gb-block-layout-column-inner\">\n<div class=\"wp-block-uagb-image uagb-block-9d0cc450 wp-block-uagb-image--layout-default wp-block-uagb-image--effect-static wp-block-uagb-image--align-none\"><figure class=\"wp-block-uagb-image__figure\"><img decoding=\"async\" srcset=\"https:\/\/dictator.se\/wp-content\/uploads\/2024\/04\/Dorrhallare-ZE160.jpg ,https:\/\/dictator.se\/wp-content\/uploads\/2024\/04\/Dorrhallare-ZE160.jpg 780w, https:\/\/dictator.se\/wp-content\/uploads\/2024\/04\/Dorrhallare-ZE160.jpg 360w\" sizes=\"auto, (max-width: 480px) 150px\" src=\"https:\/\/dictator.se\/wp-content\/uploads\/2024\/04\/Dorrhallare-ZE160.jpg\" alt=\"\" class=\"uag-image-3508\" width=\"300\" height=\"361\" title=\"Dorrhallare-ZE160\" loading=\"lazy\" role=\"img\"\/><\/figure><\/div>\n\n\n\n<div class=\"wp-block-uagb-image uagb-block-b2b25dfb wp-block-uagb-image--layout-default wp-block-uagb-image--effect-static wp-block-uagb-image--align-none\"><figure class=\"wp-block-uagb-image__figure\"><img decoding=\"async\" srcset=\"https:\/\/dictator.se\/wp-content\/uploads\/2024\/04\/Dorrhallare-Katalog.jpg ,https:\/\/dictator.se\/wp-content\/uploads\/2024\/04\/Dorrhallare-Katalog.jpg 780w, https:\/\/dictator.se\/wp-content\/uploads\/2024\/04\/Dorrhallare-Katalog.jpg 360w\" sizes=\"auto, (max-width: 480px) 150px\" src=\"https:\/\/dictator.se\/wp-content\/uploads\/2024\/04\/Dorrhallare-Katalog.jpg\" alt=\"\" class=\"uag-image-3517\" width=\"246\" height=\"248\" title=\"Dorrhallare-Katalog\" loading=\"lazy\" role=\"img\"\/><\/figure><\/div>\n\n\n\n<p class=\"has-text-align-center has-small-font-size\"><a href=\"https:\/\/en.dictator.de\/wp-content\/uploads\/0205-Door-holders.pdf\" target=\"_blank\" rel=\"noreferrer noopener\">L\u00e4s v\u00e5r kataloh Door Holders<\/a><\/p>\n<\/div><\/div>\n<\/div><\/div>\n\n\n\n<div class=\"wp-block-uagb-container uagb-layout-grid uagb-block-c42f61f0 alignfull uagb-is-root-container\"><div class=\"uagb-container-inner-blocks-wrap\">\n<div class=\"wp-block-uagb-container uagb-block-2151ad33 default uagb-is-root-container\">\n<div class=\"wp-block-uagb-image aligncenter uagb-block-c4f29346 wp-block-uagb-image--layout-default wp-block-uagb-image--effect-static wp-block-uagb-image--align-center\"><figure class=\"wp-block-uagb-image__figure\"><a class=\"\" href=\"https:\/\/en.dictator.de\/products\/door-closing-solutions\/door-holder\/ze-door-holder\/\" target=\"_blank\" rel=\"noreferrer noopener\"><img decoding=\"async\" srcset=\"https:\/\/dictator.se\/wp-content\/uploads\/2024\/02\/Dorrhallare-ZE.jpg ,https:\/\/dictator.se\/wp-content\/uploads\/2024\/02\/Dorrhallare-ZE.jpg 780w, https:\/\/dictator.se\/wp-content\/uploads\/2024\/02\/Dorrhallare-ZE.jpg 360w\" sizes=\"auto, (max-width: 480px) 150px\" src=\"https:\/\/dictator.se\/wp-content\/uploads\/2024\/02\/Dorrhallare-ZE.jpg\" alt=\"\" class=\"uag-image-2873\" width=\"200\" height=\"200\" title=\"Dorrhallare-ZE\" loading=\"lazy\" role=\"img\"\/><\/a><\/figure><\/div>\n\n\n\n<div class=\"wp-block-uagb-advanced-heading uagb-block-e1e05fc6\"><h4 class=\"uagb-heading-text\"><strong><strong>D\u00f8rholder ZE, standard &amp; design line<\/strong><\/strong><\/h4><\/div>\n\n\n\n<p class=\"has-small-font-size\"><strong><strong>Holder d\u00f8ren \u00e5pen i alle posisjoner.<\/strong><\/strong><\/p>\n\n\n\n<ul class=\"wp-block-list has-small-font-size\">\n<li class=\"has-small-font-size\"><strong>Standard<\/strong>:&nbsp;Robust versjon med slag fra 25 mm til 105 mm.<\/li>\n\n\n\n<li class=\"has-small-font-size\"><strong>Design Line<\/strong>:&nbsp;Sv\u00e6rt kompakt design selv for slag fra 80 mm til 200 mm, hvor stempelstangen ikke er synlig n\u00e5r den er deaktivert.<\/li>\n<\/ul>\n\n\n\n<div class=\"wp-block-uagb-buttons uagb-buttons__outer-wrap uagb-btn__small-btn uagb-btn-tablet__default-btn uagb-btn-mobile__default-btn uagb-block-041cacdf\"><div class=\"uagb-buttons__wrap uagb-buttons-layout-wrap \">\n<div class=\"wp-block-uagb-buttons-child uagb-buttons__outer-wrap uagb-block-2690ebee wp-block-button\"><div class=\"uagb-button__wrapper\"><a class=\"uagb-buttons-repeater wp-block-button__link\" aria-label=\"\" href=\"https:\/\/en.dictator.de\/products\/door-closing-solutions\/door-holder\/ze-door-holder\/\" rel=\"follow noopener\" target=\"_blank\" role=\"button\"><div class=\"uagb-button__link\">les mer her<\/div><span class=\"uagb-button__icon uagb-button__icon-position-after\"><svg xmlns=\"https:\/\/www.w3.org\/2000\/svg\" viewBox=\"0 0 448 512\" aria-hidden=\"true\" focussable=\"false\"><path d=\"M256 64C256 46.33 270.3 32 288 32H415.1C415.1 32 415.1 32 415.1 32C420.3 32 424.5 32.86 428.2 34.43C431.1 35.98 435.5 38.27 438.6 41.3C438.6 41.35 438.6 41.4 438.7 41.44C444.9 47.66 447.1 55.78 448 63.9C448 63.94 448 63.97 448 64V192C448 209.7 433.7 224 416 224C398.3 224 384 209.7 384 192V141.3L214.6 310.6C202.1 323.1 181.9 323.1 169.4 310.6C156.9 298.1 156.9 277.9 169.4 265.4L338.7 96H288C270.3 96 256 81.67 256 64V64zM0 128C0 92.65 28.65 64 64 64H160C177.7 64 192 78.33 192 96C192 113.7 177.7 128 160 128H64V416H352V320C352 302.3 366.3 288 384 288C401.7 288 416 302.3 416 320V416C416 451.3 387.3 480 352 480H64C28.65 480 0 451.3 0 416V128z\"><\/path><\/svg><\/span><\/a><\/div><\/div>\n<\/div><\/div>\n<\/div>\n\n\n\n<div class=\"wp-block-uagb-container uagb-block-f508e74d default uagb-is-root-container\">\n<div class=\"wp-block-uagb-image aligncenter uagb-block-84be7e69 wp-block-uagb-image--layout-default wp-block-uagb-image--effect-static wp-block-uagb-image--align-center\"><figure class=\"wp-block-uagb-image__figure\"><a class=\"\" href=\"https:\/\/en.dictator.de\/products\/door-closing-solutions\/door-holder\/door-stop-buffer\/\" target=\"_blank\" rel=\"noreferrer noopener\"><img decoding=\"async\" srcset=\"https:\/\/dictator.se\/wp-content\/uploads\/2024\/04\/Dorrstopp-buffert.jpg ,https:\/\/dictator.se\/wp-content\/uploads\/2024\/04\/Dorrstopp-buffert.jpg 780w, https:\/\/dictator.se\/wp-content\/uploads\/2024\/04\/Dorrstopp-buffert.jpg 360w\" sizes=\"auto, (max-width: 480px) 150px\" src=\"https:\/\/dictator.se\/wp-content\/uploads\/2024\/04\/Dorrstopp-buffert.jpg\" alt=\"\" class=\"uag-image-3511\" width=\"200\" height=\"200\" title=\"Dorrstopp-buffert\" loading=\"lazy\" role=\"img\"\/><\/a><\/figure><\/div>\n\n\n\n<div class=\"wp-block-uagb-advanced-heading uagb-block-0a89bec5\"><h4 class=\"uagb-heading-text\"><strong><strong><strong>D\u00f8rstopp og buffer<\/strong><\/strong><\/strong><\/h4><\/div>\n\n\n\n<p class=\"has-small-font-size\"><strong><strong>Holder d\u00f8ren \u00e5pen i en forh\u00e5ndsbestemt posisjon.<\/strong><\/strong><\/p>\n\n\n\n<ul class=\"wp-block-list has-small-font-size\">\n<li>Diskret design<\/li>\n\n\n\n<li class=\"has-small-font-size\">Justerbar holdekraft<\/li>\n\n\n\n<li>P\u00e5 grunn av sin flate design utgj\u00f8r det ikke et hinder for<\/li>\n\n\n\n<li class=\"has-small-font-size\">Takket v\u00e6re aluminium huset kan d\u00f8rholderen ogs\u00e5 installeres utend\u00f8rs<\/li>\n\n\n\n<li class=\"has-small-font-size\">Den flate platen er festet til gulvet der d\u00f8ren skal holdes \u00e5pen<\/li>\n\n\n\n<li class=\"has-small-font-size\">Gummibufferen p\u00e5 platen bremser ned d\u00f8ren og beskytter den og hengslene<\/li>\n<\/ul>\n\n\n\n<div class=\"wp-block-uagb-buttons uagb-buttons__outer-wrap uagb-btn__small-btn uagb-btn-tablet__default-btn uagb-btn-mobile__default-btn uagb-block-27e658b2\"><div class=\"uagb-buttons__wrap uagb-buttons-layout-wrap \">\n<div class=\"wp-block-uagb-buttons-child uagb-buttons__outer-wrap uagb-block-c07e3c0f wp-block-button\"><div class=\"uagb-button__wrapper\"><a class=\"uagb-buttons-repeater wp-block-button__link\" aria-label=\"\" href=\"https:\/\/en.dictator.de\/products\/door-closing-solutions\/door-holder\/door-stop-buffer\/\" rel=\"follow noopener\" target=\"_blank\" role=\"button\"><div class=\"uagb-button__link\">les mer her<\/div><span class=\"uagb-button__icon uagb-button__icon-position-after\"><svg xmlns=\"https:\/\/www.w3.org\/2000\/svg\" viewBox=\"0 0 448 512\" aria-hidden=\"true\" focussable=\"false\"><path d=\"M256 64C256 46.33 270.3 32 288 32H415.1C415.1 32 415.1 32 415.1 32C420.3 32 424.5 32.86 428.2 34.43C431.1 35.98 435.5 38.27 438.6 41.3C438.6 41.35 438.6 41.4 438.7 41.44C444.9 47.66 447.1 55.78 448 63.9C448 63.94 448 63.97 448 64V192C448 209.7 433.7 224 416 224C398.3 224 384 209.7 384 192V141.3L214.6 310.6C202.1 323.1 181.9 323.1 169.4 310.6C156.9 298.1 156.9 277.9 169.4 265.4L338.7 96H288C270.3 96 256 81.67 256 64V64zM0 128C0 92.65 28.65 64 64 64H160C177.7 64 192 78.33 192 96C192 113.7 177.7 128 160 128H64V416H352V320C352 302.3 366.3 288 384 288C401.7 288 416 302.3 416 320V416C416 451.3 387.3 480 352 480H64C28.65 480 0 451.3 0 416V128z\"><\/path><\/svg><\/span><\/a><\/div><\/div>\n<\/div><\/div>\n<\/div>\n<\/div><\/div>\n\n\n\n<div class=\"wp-block-genesis-blocks-gb-columns gb-layout-columns-1 one-column\" style=\"margin-top:2%\"><div class=\"gb-layout-column-wrap gb-block-layout-column-gap-2 gb-is-responsive-column\">\n<div class=\"wp-block-genesis-blocks-gb-column gb-block-layout-column\"><div class=\"gb-block-layout-column-inner has-ci-quaternary-background-color\" style=\"padding-top:50px;padding-right:100px;padding-bottom:50px;padding-left:100px\">\n<div class=\"wp-block-genesis-blocks-gb-columns gb-layout-columns-2 gb-2-col-wideleft\"><div class=\"gb-layout-column-wrap gb-block-layout-column-gap-2 gb-is-responsive-column\">\n<div class=\"wp-block-genesis-blocks-gb-column gb-block-layout-column\"><div class=\"gb-block-layout-column-inner\">\n<h2 class=\"wp-block-heading has-large-font-size\"><strong>GRATIS SERVICE OG R\u00c5D<\/strong><\/h2>\n\n\n\n<div class=\"wp-block-uagb-buttons uagb-buttons__outer-wrap uagb-btn__default-btn uagb-btn-tablet__default-btn uagb-btn-mobile__default-btn uagb-block-39eb0c0e\"><div class=\"uagb-buttons__wrap uagb-buttons-layout-wrap \">\n<div class=\"wp-block-uagb-buttons-child uagb-buttons__outer-wrap uagb-block-d206b251 wp-block-button\"><div class=\"uagb-button__wrapper\"><a class=\"uagb-buttons-repeater wp-block-button__link\" aria-label=\"\" href=\"https:\/\/dictator.se\/no\/kontakt-oss\/\" rel=\"follow noopener\" target=\"_self\" role=\"button\"><div class=\"uagb-button__link\">Kontakt oss her<\/div><span class=\"uagb-button__icon uagb-button__icon-position-after\"><svg xmlns=\"https:\/\/www.w3.org\/2000\/svg\" viewBox=\"0 0 448 512\" aria-hidden=\"true\" focussable=\"false\"><path d=\"M438.6 278.6l-160 160C272.4 444.9 264.2 448 256 448s-16.38-3.125-22.62-9.375c-12.5-12.5-12.5-32.75 0-45.25L338.8 288H32C14.33 288 .0016 273.7 .0016 256S14.33 224 32 224h306.8l-105.4-105.4c-12.5-12.5-12.5-32.75 0-45.25s32.75-12.5 45.25 0l160 160C451.1 245.9 451.1 266.1 438.6 278.6z\"><\/path><\/svg><\/span><\/a><\/div><\/div>\n<\/div><\/div>\n<\/div><\/div>\n\n\n\n<div class=\"wp-block-genesis-blocks-gb-column gb-block-layout-column\"><div class=\"gb-block-layout-column-inner\">\n<div class=\"wp-block-uagb-image aligncenter uagb-block-d296d348 wp-block-uagb-image--layout-default wp-block-uagb-image--effect-static wp-block-uagb-image--align-center\"><figure class=\"wp-block-uagb-image__figure\"><img decoding=\"async\" srcset=\"https:\/\/dictator.se\/wp-content\/uploads\/2023\/12\/icon-service-150x150.png ,https:\/\/dictator.se\/wp-content\/uploads\/2023\/12\/icon-service.png 780w, https:\/\/dictator.se\/wp-content\/uploads\/2023\/12\/icon-service.png 360w\" sizes=\"auto, (max-width: 480px) 150px\" src=\"https:\/\/dictator.se\/wp-content\/uploads\/2023\/12\/icon-service-150x150.png\" alt=\"\" class=\"uag-image-203\" width=\"150\" height=\"150\" title=\"\" loading=\"lazy\" role=\"img\"\/><\/figure><\/div>\n<\/div><\/div>\n<\/div><\/div>\n<\/div><\/div>\n<\/div><\/div>\n<\/div><\/div>\n<\/div><\/div>\n","protected":false},"excerpt":{"rendered":"","protected":false},"author":6,"featured_media":0,"parent":4569,"menu_order":0,"comment_status":"closed","ping_status":"closed","template":"","meta":{"_acf_changed":false,"_uag_custom_page_level_css":"","_genesis_hide_title":true,"_genesis_hide_breadcrumbs":false,"_genesis_hide_singular_image":false,"_genesis_hide_footer_widgets":false,"_genesis_custom_body_class":"","_genesis_custom_post_class":"","_genesis_layout":"","footnotes":""},"class_list":{"0":"post-4571","1":"page","2":"type-page","3":"status-publish","5":"entry"},"acf":[],"yoast_head":"<!-- This site is optimized with the Yoast SEO plugin v27.3 - https:\/\/yoast.com\/product\/yoast-seo-wordpress\/ -->\n<title>D\u00f8rholder - dictator.se<\/title>\n<meta name=\"description\" content=\"D\u00f8rholder er tilpasset for \u00e5 holde d\u00f8ren i en hvilken som helst posisjon og kan l\u00e5ses d\u00f8ren eller l\u00f8sne den med et lite trykk p\u00e5 foten.\" \/>\n<meta name=\"robots\" content=\"index, follow, max-snippet:-1, max-image-preview:large, max-video-preview:-1\" \/>\n<link rel=\"canonical\" href=\"https:\/\/dictator.se\/no\/produkter\/dorlukkere\/dorholder\/\" \/>\n<meta property=\"og:locale\" content=\"nb_NO\" \/>\n<meta property=\"og:type\" content=\"article\" \/>\n<meta property=\"og:title\" content=\"D\u00f8rholder - dictator.se\" \/>\n<meta property=\"og:description\" content=\"D\u00f8rholder er tilpasset for \u00e5 holde d\u00f8ren i en hvilken som helst posisjon og kan l\u00e5ses d\u00f8ren eller l\u00f8sne den med et lite trykk p\u00e5 foten.\" \/>\n<meta property=\"og:url\" content=\"https:\/\/dictator.se\/no\/produkter\/dorlukkere\/dorholder\/\" \/>\n<meta property=\"og:site_name\" content=\"dictator.se\" \/>\n<meta property=\"article:modified_time\" content=\"2025-09-30T06:24:06+00:00\" \/>\n<meta property=\"og:image\" content=\"https:\/\/dictator.se\/wp-content\/uploads\/2024\/04\/Dorrhallare-ZE160.jpg\" \/>\n<meta name=\"twitter:card\" content=\"summary_large_image\" \/>\n<meta name=\"twitter:label1\" content=\"Ansl. lesetid\" \/>\n\t<meta name=\"twitter:data1\" content=\"3 minutter\" \/>\n<script type=\"application\/ld+json\" class=\"yoast-schema-graph\">{\"@context\":\"https:\\\/\\\/schema.org\",\"@graph\":[{\"@type\":\"WebPage\",\"@id\":\"https:\\\/\\\/dictator.se\\\/no\\\/produkter\\\/dorlukkere\\\/dorholder\\\/\",\"url\":\"https:\\\/\\\/dictator.se\\\/no\\\/produkter\\\/dorlukkere\\\/dorholder\\\/\",\"name\":\"D\u00f8rholder - dictator.se\",\"isPartOf\":{\"@id\":\"https:\\\/\\\/dictator.se\\\/#website\"},\"primaryImageOfPage\":{\"@id\":\"https:\\\/\\\/dictator.se\\\/no\\\/produkter\\\/dorlukkere\\\/dorholder\\\/#primaryimage\"},\"image\":{\"@id\":\"https:\\\/\\\/dictator.se\\\/no\\\/produkter\\\/dorlukkere\\\/dorholder\\\/#primaryimage\"},\"thumbnailUrl\":\"https:\\\/\\\/dictator.se\\\/wp-content\\\/uploads\\\/2024\\\/04\\\/Dorrhallare-ZE160.jpg\",\"datePublished\":\"2024-04-10T14:10:11+00:00\",\"dateModified\":\"2025-09-30T06:24:06+00:00\",\"description\":\"D\u00f8rholder er tilpasset for \u00e5 holde d\u00f8ren i en hvilken som helst posisjon og kan l\u00e5ses d\u00f8ren eller l\u00f8sne den med et lite trykk p\u00e5 foten.\",\"breadcrumb\":{\"@id\":\"https:\\\/\\\/dictator.se\\\/no\\\/produkter\\\/dorlukkere\\\/dorholder\\\/#breadcrumb\"},\"inLanguage\":\"nb-NO\",\"potentialAction\":[{\"@type\":\"ReadAction\",\"target\":[\"https:\\\/\\\/dictator.se\\\/no\\\/produkter\\\/dorlukkere\\\/dorholder\\\/\"]}]},{\"@type\":\"ImageObject\",\"inLanguage\":\"nb-NO\",\"@id\":\"https:\\\/\\\/dictator.se\\\/no\\\/produkter\\\/dorlukkere\\\/dorholder\\\/#primaryimage\",\"url\":\"https:\\\/\\\/dictator.se\\\/wp-content\\\/uploads\\\/2024\\\/04\\\/Dorrhallare-ZE160.jpg\",\"contentUrl\":\"https:\\\/\\\/dictator.se\\\/wp-content\\\/uploads\\\/2024\\\/04\\\/Dorrhallare-ZE160.jpg\"},{\"@type\":\"BreadcrumbList\",\"@id\":\"https:\\\/\\\/dictator.se\\\/no\\\/produkter\\\/dorlukkere\\\/dorholder\\\/#breadcrumb\",\"itemListElement\":[{\"@type\":\"ListItem\",\"position\":1,\"name\":\"Home\",\"item\":\"https:\\\/\\\/dictator.se\\\/no\\\/\"},{\"@type\":\"ListItem\",\"position\":2,\"name\":\"Produkter\",\"item\":\"https:\\\/\\\/dictator.se\\\/no\\\/produkter\\\/\"},{\"@type\":\"ListItem\",\"position\":3,\"name\":\"D\u00f8rlukkere\",\"item\":\"https:\\\/\\\/dictator.se\\\/no\\\/produkter\\\/dorlukkere\\\/\"},{\"@type\":\"ListItem\",\"position\":4,\"name\":\"D\u00f8rholder\"}]},{\"@type\":\"WebSite\",\"@id\":\"https:\\\/\\\/dictator.se\\\/#website\",\"url\":\"https:\\\/\\\/dictator.se\\\/\",\"name\":\"dictator.se\",\"description\":\"\",\"publisher\":{\"@id\":\"https:\\\/\\\/dictator.se\\\/#organization\"},\"potentialAction\":[{\"@type\":\"SearchAction\",\"target\":{\"@type\":\"EntryPoint\",\"urlTemplate\":\"https:\\\/\\\/dictator.se\\\/?s={search_term_string}\"},\"query-input\":{\"@type\":\"PropertyValueSpecification\",\"valueRequired\":true,\"valueName\":\"search_term_string\"}}],\"inLanguage\":\"nb-NO\"},{\"@type\":\"Organization\",\"@id\":\"https:\\\/\\\/dictator.se\\\/#organization\",\"name\":\"dictator.se\",\"url\":\"https:\\\/\\\/dictator.se\\\/\",\"logo\":{\"@type\":\"ImageObject\",\"inLanguage\":\"nb-NO\",\"@id\":\"https:\\\/\\\/dictator.se\\\/#\\\/schema\\\/logo\\\/image\\\/\",\"url\":\"https:\\\/\\\/dictator.se\\\/wp-content\\\/uploads\\\/2023\\\/12\\\/DICTATOR_Logo1.svg\",\"contentUrl\":\"https:\\\/\\\/dictator.se\\\/wp-content\\\/uploads\\\/2023\\\/12\\\/DICTATOR_Logo1.svg\",\"width\":377,\"height\":58,\"caption\":\"dictator.se\"},\"image\":{\"@id\":\"https:\\\/\\\/dictator.se\\\/#\\\/schema\\\/logo\\\/image\\\/\"}}]}<\/script>\n<!-- \/ Yoast SEO plugin. -->","yoast_head_json":{"title":"D\u00f8rholder - dictator.se","description":"D\u00f8rholder er tilpasset for \u00e5 holde d\u00f8ren i en hvilken som helst posisjon og kan l\u00e5ses d\u00f8ren eller l\u00f8sne den med et lite trykk p\u00e5 foten.","robots":{"index":"index","follow":"follow","max-snippet":"max-snippet:-1","max-image-preview":"max-image-preview:large","max-video-preview":"max-video-preview:-1"},"canonical":"https:\/\/dictator.se\/no\/produkter\/dorlukkere\/dorholder\/","og_locale":"nb_NO","og_type":"article","og_title":"D\u00f8rholder - dictator.se","og_description":"D\u00f8rholder er tilpasset for \u00e5 holde d\u00f8ren i en hvilken som helst posisjon og kan l\u00e5ses d\u00f8ren eller l\u00f8sne den med et lite trykk p\u00e5 foten.","og_url":"https:\/\/dictator.se\/no\/produkter\/dorlukkere\/dorholder\/","og_site_name":"dictator.se","article_modified_time":"2025-09-30T06:24:06+00:00","og_image":[{"url":"https:\/\/dictator.se\/wp-content\/uploads\/2024\/04\/Dorrhallare-ZE160.jpg","type":"","width":"","height":""}],"twitter_card":"summary_large_image","twitter_misc":{"Ansl. lesetid":"3 minutter"},"schema":{"@context":"https:\/\/schema.org","@graph":[{"@type":"WebPage","@id":"https:\/\/dictator.se\/no\/produkter\/dorlukkere\/dorholder\/","url":"https:\/\/dictator.se\/no\/produkter\/dorlukkere\/dorholder\/","name":"D\u00f8rholder - dictator.se","isPartOf":{"@id":"https:\/\/dictator.se\/#website"},"primaryImageOfPage":{"@id":"https:\/\/dictator.se\/no\/produkter\/dorlukkere\/dorholder\/#primaryimage"},"image":{"@id":"https:\/\/dictator.se\/no\/produkter\/dorlukkere\/dorholder\/#primaryimage"},"thumbnailUrl":"https:\/\/dictator.se\/wp-content\/uploads\/2024\/04\/Dorrhallare-ZE160.jpg","datePublished":"2024-04-10T14:10:11+00:00","dateModified":"2025-09-30T06:24:06+00:00","description":"D\u00f8rholder er tilpasset for \u00e5 holde d\u00f8ren i en hvilken som helst posisjon og kan l\u00e5ses d\u00f8ren eller l\u00f8sne den med et lite trykk p\u00e5 foten.","breadcrumb":{"@id":"https:\/\/dictator.se\/no\/produkter\/dorlukkere\/dorholder\/#breadcrumb"},"inLanguage":"nb-NO","potentialAction":[{"@type":"ReadAction","target":["https:\/\/dictator.se\/no\/produkter\/dorlukkere\/dorholder\/"]}]},{"@type":"ImageObject","inLanguage":"nb-NO","@id":"https:\/\/dictator.se\/no\/produkter\/dorlukkere\/dorholder\/#primaryimage","url":"https:\/\/dictator.se\/wp-content\/uploads\/2024\/04\/Dorrhallare-ZE160.jpg","contentUrl":"https:\/\/dictator.se\/wp-content\/uploads\/2024\/04\/Dorrhallare-ZE160.jpg"},{"@type":"BreadcrumbList","@id":"https:\/\/dictator.se\/no\/produkter\/dorlukkere\/dorholder\/#breadcrumb","itemListElement":[{"@type":"ListItem","position":1,"name":"Home","item":"https:\/\/dictator.se\/no\/"},{"@type":"ListItem","position":2,"name":"Produkter","item":"https:\/\/dictator.se\/no\/produkter\/"},{"@type":"ListItem","position":3,"name":"D\u00f8rlukkere","item":"https:\/\/dictator.se\/no\/produkter\/dorlukkere\/"},{"@type":"ListItem","position":4,"name":"D\u00f8rholder"}]},{"@type":"WebSite","@id":"https:\/\/dictator.se\/#website","url":"https:\/\/dictator.se\/","name":"dictator.se","description":"","publisher":{"@id":"https:\/\/dictator.se\/#organization"},"potentialAction":[{"@type":"SearchAction","target":{"@type":"EntryPoint","urlTemplate":"https:\/\/dictator.se\/?s={search_term_string}"},"query-input":{"@type":"PropertyValueSpecification","valueRequired":true,"valueName":"search_term_string"}}],"inLanguage":"nb-NO"},{"@type":"Organization","@id":"https:\/\/dictator.se\/#organization","name":"dictator.se","url":"https:\/\/dictator.se\/","logo":{"@type":"ImageObject","inLanguage":"nb-NO","@id":"https:\/\/dictator.se\/#\/schema\/logo\/image\/","url":"https:\/\/dictator.se\/wp-content\/uploads\/2023\/12\/DICTATOR_Logo1.svg","contentUrl":"https:\/\/dictator.se\/wp-content\/uploads\/2023\/12\/DICTATOR_Logo1.svg","width":377,"height":58,"caption":"dictator.se"},"image":{"@id":"https:\/\/dictator.se\/#\/schema\/logo\/image\/"}}]}},"featured_image_src":null,"featured_image_src_square":null,"uagb_featured_image_src":{"full":false,"thumbnail":false,"medium":false,"medium_large":false,"large":false,"1536x1536":false,"2048x2048":false,"sidebar-featured":false,"genesis-singular-images":false,"gb-block-post-grid-landscape":false,"gb-block-post-grid-square":false},"uagb_author_info":{"display_name":"Sanna","author_link":"https:\/\/dictator.se\/no\/author\/sanna\/"},"uagb_comment_info":0,"uagb_excerpt":null,"_links":{"self":[{"href":"https:\/\/dictator.se\/no\/wp-json\/wp\/v2\/pages\/4571","targetHints":{"allow":["GET"]}}],"collection":[{"href":"https:\/\/dictator.se\/no\/wp-json\/wp\/v2\/pages"}],"about":[{"href":"https:\/\/dictator.se\/no\/wp-json\/wp\/v2\/types\/page"}],"author":[{"embeddable":true,"href":"https:\/\/dictator.se\/no\/wp-json\/wp\/v2\/users\/6"}],"replies":[{"embeddable":true,"href":"https:\/\/dictator.se\/no\/wp-json\/wp\/v2\/comments?post=4571"}],"version-history":[{"count":5,"href":"https:\/\/dictator.se\/no\/wp-json\/wp\/v2\/pages\/4571\/revisions"}],"predecessor-version":[{"id":7264,"href":"https:\/\/dictator.se\/no\/wp-json\/wp\/v2\/pages\/4571\/revisions\/7264"}],"up":[{"embeddable":true,"href":"https:\/\/dictator.se\/no\/wp-json\/wp\/v2\/pages\/4569"}],"wp:attachment":[{"href":"https:\/\/dictator.se\/no\/wp-json\/wp\/v2\/media?parent=4571"}],"curies":[{"name":"wp","href":"https:\/\/api.w.org\/{rel}","templated":true}]}}