{"id":4583,"date":"2024-04-10T08:28:40","date_gmt":"2024-04-10T06:28:40","guid":{"rendered":"https:\/\/dictator.se\/?page_id=4583"},"modified":"2024-05-23T08:43:16","modified_gmt":"2024-05-23T06:43:16","slug":"gulvfjaer-wab-180","status":"publish","type":"page","link":"https:\/\/dictator.se\/no\/produkter\/dorlukkere\/gulvfjaer-wab-180\/","title":{"rendered":"Gulvfj\u00e6r WAB 180"},"content":{"rendered":"\n<div class=\"wp-block-genesis-blocks-gb-columns gb-layout-columns-1 one-column\"><div class=\"gb-layout-column-wrap gb-block-layout-column-gap-2 gb-is-responsive-column\">\n<div class=\"wp-block-genesis-blocks-gb-column gb-block-layout-column\"><div class=\"gb-block-layout-column-inner\">\n<div class=\"wp-block-genesis-blocks-gb-columns gb-layout-columns-2 gb-2-col-wideleft\"><div class=\"gb-layout-column-wrap gb-block-layout-column-gap-2 gb-is-responsive-column\">\n<div class=\"wp-block-genesis-blocks-gb-column gb-block-layout-column\"><div class=\"gb-block-layout-column-inner\"><div class=\"yoast-breadcrumbs\"><span><span><a href=\"https:\/\/dictator.se\/no\/\">Home<\/a><\/span> \u00bb <span><a href=\"https:\/\/dictator.se\/no\/produkter\/\">Produkter<\/a><\/span> \u00bb <span><a href=\"https:\/\/dictator.se\/no\/produkter\/dorlukkere\/\">D\u00f8rlukkere<\/a><\/span> \u00bb <span class=\"breadcrumb_last\" aria-current=\"page\">Gulvfj\u00e6r WAB 180<\/span><\/span><\/div>\n\n\n<h1 class=\"wp-block-heading\" style=\"padding-top:var(--wp--preset--spacing--40);font-size:40px\"><strong><strong>Gulvfj\u00e6r WAB 180<\/strong><\/strong><\/h1>\n\n\n\n<h2 class=\"wp-block-heading has-large-font-size\"><strong><strong>Gulvfj\u00e6r WAB 180 for tunge d\u00f8rer opp til 600 kg<\/strong><\/strong><\/h2>\n\n\n\n<p class=\"has-small-font-size\">WAB 180 for lukking av virkelig tunge st\u00e5l- eller tred\u00f8rer er tilgjengelig i fem forskjellige modeller, st\u00f8rrelse II \u2013 V for d\u00f8rer fra 100 kg til 500 kg og st\u00f8rrelse VI for d\u00f8rer p\u00e5 opptil 600 kg. WAB 180 er vanligvis kastet inn i gulvet for \u00e5 f\u00e5 en fast forankring.<\/p>\n\n\n\n<p class=\"has-small-font-size\">Angi dimensjonene og den omtrentlige vekten p\u00e5 d\u00f8ren og \u00e5pnings retningen i henhold til DIN, ved bestilling. <a href=\"https:\/\/en.dictator.de\/products\/door-closing-solutions\/door-closers\/wab180-floor-spring\/\" target=\"_blank\" rel=\"noreferrer noopener\">D\u00f8r lukker WAB 180<\/a> brukes ofte til store tunge inngangsd\u00f8rer som ofte brukes i offentlige bygninger som kirker, teatre, hoteller, utstillingslokaler, etc.<\/p>\n\n\n\n<p class=\"has-small-font-size\">WAB 180 er tilgjengelig med tre forskjellige materialer i dekkplaten, rustfritt st\u00e5l, aluminium og messing.<\/p>\n<\/div><\/div>\n\n\n\n<div class=\"wp-block-genesis-blocks-gb-column gb-block-layout-column\"><div class=\"gb-block-layout-column-inner\">\n<div class=\"wp-block-uagb-image uagb-block-1413b57a wp-block-uagb-image--layout-default wp-block-uagb-image--effect-static wp-block-uagb-image--align-none\"><figure class=\"wp-block-uagb-image__figure\"><img decoding=\"async\" srcset=\"https:\/\/dictator.se\/wp-content\/uploads\/2024\/02\/Dorrstangare-WAB-180.jpg ,https:\/\/dictator.se\/wp-content\/uploads\/2024\/02\/Dorrstangare-WAB-180.jpg 780w, https:\/\/dictator.se\/wp-content\/uploads\/2024\/02\/Dorrstangare-WAB-180.jpg 360w\" sizes=\"auto, (max-width: 480px) 150px\" src=\"https:\/\/dictator.se\/wp-content\/uploads\/2024\/02\/Dorrstangare-WAB-180.jpg\" alt=\"\" class=\"uag-image-2876\" width=\"800\" height=\"800\" title=\"\" loading=\"lazy\"\/><\/figure><\/div>\n<\/div><\/div>\n<\/div><\/div>\n\n\n\n<div class=\"wp-block-genesis-blocks-gb-columns gb-layout-columns-1 one-column\"><div class=\"gb-layout-column-wrap gb-block-layout-column-gap-2 gb-is-responsive-column\">\n<div class=\"wp-block-genesis-blocks-gb-column gb-block-layout-column\"><div class=\"gb-block-layout-column-inner\">\n<h3 class=\"wp-block-heading has-medium-font-size\"><strong>Egenskaper:<\/strong><\/h3>\n\n\n\n<ul class=\"wp-block-list\">\n<li class=\"has-small-font-size\">I flere ti\u00e5r har <a href=\"https:\/\/en.dictator.de\/products\/door-closing-solutions\/door-closers\/wab180-floor-spring\/\" target=\"_blank\" rel=\"noreferrer noopener\">WAB 180 gulvfj\u00e6r<\/a> konsekvent vist seg \u00e5 v\u00e6re en sv\u00e6rt p\u00e5litelig l\u00f8sning, spesielt for kraftige inngangsd\u00f8rer, for eksempel WAB 180.<\/li>\n\n\n\n<li class=\"has-small-font-size\">Spesielle aksellagre i oljekammeret tillater bruk for sv\u00e6rt tunge d\u00f8rer opp til 600 kg<\/li>\n\n\n\n<li class=\"has-small-font-size\">H\u00f8y lastekapasitet og lang levetid<\/li>\n\n\n\n<li class=\"has-small-font-size\">Lukkehastigheten kan justeres kontinuerlig<\/li>\n\n\n\n<li class=\"has-small-font-size\">En sikkerhetsventil hindrer at viktige deler av gulvfj\u00e6ren brytes, selv n\u00e5r d\u00f8ren er tvunget til \u00e5 lukke<\/li>\n\n\n\n<li class=\"has-small-font-size\">Alle gulvfj\u00e6rene har en innebygging boks<\/li>\n\n\n\n<li class=\"has-small-font-size\">Ulike dekkplater, hengsler og strimler, enten for st\u00e5l- eller tred\u00f8rer tilgjengelig som tilbeh\u00f8r<\/li>\n\n\n\n<li class=\"has-small-font-size\">Ogs\u00e5 tilgjengelig som gulvst\u00f8tte bare for tunge d\u00f8rer der lukkefunksjonen ikke er n\u00f8dvendig<\/li>\n<\/ul>\n\n\n\n<div class=\"wp-block-genesis-blocks-gb-columns gb-layout-columns-1 one-column\"><div class=\"gb-layout-column-wrap gb-block-layout-column-gap-2 gb-is-responsive-column\">\n<div class=\"wp-block-genesis-blocks-gb-column gb-block-layout-column\"><div class=\"gb-block-layout-column-inner has-ci-quaternary-background-color\" style=\"padding-top:50px;padding-right:100px;padding-bottom:50px;padding-left:100px\">\n<div class=\"wp-block-genesis-blocks-gb-columns gb-layout-columns-2 gb-2-col-wideleft\"><div class=\"gb-layout-column-wrap gb-block-layout-column-gap-2 gb-is-responsive-column\">\n<div class=\"wp-block-genesis-blocks-gb-column gb-block-layout-column\"><div class=\"gb-block-layout-column-inner\">\n<h2 class=\"wp-block-heading has-large-font-size\"><strong>GRATIS SERVICE OG R\u00c5DGIVNING<\/strong><\/h2>\n\n\n\n<pre id=\"tw-target-text\" class=\"wp-block-preformatted\"><strong>Hvilken modell og hvilken monteringsposisjon passer din d\u00f8r? Vi hjelper deg gjerne med \u00e5 finne den rette!<\/strong><\/pre>\n\n\n\n<div class=\"wp-block-uagb-buttons uagb-buttons__outer-wrap uagb-btn__default-btn uagb-btn-tablet__default-btn uagb-btn-mobile__default-btn uagb-block-39eb0c0e\"><div class=\"uagb-buttons__wrap uagb-buttons-layout-wrap\">\n<div class=\"wp-block-uagb-buttons-child uagb-buttons__outer-wrap uagb-block-d206b251 wp-block-button\"><div class=\"uagb-button__wrapper\"><a class=\"uagb-buttons-repeater wp-block-button__link\" href=\"https:\/\/dictator.se\/no\/kontakt-oss\/\" onclick=\"return true;\" rel=\"follow noopener\" target=\"_self\"><div class=\"uagb-button__link\">Kontakt oss her<\/div><span class=\"uagb-button__icon uagb-button__icon-position-after\"><svg xmlns=\"https:\/\/www.w3.org\/2000\/svg\" viewBox=\"0 0 448 512\"><path d=\"M438.6 278.6l-160 160C272.4 444.9 264.2 448 256 448s-16.38-3.125-22.62-9.375c-12.5-12.5-12.5-32.75 0-45.25L338.8 288H32C14.33 288 .0016 273.7 .0016 256S14.33 224 32 224h306.8l-105.4-105.4c-12.5-12.5-12.5-32.75 0-45.25s32.75-12.5 45.25 0l160 160C451.1 245.9 451.1 266.1 438.6 278.6z\"><\/path><\/svg><\/span><\/a><\/div><\/div>\n<\/div><\/div>\n<\/div><\/div>\n\n\n\n<div class=\"wp-block-genesis-blocks-gb-column gb-block-layout-column\"><div class=\"gb-block-layout-column-inner\">\n<div class=\"wp-block-uagb-image aligncenter uagb-block-d296d348 wp-block-uagb-image--layout-default wp-block-uagb-image--effect-static wp-block-uagb-image--align-center\"><figure class=\"wp-block-uagb-image__figure\"><img decoding=\"async\" srcset=\"https:\/\/dictator.se\/wp-content\/uploads\/2023\/12\/icon-service-300x272.png ,https:\/\/dictator.se\/wp-content\/uploads\/2023\/12\/icon-service.png 780w, https:\/\/dictator.se\/wp-content\/uploads\/2023\/12\/icon-service.png 360w\" sizes=\"auto, (max-width: 480px) 150px\" src=\"https:\/\/dictator.se\/wp-content\/uploads\/2023\/12\/icon-service-300x272.png\" alt=\"\" class=\"uag-image-203\" width=\"150\" height=\"272\" title=\"\" loading=\"lazy\"\/><\/figure><\/div>\n<\/div><\/div>\n<\/div><\/div>\n<\/div><\/div>\n<\/div><\/div>\n<\/div><\/div>\n<\/div><\/div>\n<\/div><\/div>\n<\/div><\/div>\n","protected":false},"excerpt":{"rendered":"","protected":false},"author":6,"featured_media":0,"parent":4569,"menu_order":0,"comment_status":"closed","ping_status":"closed","template":"","meta":{"_acf_changed":false,"_uag_custom_page_level_css":"","_genesis_hide_title":true,"_genesis_hide_breadcrumbs":false,"_genesis_hide_singular_image":false,"_genesis_hide_footer_widgets":false,"_genesis_custom_body_class":"","_genesis_custom_post_class":"","_genesis_layout":"","footnotes":""},"class_list":{"0":"post-4583","1":"page","2":"type-page","3":"status-publish","5":"entry"},"acf":[],"yoast_head":"<!-- This site is optimized with the Yoast SEO plugin v27.3 - https:\/\/yoast.com\/product\/yoast-seo-wordpress\/ -->\n<title>Gulvfj\u00e6r WAB 180 - dictator.se<\/title>\n<meta name=\"description\" content=\"Gulvfj\u00e6r WAB 180 for tunge d\u00f8rer opp til 600 kg WAB 180 for lukking av virkelig tunge st\u00e5l- eller tred\u00f8rer er tilgjengelig i fem modeller\" \/>\n<meta name=\"robots\" content=\"index, follow, max-snippet:-1, max-image-preview:large, max-video-preview:-1\" \/>\n<link rel=\"canonical\" href=\"https:\/\/dictator.se\/no\/produkter\/dorlukkere\/gulvfjaer-wab-180\/\" \/>\n<meta property=\"og:locale\" content=\"nb_NO\" \/>\n<meta property=\"og:type\" content=\"article\" \/>\n<meta property=\"og:title\" content=\"Gulvfj\u00e6r WAB 180 - dictator.se\" \/>\n<meta property=\"og:description\" content=\"Gulvfj\u00e6r WAB 180 for tunge d\u00f8rer opp til 600 kg WAB 180 for lukking av virkelig tunge st\u00e5l- eller tred\u00f8rer er tilgjengelig i fem modeller\" \/>\n<meta property=\"og:url\" content=\"https:\/\/dictator.se\/no\/produkter\/dorlukkere\/gulvfjaer-wab-180\/\" \/>\n<meta property=\"og:site_name\" content=\"dictator.se\" \/>\n<meta property=\"article:modified_time\" content=\"2024-05-23T06:43:16+00:00\" \/>\n<meta property=\"og:image\" content=\"https:\/\/dictator.se\/wp-content\/uploads\/2024\/02\/Dorrstangare-WAB-180.jpg\" \/>\n<meta name=\"twitter:card\" content=\"summary_large_image\" \/>\n<meta name=\"twitter:label1\" content=\"Ansl. lesetid\" \/>\n\t<meta name=\"twitter:data1\" content=\"2 minutter\" \/>\n<script type=\"application\/ld+json\" class=\"yoast-schema-graph\">{\"@context\":\"https:\\\/\\\/schema.org\",\"@graph\":[{\"@type\":\"WebPage\",\"@id\":\"https:\\\/\\\/dictator.se\\\/no\\\/produkter\\\/dorlukkere\\\/gulvfjaer-wab-180\\\/\",\"url\":\"https:\\\/\\\/dictator.se\\\/no\\\/produkter\\\/dorlukkere\\\/gulvfjaer-wab-180\\\/\",\"name\":\"Gulvfj\u00e6r WAB 180 - dictator.se\",\"isPartOf\":{\"@id\":\"https:\\\/\\\/dictator.se\\\/#website\"},\"primaryImageOfPage\":{\"@id\":\"https:\\\/\\\/dictator.se\\\/no\\\/produkter\\\/dorlukkere\\\/gulvfjaer-wab-180\\\/#primaryimage\"},\"image\":{\"@id\":\"https:\\\/\\\/dictator.se\\\/no\\\/produkter\\\/dorlukkere\\\/gulvfjaer-wab-180\\\/#primaryimage\"},\"thumbnailUrl\":\"https:\\\/\\\/dictator.se\\\/wp-content\\\/uploads\\\/2024\\\/02\\\/Dorrstangare-WAB-180.jpg\",\"datePublished\":\"2024-04-10T06:28:40+00:00\",\"dateModified\":\"2024-05-23T06:43:16+00:00\",\"description\":\"Gulvfj\u00e6r WAB 180 for tunge d\u00f8rer opp til 600 kg WAB 180 for lukking av virkelig tunge st\u00e5l- eller tred\u00f8rer er tilgjengelig i fem modeller\",\"breadcrumb\":{\"@id\":\"https:\\\/\\\/dictator.se\\\/no\\\/produkter\\\/dorlukkere\\\/gulvfjaer-wab-180\\\/#breadcrumb\"},\"inLanguage\":\"nb-NO\",\"potentialAction\":[{\"@type\":\"ReadAction\",\"target\":[\"https:\\\/\\\/dictator.se\\\/no\\\/produkter\\\/dorlukkere\\\/gulvfjaer-wab-180\\\/\"]}]},{\"@type\":\"ImageObject\",\"inLanguage\":\"nb-NO\",\"@id\":\"https:\\\/\\\/dictator.se\\\/no\\\/produkter\\\/dorlukkere\\\/gulvfjaer-wab-180\\\/#primaryimage\",\"url\":\"https:\\\/\\\/dictator.se\\\/wp-content\\\/uploads\\\/2024\\\/02\\\/Dorrstangare-WAB-180.jpg\",\"contentUrl\":\"https:\\\/\\\/dictator.se\\\/wp-content\\\/uploads\\\/2024\\\/02\\\/Dorrstangare-WAB-180.jpg\"},{\"@type\":\"BreadcrumbList\",\"@id\":\"https:\\\/\\\/dictator.se\\\/no\\\/produkter\\\/dorlukkere\\\/gulvfjaer-wab-180\\\/#breadcrumb\",\"itemListElement\":[{\"@type\":\"ListItem\",\"position\":1,\"name\":\"Home\",\"item\":\"https:\\\/\\\/dictator.se\\\/no\\\/\"},{\"@type\":\"ListItem\",\"position\":2,\"name\":\"Produkter\",\"item\":\"https:\\\/\\\/dictator.se\\\/no\\\/produkter\\\/\"},{\"@type\":\"ListItem\",\"position\":3,\"name\":\"D\u00f8rlukkere\",\"item\":\"https:\\\/\\\/dictator.se\\\/no\\\/produkter\\\/dorlukkere\\\/\"},{\"@type\":\"ListItem\",\"position\":4,\"name\":\"Gulvfj\u00e6r WAB 180\"}]},{\"@type\":\"WebSite\",\"@id\":\"https:\\\/\\\/dictator.se\\\/#website\",\"url\":\"https:\\\/\\\/dictator.se\\\/\",\"name\":\"dictator.se\",\"description\":\"\",\"publisher\":{\"@id\":\"https:\\\/\\\/dictator.se\\\/#organization\"},\"potentialAction\":[{\"@type\":\"SearchAction\",\"target\":{\"@type\":\"EntryPoint\",\"urlTemplate\":\"https:\\\/\\\/dictator.se\\\/?s={search_term_string}\"},\"query-input\":{\"@type\":\"PropertyValueSpecification\",\"valueRequired\":true,\"valueName\":\"search_term_string\"}}],\"inLanguage\":\"nb-NO\"},{\"@type\":\"Organization\",\"@id\":\"https:\\\/\\\/dictator.se\\\/#organization\",\"name\":\"dictator.se\",\"url\":\"https:\\\/\\\/dictator.se\\\/\",\"logo\":{\"@type\":\"ImageObject\",\"inLanguage\":\"nb-NO\",\"@id\":\"https:\\\/\\\/dictator.se\\\/#\\\/schema\\\/logo\\\/image\\\/\",\"url\":\"https:\\\/\\\/dictator.se\\\/wp-content\\\/uploads\\\/2023\\\/12\\\/DICTATOR_Logo1.svg\",\"contentUrl\":\"https:\\\/\\\/dictator.se\\\/wp-content\\\/uploads\\\/2023\\\/12\\\/DICTATOR_Logo1.svg\",\"width\":377,\"height\":58,\"caption\":\"dictator.se\"},\"image\":{\"@id\":\"https:\\\/\\\/dictator.se\\\/#\\\/schema\\\/logo\\\/image\\\/\"}}]}<\/script>\n<!-- \/ Yoast SEO plugin. -->","yoast_head_json":{"title":"Gulvfj\u00e6r WAB 180 - dictator.se","description":"Gulvfj\u00e6r WAB 180 for tunge d\u00f8rer opp til 600 kg WAB 180 for lukking av virkelig tunge st\u00e5l- eller tred\u00f8rer er tilgjengelig i fem modeller","robots":{"index":"index","follow":"follow","max-snippet":"max-snippet:-1","max-image-preview":"max-image-preview:large","max-video-preview":"max-video-preview:-1"},"canonical":"https:\/\/dictator.se\/no\/produkter\/dorlukkere\/gulvfjaer-wab-180\/","og_locale":"nb_NO","og_type":"article","og_title":"Gulvfj\u00e6r WAB 180 - dictator.se","og_description":"Gulvfj\u00e6r WAB 180 for tunge d\u00f8rer opp til 600 kg WAB 180 for lukking av virkelig tunge st\u00e5l- eller tred\u00f8rer er tilgjengelig i fem modeller","og_url":"https:\/\/dictator.se\/no\/produkter\/dorlukkere\/gulvfjaer-wab-180\/","og_site_name":"dictator.se","article_modified_time":"2024-05-23T06:43:16+00:00","og_image":[{"url":"https:\/\/dictator.se\/wp-content\/uploads\/2024\/02\/Dorrstangare-WAB-180.jpg","type":"","width":"","height":""}],"twitter_card":"summary_large_image","twitter_misc":{"Ansl. lesetid":"2 minutter"},"schema":{"@context":"https:\/\/schema.org","@graph":[{"@type":"WebPage","@id":"https:\/\/dictator.se\/no\/produkter\/dorlukkere\/gulvfjaer-wab-180\/","url":"https:\/\/dictator.se\/no\/produkter\/dorlukkere\/gulvfjaer-wab-180\/","name":"Gulvfj\u00e6r WAB 180 - dictator.se","isPartOf":{"@id":"https:\/\/dictator.se\/#website"},"primaryImageOfPage":{"@id":"https:\/\/dictator.se\/no\/produkter\/dorlukkere\/gulvfjaer-wab-180\/#primaryimage"},"image":{"@id":"https:\/\/dictator.se\/no\/produkter\/dorlukkere\/gulvfjaer-wab-180\/#primaryimage"},"thumbnailUrl":"https:\/\/dictator.se\/wp-content\/uploads\/2024\/02\/Dorrstangare-WAB-180.jpg","datePublished":"2024-04-10T06:28:40+00:00","dateModified":"2024-05-23T06:43:16+00:00","description":"Gulvfj\u00e6r WAB 180 for tunge d\u00f8rer opp til 600 kg WAB 180 for lukking av virkelig tunge st\u00e5l- eller tred\u00f8rer er tilgjengelig i fem modeller","breadcrumb":{"@id":"https:\/\/dictator.se\/no\/produkter\/dorlukkere\/gulvfjaer-wab-180\/#breadcrumb"},"inLanguage":"nb-NO","potentialAction":[{"@type":"ReadAction","target":["https:\/\/dictator.se\/no\/produkter\/dorlukkere\/gulvfjaer-wab-180\/"]}]},{"@type":"ImageObject","inLanguage":"nb-NO","@id":"https:\/\/dictator.se\/no\/produkter\/dorlukkere\/gulvfjaer-wab-180\/#primaryimage","url":"https:\/\/dictator.se\/wp-content\/uploads\/2024\/02\/Dorrstangare-WAB-180.jpg","contentUrl":"https:\/\/dictator.se\/wp-content\/uploads\/2024\/02\/Dorrstangare-WAB-180.jpg"},{"@type":"BreadcrumbList","@id":"https:\/\/dictator.se\/no\/produkter\/dorlukkere\/gulvfjaer-wab-180\/#breadcrumb","itemListElement":[{"@type":"ListItem","position":1,"name":"Home","item":"https:\/\/dictator.se\/no\/"},{"@type":"ListItem","position":2,"name":"Produkter","item":"https:\/\/dictator.se\/no\/produkter\/"},{"@type":"ListItem","position":3,"name":"D\u00f8rlukkere","item":"https:\/\/dictator.se\/no\/produkter\/dorlukkere\/"},{"@type":"ListItem","position":4,"name":"Gulvfj\u00e6r WAB 180"}]},{"@type":"WebSite","@id":"https:\/\/dictator.se\/#website","url":"https:\/\/dictator.se\/","name":"dictator.se","description":"","publisher":{"@id":"https:\/\/dictator.se\/#organization"},"potentialAction":[{"@type":"SearchAction","target":{"@type":"EntryPoint","urlTemplate":"https:\/\/dictator.se\/?s={search_term_string}"},"query-input":{"@type":"PropertyValueSpecification","valueRequired":true,"valueName":"search_term_string"}}],"inLanguage":"nb-NO"},{"@type":"Organization","@id":"https:\/\/dictator.se\/#organization","name":"dictator.se","url":"https:\/\/dictator.se\/","logo":{"@type":"ImageObject","inLanguage":"nb-NO","@id":"https:\/\/dictator.se\/#\/schema\/logo\/image\/","url":"https:\/\/dictator.se\/wp-content\/uploads\/2023\/12\/DICTATOR_Logo1.svg","contentUrl":"https:\/\/dictator.se\/wp-content\/uploads\/2023\/12\/DICTATOR_Logo1.svg","width":377,"height":58,"caption":"dictator.se"},"image":{"@id":"https:\/\/dictator.se\/#\/schema\/logo\/image\/"}}]}},"featured_image_src":null,"featured_image_src_square":null,"uagb_featured_image_src":{"full":false,"thumbnail":false,"medium":false,"medium_large":false,"large":false,"1536x1536":false,"2048x2048":false,"sidebar-featured":false,"genesis-singular-images":false,"gb-block-post-grid-landscape":false,"gb-block-post-grid-square":false},"uagb_author_info":{"display_name":"Sanna","author_link":"https:\/\/dictator.se\/no\/author\/sanna\/"},"uagb_comment_info":0,"uagb_excerpt":null,"_links":{"self":[{"href":"https:\/\/dictator.se\/no\/wp-json\/wp\/v2\/pages\/4583","targetHints":{"allow":["GET"]}}],"collection":[{"href":"https:\/\/dictator.se\/no\/wp-json\/wp\/v2\/pages"}],"about":[{"href":"https:\/\/dictator.se\/no\/wp-json\/wp\/v2\/types\/page"}],"author":[{"embeddable":true,"href":"https:\/\/dictator.se\/no\/wp-json\/wp\/v2\/users\/6"}],"replies":[{"embeddable":true,"href":"https:\/\/dictator.se\/no\/wp-json\/wp\/v2\/comments?post=4583"}],"version-history":[{"count":4,"href":"https:\/\/dictator.se\/no\/wp-json\/wp\/v2\/pages\/4583\/revisions"}],"predecessor-version":[{"id":4996,"href":"https:\/\/dictator.se\/no\/wp-json\/wp\/v2\/pages\/4583\/revisions\/4996"}],"up":[{"embeddable":true,"href":"https:\/\/dictator.se\/no\/wp-json\/wp\/v2\/pages\/4569"}],"wp:attachment":[{"href":"https:\/\/dictator.se\/no\/wp-json\/wp\/v2\/media?parent=4583"}],"curies":[{"name":"wp","href":"https:\/\/api.w.org\/{rel}","templated":true}]}}