{"id":4597,"date":"2024-04-08T13:08:14","date_gmt":"2024-04-08T11:08:14","guid":{"rendered":"https:\/\/dictator.se\/?page_id=4597"},"modified":"2025-08-26T11:24:55","modified_gmt":"2025-08-26T09:24:55","slug":"dictators-lagergassfjaerer","status":"publish","type":"page","link":"https:\/\/dictator.se\/no\/produkter\/gassfjaerer\/dictators-lagergassfjaerer\/","title":{"rendered":"DICTATORS Lagergassfj\u00e6rer"},"content":{"rendered":"\n<div class=\"wp-block-genesis-blocks-gb-columns gb-layout-columns-1 one-column\"><div class=\"gb-layout-column-wrap gb-block-layout-column-gap-2 gb-is-responsive-column\">\n<div class=\"wp-block-genesis-blocks-gb-column gb-block-layout-column\"><div class=\"gb-block-layout-column-inner\">\n<div class=\"wp-block-genesis-blocks-gb-columns gb-layout-columns-2 gb-2-col-wideleft\"><div class=\"gb-layout-column-wrap gb-block-layout-column-gap-2 gb-is-responsive-column\">\n<div class=\"wp-block-genesis-blocks-gb-column gb-block-layout-column\"><div class=\"gb-block-layout-column-inner\"><div class=\"yoast-breadcrumbs\"><span><span><a href=\"https:\/\/dictator.se\/no\/\">Home<\/a><\/span> \u00bb <span><a href=\"https:\/\/dictator.se\/no\/produkter\/\">Produkter<\/a><\/span> \u00bb <span><a href=\"https:\/\/dictator.se\/no\/produkter\/gassfjaerer\/\">Gassfj\u00e6rer<\/a><\/span> \u00bb <span class=\"breadcrumb_last\" aria-current=\"page\">DICTATORS Lagergassfj\u00e6rer<\/span><\/span><\/div>\n\n\n<h1 class=\"wp-block-heading\" style=\"padding-top:var(--wp--preset--spacing--40);font-size:40px;text-transform:uppercase\"><strong>DICTATORS Lagergassfj\u00e6rer<\/strong><\/h1>\n\n\n\n<p class=\"has-small-font-size\"><strong>DICTATORS Lagergassfj\u00e6rer<\/strong> er tilgjengelige for de fleste behov. Normalt produseres hver gassfj\u00e6r i henhold til kundens \u00f8nsker, og det er ingen faktisk standard for slag og kraft. Noen ganger haster det, og for \u00e5 gj\u00f8re det enklere for kunden har vi et begrenset utvalg av trykkende gassfj\u00e6rer p\u00e5 lager som vi normalt kan levere umiddelbart fra v\u00e5r fabrikk i Berlin.<\/p>\n\n\n\n<p class=\"has-small-font-size\">Det er et begrenset utvalg av de vanligste faste slagene. Gassfj\u00e6rene er utstyrt med en bakeventil som gj\u00f8r det mulig \u00e5 fylle p\u00e5 eller tappe s\u00e5 mye gass som kunden trenger, eller som er teknisk mulig for hver st\u00f8rrelse.<\/p>\n\n\n\n<p class=\"has-small-font-size\">Det er ogs\u00e5 et begrenset utvalg av gassfj\u00e6rer i rustfritt st\u00e5l p\u00e5 lager som vi kan levere disse p\u00e5 lik m\u00e5te. Ulike typer endreposisjonbraketter og montertingbraketter kan velges.<\/p>\n\n\n\n<p class=\"has-small-font-size\"><strong><em>Har du det travelt, kan vi ordne ekspresslevering over natten for et visst supplement!<\/em><\/strong><\/p>\n<\/div><\/div>\n\n\n\n<div class=\"wp-block-genesis-blocks-gb-column gb-block-layout-column\"><div class=\"gb-block-layout-column-inner\">\n<div class=\"wp-block-uagb-image aligncenter uagb-block-13976dfd wp-block-uagb-image--layout-default wp-block-uagb-image--effect-static wp-block-uagb-image--align-center\"><figure class=\"wp-block-uagb-image__figure\"><img decoding=\"async\" srcset=\"https:\/\/dictator.se\/wp-content\/uploads\/2024\/04\/Packning.jpg ,https:\/\/dictator.se\/wp-content\/uploads\/2024\/04\/Packning.jpg 780w, https:\/\/dictator.se\/wp-content\/uploads\/2024\/04\/Packning.jpg 360w\" sizes=\"auto, (max-width: 480px) 150px\" src=\"https:\/\/dictator.se\/wp-content\/uploads\/2024\/04\/Packning.jpg\" alt=\"DICTATORS Lagergassfj\u00e6rer\" class=\"uag-image-3174\" width=\"322\" height=\"226\" title=\"\" loading=\"lazy\" role=\"img\"\/><\/figure><\/div>\n<\/div><\/div>\n<\/div><\/div>\n<\/div><\/div>\n<\/div><\/div>\n","protected":false},"excerpt":{"rendered":"","protected":false},"author":6,"featured_media":0,"parent":4595,"menu_order":0,"comment_status":"closed","ping_status":"closed","template":"","meta":{"_acf_changed":false,"_uag_custom_page_level_css":"","_genesis_hide_title":true,"_genesis_hide_breadcrumbs":false,"_genesis_hide_singular_image":false,"_genesis_hide_footer_widgets":false,"_genesis_custom_body_class":"","_genesis_custom_post_class":"","_genesis_layout":"","footnotes":""},"class_list":{"0":"post-4597","1":"page","2":"type-page","3":"status-publish","5":"entry"},"acf":[],"yoast_head":"<!-- This site is optimized with the Yoast SEO plugin v27.4 - https:\/\/yoast.com\/product\/yoast-seo-wordpress\/ -->\n<title>DICTATORS Lagergassfj\u00e6rer - dictator.se<\/title>\n<meta name=\"description\" content=\"DICTATORS Lagergassfj\u00e6rer er tilgjengelige for de fleste behov. Normalt produseres hver gassfj\u00e6r i henhold til kundens \u00f8nsker\" \/>\n<meta name=\"robots\" content=\"index, follow, max-snippet:-1, max-image-preview:large, max-video-preview:-1\" \/>\n<link rel=\"canonical\" href=\"https:\/\/dictator.se\/no\/produkter\/gassfjaerer\/dictators-lagergassfjaerer\/\" \/>\n<meta property=\"og:locale\" content=\"nb_NO\" \/>\n<meta property=\"og:type\" content=\"article\" \/>\n<meta property=\"og:title\" content=\"DICTATORS Lagergassfj\u00e6rer - dictator.se\" \/>\n<meta property=\"og:description\" content=\"DICTATORS Lagergassfj\u00e6rer er tilgjengelige for de fleste behov. Normalt produseres hver gassfj\u00e6r i henhold til kundens \u00f8nsker\" \/>\n<meta property=\"og:url\" content=\"https:\/\/dictator.se\/no\/produkter\/gassfjaerer\/dictators-lagergassfjaerer\/\" \/>\n<meta property=\"og:site_name\" content=\"dictator.se\" \/>\n<meta property=\"article:modified_time\" content=\"2025-08-26T09:24:55+00:00\" \/>\n<meta property=\"og:image\" content=\"https:\/\/dictator.se\/wp-content\/uploads\/2024\/04\/Packning.jpg\" \/>\n<meta name=\"twitter:card\" content=\"summary_large_image\" \/>\n<meta name=\"twitter:label1\" content=\"Ansl. lesetid\" \/>\n\t<meta name=\"twitter:data1\" content=\"2 minutter\" \/>\n<script type=\"application\/ld+json\" class=\"yoast-schema-graph\">{\"@context\":\"https:\\\/\\\/schema.org\",\"@graph\":[{\"@type\":\"WebPage\",\"@id\":\"https:\\\/\\\/dictator.se\\\/no\\\/produkter\\\/gassfjaerer\\\/dictators-lagergassfjaerer\\\/\",\"url\":\"https:\\\/\\\/dictator.se\\\/no\\\/produkter\\\/gassfjaerer\\\/dictators-lagergassfjaerer\\\/\",\"name\":\"DICTATORS Lagergassfj\u00e6rer - dictator.se\",\"isPartOf\":{\"@id\":\"https:\\\/\\\/dictator.se\\\/#website\"},\"primaryImageOfPage\":{\"@id\":\"https:\\\/\\\/dictator.se\\\/no\\\/produkter\\\/gassfjaerer\\\/dictators-lagergassfjaerer\\\/#primaryimage\"},\"image\":{\"@id\":\"https:\\\/\\\/dictator.se\\\/no\\\/produkter\\\/gassfjaerer\\\/dictators-lagergassfjaerer\\\/#primaryimage\"},\"thumbnailUrl\":\"https:\\\/\\\/dictator.se\\\/wp-content\\\/uploads\\\/2024\\\/04\\\/Packning.jpg\",\"datePublished\":\"2024-04-08T11:08:14+00:00\",\"dateModified\":\"2025-08-26T09:24:55+00:00\",\"description\":\"DICTATORS Lagergassfj\u00e6rer er tilgjengelige for de fleste behov. Normalt produseres hver gassfj\u00e6r i henhold til kundens \u00f8nsker\",\"breadcrumb\":{\"@id\":\"https:\\\/\\\/dictator.se\\\/no\\\/produkter\\\/gassfjaerer\\\/dictators-lagergassfjaerer\\\/#breadcrumb\"},\"inLanguage\":\"nb-NO\",\"potentialAction\":[{\"@type\":\"ReadAction\",\"target\":[\"https:\\\/\\\/dictator.se\\\/no\\\/produkter\\\/gassfjaerer\\\/dictators-lagergassfjaerer\\\/\"]}]},{\"@type\":\"ImageObject\",\"inLanguage\":\"nb-NO\",\"@id\":\"https:\\\/\\\/dictator.se\\\/no\\\/produkter\\\/gassfjaerer\\\/dictators-lagergassfjaerer\\\/#primaryimage\",\"url\":\"https:\\\/\\\/dictator.se\\\/wp-content\\\/uploads\\\/2024\\\/04\\\/Packning.jpg\",\"contentUrl\":\"https:\\\/\\\/dictator.se\\\/wp-content\\\/uploads\\\/2024\\\/04\\\/Packning.jpg\"},{\"@type\":\"BreadcrumbList\",\"@id\":\"https:\\\/\\\/dictator.se\\\/no\\\/produkter\\\/gassfjaerer\\\/dictators-lagergassfjaerer\\\/#breadcrumb\",\"itemListElement\":[{\"@type\":\"ListItem\",\"position\":1,\"name\":\"Home\",\"item\":\"https:\\\/\\\/dictator.se\\\/no\\\/\"},{\"@type\":\"ListItem\",\"position\":2,\"name\":\"Produkter\",\"item\":\"https:\\\/\\\/dictator.se\\\/no\\\/produkter\\\/\"},{\"@type\":\"ListItem\",\"position\":3,\"name\":\"Gassfj\u00e6rer\",\"item\":\"https:\\\/\\\/dictator.se\\\/no\\\/produkter\\\/gassfjaerer\\\/\"},{\"@type\":\"ListItem\",\"position\":4,\"name\":\"DICTATORS Lagergassfj\u00e6rer\"}]},{\"@type\":\"WebSite\",\"@id\":\"https:\\\/\\\/dictator.se\\\/#website\",\"url\":\"https:\\\/\\\/dictator.se\\\/\",\"name\":\"dictator.se\",\"description\":\"\",\"publisher\":{\"@id\":\"https:\\\/\\\/dictator.se\\\/#organization\"},\"potentialAction\":[{\"@type\":\"SearchAction\",\"target\":{\"@type\":\"EntryPoint\",\"urlTemplate\":\"https:\\\/\\\/dictator.se\\\/?s={search_term_string}\"},\"query-input\":{\"@type\":\"PropertyValueSpecification\",\"valueRequired\":true,\"valueName\":\"search_term_string\"}}],\"inLanguage\":\"nb-NO\"},{\"@type\":\"Organization\",\"@id\":\"https:\\\/\\\/dictator.se\\\/#organization\",\"name\":\"dictator.se\",\"url\":\"https:\\\/\\\/dictator.se\\\/\",\"logo\":{\"@type\":\"ImageObject\",\"inLanguage\":\"nb-NO\",\"@id\":\"https:\\\/\\\/dictator.se\\\/#\\\/schema\\\/logo\\\/image\\\/\",\"url\":\"https:\\\/\\\/dictator.se\\\/wp-content\\\/uploads\\\/2023\\\/12\\\/DICTATOR_Logo1.svg\",\"contentUrl\":\"https:\\\/\\\/dictator.se\\\/wp-content\\\/uploads\\\/2023\\\/12\\\/DICTATOR_Logo1.svg\",\"width\":377,\"height\":58,\"caption\":\"dictator.se\"},\"image\":{\"@id\":\"https:\\\/\\\/dictator.se\\\/#\\\/schema\\\/logo\\\/image\\\/\"}}]}<\/script>\n<!-- \/ Yoast SEO plugin. -->","yoast_head_json":{"title":"DICTATORS Lagergassfj\u00e6rer - dictator.se","description":"DICTATORS Lagergassfj\u00e6rer er tilgjengelige for de fleste behov. Normalt produseres hver gassfj\u00e6r i henhold til kundens \u00f8nsker","robots":{"index":"index","follow":"follow","max-snippet":"max-snippet:-1","max-image-preview":"max-image-preview:large","max-video-preview":"max-video-preview:-1"},"canonical":"https:\/\/dictator.se\/no\/produkter\/gassfjaerer\/dictators-lagergassfjaerer\/","og_locale":"nb_NO","og_type":"article","og_title":"DICTATORS Lagergassfj\u00e6rer - dictator.se","og_description":"DICTATORS Lagergassfj\u00e6rer er tilgjengelige for de fleste behov. Normalt produseres hver gassfj\u00e6r i henhold til kundens \u00f8nsker","og_url":"https:\/\/dictator.se\/no\/produkter\/gassfjaerer\/dictators-lagergassfjaerer\/","og_site_name":"dictator.se","article_modified_time":"2025-08-26T09:24:55+00:00","og_image":[{"url":"https:\/\/dictator.se\/wp-content\/uploads\/2024\/04\/Packning.jpg","type":"","width":"","height":""}],"twitter_card":"summary_large_image","twitter_misc":{"Ansl. lesetid":"2 minutter"},"schema":{"@context":"https:\/\/schema.org","@graph":[{"@type":"WebPage","@id":"https:\/\/dictator.se\/no\/produkter\/gassfjaerer\/dictators-lagergassfjaerer\/","url":"https:\/\/dictator.se\/no\/produkter\/gassfjaerer\/dictators-lagergassfjaerer\/","name":"DICTATORS Lagergassfj\u00e6rer - dictator.se","isPartOf":{"@id":"https:\/\/dictator.se\/#website"},"primaryImageOfPage":{"@id":"https:\/\/dictator.se\/no\/produkter\/gassfjaerer\/dictators-lagergassfjaerer\/#primaryimage"},"image":{"@id":"https:\/\/dictator.se\/no\/produkter\/gassfjaerer\/dictators-lagergassfjaerer\/#primaryimage"},"thumbnailUrl":"https:\/\/dictator.se\/wp-content\/uploads\/2024\/04\/Packning.jpg","datePublished":"2024-04-08T11:08:14+00:00","dateModified":"2025-08-26T09:24:55+00:00","description":"DICTATORS Lagergassfj\u00e6rer er tilgjengelige for de fleste behov. Normalt produseres hver gassfj\u00e6r i henhold til kundens \u00f8nsker","breadcrumb":{"@id":"https:\/\/dictator.se\/no\/produkter\/gassfjaerer\/dictators-lagergassfjaerer\/#breadcrumb"},"inLanguage":"nb-NO","potentialAction":[{"@type":"ReadAction","target":["https:\/\/dictator.se\/no\/produkter\/gassfjaerer\/dictators-lagergassfjaerer\/"]}]},{"@type":"ImageObject","inLanguage":"nb-NO","@id":"https:\/\/dictator.se\/no\/produkter\/gassfjaerer\/dictators-lagergassfjaerer\/#primaryimage","url":"https:\/\/dictator.se\/wp-content\/uploads\/2024\/04\/Packning.jpg","contentUrl":"https:\/\/dictator.se\/wp-content\/uploads\/2024\/04\/Packning.jpg"},{"@type":"BreadcrumbList","@id":"https:\/\/dictator.se\/no\/produkter\/gassfjaerer\/dictators-lagergassfjaerer\/#breadcrumb","itemListElement":[{"@type":"ListItem","position":1,"name":"Home","item":"https:\/\/dictator.se\/no\/"},{"@type":"ListItem","position":2,"name":"Produkter","item":"https:\/\/dictator.se\/no\/produkter\/"},{"@type":"ListItem","position":3,"name":"Gassfj\u00e6rer","item":"https:\/\/dictator.se\/no\/produkter\/gassfjaerer\/"},{"@type":"ListItem","position":4,"name":"DICTATORS Lagergassfj\u00e6rer"}]},{"@type":"WebSite","@id":"https:\/\/dictator.se\/#website","url":"https:\/\/dictator.se\/","name":"dictator.se","description":"","publisher":{"@id":"https:\/\/dictator.se\/#organization"},"potentialAction":[{"@type":"SearchAction","target":{"@type":"EntryPoint","urlTemplate":"https:\/\/dictator.se\/?s={search_term_string}"},"query-input":{"@type":"PropertyValueSpecification","valueRequired":true,"valueName":"search_term_string"}}],"inLanguage":"nb-NO"},{"@type":"Organization","@id":"https:\/\/dictator.se\/#organization","name":"dictator.se","url":"https:\/\/dictator.se\/","logo":{"@type":"ImageObject","inLanguage":"nb-NO","@id":"https:\/\/dictator.se\/#\/schema\/logo\/image\/","url":"https:\/\/dictator.se\/wp-content\/uploads\/2023\/12\/DICTATOR_Logo1.svg","contentUrl":"https:\/\/dictator.se\/wp-content\/uploads\/2023\/12\/DICTATOR_Logo1.svg","width":377,"height":58,"caption":"dictator.se"},"image":{"@id":"https:\/\/dictator.se\/#\/schema\/logo\/image\/"}}]}},"featured_image_src":null,"featured_image_src_square":null,"uagb_featured_image_src":{"full":false,"thumbnail":false,"medium":false,"medium_large":false,"large":false,"1536x1536":false,"2048x2048":false,"sidebar-featured":false,"genesis-singular-images":false,"gb-block-post-grid-landscape":false,"gb-block-post-grid-square":false},"uagb_author_info":{"display_name":"Sanna","author_link":"https:\/\/dictator.se\/no\/author\/sanna\/"},"uagb_comment_info":0,"uagb_excerpt":null,"_links":{"self":[{"href":"https:\/\/dictator.se\/no\/wp-json\/wp\/v2\/pages\/4597","targetHints":{"allow":["GET"]}}],"collection":[{"href":"https:\/\/dictator.se\/no\/wp-json\/wp\/v2\/pages"}],"about":[{"href":"https:\/\/dictator.se\/no\/wp-json\/wp\/v2\/types\/page"}],"author":[{"embeddable":true,"href":"https:\/\/dictator.se\/no\/wp-json\/wp\/v2\/users\/6"}],"replies":[{"embeddable":true,"href":"https:\/\/dictator.se\/no\/wp-json\/wp\/v2\/comments?post=4597"}],"version-history":[{"count":5,"href":"https:\/\/dictator.se\/no\/wp-json\/wp\/v2\/pages\/4597\/revisions"}],"predecessor-version":[{"id":6875,"href":"https:\/\/dictator.se\/no\/wp-json\/wp\/v2\/pages\/4597\/revisions\/6875"}],"up":[{"embeddable":true,"href":"https:\/\/dictator.se\/no\/wp-json\/wp\/v2\/pages\/4595"}],"wp:attachment":[{"href":"https:\/\/dictator.se\/no\/wp-json\/wp\/v2\/media?parent=4597"}],"curies":[{"name":"wp","href":"https:\/\/api.w.org\/{rel}","templated":true}]}}