{"id":4605,"date":"2024-04-10T10:44:07","date_gmt":"2024-04-10T08:44:07","guid":{"rendered":"https:\/\/dictator.se\/?page_id=4605"},"modified":"2024-05-22T14:11:25","modified_gmt":"2024-05-22T12:11:25","slug":"portlukker-rts","status":"publish","type":"page","link":"https:\/\/dictator.se\/no\/produkter\/portlukker\/portlukker-rts\/","title":{"rendered":"Portlukker RTS"},"content":{"rendered":"\n<div class=\"wp-block-genesis-blocks-gb-columns gb-layout-columns-1 one-column\"><div class=\"gb-layout-column-wrap gb-block-layout-column-gap-2 gb-is-responsive-column\">\n<div class=\"wp-block-genesis-blocks-gb-column gb-block-layout-column\"><div class=\"gb-block-layout-column-inner\">\n<div class=\"wp-block-genesis-blocks-gb-columns gb-layout-columns-2 gb-2-col-wideleft\"><div class=\"gb-layout-column-wrap gb-block-layout-column-gap-2 gb-is-responsive-column\">\n<div class=\"wp-block-genesis-blocks-gb-column gb-block-layout-column\"><div class=\"gb-block-layout-column-inner\"><div class=\"yoast-breadcrumbs\"><span><span><a href=\"https:\/\/dictator.se\/no\/\">Home<\/a><\/span> \u00bb <span><a href=\"https:\/\/dictator.se\/no\/produkter\/\">Produkter<\/a><\/span> \u00bb <span><a href=\"https:\/\/dictator.se\/no\/produkter\/portlukker\/\">Portlukker<\/a><\/span> \u00bb <span class=\"breadcrumb_last\" aria-current=\"page\">Portlukker RTS<\/span><\/span><\/div>\n\n\n<h1 class=\"wp-block-heading\" style=\"padding-top:var(--wp--preset--spacing--40);font-size:40px;text-transform:uppercase\"><strong>Portlukker RTS<\/strong><\/h1>\n\n\n\n<p class=\"has-small-font-size\">Portlukker RTS &#8211; den usynlige Gate &amp; D\u00f8rlukker brukes vanligvis av optiske eller sikkerhetsmessigere \u00e5rsaker. Installasjonen er skjult i porten eller d\u00f8ren og er derfor nesten usynlig. Lukkehastigheten er justerbar, og avhengig av montering situasjonen kan den \u00e5pnes opp til 180\u00b0.<\/p>\n\n\n\n<h2 class=\"wp-block-heading has-large-font-size\"><strong>Portlukker RTS<\/strong> <strong>Fordeler <\/strong><\/h2>\n\n\n\n<ul class=\"wp-block-list\">\n<li class=\"has-small-font-size\">Er nesten usynlig n\u00e5r den bygges inn i porten, og bare clutchen kan ses n\u00e5r porten er \u00e5pen<\/li>\n\n\n\n<li class=\"has-small-font-size\">RTS brukes hovedsakelig til utend\u00f8rs porter som verftsporter og inngangsporter til industrielle anlegg, men passer ogs\u00e5 godt med vanlige d\u00f8rer<\/li>\n\n\n\n<li class=\"has-small-font-size\">En perfekt l\u00f8sning for inngangsporter til bransjer som har tilgangskontroll for sine ansatte<\/li>\n\n\n\n<li class=\"has-small-font-size\">Innebygd installasjon beskytter den for elementene og gj\u00f8r det i utgangspunktet vandal-bevis<\/li>\n\n\n\n<li class=\"has-small-font-size\">Den spesielle koblingen er v\u00e6rbestandig og fleksibel slik at RTS kan brukes med ulike typer hengsler<\/li>\n\n\n\n<li class=\"has-small-font-size\">Port d\u00f8ren kan \u00e5pnes opp til 180\u00b0 avhengig av montering posisjon og type hengsel<\/li>\n<\/ul>\n\n\n\n<h3 class=\"wp-block-heading has-medium-font-size\"><strong>Modeller og tilbeh\u00f8r:<\/strong><\/h3>\n\n\n\n<p class=\"has-small-font-size\">Det finnes flere modeller av RTS for ulike typer porter og d\u00f8rer:<\/p>\n\n\n\n<ul class=\"wp-block-list\">\n<li class=\"has-small-font-size\"><strong>RTS-d\/e:<\/strong>&nbsp;For porter, st\u00e5l og aluminium d\u00f8rer<\/li>\n\n\n\n<li class=\"has-small-font-size\"><strong>RTS-t\/u:<\/strong>&nbsp;For st\u00e5l- og aluminiums d\u00f8rer med forskjellige tilbeh\u00f8r enn de ovennevnte<\/li>\n\n\n\n<li class=\"has-small-font-size\"><strong>RTS-v:<\/strong>&nbsp;Passer til tred\u00f8rer<\/li>\n<\/ul>\n\n\n\n<h3 class=\"wp-block-heading has-medium-font-size\"><strong>Tilbeh\u00f8r:<\/strong><\/h3>\n\n\n\n<p class=\"has-small-font-size\">Vi har et tilbeh\u00f8r i form av et montering sett for ettermontering som skal monteres p\u00e5 utsiden av fliret. Den passer til type RTS -e.<\/p>\n\n\n\n<p><a href=\"https:\/\/en.dictator.de\/wp-content\/uploads\/DICTATOR-Perimeter-protection.pdf\" target=\"_blank\" rel=\"noreferrer noopener\"><strong>&gt; Her kan du<\/strong> lese mer om &#8211; Omr\u00e5deskydd!<\/a><\/p>\n<\/div><\/div>\n\n\n\n<div class=\"wp-block-genesis-blocks-gb-column gb-block-layout-column\"><div class=\"gb-block-layout-column-inner\">\n<div class=\"wp-block-uagb-image uagb-block-13983c08 wp-block-uagb-image--layout-default wp-block-uagb-image--effect-static wp-block-uagb-image--align-none\"><figure class=\"wp-block-uagb-image__figure\"><img decoding=\"async\" srcset=\"https:\/\/dictator.se\/wp-content\/uploads\/2024\/04\/Grindstangare-RTS.jpg ,https:\/\/dictator.se\/wp-content\/uploads\/2024\/04\/Grindstangare-RTS.jpg 780w, https:\/\/dictator.se\/wp-content\/uploads\/2024\/04\/Grindstangare-RTS.jpg 360w\" sizes=\"auto, (max-width: 480px) 150px\" src=\"https:\/\/dictator.se\/wp-content\/uploads\/2024\/04\/Grindstangare-RTS.jpg\" alt=\"Portlukker RTS\" class=\"uag-image-3117\" width=\"800\" height=\"800\" title=\"\" loading=\"lazy\"\/><\/figure><\/div>\n\n\n\n<figure class=\"wp-block-embed is-type-video is-provider-youtube wp-block-embed-youtube wp-embed-aspect-16-9 wp-has-aspect-ratio\"><div class=\"wp-block-embed__wrapper\">\n<iframe loading=\"lazy\" title=\"Concealed Gate Closer RTS  | closes doors and gates automatically\" width=\"500\" height=\"281\" src=\"https:\/\/www.youtube.com\/embed\/C0yFraGPEOY?feature=oembed\" frameborder=\"0\" allow=\"accelerometer; autoplay; clipboard-write; encrypted-media; gyroscope; picture-in-picture; web-share\" referrerpolicy=\"strict-origin-when-cross-origin\" allowfullscreen><\/iframe>\n<\/div><\/figure>\n<\/div><\/div>\n<\/div><\/div>\n\n\n\n<div class=\"wp-block-genesis-blocks-gb-columns gb-layout-columns-1 one-column\"><div class=\"gb-layout-column-wrap gb-block-layout-column-gap-2 gb-is-responsive-column\">\n<div class=\"wp-block-genesis-blocks-gb-column gb-block-layout-column\"><div class=\"gb-block-layout-column-inner has-ci-quaternary-background-color\" style=\"padding-top:50px;padding-right:100px;padding-bottom:50px;padding-left:100px\">\n<div class=\"wp-block-genesis-blocks-gb-columns gb-layout-columns-2 gb-2-col-wideleft\"><div class=\"gb-layout-column-wrap gb-block-layout-column-gap-2 gb-is-responsive-column\">\n<div class=\"wp-block-genesis-blocks-gb-column gb-block-layout-column\"><div class=\"gb-block-layout-column-inner\">\n<h2 class=\"wp-block-heading has-large-font-size\"><strong>GRATIS SERVICE OG R\u00c5D<\/strong><\/h2>\n\n\n\n<p class=\"has-medium-font-size\">Vi hjelper deg gjerne med \u00e5 gi deg r\u00e5d! <a href=\"https:\/\/dictator.se\/no\/kontakt-oss\/\" target=\"_blank\" rel=\"noreferrer noopener\"><strong>Kontakt<\/strong> <strong>oss<\/strong> <strong>her<\/strong> <strong>for<\/strong> <strong>service<\/strong> <strong>og<\/strong> <strong>r\u00e5d!<\/strong><\/a><\/p>\n\n\n\n<div class=\"wp-block-uagb-buttons uagb-buttons__outer-wrap uagb-btn__default-btn uagb-btn-tablet__default-btn uagb-btn-mobile__default-btn uagb-block-39eb0c0e\"><div class=\"uagb-buttons__wrap uagb-buttons-layout-wrap\">\n<div class=\"wp-block-uagb-buttons-child uagb-buttons__outer-wrap uagb-block-2b48c60a wp-block-button\"><div class=\"uagb-button__wrapper\"><a class=\"uagb-buttons-repeater wp-block-button__link\" href=\"#\" onclick=\"return false;\" rel=\"follow noopener\" target=\"_self\"><div class=\"uagb-button__link\">Click Here<\/div><\/a><\/div><\/div>\n<\/div><\/div>\n<\/div><\/div>\n\n\n\n<div class=\"wp-block-genesis-blocks-gb-column gb-block-layout-column\"><div class=\"gb-block-layout-column-inner\">\n<div class=\"wp-block-uagb-image aligncenter uagb-block-d296d348 wp-block-uagb-image--layout-default wp-block-uagb-image--effect-static wp-block-uagb-image--align-center\"><figure class=\"wp-block-uagb-image__figure\"><img decoding=\"async\" srcset=\"https:\/\/dictator.se\/wp-content\/uploads\/2023\/12\/icon-service-300x272.png ,https:\/\/dictator.se\/wp-content\/uploads\/2023\/12\/icon-service.png 780w, https:\/\/dictator.se\/wp-content\/uploads\/2023\/12\/icon-service.png 360w\" sizes=\"auto, (max-width: 480px) 150px\" src=\"https:\/\/dictator.se\/wp-content\/uploads\/2023\/12\/icon-service-300x272.png\" alt=\"Portlukker RTS\" class=\"uag-image-203\" width=\"150\" height=\"272\" title=\"\" loading=\"lazy\"\/><\/figure><\/div>\n<\/div><\/div>\n<\/div><\/div>\n<\/div><\/div>\n<\/div><\/div>\n<\/div><\/div>\n<\/div><\/div>\n","protected":false},"excerpt":{"rendered":"","protected":false},"author":6,"featured_media":0,"parent":4601,"menu_order":0,"comment_status":"closed","ping_status":"closed","template":"","meta":{"_acf_changed":false,"_uag_custom_page_level_css":"","_genesis_hide_title":true,"_genesis_hide_breadcrumbs":false,"_genesis_hide_singular_image":false,"_genesis_hide_footer_widgets":false,"_genesis_custom_body_class":"","_genesis_custom_post_class":"","_genesis_layout":"","footnotes":""},"class_list":{"0":"post-4605","1":"page","2":"type-page","3":"status-publish","5":"entry"},"acf":[],"yoast_head":"<!-- This site is optimized with the Yoast SEO plugin v27.3 - https:\/\/yoast.com\/product\/yoast-seo-wordpress\/ -->\n<title>Portlukker RTS - dictator.se<\/title>\n<meta name=\"description\" content=\"Portlukker RTS - den usynlige Gate &amp; D\u00f8rlukker brukes vanligvis av optiske eller sikkerhetsmessigere \u00e5rsaker.\" \/>\n<meta name=\"robots\" content=\"index, follow, max-snippet:-1, max-image-preview:large, max-video-preview:-1\" \/>\n<link rel=\"canonical\" href=\"https:\/\/dictator.se\/no\/produkter\/portlukker\/portlukker-rts\/\" \/>\n<meta property=\"og:locale\" content=\"nb_NO\" \/>\n<meta property=\"og:type\" content=\"article\" \/>\n<meta property=\"og:title\" content=\"Portlukker RTS - dictator.se\" \/>\n<meta property=\"og:description\" content=\"Portlukker RTS - den usynlige Gate &amp; D\u00f8rlukker brukes vanligvis av optiske eller sikkerhetsmessigere \u00e5rsaker.\" \/>\n<meta property=\"og:url\" content=\"https:\/\/dictator.se\/no\/produkter\/portlukker\/portlukker-rts\/\" \/>\n<meta property=\"og:site_name\" content=\"dictator.se\" \/>\n<meta property=\"article:modified_time\" content=\"2024-05-22T12:11:25+00:00\" \/>\n<meta property=\"og:image\" content=\"https:\/\/dictator.se\/wp-content\/uploads\/2024\/04\/Grindstangare-RTS.jpg\" \/>\n<meta name=\"twitter:card\" content=\"summary_large_image\" \/>\n<meta name=\"twitter:label1\" content=\"Ansl. lesetid\" \/>\n\t<meta name=\"twitter:data1\" content=\"2 minutter\" \/>\n<script type=\"application\/ld+json\" class=\"yoast-schema-graph\">{\"@context\":\"https:\\\/\\\/schema.org\",\"@graph\":[{\"@type\":\"WebPage\",\"@id\":\"https:\\\/\\\/dictator.se\\\/no\\\/produkter\\\/portlukker\\\/portlukker-rts\\\/\",\"url\":\"https:\\\/\\\/dictator.se\\\/no\\\/produkter\\\/portlukker\\\/portlukker-rts\\\/\",\"name\":\"Portlukker RTS - dictator.se\",\"isPartOf\":{\"@id\":\"https:\\\/\\\/dictator.se\\\/#website\"},\"primaryImageOfPage\":{\"@id\":\"https:\\\/\\\/dictator.se\\\/no\\\/produkter\\\/portlukker\\\/portlukker-rts\\\/#primaryimage\"},\"image\":{\"@id\":\"https:\\\/\\\/dictator.se\\\/no\\\/produkter\\\/portlukker\\\/portlukker-rts\\\/#primaryimage\"},\"thumbnailUrl\":\"https:\\\/\\\/dictator.se\\\/wp-content\\\/uploads\\\/2024\\\/04\\\/Grindstangare-RTS.jpg\",\"datePublished\":\"2024-04-10T08:44:07+00:00\",\"dateModified\":\"2024-05-22T12:11:25+00:00\",\"description\":\"Portlukker RTS - den usynlige Gate & D\u00f8rlukker brukes vanligvis av optiske eller sikkerhetsmessigere \u00e5rsaker.\",\"breadcrumb\":{\"@id\":\"https:\\\/\\\/dictator.se\\\/no\\\/produkter\\\/portlukker\\\/portlukker-rts\\\/#breadcrumb\"},\"inLanguage\":\"nb-NO\",\"potentialAction\":[{\"@type\":\"ReadAction\",\"target\":[\"https:\\\/\\\/dictator.se\\\/no\\\/produkter\\\/portlukker\\\/portlukker-rts\\\/\"]}]},{\"@type\":\"ImageObject\",\"inLanguage\":\"nb-NO\",\"@id\":\"https:\\\/\\\/dictator.se\\\/no\\\/produkter\\\/portlukker\\\/portlukker-rts\\\/#primaryimage\",\"url\":\"https:\\\/\\\/dictator.se\\\/wp-content\\\/uploads\\\/2024\\\/04\\\/Grindstangare-RTS.jpg\",\"contentUrl\":\"https:\\\/\\\/dictator.se\\\/wp-content\\\/uploads\\\/2024\\\/04\\\/Grindstangare-RTS.jpg\"},{\"@type\":\"BreadcrumbList\",\"@id\":\"https:\\\/\\\/dictator.se\\\/no\\\/produkter\\\/portlukker\\\/portlukker-rts\\\/#breadcrumb\",\"itemListElement\":[{\"@type\":\"ListItem\",\"position\":1,\"name\":\"Home\",\"item\":\"https:\\\/\\\/dictator.se\\\/no\\\/\"},{\"@type\":\"ListItem\",\"position\":2,\"name\":\"Produkter\",\"item\":\"https:\\\/\\\/dictator.se\\\/no\\\/produkter\\\/\"},{\"@type\":\"ListItem\",\"position\":3,\"name\":\"Portlukker\",\"item\":\"https:\\\/\\\/dictator.se\\\/no\\\/produkter\\\/portlukker\\\/\"},{\"@type\":\"ListItem\",\"position\":4,\"name\":\"Portlukker RTS\"}]},{\"@type\":\"WebSite\",\"@id\":\"https:\\\/\\\/dictator.se\\\/#website\",\"url\":\"https:\\\/\\\/dictator.se\\\/\",\"name\":\"dictator.se\",\"description\":\"\",\"publisher\":{\"@id\":\"https:\\\/\\\/dictator.se\\\/#organization\"},\"potentialAction\":[{\"@type\":\"SearchAction\",\"target\":{\"@type\":\"EntryPoint\",\"urlTemplate\":\"https:\\\/\\\/dictator.se\\\/?s={search_term_string}\"},\"query-input\":{\"@type\":\"PropertyValueSpecification\",\"valueRequired\":true,\"valueName\":\"search_term_string\"}}],\"inLanguage\":\"nb-NO\"},{\"@type\":\"Organization\",\"@id\":\"https:\\\/\\\/dictator.se\\\/#organization\",\"name\":\"dictator.se\",\"url\":\"https:\\\/\\\/dictator.se\\\/\",\"logo\":{\"@type\":\"ImageObject\",\"inLanguage\":\"nb-NO\",\"@id\":\"https:\\\/\\\/dictator.se\\\/#\\\/schema\\\/logo\\\/image\\\/\",\"url\":\"https:\\\/\\\/dictator.se\\\/wp-content\\\/uploads\\\/2023\\\/12\\\/DICTATOR_Logo1.svg\",\"contentUrl\":\"https:\\\/\\\/dictator.se\\\/wp-content\\\/uploads\\\/2023\\\/12\\\/DICTATOR_Logo1.svg\",\"width\":377,\"height\":58,\"caption\":\"dictator.se\"},\"image\":{\"@id\":\"https:\\\/\\\/dictator.se\\\/#\\\/schema\\\/logo\\\/image\\\/\"}}]}<\/script>\n<!-- \/ Yoast SEO plugin. -->","yoast_head_json":{"title":"Portlukker RTS - dictator.se","description":"Portlukker RTS - den usynlige Gate & D\u00f8rlukker brukes vanligvis av optiske eller sikkerhetsmessigere \u00e5rsaker.","robots":{"index":"index","follow":"follow","max-snippet":"max-snippet:-1","max-image-preview":"max-image-preview:large","max-video-preview":"max-video-preview:-1"},"canonical":"https:\/\/dictator.se\/no\/produkter\/portlukker\/portlukker-rts\/","og_locale":"nb_NO","og_type":"article","og_title":"Portlukker RTS - dictator.se","og_description":"Portlukker RTS - den usynlige Gate & D\u00f8rlukker brukes vanligvis av optiske eller sikkerhetsmessigere \u00e5rsaker.","og_url":"https:\/\/dictator.se\/no\/produkter\/portlukker\/portlukker-rts\/","og_site_name":"dictator.se","article_modified_time":"2024-05-22T12:11:25+00:00","og_image":[{"url":"https:\/\/dictator.se\/wp-content\/uploads\/2024\/04\/Grindstangare-RTS.jpg","type":"","width":"","height":""}],"twitter_card":"summary_large_image","twitter_misc":{"Ansl. lesetid":"2 minutter"},"schema":{"@context":"https:\/\/schema.org","@graph":[{"@type":"WebPage","@id":"https:\/\/dictator.se\/no\/produkter\/portlukker\/portlukker-rts\/","url":"https:\/\/dictator.se\/no\/produkter\/portlukker\/portlukker-rts\/","name":"Portlukker RTS - dictator.se","isPartOf":{"@id":"https:\/\/dictator.se\/#website"},"primaryImageOfPage":{"@id":"https:\/\/dictator.se\/no\/produkter\/portlukker\/portlukker-rts\/#primaryimage"},"image":{"@id":"https:\/\/dictator.se\/no\/produkter\/portlukker\/portlukker-rts\/#primaryimage"},"thumbnailUrl":"https:\/\/dictator.se\/wp-content\/uploads\/2024\/04\/Grindstangare-RTS.jpg","datePublished":"2024-04-10T08:44:07+00:00","dateModified":"2024-05-22T12:11:25+00:00","description":"Portlukker RTS - den usynlige Gate & D\u00f8rlukker brukes vanligvis av optiske eller sikkerhetsmessigere \u00e5rsaker.","breadcrumb":{"@id":"https:\/\/dictator.se\/no\/produkter\/portlukker\/portlukker-rts\/#breadcrumb"},"inLanguage":"nb-NO","potentialAction":[{"@type":"ReadAction","target":["https:\/\/dictator.se\/no\/produkter\/portlukker\/portlukker-rts\/"]}]},{"@type":"ImageObject","inLanguage":"nb-NO","@id":"https:\/\/dictator.se\/no\/produkter\/portlukker\/portlukker-rts\/#primaryimage","url":"https:\/\/dictator.se\/wp-content\/uploads\/2024\/04\/Grindstangare-RTS.jpg","contentUrl":"https:\/\/dictator.se\/wp-content\/uploads\/2024\/04\/Grindstangare-RTS.jpg"},{"@type":"BreadcrumbList","@id":"https:\/\/dictator.se\/no\/produkter\/portlukker\/portlukker-rts\/#breadcrumb","itemListElement":[{"@type":"ListItem","position":1,"name":"Home","item":"https:\/\/dictator.se\/no\/"},{"@type":"ListItem","position":2,"name":"Produkter","item":"https:\/\/dictator.se\/no\/produkter\/"},{"@type":"ListItem","position":3,"name":"Portlukker","item":"https:\/\/dictator.se\/no\/produkter\/portlukker\/"},{"@type":"ListItem","position":4,"name":"Portlukker RTS"}]},{"@type":"WebSite","@id":"https:\/\/dictator.se\/#website","url":"https:\/\/dictator.se\/","name":"dictator.se","description":"","publisher":{"@id":"https:\/\/dictator.se\/#organization"},"potentialAction":[{"@type":"SearchAction","target":{"@type":"EntryPoint","urlTemplate":"https:\/\/dictator.se\/?s={search_term_string}"},"query-input":{"@type":"PropertyValueSpecification","valueRequired":true,"valueName":"search_term_string"}}],"inLanguage":"nb-NO"},{"@type":"Organization","@id":"https:\/\/dictator.se\/#organization","name":"dictator.se","url":"https:\/\/dictator.se\/","logo":{"@type":"ImageObject","inLanguage":"nb-NO","@id":"https:\/\/dictator.se\/#\/schema\/logo\/image\/","url":"https:\/\/dictator.se\/wp-content\/uploads\/2023\/12\/DICTATOR_Logo1.svg","contentUrl":"https:\/\/dictator.se\/wp-content\/uploads\/2023\/12\/DICTATOR_Logo1.svg","width":377,"height":58,"caption":"dictator.se"},"image":{"@id":"https:\/\/dictator.se\/#\/schema\/logo\/image\/"}}]}},"featured_image_src":null,"featured_image_src_square":null,"uagb_featured_image_src":{"full":false,"thumbnail":false,"medium":false,"medium_large":false,"large":false,"1536x1536":false,"2048x2048":false,"sidebar-featured":false,"genesis-singular-images":false,"gb-block-post-grid-landscape":false,"gb-block-post-grid-square":false},"uagb_author_info":{"display_name":"Sanna","author_link":"https:\/\/dictator.se\/no\/author\/sanna\/"},"uagb_comment_info":0,"uagb_excerpt":null,"_links":{"self":[{"href":"https:\/\/dictator.se\/no\/wp-json\/wp\/v2\/pages\/4605","targetHints":{"allow":["GET"]}}],"collection":[{"href":"https:\/\/dictator.se\/no\/wp-json\/wp\/v2\/pages"}],"about":[{"href":"https:\/\/dictator.se\/no\/wp-json\/wp\/v2\/types\/page"}],"author":[{"embeddable":true,"href":"https:\/\/dictator.se\/no\/wp-json\/wp\/v2\/users\/6"}],"replies":[{"embeddable":true,"href":"https:\/\/dictator.se\/no\/wp-json\/wp\/v2\/comments?post=4605"}],"version-history":[{"count":4,"href":"https:\/\/dictator.se\/no\/wp-json\/wp\/v2\/pages\/4605\/revisions"}],"predecessor-version":[{"id":4841,"href":"https:\/\/dictator.se\/no\/wp-json\/wp\/v2\/pages\/4605\/revisions\/4841"}],"up":[{"embeddable":true,"href":"https:\/\/dictator.se\/no\/wp-json\/wp\/v2\/pages\/4601"}],"wp:attachment":[{"href":"https:\/\/dictator.se\/no\/wp-json\/wp\/v2\/media?parent=4605"}],"curies":[{"name":"wp","href":"https:\/\/api.w.org\/{rel}","templated":true}]}}