{"id":4613,"date":"2024-01-22T14:07:53","date_gmt":"2024-01-22T13:07:53","guid":{"rendered":"https:\/\/dictator.se\/?page_id=4613"},"modified":"2025-09-30T07:44:11","modified_gmt":"2025-09-30T05:44:11","slug":"referanser-branndorer","status":"publish","type":"page","link":"https:\/\/dictator.se\/no\/referanser\/referanser-branndorer\/","title":{"rendered":"Referanser &#8211; brannd\u00f8rer"},"content":{"rendered":"\n<div class=\"wp-block-genesis-blocks-gb-columns gb-layout-columns-1 one-column\"><div class=\"gb-layout-column-wrap gb-block-layout-column-gap-2 gb-is-responsive-column\">\n<div class=\"wp-block-genesis-blocks-gb-column gb-block-layout-column\"><div class=\"gb-block-layout-column-inner\"><div class=\"yoast-breadcrumbs\"><span><span><a href=\"https:\/\/dictator.se\/no\/\">Home<\/a><\/span> \u00bb <span><a href=\"https:\/\/dictator.se\/no\/referanser\/\">Referanser<\/a><\/span> \u00bb <span class=\"breadcrumb_last\" aria-current=\"page\">Referanser &#8211; brannd\u00f8rer<\/span><\/span><\/div>\n\n\n<h1 class=\"wp-block-heading\" style=\"padding-top:var(--wp--preset--spacing--40);font-size:40px;text-transform:uppercase\">Referanser \u2013 brannd\u00f8rer<\/h1>\n\n\n\n<p>Referanser \u2013 brannd\u00f8rer inkluderer ofte\u00a0<a href=\"https:\/\/dictator.se\/no\/produkter\/branndetektorer-og-elektromagneter\/\">Hold-open systemer<\/a>\u00a0som m\u00e5 fungere helt p\u00e5litelig n\u00e5r brannalarmen slukkes. Hold \u00e5pne systemer er n\u00f8dvendig for \u00e5 lukke d\u00f8rene i tilfelle brann og holde dem lukket for \u00e5 hindre at brannen og r\u00f8yken sprer seg. Systemene utl\u00f8ses ofte av r\u00f8ykvarslere eller i noen tilfeller manuelt.<\/p>\n\n\n\n<div class=\"wp-block-uagb-container uagb-layout-grid uagb-block-c42f61f0 alignfull uagb-is-root-container\"><div class=\"uagb-container-inner-blocks-wrap\">\n<div class=\"wp-block-uagb-container uagb-block-2151ad33 default uagb-is-root-container\">\n<div class=\"wp-block-uagb-image aligncenter uagb-block-c4f29346 wp-block-uagb-image--layout-default wp-block-uagb-image--effect-static wp-block-uagb-image--align-center\"><figure class=\"wp-block-uagb-image__figure\"><a class=\"\" href=\"https:\/\/dictator.se\/no\/utbyte-av-gamla-hold-open-system-for-sakerhet-i-byggnader-och-manniskor\/\" target=\"\" rel=\"noopener\"><img decoding=\"async\" srcset=\"https:\/\/dictator.se\/wp-content\/uploads\/2024\/04\/hold-open-system-skolbyggnad.jpg ,https:\/\/dictator.se\/wp-content\/uploads\/2024\/04\/hold-open-system-skolbyggnad.jpg 780w, https:\/\/dictator.se\/wp-content\/uploads\/2024\/04\/hold-open-system-skolbyggnad.jpg 360w\" sizes=\"auto, (max-width: 480px) 150px\" src=\"https:\/\/dictator.se\/wp-content\/uploads\/2024\/04\/hold-open-system-skolbyggnad.jpg\" alt=\"\" class=\"uag-image-3646\" width=\"300\" height=\"200\" title=\"hold-open-system-skolbyggnad\" loading=\"lazy\" role=\"img\"\/><\/a><\/figure><\/div>\n\n\n\n<div class=\"wp-block-uagb-advanced-heading uagb-block-e1e05fc6\"><h4 class=\"uagb-heading-text\"><mark style=\"background-color:rgba(0, 0, 0, 0)\" class=\"has-inline-color has-ci-tertiary-color\"><strong><mark style=\"background-color:rgba(0, 0, 0, 0)\" class=\"has-inline-color has-ci-tertiary-color\"><strong>L\u00f8sninger for brannd\u00f8rer \u2013 Utskifting av gamle hold-\u00e5pne systemer \u00f8ker sikkerheten p\u00e5 en skole<br><\/strong><\/mark><\/strong><\/mark><\/h4><\/div>\n\n\n\n<p class=\"has-small-font-size\">Orange School i Wiesbaden, Tyskland, har installert brannd\u00f8rer mellom trapper og de ulike korridorene som f\u00f8rer inn i klasserommene. For ikke \u00e5 hindre tilgang til klasserom i vanlig skoletid, holder elektromagnetene brannd\u00f8rene \u00e5pne. R\u00f8ykvarslere som sl\u00e5r alarm i tilfelle brann, str\u00f8mforsyningen til holdermagnetene kuttes av og d\u00f8rene lukkes automatisk.<\/p>\n\n\n\n<div class=\"wp-block-uagb-buttons uagb-buttons__outer-wrap uagb-btn__small-btn uagb-btn-tablet__default-btn uagb-btn-mobile__default-btn uagb-block-041cacdf\"><div class=\"uagb-buttons__wrap uagb-buttons-layout-wrap \">\n<div class=\"wp-block-uagb-buttons-child uagb-buttons__outer-wrap uagb-block-2690ebee wp-block-button\"><div class=\"uagb-button__wrapper\"><a class=\"uagb-buttons-repeater wp-block-button__link\" aria-label=\"\" href=\"https:\/\/dictator.se\/no\/utbyte-av-gamla-hold-open-system-for-sakerhet-i-byggnader-och-manniskor\/\" rel=\"follow noopener\" target=\"_self\" role=\"button\"><div class=\"uagb-button__link\">les mer her<\/div><span class=\"uagb-button__icon uagb-button__icon-position-after\"><svg xmlns=\"https:\/\/www.w3.org\/2000\/svg\" viewBox=\"0 0 448 512\" aria-hidden=\"true\" focussable=\"false\"><path d=\"M438.6 278.6l-160 160C272.4 444.9 264.2 448 256 448s-16.38-3.125-22.62-9.375c-12.5-12.5-12.5-32.75 0-45.25L338.8 288H32C14.33 288 .0016 273.7 .0016 256S14.33 224 32 224h306.8l-105.4-105.4c-12.5-12.5-12.5-32.75 0-45.25s32.75-12.5 45.25 0l160 160C451.1 245.9 451.1 266.1 438.6 278.6z\"><\/path><\/svg><\/span><\/a><\/div><\/div>\n<\/div><\/div>\n<\/div>\n\n\n\n<div class=\"wp-block-uagb-container uagb-block-9d1ab301 default uagb-is-root-container\">\n<div class=\"wp-block-uagb-image aligncenter uagb-block-f501cb8c wp-block-uagb-image--layout-default wp-block-uagb-image--effect-static wp-block-uagb-image--align-center\"><figure class=\"wp-block-uagb-image__figure\"><a class=\"\" href=\"https:\/\/dictator.se\/no\/ex-sakra-hold-open-system-fran-dictator\/\" target=\"\" rel=\"noopener\"><img decoding=\"async\" srcset=\"https:\/\/dictator.se\/wp-content\/uploads\/2024\/04\/Kemilagret-Univeritet-Gottingen.jpg ,https:\/\/dictator.se\/wp-content\/uploads\/2024\/04\/Kemilagret-Univeritet-Gottingen.jpg 780w, https:\/\/dictator.se\/wp-content\/uploads\/2024\/04\/Kemilagret-Univeritet-Gottingen.jpg 360w\" sizes=\"auto, (max-width: 480px) 150px\" src=\"https:\/\/dictator.se\/wp-content\/uploads\/2024\/04\/Kemilagret-Univeritet-Gottingen.jpg\" alt=\"\" class=\"uag-image-3649\" width=\"300\" height=\"200\" title=\"Kemilagret-Univeritet-Gottingen\" loading=\"lazy\" role=\"img\"\/><\/a><\/figure><\/div>\n\n\n\n<div class=\"wp-block-uagb-advanced-heading uagb-block-28a7878a\"><h4 class=\"uagb-heading-text\"><strong>L\u00f8sninger for brannd\u00f8rer \u2013 Hold-open system i Ex-milj\u00f8 i det nybygde kjemiske lageret ved Universitetet i G\u00f6ttingen<\/strong><\/h4><\/div>\n\n\n\n<p class=\"has-small-font-size\">Under en grunnleggende oppussing og restrukturering av kjemiavdelingen ved Universitetet i G\u00f6ttingen ble det bygget et helt nytt sentralt oppbevaring-rom for alle kjemikaliene som trengs for undervisning og forskning. \u00d8verst p\u00e5 listen over krav var sikkerhetsaspektet. DICTATOR fikk i oppgave \u00e5 l\u00f8se dette. Sammen med oppgaven att l\u00f8se dette og med \u00e5 integrere systemene i lagerhuset med universitetkomplekset var en stor utfordring.<\/p>\n\n\n\n<div class=\"wp-block-uagb-buttons uagb-buttons__outer-wrap uagb-btn__small-btn uagb-btn-tablet__default-btn uagb-btn-mobile__default-btn uagb-block-98be895a\"><div class=\"uagb-buttons__wrap uagb-buttons-layout-wrap \">\n<div class=\"wp-block-uagb-buttons-child uagb-buttons__outer-wrap uagb-block-3469ec2e wp-block-button\"><div class=\"uagb-button__wrapper\"><a class=\"uagb-buttons-repeater wp-block-button__link\" aria-label=\"\" href=\"https:\/\/dictator.se\/no\/ex-sakra-hold-open-system-fran-dictator\/\" rel=\"follow noopener\" target=\"_self\" role=\"button\"><div class=\"uagb-button__link\">les mer her<\/div><span class=\"uagb-button__icon uagb-button__icon-position-after\"><svg xmlns=\"https:\/\/www.w3.org\/2000\/svg\" viewBox=\"0 0 448 512\" aria-hidden=\"true\" focussable=\"false\"><path d=\"M438.6 278.6l-160 160C272.4 444.9 264.2 448 256 448s-16.38-3.125-22.62-9.375c-12.5-12.5-12.5-32.75 0-45.25L338.8 288H32C14.33 288 .0016 273.7 .0016 256S14.33 224 32 224h306.8l-105.4-105.4c-12.5-12.5-12.5-32.75 0-45.25s32.75-12.5 45.25 0l160 160C451.1 245.9 451.1 266.1 438.6 278.6z\"><\/path><\/svg><\/span><\/a><\/div><\/div>\n<\/div><\/div>\n<\/div>\n\n\n\n<div class=\"wp-block-uagb-container uagb-block-c70fece3 default uagb-is-root-container\">\n<div class=\"wp-block-uagb-image aligncenter uagb-block-4c35a487 wp-block-uagb-image--layout-default wp-block-uagb-image--effect-static wp-block-uagb-image--align-center\"><figure class=\"wp-block-uagb-image__figure\"><a class=\"\" href=\"https:\/\/dictator.se\/no\/ex-sakra-hold-open-system-fran-dictator\/\" target=\"\" rel=\"noopener\"><img decoding=\"async\" srcset=\"https:\/\/dictator.se\/wp-content\/uploads\/2024\/04\/Hoga-krav-brandsakerheten.jpg ,https:\/\/dictator.se\/wp-content\/uploads\/2024\/04\/Hoga-krav-brandsakerheten.jpg 780w, https:\/\/dictator.se\/wp-content\/uploads\/2024\/04\/Hoga-krav-brandsakerheten.jpg 360w\" sizes=\"auto, (max-width: 480px) 150px\" src=\"https:\/\/dictator.se\/wp-content\/uploads\/2024\/04\/Hoga-krav-brandsakerheten.jpg\" alt=\"\" class=\"uag-image-3656\" width=\"300\" height=\"200\" title=\"Hoga-krav-brandsakerheten\" loading=\"lazy\" role=\"img\"\/><\/a><\/figure><\/div>\n\n\n\n<div class=\"wp-block-uagb-advanced-heading uagb-block-22620b34\"><h4 class=\"uagb-heading-text\"><strong>Brannd\u00f8rer med Ex-safe DICTATOR hold-open system<\/strong><\/h4><\/div>\n\n\n\n<p class=\"has-small-font-size\">\u00d8verst p\u00e5 kravlisten sto brannsikkerhet i det nybygde lageret for kjemikalier. DICTATOR&nbsp;var firmaet som hadde i oppgave \u00e5 l\u00f8se dette sikkerhetsproblemet. Oppgaven med \u00e5 integrere det nye stabburets brannsystem med universitetsbyggets \u00f8vrige sikkerhetssystemer var en stor utfordring for oss, som vi klarte \u00e5 l\u00f8se.<\/p>\n\n\n\n<p class=\"has-small-font-size\"><a href=\"https:\/\/dictator.se\/no\/anvandning-av-dictators-dorrhallare\/\"><\/a><\/p>\n\n\n\n<div class=\"wp-block-uagb-buttons uagb-buttons__outer-wrap uagb-btn__small-btn uagb-btn-tablet__default-btn uagb-btn-mobile__default-btn uagb-block-48869bc9\"><div class=\"uagb-buttons__wrap uagb-buttons-layout-wrap \">\n<div class=\"wp-block-uagb-buttons-child uagb-buttons__outer-wrap uagb-block-0da19104 wp-block-button\"><div class=\"uagb-button__wrapper\"><a class=\"uagb-buttons-repeater wp-block-button__link\" aria-label=\"\" href=\"https:\/\/dictator.se\/no\/ex-sakra-hold-open-system-fran-dictator\/\" rel=\"follow noopener\" target=\"_self\" role=\"button\"><div class=\"uagb-button__link\">les mer her<\/div><span class=\"uagb-button__icon uagb-button__icon-position-after\"><svg xmlns=\"https:\/\/www.w3.org\/2000\/svg\" viewBox=\"0 0 448 512\" aria-hidden=\"true\" focussable=\"false\"><path d=\"M438.6 278.6l-160 160C272.4 444.9 264.2 448 256 448s-16.38-3.125-22.62-9.375c-12.5-12.5-12.5-32.75 0-45.25L338.8 288H32C14.33 288 .0016 273.7 .0016 256S14.33 224 32 224h306.8l-105.4-105.4c-12.5-12.5-12.5-32.75 0-45.25s32.75-12.5 45.25 0l160 160C451.1 245.9 451.1 266.1 438.6 278.6z\"><\/path><\/svg><\/span><\/a><\/div><\/div>\n<\/div><\/div>\n<\/div>\n<\/div><\/div>\n\n\n\n<div class=\"wp-block-genesis-blocks-gb-columns gb-layout-columns-2 gb-2-col-wideleft\"><div class=\"gb-layout-column-wrap gb-block-layout-column-gap-2 gb-is-responsive-column\">\n<div class=\"wp-block-genesis-blocks-gb-column gb-block-layout-column\"><div class=\"gb-block-layout-column-inner\">\n<h2 class=\"wp-block-heading has-large-font-size\" style=\"margin-top:var(--wp--preset--spacing--40)\">DICTATOR\u2019s l\u00f8sninger for brannd\u00f8rer:<\/h2>\n\n\n\n<p>DICTATOR har i mange \u00e5r spesialisert seg p\u00e5 \u00e5 l\u00f8se denne typen problem i fast eiendom med sikkerhetsl\u00f8sninger for brann. S\u00e5 som I kommersielle eiendommer som kontorer, sykehus, skoler, hoteller, teatre, kj\u00f8pesentre, etc.<\/p>\n<\/div><\/div>\n\n\n\n<div class=\"wp-block-genesis-blocks-gb-column gb-block-layout-column\"><div class=\"gb-block-layout-column-inner\">\n<div class=\"wp-block-uagb-image uagb-block-0c51b0e3 wp-block-uagb-image--layout-default wp-block-uagb-image--effect-static wp-block-uagb-image--align-none\"><figure class=\"wp-block-uagb-image__figure\"><img decoding=\"async\" srcset=\"https:\/\/dictator.se\/wp-content\/uploads\/2024\/04\/Broschyr-Hold-Open-Systems-150x150.jpg ,https:\/\/dictator.se\/wp-content\/uploads\/2024\/04\/Broschyr-Hold-Open-Systems.jpg 780w, https:\/\/dictator.se\/wp-content\/uploads\/2024\/04\/Broschyr-Hold-Open-Systems.jpg 360w\" sizes=\"auto, (max-width: 480px) 150px\" src=\"https:\/\/dictator.se\/wp-content\/uploads\/2024\/04\/Broschyr-Hold-Open-Systems-150x150.jpg\" alt=\"\" class=\"uag-image-3667\" width=\"150\" height=\"150\" title=\"Broschyr-Hold-Open-Systems\" loading=\"lazy\" role=\"img\"\/><\/figure><\/div>\n\n\n\n<p class=\"has-text-align-center has-small-font-size\"><a href=\"https:\/\/en.dictator.de\/wp-content\/uploads\/DICTATOR-Hold-open-systems.pdf\" target=\"_blank\" rel=\"noreferrer noopener\">Les v\u00e5r broschyr Hold-Open Systems<\/a><\/p>\n<\/div><\/div>\n<\/div><\/div>\n\n\n\n<div class=\"wp-block-genesis-blocks-gb-columns gb-layout-columns-1 one-column\"><div class=\"gb-layout-column-wrap gb-block-layout-column-gap-2 gb-is-responsive-column\">\n<div class=\"wp-block-genesis-blocks-gb-column gb-block-layout-column\"><div class=\"gb-block-layout-column-inner has-ci-quaternary-background-color\" style=\"padding-top:50px;padding-right:100px;padding-bottom:50px;padding-left:100px\">\n<div class=\"wp-block-genesis-blocks-gb-columns gb-layout-columns-2 gb-2-col-wideleft\"><div class=\"gb-layout-column-wrap gb-block-layout-column-gap-2 gb-is-responsive-column\">\n<div class=\"wp-block-genesis-blocks-gb-column gb-block-layout-column\"><div class=\"gb-block-layout-column-inner\">\n<h2 class=\"wp-block-heading has-large-font-size\"><strong><strong><strong>Brannd\u00f8r-l\u00f8sninger \u2013 Teknisk support:<\/strong><\/strong><\/strong><\/h2>\n\n\n\n<p class=\"has-medium-font-size\">V\u00e5re eksperter hjelper deg gjerne med \u00e5 utvikle den optimale l\u00f8sningen for dine spesielle behov.<\/p>\n\n\n\n<div class=\"wp-block-uagb-buttons uagb-buttons__outer-wrap uagb-btn__default-btn uagb-btn-tablet__default-btn uagb-btn-mobile__default-btn uagb-block-39eb0c0e\"><div class=\"uagb-buttons__wrap uagb-buttons-layout-wrap \">\n<div class=\"wp-block-uagb-buttons-child uagb-buttons__outer-wrap uagb-block-d206b251 wp-block-button\"><div class=\"uagb-button__wrapper\"><a class=\"uagb-buttons-repeater wp-block-button__link\" aria-label=\"\" href=\"https:\/\/dictator.se\/no\/kontakt-oss\/\" rel=\"follow noopener\" target=\"_self\" role=\"button\"><div class=\"uagb-button__link\">Kontakt oss for gratis r\u00e5d<\/div><span class=\"uagb-button__icon uagb-button__icon-position-after\"><svg xmlns=\"https:\/\/www.w3.org\/2000\/svg\" viewBox=\"0 0 448 512\" aria-hidden=\"true\" focussable=\"false\"><path d=\"M438.6 278.6l-160 160C272.4 444.9 264.2 448 256 448s-16.38-3.125-22.62-9.375c-12.5-12.5-12.5-32.75 0-45.25L338.8 288H32C14.33 288 .0016 273.7 .0016 256S14.33 224 32 224h306.8l-105.4-105.4c-12.5-12.5-12.5-32.75 0-45.25s32.75-12.5 45.25 0l160 160C451.1 245.9 451.1 266.1 438.6 278.6z\"><\/path><\/svg><\/span><\/a><\/div><\/div>\n<\/div><\/div>\n<\/div><\/div>\n\n\n\n<div class=\"wp-block-genesis-blocks-gb-column gb-block-layout-column\"><div class=\"gb-block-layout-column-inner\">\n<div class=\"wp-block-uagb-image aligncenter uagb-block-d296d348 wp-block-uagb-image--layout-default wp-block-uagb-image--effect-static wp-block-uagb-image--align-center\"><figure class=\"wp-block-uagb-image__figure\"><img decoding=\"async\" srcset=\"https:\/\/dictator.se\/wp-content\/uploads\/2023\/12\/icon-service-150x150.png ,https:\/\/dictator.se\/wp-content\/uploads\/2023\/12\/icon-service.png 780w, https:\/\/dictator.se\/wp-content\/uploads\/2023\/12\/icon-service.png 360w\" sizes=\"auto, (max-width: 480px) 150px\" src=\"https:\/\/dictator.se\/wp-content\/uploads\/2023\/12\/icon-service-150x150.png\" alt=\"\" class=\"uag-image-203\" width=\"150\" height=\"150\" title=\"\" loading=\"lazy\" role=\"img\"\/><\/figure><\/div>\n<\/div><\/div>\n<\/div><\/div>\n<\/div><\/div>\n<\/div><\/div>\n<\/div><\/div>\n<\/div><\/div>\n","protected":false},"excerpt":{"rendered":"","protected":false},"author":6,"featured_media":0,"parent":4611,"menu_order":0,"comment_status":"closed","ping_status":"closed","template":"","meta":{"_acf_changed":false,"_uag_custom_page_level_css":"","_genesis_hide_title":true,"_genesis_hide_breadcrumbs":false,"_genesis_hide_singular_image":false,"_genesis_hide_footer_widgets":false,"_genesis_custom_body_class":"","_genesis_custom_post_class":"","_genesis_layout":"","footnotes":""},"class_list":{"0":"post-4613","1":"page","2":"type-page","3":"status-publish","5":"entry"},"acf":[],"yoast_head":"<!-- This site is optimized with the Yoast SEO plugin v27.3 - https:\/\/yoast.com\/product\/yoast-seo-wordpress\/ -->\n<title>Referanser - brannd\u00f8rer - dictator.se<\/title>\n<meta name=\"description\" content=\"Referanser - brannd\u00f8rer inkluderer ofte Hold-open systemer som m\u00e5 fungere helt p\u00e5litelig n\u00e5r brannalarmen slukkes.\" \/>\n<meta name=\"robots\" content=\"index, follow, max-snippet:-1, max-image-preview:large, max-video-preview:-1\" \/>\n<link rel=\"canonical\" href=\"https:\/\/dictator.se\/no\/referanser\/referanser-branndorer\/\" \/>\n<meta property=\"og:locale\" content=\"nb_NO\" \/>\n<meta property=\"og:type\" content=\"article\" \/>\n<meta property=\"og:title\" content=\"Referanser - brannd\u00f8rer - dictator.se\" \/>\n<meta property=\"og:description\" content=\"Referanser - brannd\u00f8rer inkluderer ofte Hold-open systemer som m\u00e5 fungere helt p\u00e5litelig n\u00e5r brannalarmen slukkes.\" \/>\n<meta property=\"og:url\" content=\"https:\/\/dictator.se\/no\/referanser\/referanser-branndorer\/\" \/>\n<meta property=\"og:site_name\" content=\"dictator.se\" \/>\n<meta property=\"article:modified_time\" content=\"2025-09-30T05:44:11+00:00\" \/>\n<meta property=\"og:image\" content=\"https:\/\/dictator.se\/wp-content\/uploads\/2024\/04\/hold-open-system-skolbyggnad.jpg\" \/>\n<meta name=\"twitter:card\" content=\"summary_large_image\" \/>\n<meta name=\"twitter:label1\" content=\"Ansl. lesetid\" \/>\n\t<meta name=\"twitter:data1\" content=\"3 minutter\" \/>\n<script type=\"application\/ld+json\" class=\"yoast-schema-graph\">{\"@context\":\"https:\\\/\\\/schema.org\",\"@graph\":[{\"@type\":\"WebPage\",\"@id\":\"https:\\\/\\\/dictator.se\\\/no\\\/referanser\\\/referanser-branndorer\\\/\",\"url\":\"https:\\\/\\\/dictator.se\\\/no\\\/referanser\\\/referanser-branndorer\\\/\",\"name\":\"Referanser - brannd\u00f8rer - dictator.se\",\"isPartOf\":{\"@id\":\"https:\\\/\\\/dictator.se\\\/#website\"},\"primaryImageOfPage\":{\"@id\":\"https:\\\/\\\/dictator.se\\\/no\\\/referanser\\\/referanser-branndorer\\\/#primaryimage\"},\"image\":{\"@id\":\"https:\\\/\\\/dictator.se\\\/no\\\/referanser\\\/referanser-branndorer\\\/#primaryimage\"},\"thumbnailUrl\":\"https:\\\/\\\/dictator.se\\\/wp-content\\\/uploads\\\/2024\\\/04\\\/hold-open-system-skolbyggnad.jpg\",\"datePublished\":\"2024-01-22T13:07:53+00:00\",\"dateModified\":\"2025-09-30T05:44:11+00:00\",\"description\":\"Referanser - brannd\u00f8rer inkluderer ofte Hold-open systemer som m\u00e5 fungere helt p\u00e5litelig n\u00e5r brannalarmen slukkes.\",\"breadcrumb\":{\"@id\":\"https:\\\/\\\/dictator.se\\\/no\\\/referanser\\\/referanser-branndorer\\\/#breadcrumb\"},\"inLanguage\":\"nb-NO\",\"potentialAction\":[{\"@type\":\"ReadAction\",\"target\":[\"https:\\\/\\\/dictator.se\\\/no\\\/referanser\\\/referanser-branndorer\\\/\"]}]},{\"@type\":\"ImageObject\",\"inLanguage\":\"nb-NO\",\"@id\":\"https:\\\/\\\/dictator.se\\\/no\\\/referanser\\\/referanser-branndorer\\\/#primaryimage\",\"url\":\"https:\\\/\\\/dictator.se\\\/wp-content\\\/uploads\\\/2024\\\/04\\\/hold-open-system-skolbyggnad.jpg\",\"contentUrl\":\"https:\\\/\\\/dictator.se\\\/wp-content\\\/uploads\\\/2024\\\/04\\\/hold-open-system-skolbyggnad.jpg\"},{\"@type\":\"BreadcrumbList\",\"@id\":\"https:\\\/\\\/dictator.se\\\/no\\\/referanser\\\/referanser-branndorer\\\/#breadcrumb\",\"itemListElement\":[{\"@type\":\"ListItem\",\"position\":1,\"name\":\"Home\",\"item\":\"https:\\\/\\\/dictator.se\\\/no\\\/\"},{\"@type\":\"ListItem\",\"position\":2,\"name\":\"Referanser\",\"item\":\"https:\\\/\\\/dictator.se\\\/no\\\/referanser\\\/\"},{\"@type\":\"ListItem\",\"position\":3,\"name\":\"Referanser &#8211; brannd\u00f8rer\"}]},{\"@type\":\"WebSite\",\"@id\":\"https:\\\/\\\/dictator.se\\\/#website\",\"url\":\"https:\\\/\\\/dictator.se\\\/\",\"name\":\"dictator.se\",\"description\":\"\",\"publisher\":{\"@id\":\"https:\\\/\\\/dictator.se\\\/#organization\"},\"potentialAction\":[{\"@type\":\"SearchAction\",\"target\":{\"@type\":\"EntryPoint\",\"urlTemplate\":\"https:\\\/\\\/dictator.se\\\/?s={search_term_string}\"},\"query-input\":{\"@type\":\"PropertyValueSpecification\",\"valueRequired\":true,\"valueName\":\"search_term_string\"}}],\"inLanguage\":\"nb-NO\"},{\"@type\":\"Organization\",\"@id\":\"https:\\\/\\\/dictator.se\\\/#organization\",\"name\":\"dictator.se\",\"url\":\"https:\\\/\\\/dictator.se\\\/\",\"logo\":{\"@type\":\"ImageObject\",\"inLanguage\":\"nb-NO\",\"@id\":\"https:\\\/\\\/dictator.se\\\/#\\\/schema\\\/logo\\\/image\\\/\",\"url\":\"https:\\\/\\\/dictator.se\\\/wp-content\\\/uploads\\\/2023\\\/12\\\/DICTATOR_Logo1.svg\",\"contentUrl\":\"https:\\\/\\\/dictator.se\\\/wp-content\\\/uploads\\\/2023\\\/12\\\/DICTATOR_Logo1.svg\",\"width\":377,\"height\":58,\"caption\":\"dictator.se\"},\"image\":{\"@id\":\"https:\\\/\\\/dictator.se\\\/#\\\/schema\\\/logo\\\/image\\\/\"}}]}<\/script>\n<!-- \/ Yoast SEO plugin. -->","yoast_head_json":{"title":"Referanser - brannd\u00f8rer - dictator.se","description":"Referanser - brannd\u00f8rer inkluderer ofte Hold-open systemer som m\u00e5 fungere helt p\u00e5litelig n\u00e5r brannalarmen slukkes.","robots":{"index":"index","follow":"follow","max-snippet":"max-snippet:-1","max-image-preview":"max-image-preview:large","max-video-preview":"max-video-preview:-1"},"canonical":"https:\/\/dictator.se\/no\/referanser\/referanser-branndorer\/","og_locale":"nb_NO","og_type":"article","og_title":"Referanser - brannd\u00f8rer - dictator.se","og_description":"Referanser - brannd\u00f8rer inkluderer ofte Hold-open systemer som m\u00e5 fungere helt p\u00e5litelig n\u00e5r brannalarmen slukkes.","og_url":"https:\/\/dictator.se\/no\/referanser\/referanser-branndorer\/","og_site_name":"dictator.se","article_modified_time":"2025-09-30T05:44:11+00:00","og_image":[{"url":"https:\/\/dictator.se\/wp-content\/uploads\/2024\/04\/hold-open-system-skolbyggnad.jpg","type":"","width":"","height":""}],"twitter_card":"summary_large_image","twitter_misc":{"Ansl. lesetid":"3 minutter"},"schema":{"@context":"https:\/\/schema.org","@graph":[{"@type":"WebPage","@id":"https:\/\/dictator.se\/no\/referanser\/referanser-branndorer\/","url":"https:\/\/dictator.se\/no\/referanser\/referanser-branndorer\/","name":"Referanser - brannd\u00f8rer - dictator.se","isPartOf":{"@id":"https:\/\/dictator.se\/#website"},"primaryImageOfPage":{"@id":"https:\/\/dictator.se\/no\/referanser\/referanser-branndorer\/#primaryimage"},"image":{"@id":"https:\/\/dictator.se\/no\/referanser\/referanser-branndorer\/#primaryimage"},"thumbnailUrl":"https:\/\/dictator.se\/wp-content\/uploads\/2024\/04\/hold-open-system-skolbyggnad.jpg","datePublished":"2024-01-22T13:07:53+00:00","dateModified":"2025-09-30T05:44:11+00:00","description":"Referanser - brannd\u00f8rer inkluderer ofte Hold-open systemer som m\u00e5 fungere helt p\u00e5litelig n\u00e5r brannalarmen slukkes.","breadcrumb":{"@id":"https:\/\/dictator.se\/no\/referanser\/referanser-branndorer\/#breadcrumb"},"inLanguage":"nb-NO","potentialAction":[{"@type":"ReadAction","target":["https:\/\/dictator.se\/no\/referanser\/referanser-branndorer\/"]}]},{"@type":"ImageObject","inLanguage":"nb-NO","@id":"https:\/\/dictator.se\/no\/referanser\/referanser-branndorer\/#primaryimage","url":"https:\/\/dictator.se\/wp-content\/uploads\/2024\/04\/hold-open-system-skolbyggnad.jpg","contentUrl":"https:\/\/dictator.se\/wp-content\/uploads\/2024\/04\/hold-open-system-skolbyggnad.jpg"},{"@type":"BreadcrumbList","@id":"https:\/\/dictator.se\/no\/referanser\/referanser-branndorer\/#breadcrumb","itemListElement":[{"@type":"ListItem","position":1,"name":"Home","item":"https:\/\/dictator.se\/no\/"},{"@type":"ListItem","position":2,"name":"Referanser","item":"https:\/\/dictator.se\/no\/referanser\/"},{"@type":"ListItem","position":3,"name":"Referanser &#8211; brannd\u00f8rer"}]},{"@type":"WebSite","@id":"https:\/\/dictator.se\/#website","url":"https:\/\/dictator.se\/","name":"dictator.se","description":"","publisher":{"@id":"https:\/\/dictator.se\/#organization"},"potentialAction":[{"@type":"SearchAction","target":{"@type":"EntryPoint","urlTemplate":"https:\/\/dictator.se\/?s={search_term_string}"},"query-input":{"@type":"PropertyValueSpecification","valueRequired":true,"valueName":"search_term_string"}}],"inLanguage":"nb-NO"},{"@type":"Organization","@id":"https:\/\/dictator.se\/#organization","name":"dictator.se","url":"https:\/\/dictator.se\/","logo":{"@type":"ImageObject","inLanguage":"nb-NO","@id":"https:\/\/dictator.se\/#\/schema\/logo\/image\/","url":"https:\/\/dictator.se\/wp-content\/uploads\/2023\/12\/DICTATOR_Logo1.svg","contentUrl":"https:\/\/dictator.se\/wp-content\/uploads\/2023\/12\/DICTATOR_Logo1.svg","width":377,"height":58,"caption":"dictator.se"},"image":{"@id":"https:\/\/dictator.se\/#\/schema\/logo\/image\/"}}]}},"featured_image_src":null,"featured_image_src_square":null,"uagb_featured_image_src":{"full":false,"thumbnail":false,"medium":false,"medium_large":false,"large":false,"1536x1536":false,"2048x2048":false,"sidebar-featured":false,"genesis-singular-images":false,"gb-block-post-grid-landscape":false,"gb-block-post-grid-square":false},"uagb_author_info":{"display_name":"Sanna","author_link":"https:\/\/dictator.se\/no\/author\/sanna\/"},"uagb_comment_info":0,"uagb_excerpt":null,"_links":{"self":[{"href":"https:\/\/dictator.se\/no\/wp-json\/wp\/v2\/pages\/4613","targetHints":{"allow":["GET"]}}],"collection":[{"href":"https:\/\/dictator.se\/no\/wp-json\/wp\/v2\/pages"}],"about":[{"href":"https:\/\/dictator.se\/no\/wp-json\/wp\/v2\/types\/page"}],"author":[{"embeddable":true,"href":"https:\/\/dictator.se\/no\/wp-json\/wp\/v2\/users\/6"}],"replies":[{"embeddable":true,"href":"https:\/\/dictator.se\/no\/wp-json\/wp\/v2\/comments?post=4613"}],"version-history":[{"count":12,"href":"https:\/\/dictator.se\/no\/wp-json\/wp\/v2\/pages\/4613\/revisions"}],"predecessor-version":[{"id":7262,"href":"https:\/\/dictator.se\/no\/wp-json\/wp\/v2\/pages\/4613\/revisions\/7262"}],"up":[{"embeddable":true,"href":"https:\/\/dictator.se\/no\/wp-json\/wp\/v2\/pages\/4611"}],"wp:attachment":[{"href":"https:\/\/dictator.se\/no\/wp-json\/wp\/v2\/media?parent=4613"}],"curies":[{"name":"wp","href":"https:\/\/api.w.org\/{rel}","templated":true}]}}