{"id":4615,"date":"2024-04-12T12:07:19","date_gmt":"2024-04-12T10:07:19","guid":{"rendered":"https:\/\/dictator.se\/?page_id=4615"},"modified":"2025-09-30T08:47:29","modified_gmt":"2025-09-30T06:47:29","slug":"referanser-dorbrems","status":"publish","type":"page","link":"https:\/\/dictator.se\/no\/referanser\/referanser-dorbrems\/","title":{"rendered":"Referanser &#8211; d\u00f8rbrems"},"content":{"rendered":"\n<div class=\"wp-block-genesis-blocks-gb-columns gb-layout-columns-1 one-column\"><div class=\"gb-layout-column-wrap gb-block-layout-column-gap-2 gb-is-responsive-column\">\n<div class=\"wp-block-genesis-blocks-gb-column gb-block-layout-column\"><div class=\"gb-block-layout-column-inner\"><div class=\"yoast-breadcrumbs\"><span><span><a href=\"https:\/\/dictator.se\/no\/\">Home<\/a><\/span> \u00bb <span><a href=\"https:\/\/dictator.se\/no\/referanser\/\">Referanser<\/a><\/span> \u00bb <span class=\"breadcrumb_last\" aria-current=\"page\">Referanser &#8211; d\u00f8rbrems<\/span><\/span><\/div>\n\n\n<h1 class=\"wp-block-heading\" style=\"padding-top:var(--wp--preset--spacing--40);font-size:40px;text-transform:uppercase\">Referanser \u2013 d\u00f8rbrems<\/h1>\n\n\n\n<p><strong>PROBLEMET<\/strong>: Bygningen er et hovedstykke i design og er et s\u00e5kalt passivt hus som bruker energien inne i bygningen til oppvarming og ventilasjon. Huset har et omr\u00e5de p\u00e5 ca. 15 000 m\u00b2 og er bygget utelukkende av tre. En bygning som dette har mange spesielle behov, inkludert \u00e5 \u00e5pne og lukke mange store d\u00f8rer. Under byggefasen ble det kjent at det kunne v\u00e6re problemer med store d\u00f8rer plutselig bl\u00e5ser opp. Dette kan skade ikke bare d\u00f8ren, men ogs\u00e5 beslag og fasade og enda verre, folk.<\/p>\n\n\n\n<p><strong>L\u00d6SNINGEN<\/strong>: L\u00f8sningen var \u00e5 finne et produkt sterkt nok til \u00e5 dempe d\u00f8rer opp til 200 kg og \u00e5 sette dem i \u00e5pen stilling. Det eneste p\u00e5litelige produktet p\u00e5 markedet var&nbsp;<a href=\"https:\/\/dictator.se\/no\/produkter\/dorbrems\/\">DICTATOR\u2019s d\u00f8r brems<\/a>. Et sv\u00e6rt robust produkt som er enkelt \u00e5 installere, og som hydraulisk bremser ned d\u00f8rens \u00e5pnings-hastighet.<\/p>\n\n\n\n<div class=\"wp-block-uagb-container uagb-layout-grid uagb-block-c42f61f0 alignfull uagb-is-root-container\"><div class=\"uagb-container-inner-blocks-wrap\">\n<div class=\"wp-block-uagb-container uagb-block-1256ad26 default uagb-is-root-container\">\n<div class=\"wp-block-uagb-image aligncenter uagb-block-dedce421 wp-block-uagb-image--layout-default wp-block-uagb-image--effect-static wp-block-uagb-image--align-center\"><figure class=\"wp-block-uagb-image__figure\"><a class=\"\" href=\"https:\/\/dictator.se\/no\/dorrproblemen-pa-knivsta-centrum\/\" target=\"\" rel=\"noopener\"><img decoding=\"async\" srcset=\"https:\/\/dictator.se\/wp-content\/uploads\/2024\/04\/Knivsta-CIK-byggnad-preview.jpg ,https:\/\/dictator.se\/wp-content\/uploads\/2024\/04\/Knivsta-CIK-byggnad-preview.jpg 780w, https:\/\/dictator.se\/wp-content\/uploads\/2024\/04\/Knivsta-CIK-byggnad-preview.jpg 360w\" sizes=\"auto, (max-width: 480px) 150px\" src=\"https:\/\/dictator.se\/wp-content\/uploads\/2024\/04\/Knivsta-CIK-byggnad-preview.jpg\" alt=\"\" class=\"uag-image-3843\" width=\"300\" height=\"200\" title=\"Knivsta-CIK-byggnad-preview\" loading=\"lazy\" role=\"img\"\/><\/a><\/figure><\/div>\n\n\n\n<div class=\"wp-block-uagb-advanced-heading uagb-block-98e9b893\"><h4 class=\"uagb-heading-text\"><mark style=\"background-color:rgba(0, 0, 0, 0)\" class=\"has-inline-color has-ci-tertiary-color\"><strong>Knivsta Centrum for Idrott och Kultur, CIK<\/strong><\/mark><\/h4><\/div>\n\n\n\n<div class=\"wp-block-uagb-buttons uagb-buttons__outer-wrap uagb-btn__small-btn uagb-btn-tablet__default-btn uagb-btn-mobile__default-btn uagb-block-65eea45f\"><div class=\"uagb-buttons__wrap uagb-buttons-layout-wrap \">\n<div class=\"wp-block-uagb-buttons-child uagb-buttons__outer-wrap uagb-block-ce7eb2a4 wp-block-button\"><div class=\"uagb-button__wrapper\"><a class=\"uagb-buttons-repeater wp-block-button__link\" aria-label=\"\" href=\"https:\/\/dictator.se\/no\/dorrproblemen-pa-knivsta-centrum\/\" rel=\"follow noopener\" target=\"_self\" role=\"button\"><div class=\"uagb-button__link\">les mer her<\/div><span class=\"uagb-button__icon uagb-button__icon-position-after\"><svg xmlns=\"https:\/\/www.w3.org\/2000\/svg\" viewBox=\"0 0 448 512\" aria-hidden=\"true\" focussable=\"false\"><path d=\"M438.6 278.6l-160 160C272.4 444.9 264.2 448 256 448s-16.38-3.125-22.62-9.375c-12.5-12.5-12.5-32.75 0-45.25L338.8 288H32C14.33 288 .0016 273.7 .0016 256S14.33 224 32 224h306.8l-105.4-105.4c-12.5-12.5-12.5-32.75 0-45.25s32.75-12.5 45.25 0l160 160C451.1 245.9 451.1 266.1 438.6 278.6z\"><\/path><\/svg><\/span><\/a><\/div><\/div>\n<\/div><\/div>\n<\/div>\n\n\n\n<div class=\"wp-block-uagb-container uagb-block-9d1ab301 default uagb-is-root-container\">\n<div class=\"wp-block-uagb-image aligncenter uagb-block-f501cb8c wp-block-uagb-image--layout-default wp-block-uagb-image--effect-static wp-block-uagb-image--align-center\"><figure class=\"wp-block-uagb-image__figure\"><a class=\"\" href=\"https:\/\/dictator.se\/no\/dorrbroms-forhindrar-skada\/\" target=\"\" rel=\"noopener\"><img decoding=\"async\" srcset=\"https:\/\/dictator.se\/wp-content\/uploads\/2024\/04\/Blasig-gang-mellan-byggnader-preview.jpg ,https:\/\/dictator.se\/wp-content\/uploads\/2024\/04\/Blasig-gang-mellan-byggnader-preview.jpg 780w, https:\/\/dictator.se\/wp-content\/uploads\/2024\/04\/Blasig-gang-mellan-byggnader-preview.jpg 360w\" sizes=\"auto, (max-width: 480px) 150px\" src=\"https:\/\/dictator.se\/wp-content\/uploads\/2024\/04\/Blasig-gang-mellan-byggnader-preview.jpg\" alt=\"\" class=\"uag-image-3856\" width=\"300\" height=\"200\" title=\"Blasig-gang-mellan-byggnader-preview\" loading=\"lazy\" role=\"img\"\/><\/a><\/figure><\/div>\n\n\n\n<div class=\"wp-block-uagb-advanced-heading uagb-block-28a7878a\"><h4 class=\"uagb-heading-text\"><strong>D\u00f8rbrems montert<\/strong><\/h4><\/div>\n\n\n\n<div class=\"wp-block-uagb-buttons uagb-buttons__outer-wrap uagb-btn__small-btn uagb-btn-tablet__default-btn uagb-btn-mobile__default-btn uagb-block-98be895a\"><div class=\"uagb-buttons__wrap uagb-buttons-layout-wrap \">\n<div class=\"wp-block-uagb-buttons-child uagb-buttons__outer-wrap uagb-block-3469ec2e wp-block-button\"><div class=\"uagb-button__wrapper\"><a class=\"uagb-buttons-repeater wp-block-button__link\" aria-label=\"\" href=\"https:\/\/dictator.se\/no\/dorrbroms-forhindrar-skada\/\" rel=\"follow noopener\" target=\"_self\" role=\"button\"><div class=\"uagb-button__link\">les mer her<\/div><span class=\"uagb-button__icon uagb-button__icon-position-after\"><svg xmlns=\"https:\/\/www.w3.org\/2000\/svg\" viewBox=\"0 0 448 512\" aria-hidden=\"true\" focussable=\"false\"><path d=\"M438.6 278.6l-160 160C272.4 444.9 264.2 448 256 448s-16.38-3.125-22.62-9.375c-12.5-12.5-12.5-32.75 0-45.25L338.8 288H32C14.33 288 .0016 273.7 .0016 256S14.33 224 32 224h306.8l-105.4-105.4c-12.5-12.5-12.5-32.75 0-45.25s32.75-12.5 45.25 0l160 160C451.1 245.9 451.1 266.1 438.6 278.6z\"><\/path><\/svg><\/span><\/a><\/div><\/div>\n<\/div><\/div>\n<\/div>\n\n\n\n<div class=\"wp-block-uagb-container uagb-block-c70fece3 default uagb-is-root-container\">\n<div class=\"wp-block-uagb-image aligncenter uagb-block-4c35a487 wp-block-uagb-image--layout-default wp-block-uagb-image--effect-static wp-block-uagb-image--align-center\"><figure class=\"wp-block-uagb-image__figure\"><a class=\"\" href=\"https:\/\/dictator.se\/no\/dorrbroms-skyddar-glasdorren\/\" target=\"\" rel=\"noopener\"><img decoding=\"async\" srcset=\"https:\/\/dictator.se\/wp-content\/uploads\/2024\/04\/Kranhaus-Norr-Glasdorr-1.jpg ,https:\/\/dictator.se\/wp-content\/uploads\/2024\/04\/Kranhaus-Norr-Glasdorr-1.jpg 780w, https:\/\/dictator.se\/wp-content\/uploads\/2024\/04\/Kranhaus-Norr-Glasdorr-1.jpg 360w\" sizes=\"auto, (max-width: 480px) 150px\" src=\"https:\/\/dictator.se\/wp-content\/uploads\/2024\/04\/Kranhaus-Norr-Glasdorr-1.jpg\" alt=\"\" class=\"uag-image-3859\" width=\"300\" height=\"200\" title=\"Kranhaus-Norr-Glasdorr-1\" loading=\"lazy\" role=\"img\"\/><\/a><\/figure><\/div>\n\n\n\n<div class=\"wp-block-uagb-advanced-heading uagb-block-22620b34\"><h4 class=\"uagb-heading-text\"><strong><strong><strong>D\u00f8rbrems montert p\u00e5 en Al-d\u00f8r<\/strong><\/strong><\/strong><\/h4><\/div>\n\n\n\n<p class=\"has-small-font-size\"><a href=\"https:\/\/dictator.se\/no\/anvandning-av-dictators-dorrhallare\/\"><\/a><\/p>\n\n\n\n<div class=\"wp-block-uagb-buttons uagb-buttons__outer-wrap uagb-btn__small-btn uagb-btn-tablet__default-btn uagb-btn-mobile__default-btn uagb-block-48869bc9\"><div class=\"uagb-buttons__wrap uagb-buttons-layout-wrap \">\n<div class=\"wp-block-uagb-buttons-child uagb-buttons__outer-wrap uagb-block-0da19104 wp-block-button\"><div class=\"uagb-button__wrapper\"><a class=\"uagb-buttons-repeater wp-block-button__link\" aria-label=\"\" href=\"https:\/\/dictator.se\/no\/dorrbroms-skyddar-glasdorren\/\" rel=\"follow noopener\" target=\"_self\" role=\"button\"><div class=\"uagb-button__link\">les mer her<\/div><span class=\"uagb-button__icon uagb-button__icon-position-after\"><svg xmlns=\"https:\/\/www.w3.org\/2000\/svg\" viewBox=\"0 0 448 512\" aria-hidden=\"true\" focussable=\"false\"><path d=\"M438.6 278.6l-160 160C272.4 444.9 264.2 448 256 448s-16.38-3.125-22.62-9.375c-12.5-12.5-12.5-32.75 0-45.25L338.8 288H32C14.33 288 .0016 273.7 .0016 256S14.33 224 32 224h306.8l-105.4-105.4c-12.5-12.5-12.5-32.75 0-45.25s32.75-12.5 45.25 0l160 160C451.1 245.9 451.1 266.1 438.6 278.6z\"><\/path><\/svg><\/span><\/a><\/div><\/div>\n<\/div><\/div>\n<\/div>\n<\/div><\/div>\n\n\n\n<h2 class=\"wp-block-heading has-large-font-size\" style=\"padding-top:var(--wp--preset--spacing--40)\">Referanser \u2013 d\u00f8rbrems Anv\u00e4ndningsomr\u00e5den f\u00f6r en hydraulisk D\u00f6rrbroms<\/h2>\n\n\n\n<p class=\"has-small-font-size\">Bruksomr\u00e5der for en hydraulisk d\u00f8rbrems<br><br><strong>Inngangsd\u00f8rer:<\/strong>&nbsp;Vind eller trekk kan f\u00f8re til at man mister grepet og d\u00f8ren smeller inn i fasaden, veggen eller i verste fall noen som g\u00e5r forbi. D\u00f8rbremsen hjelper til med \u00e5 forhindre skade som \u00f8delagte hengsler eller \u00f8delagte d\u00f8rlukkere, sammen med mulig personskade.<br><br><strong>Industribygg:<\/strong>&nbsp;Det oppst\u00e5r ogs\u00e5 ofte problemer med ytterd\u00f8rer i industribygg. Hvis disse \u00e5pner seg p\u00e5 grunn av vinden, kan det utgj\u00f8re en sikkerhetsrisiko. D\u00f8rbremsen s\u00f8rger for sikkerhet ved \u00e5 bremse porten s\u00e5 snart porthastigheten blir for h\u00f8y.<br><br><strong>Offentlige bygg:<\/strong>&nbsp;H\u00f8yfrekvente d\u00f8rer i offentlige bygg: r\u00e5dhus, messer, offentlige toaletter osv. kan ofte \u00e5pnes for mye p\u00e5 grunn av uforsiktig h\u00e5ndtering. D\u00f8rbremsen er det perfekte alternativet til d\u00f8rstoppere her, da de ikke utgj\u00f8r snublefare. De beskytter ogs\u00e5 d\u00f8ren og dens beslag.<br><br><strong>Skoler og barnehager:<\/strong>&nbsp;D\u00f8rer i skoler og barnehager er ofte utsatt for rush av barn som \u00f8nsker \u00e5 forlate bygningen s\u00e5 raskt som mulig. D\u00f8rbremsen hindrer en ukontrollert \u00e5pning som for\u00e5rsaker skade p\u00e5 d\u00f8ren, sammen med mulige skader p\u00e5 elever og l\u00e6rere.<br><br><strong>Butikker:<\/strong>&nbsp;Butikker har ofte store glassd\u00f8rer. Disse tunge d\u00f8rene kan fort bli en fare for forbipasserende dersom farten blir for h\u00f8y p\u00e5 grunn av vind, trekk eller om de \u00e5pnes uforsiktig.<br><br><strong>Vinduer:<\/strong>&nbsp;Spesielt i bygninger der vinduer brukes ofte, kan vind, trekk og uforsiktighet f\u00f8re til skader, som ofte resulterer i h\u00f8ye reparasjonskostnader. En D\u00f8rbrems er ofte den perfekte l\u00f8sningen i dette tilfellet, og kan ogs\u00e5 enkelt monteres p\u00e5 de fleste typer vinduer.<\/p>\n\n\n\n<div class=\"wp-block-genesis-blocks-gb-columns gb-layout-columns-1 one-column\" style=\"margin-top:2%\"><div class=\"gb-layout-column-wrap gb-block-layout-column-gap-2 gb-is-responsive-column\">\n<div class=\"wp-block-genesis-blocks-gb-column gb-block-layout-column\"><div class=\"gb-block-layout-column-inner has-ci-quaternary-background-color\" style=\"padding-top:50px;padding-right:100px;padding-bottom:50px;padding-left:100px\">\n<div class=\"wp-block-genesis-blocks-gb-columns gb-layout-columns-2 gb-2-col-wideleft\"><div class=\"gb-layout-column-wrap gb-block-layout-column-gap-2 gb-is-responsive-column\">\n<div class=\"wp-block-genesis-blocks-gb-column gb-block-layout-column\"><div class=\"gb-block-layout-column-inner\">\n<h2 class=\"wp-block-heading has-large-font-size\"><strong>GRATIS SERVICE OG R\u00c5D<\/strong><\/h2>\n\n\n\n<p class=\"has-medium-font-size\">Vilken modell &amp; vilken monteringsposition passar din d\u00f6rr? Vi hj\u00e4lper dig g\u00e4rna att hitta r\u00e4tt! <\/p>\n\n\n\n<div class=\"wp-block-uagb-buttons uagb-buttons__outer-wrap uagb-btn__default-btn uagb-btn-tablet__default-btn uagb-btn-mobile__default-btn uagb-block-39eb0c0e\"><div class=\"uagb-buttons__wrap uagb-buttons-layout-wrap \">\n<div class=\"wp-block-uagb-buttons-child uagb-buttons__outer-wrap uagb-block-d206b251 wp-block-button\"><div class=\"uagb-button__wrapper\"><a class=\"uagb-buttons-repeater wp-block-button__link\" aria-label=\"\" href=\"https:\/\/dictator.se\/no\/kontakt-oss\/\" rel=\"follow noopener\" target=\"_self\" role=\"button\"><div class=\"uagb-button__link\">Kontakt oss her<\/div><span class=\"uagb-button__icon uagb-button__icon-position-after\"><svg xmlns=\"https:\/\/www.w3.org\/2000\/svg\" viewBox=\"0 0 448 512\" aria-hidden=\"true\" focussable=\"false\"><path d=\"M438.6 278.6l-160 160C272.4 444.9 264.2 448 256 448s-16.38-3.125-22.62-9.375c-12.5-12.5-12.5-32.75 0-45.25L338.8 288H32C14.33 288 .0016 273.7 .0016 256S14.33 224 32 224h306.8l-105.4-105.4c-12.5-12.5-12.5-32.75 0-45.25s32.75-12.5 45.25 0l160 160C451.1 245.9 451.1 266.1 438.6 278.6z\"><\/path><\/svg><\/span><\/a><\/div><\/div>\n<\/div><\/div>\n<\/div><\/div>\n\n\n\n<div class=\"wp-block-genesis-blocks-gb-column gb-block-layout-column\"><div class=\"gb-block-layout-column-inner\">\n<div class=\"wp-block-uagb-image aligncenter uagb-block-d296d348 wp-block-uagb-image--layout-default wp-block-uagb-image--effect-static wp-block-uagb-image--align-center\"><figure class=\"wp-block-uagb-image__figure\"><img decoding=\"async\" srcset=\"https:\/\/dictator.se\/wp-content\/uploads\/2023\/12\/icon-service-150x150.png ,https:\/\/dictator.se\/wp-content\/uploads\/2023\/12\/icon-service.png 780w, https:\/\/dictator.se\/wp-content\/uploads\/2023\/12\/icon-service.png 360w\" sizes=\"auto, (max-width: 480px) 150px\" src=\"https:\/\/dictator.se\/wp-content\/uploads\/2023\/12\/icon-service-150x150.png\" alt=\"\" class=\"uag-image-203\" width=\"150\" height=\"150\" title=\"\" loading=\"lazy\" role=\"img\"\/><\/figure><\/div>\n<\/div><\/div>\n<\/div><\/div>\n<\/div><\/div>\n<\/div><\/div>\n<\/div><\/div>\n<\/div><\/div>\n","protected":false},"excerpt":{"rendered":"","protected":false},"author":6,"featured_media":0,"parent":4611,"menu_order":0,"comment_status":"closed","ping_status":"closed","template":"","meta":{"_acf_changed":false,"_uag_custom_page_level_css":"","_genesis_hide_title":true,"_genesis_hide_breadcrumbs":false,"_genesis_hide_singular_image":false,"_genesis_hide_footer_widgets":false,"_genesis_custom_body_class":"","_genesis_custom_post_class":"","_genesis_layout":"","footnotes":""},"class_list":{"0":"post-4615","1":"page","2":"type-page","3":"status-publish","5":"entry"},"acf":[],"yoast_head":"<!-- This site is optimized with the Yoast SEO plugin v27.3 - https:\/\/yoast.com\/product\/yoast-seo-wordpress\/ -->\n<title>Referanser - d\u00f8rbrems - dictator.se<\/title>\n<meta name=\"description\" content=\"Referanser - d\u00f8rbrems D\u00f8r-problemene p\u00e5 Knivsta Centrum for Sport &amp; Culture, CIK er n\u00e5 l\u00f8st! takket vare Dictator\" \/>\n<meta name=\"robots\" content=\"index, follow, max-snippet:-1, max-image-preview:large, max-video-preview:-1\" \/>\n<link rel=\"canonical\" href=\"https:\/\/dictator.se\/no\/referanser\/referanser-dorbrems\/\" \/>\n<meta property=\"og:locale\" content=\"nb_NO\" \/>\n<meta property=\"og:type\" content=\"article\" \/>\n<meta property=\"og:title\" content=\"Referanser - d\u00f8rbrems - dictator.se\" \/>\n<meta property=\"og:description\" content=\"Referanser - d\u00f8rbrems D\u00f8r-problemene p\u00e5 Knivsta Centrum for Sport &amp; Culture, CIK er n\u00e5 l\u00f8st! takket vare Dictator\" \/>\n<meta property=\"og:url\" content=\"https:\/\/dictator.se\/no\/referanser\/referanser-dorbrems\/\" \/>\n<meta property=\"og:site_name\" content=\"dictator.se\" \/>\n<meta property=\"article:modified_time\" content=\"2025-09-30T06:47:29+00:00\" \/>\n<meta property=\"og:image\" content=\"https:\/\/dictator.se\/wp-content\/uploads\/2024\/04\/Knivsta-CIK-byggnad-preview.jpg\" \/>\n<meta name=\"twitter:card\" content=\"summary_large_image\" \/>\n<meta name=\"twitter:label1\" content=\"Ansl. lesetid\" \/>\n\t<meta name=\"twitter:data1\" content=\"3 minutter\" \/>\n<script type=\"application\/ld+json\" class=\"yoast-schema-graph\">{\"@context\":\"https:\\\/\\\/schema.org\",\"@graph\":[{\"@type\":\"WebPage\",\"@id\":\"https:\\\/\\\/dictator.se\\\/no\\\/referanser\\\/referanser-dorbrems\\\/\",\"url\":\"https:\\\/\\\/dictator.se\\\/no\\\/referanser\\\/referanser-dorbrems\\\/\",\"name\":\"Referanser - d\u00f8rbrems - dictator.se\",\"isPartOf\":{\"@id\":\"https:\\\/\\\/dictator.se\\\/#website\"},\"primaryImageOfPage\":{\"@id\":\"https:\\\/\\\/dictator.se\\\/no\\\/referanser\\\/referanser-dorbrems\\\/#primaryimage\"},\"image\":{\"@id\":\"https:\\\/\\\/dictator.se\\\/no\\\/referanser\\\/referanser-dorbrems\\\/#primaryimage\"},\"thumbnailUrl\":\"https:\\\/\\\/dictator.se\\\/wp-content\\\/uploads\\\/2024\\\/04\\\/Knivsta-CIK-byggnad-preview.jpg\",\"datePublished\":\"2024-04-12T10:07:19+00:00\",\"dateModified\":\"2025-09-30T06:47:29+00:00\",\"description\":\"Referanser - d\u00f8rbrems D\u00f8r-problemene p\u00e5 Knivsta Centrum for Sport & Culture, CIK er n\u00e5 l\u00f8st! takket vare Dictator\",\"breadcrumb\":{\"@id\":\"https:\\\/\\\/dictator.se\\\/no\\\/referanser\\\/referanser-dorbrems\\\/#breadcrumb\"},\"inLanguage\":\"nb-NO\",\"potentialAction\":[{\"@type\":\"ReadAction\",\"target\":[\"https:\\\/\\\/dictator.se\\\/no\\\/referanser\\\/referanser-dorbrems\\\/\"]}]},{\"@type\":\"ImageObject\",\"inLanguage\":\"nb-NO\",\"@id\":\"https:\\\/\\\/dictator.se\\\/no\\\/referanser\\\/referanser-dorbrems\\\/#primaryimage\",\"url\":\"https:\\\/\\\/dictator.se\\\/wp-content\\\/uploads\\\/2024\\\/04\\\/Knivsta-CIK-byggnad-preview.jpg\",\"contentUrl\":\"https:\\\/\\\/dictator.se\\\/wp-content\\\/uploads\\\/2024\\\/04\\\/Knivsta-CIK-byggnad-preview.jpg\"},{\"@type\":\"BreadcrumbList\",\"@id\":\"https:\\\/\\\/dictator.se\\\/no\\\/referanser\\\/referanser-dorbrems\\\/#breadcrumb\",\"itemListElement\":[{\"@type\":\"ListItem\",\"position\":1,\"name\":\"Home\",\"item\":\"https:\\\/\\\/dictator.se\\\/no\\\/\"},{\"@type\":\"ListItem\",\"position\":2,\"name\":\"Referanser\",\"item\":\"https:\\\/\\\/dictator.se\\\/no\\\/referanser\\\/\"},{\"@type\":\"ListItem\",\"position\":3,\"name\":\"Referanser &#8211; d\u00f8rbrems\"}]},{\"@type\":\"WebSite\",\"@id\":\"https:\\\/\\\/dictator.se\\\/#website\",\"url\":\"https:\\\/\\\/dictator.se\\\/\",\"name\":\"dictator.se\",\"description\":\"\",\"publisher\":{\"@id\":\"https:\\\/\\\/dictator.se\\\/#organization\"},\"potentialAction\":[{\"@type\":\"SearchAction\",\"target\":{\"@type\":\"EntryPoint\",\"urlTemplate\":\"https:\\\/\\\/dictator.se\\\/?s={search_term_string}\"},\"query-input\":{\"@type\":\"PropertyValueSpecification\",\"valueRequired\":true,\"valueName\":\"search_term_string\"}}],\"inLanguage\":\"nb-NO\"},{\"@type\":\"Organization\",\"@id\":\"https:\\\/\\\/dictator.se\\\/#organization\",\"name\":\"dictator.se\",\"url\":\"https:\\\/\\\/dictator.se\\\/\",\"logo\":{\"@type\":\"ImageObject\",\"inLanguage\":\"nb-NO\",\"@id\":\"https:\\\/\\\/dictator.se\\\/#\\\/schema\\\/logo\\\/image\\\/\",\"url\":\"https:\\\/\\\/dictator.se\\\/wp-content\\\/uploads\\\/2023\\\/12\\\/DICTATOR_Logo1.svg\",\"contentUrl\":\"https:\\\/\\\/dictator.se\\\/wp-content\\\/uploads\\\/2023\\\/12\\\/DICTATOR_Logo1.svg\",\"width\":377,\"height\":58,\"caption\":\"dictator.se\"},\"image\":{\"@id\":\"https:\\\/\\\/dictator.se\\\/#\\\/schema\\\/logo\\\/image\\\/\"}}]}<\/script>\n<!-- \/ Yoast SEO plugin. -->","yoast_head_json":{"title":"Referanser - d\u00f8rbrems - dictator.se","description":"Referanser - d\u00f8rbrems D\u00f8r-problemene p\u00e5 Knivsta Centrum for Sport & Culture, CIK er n\u00e5 l\u00f8st! takket vare Dictator","robots":{"index":"index","follow":"follow","max-snippet":"max-snippet:-1","max-image-preview":"max-image-preview:large","max-video-preview":"max-video-preview:-1"},"canonical":"https:\/\/dictator.se\/no\/referanser\/referanser-dorbrems\/","og_locale":"nb_NO","og_type":"article","og_title":"Referanser - d\u00f8rbrems - dictator.se","og_description":"Referanser - d\u00f8rbrems D\u00f8r-problemene p\u00e5 Knivsta Centrum for Sport & Culture, CIK er n\u00e5 l\u00f8st! takket vare Dictator","og_url":"https:\/\/dictator.se\/no\/referanser\/referanser-dorbrems\/","og_site_name":"dictator.se","article_modified_time":"2025-09-30T06:47:29+00:00","og_image":[{"url":"https:\/\/dictator.se\/wp-content\/uploads\/2024\/04\/Knivsta-CIK-byggnad-preview.jpg","type":"","width":"","height":""}],"twitter_card":"summary_large_image","twitter_misc":{"Ansl. lesetid":"3 minutter"},"schema":{"@context":"https:\/\/schema.org","@graph":[{"@type":"WebPage","@id":"https:\/\/dictator.se\/no\/referanser\/referanser-dorbrems\/","url":"https:\/\/dictator.se\/no\/referanser\/referanser-dorbrems\/","name":"Referanser - d\u00f8rbrems - dictator.se","isPartOf":{"@id":"https:\/\/dictator.se\/#website"},"primaryImageOfPage":{"@id":"https:\/\/dictator.se\/no\/referanser\/referanser-dorbrems\/#primaryimage"},"image":{"@id":"https:\/\/dictator.se\/no\/referanser\/referanser-dorbrems\/#primaryimage"},"thumbnailUrl":"https:\/\/dictator.se\/wp-content\/uploads\/2024\/04\/Knivsta-CIK-byggnad-preview.jpg","datePublished":"2024-04-12T10:07:19+00:00","dateModified":"2025-09-30T06:47:29+00:00","description":"Referanser - d\u00f8rbrems D\u00f8r-problemene p\u00e5 Knivsta Centrum for Sport & Culture, CIK er n\u00e5 l\u00f8st! takket vare Dictator","breadcrumb":{"@id":"https:\/\/dictator.se\/no\/referanser\/referanser-dorbrems\/#breadcrumb"},"inLanguage":"nb-NO","potentialAction":[{"@type":"ReadAction","target":["https:\/\/dictator.se\/no\/referanser\/referanser-dorbrems\/"]}]},{"@type":"ImageObject","inLanguage":"nb-NO","@id":"https:\/\/dictator.se\/no\/referanser\/referanser-dorbrems\/#primaryimage","url":"https:\/\/dictator.se\/wp-content\/uploads\/2024\/04\/Knivsta-CIK-byggnad-preview.jpg","contentUrl":"https:\/\/dictator.se\/wp-content\/uploads\/2024\/04\/Knivsta-CIK-byggnad-preview.jpg"},{"@type":"BreadcrumbList","@id":"https:\/\/dictator.se\/no\/referanser\/referanser-dorbrems\/#breadcrumb","itemListElement":[{"@type":"ListItem","position":1,"name":"Home","item":"https:\/\/dictator.se\/no\/"},{"@type":"ListItem","position":2,"name":"Referanser","item":"https:\/\/dictator.se\/no\/referanser\/"},{"@type":"ListItem","position":3,"name":"Referanser &#8211; d\u00f8rbrems"}]},{"@type":"WebSite","@id":"https:\/\/dictator.se\/#website","url":"https:\/\/dictator.se\/","name":"dictator.se","description":"","publisher":{"@id":"https:\/\/dictator.se\/#organization"},"potentialAction":[{"@type":"SearchAction","target":{"@type":"EntryPoint","urlTemplate":"https:\/\/dictator.se\/?s={search_term_string}"},"query-input":{"@type":"PropertyValueSpecification","valueRequired":true,"valueName":"search_term_string"}}],"inLanguage":"nb-NO"},{"@type":"Organization","@id":"https:\/\/dictator.se\/#organization","name":"dictator.se","url":"https:\/\/dictator.se\/","logo":{"@type":"ImageObject","inLanguage":"nb-NO","@id":"https:\/\/dictator.se\/#\/schema\/logo\/image\/","url":"https:\/\/dictator.se\/wp-content\/uploads\/2023\/12\/DICTATOR_Logo1.svg","contentUrl":"https:\/\/dictator.se\/wp-content\/uploads\/2023\/12\/DICTATOR_Logo1.svg","width":377,"height":58,"caption":"dictator.se"},"image":{"@id":"https:\/\/dictator.se\/#\/schema\/logo\/image\/"}}]}},"featured_image_src":null,"featured_image_src_square":null,"uagb_featured_image_src":{"full":false,"thumbnail":false,"medium":false,"medium_large":false,"large":false,"1536x1536":false,"2048x2048":false,"sidebar-featured":false,"genesis-singular-images":false,"gb-block-post-grid-landscape":false,"gb-block-post-grid-square":false},"uagb_author_info":{"display_name":"Sanna","author_link":"https:\/\/dictator.se\/no\/author\/sanna\/"},"uagb_comment_info":0,"uagb_excerpt":null,"_links":{"self":[{"href":"https:\/\/dictator.se\/no\/wp-json\/wp\/v2\/pages\/4615","targetHints":{"allow":["GET"]}}],"collection":[{"href":"https:\/\/dictator.se\/no\/wp-json\/wp\/v2\/pages"}],"about":[{"href":"https:\/\/dictator.se\/no\/wp-json\/wp\/v2\/types\/page"}],"author":[{"embeddable":true,"href":"https:\/\/dictator.se\/no\/wp-json\/wp\/v2\/users\/6"}],"replies":[{"embeddable":true,"href":"https:\/\/dictator.se\/no\/wp-json\/wp\/v2\/comments?post=4615"}],"version-history":[{"count":11,"href":"https:\/\/dictator.se\/no\/wp-json\/wp\/v2\/pages\/4615\/revisions"}],"predecessor-version":[{"id":7297,"href":"https:\/\/dictator.se\/no\/wp-json\/wp\/v2\/pages\/4615\/revisions\/7297"}],"up":[{"embeddable":true,"href":"https:\/\/dictator.se\/no\/wp-json\/wp\/v2\/pages\/4611"}],"wp:attachment":[{"href":"https:\/\/dictator.se\/no\/wp-json\/wp\/v2\/media?parent=4615"}],"curies":[{"name":"wp","href":"https:\/\/api.w.org\/{rel}","templated":true}]}}