{"id":4617,"date":"2024-01-23T11:46:22","date_gmt":"2024-01-23T10:46:22","guid":{"rendered":"https:\/\/dictator.se\/?page_id=4617"},"modified":"2025-09-30T15:23:36","modified_gmt":"2025-09-30T13:23:36","slug":"referanser-dorlukkere","status":"publish","type":"page","link":"https:\/\/dictator.se\/no\/referanser\/referanser-dorlukkere\/","title":{"rendered":"Referanser &#8211; d\u00f8rlukkere"},"content":{"rendered":"\n<div class=\"wp-block-genesis-blocks-gb-columns gb-layout-columns-1 one-column\"><div class=\"gb-layout-column-wrap gb-block-layout-column-gap-2 gb-is-responsive-column\">\n<div class=\"wp-block-genesis-blocks-gb-column gb-block-layout-column\"><div class=\"gb-block-layout-column-inner\"><div class=\"yoast-breadcrumbs\"><span><span><a href=\"https:\/\/dictator.se\/no\/\">Home<\/a><\/span> \u00bb <span><a href=\"https:\/\/dictator.se\/no\/referanser\/\">Referanser<\/a><\/span> \u00bb <span class=\"breadcrumb_last\" aria-current=\"page\">Referanser &#8211; d\u00f8rlukkere<\/span><\/span><\/div>\n\n\n<h1 class=\"wp-block-heading\" style=\"padding-top:var(--wp--preset--spacing--40);font-size:40px;text-transform:uppercase\">Referanser \u2013&nbsp;<strong>d\u00f8rlukkere<\/strong><\/h1>\n\n\n\n<p>D\u00f8rlukkere\u00a0er en spesialitet for DICTATOR. Nedenfor viser vi et utvalg av l\u00f8sninger med d\u00f8rlukkere for alle milj\u00f8er, b\u00e5de unntatt og innend\u00f8rs.\u00a0V\u00e5re d\u00f8rlukkere spenner fra enkle mekaniske l\u00f8sninger med fj\u00e6rer opp til komplekse helautomatiske produkter.<\/p>\n\n\n\n<p>Det mest kjente produktet er utvilsomt v\u00e5r d\u00f8rlukker eller \u00abDiktator\u00bb som det ofte kalles i h\u00e5ndverks spr\u00e5k. Det dikterer d\u00f8ren, det er s\u00e5 enkelt som det! Vi har ogs\u00e5 produkter for \u00e5 bremse d\u00f8rer eller for \u00e5 holde dem \u00e5pne.<\/p>\n\n\n\n<p><a href=\"https:\/\/dictator.se\/no\/produkter\/dorrstangare-2\/\"><\/a><a href=\"https:\/\/dictator.se\/no\/produkter\/dorlukkere\/\">&gt; Se hele v\u00e5rt utvalg av d\u00f8rlukkere her!<\/a><\/p>\n\n\n\n<div class=\"wp-block-uagb-container uagb-layout-grid uagb-block-c42f61f0 alignfull uagb-is-root-container\"><div class=\"uagb-container-inner-blocks-wrap\">\n<div class=\"wp-block-uagb-container uagb-block-2151ad33 default uagb-is-root-container\">\n<div class=\"wp-block-uagb-image aligncenter uagb-block-c4f29346 wp-block-uagb-image--layout-default wp-block-uagb-image--effect-static wp-block-uagb-image--align-center\"><figure class=\"wp-block-uagb-image__figure\"><a class=\"\" href=\"https:\/\/dictator.se\/no\/dictators-dorrdampare\/\" target=\"\" rel=\"noopener\"><img decoding=\"async\" srcset=\"https:\/\/dictator.se\/wp-content\/uploads\/2024\/04\/Dorrdampare-skjukhus.jpg ,https:\/\/dictator.se\/wp-content\/uploads\/2024\/04\/Dorrdampare-skjukhus.jpg 780w, https:\/\/dictator.se\/wp-content\/uploads\/2024\/04\/Dorrdampare-skjukhus.jpg 360w\" sizes=\"auto, (max-width: 480px) 150px\" src=\"https:\/\/dictator.se\/wp-content\/uploads\/2024\/04\/Dorrdampare-skjukhus.jpg\" alt=\"\" class=\"uag-image-3631\" width=\"300\" height=\"200\" title=\"Dorrdampare-skjukhus\" loading=\"lazy\" role=\"img\"\/><\/a><\/figure><\/div>\n\n\n\n<h2 class=\"wp-block-heading has-large-font-size\"><strong>Referanser \u2013&nbsp;d\u00f8rlukkere<\/strong>&nbsp;<strong>D\u00f8rlukker for slamming d\u00f8rer<\/strong><\/h2>\n\n\n\n<p class=\"has-small-font-size\">En d\u00f8rlukker bremser opp og lukker d\u00f8ren stille og stille, hver gang og problemet med \u00e5 slurpe d\u00f8rer som forstyrrer er n\u00e5 endelig l\u00f8st! En perfekt l\u00f8sning for kontorer og sykehus.<\/p>\n\n\n\n<div class=\"wp-block-uagb-buttons uagb-buttons__outer-wrap uagb-btn__small-btn uagb-btn-tablet__default-btn uagb-btn-mobile__default-btn uagb-block-041cacdf\"><div class=\"uagb-buttons__wrap uagb-buttons-layout-wrap \">\n<div class=\"wp-block-uagb-buttons-child uagb-buttons__outer-wrap uagb-block-2690ebee wp-block-button\"><div class=\"uagb-button__wrapper\"><a class=\"uagb-buttons-repeater wp-block-button__link\" aria-label=\"\" href=\"https:\/\/dictator.se\/no\/dictators-dorrdampare\/\" rel=\"follow noopener\" target=\"_self\" role=\"button\"><div class=\"uagb-button__link\">les mer her<\/div><span class=\"uagb-button__icon uagb-button__icon-position-after\"><svg xmlns=\"https:\/\/www.w3.org\/2000\/svg\" viewBox=\"0 0 448 512\" aria-hidden=\"true\" focussable=\"false\"><path d=\"M438.6 278.6l-160 160C272.4 444.9 264.2 448 256 448s-16.38-3.125-22.62-9.375c-12.5-12.5-12.5-32.75 0-45.25L338.8 288H32C14.33 288 .0016 273.7 .0016 256S14.33 224 32 224h306.8l-105.4-105.4c-12.5-12.5-12.5-32.75 0-45.25s32.75-12.5 45.25 0l160 160C451.1 245.9 451.1 266.1 438.6 278.6z\"><\/path><\/svg><\/span><\/a><\/div><\/div>\n<\/div><\/div>\n<\/div>\n\n\n\n<div class=\"wp-block-uagb-container uagb-block-9d1ab301 default uagb-is-root-container\">\n<div class=\"wp-block-uagb-image aligncenter uagb-block-f501cb8c wp-block-uagb-image--layout-default wp-block-uagb-image--effect-static wp-block-uagb-image--align-center\"><figure class=\"wp-block-uagb-image__figure\"><a class=\"\" href=\"https:\/\/dictator.se\/no\/dorrstangare-dictamat-50-anvandningsomraden\/\" target=\"\" rel=\"noopener\"><img decoding=\"async\" srcset=\"https:\/\/dictator.se\/wp-content\/uploads\/2024\/04\/Skjutdorr-stangare-Dictamat-50-sjukhus-300x200.jpg ,https:\/\/dictator.se\/wp-content\/uploads\/2024\/04\/Skjutdorr-stangare-Dictamat-50-sjukhus.jpg 780w, https:\/\/dictator.se\/wp-content\/uploads\/2024\/04\/Skjutdorr-stangare-Dictamat-50-sjukhus.jpg 360w\" sizes=\"auto, (max-width: 480px) 150px\" src=\"https:\/\/dictator.se\/wp-content\/uploads\/2024\/04\/Skjutdorr-stangare-Dictamat-50-sjukhus-300x200.jpg\" alt=\"\" class=\"uag-image-3636\" width=\"300\" height=\"200\" title=\"Skjutdorr-stangare-Dictamat-50-sjukhus\" loading=\"lazy\" role=\"img\"\/><\/a><\/figure><\/div>\n\n\n\n<h2 class=\"wp-block-heading has-large-font-size\"><strong>DICTAMAT 50 p\u00e5 en skyved\u00f8r i et sykehusmilj\u00f8<\/strong><\/h2>\n\n\n\n<p class=\"has-small-font-size\">For \u00e5 lukke skyved\u00f8rer er DICTAMAT 50 en perfect enhet med fj\u00e6rrulle og spjeld innebygd.<\/p>\n\n\n\n<div class=\"wp-block-uagb-buttons uagb-buttons__outer-wrap uagb-btn__small-btn uagb-btn-tablet__default-btn uagb-btn-mobile__default-btn uagb-block-98be895a\"><div class=\"uagb-buttons__wrap uagb-buttons-layout-wrap \">\n<div class=\"wp-block-uagb-buttons-child uagb-buttons__outer-wrap uagb-block-3469ec2e wp-block-button\"><div class=\"uagb-button__wrapper\"><a class=\"uagb-buttons-repeater wp-block-button__link\" aria-label=\"\" href=\"https:\/\/dictator.se\/no\/dorrstangare-dictamat-50-anvandningsomraden\/\" rel=\"follow noopener\" target=\"_self\" role=\"button\"><div class=\"uagb-button__link\">les mer her<\/div><span class=\"uagb-button__icon uagb-button__icon-position-after\"><svg xmlns=\"https:\/\/www.w3.org\/2000\/svg\" viewBox=\"0 0 448 512\" aria-hidden=\"true\" focussable=\"false\"><path d=\"M438.6 278.6l-160 160C272.4 444.9 264.2 448 256 448s-16.38-3.125-22.62-9.375c-12.5-12.5-12.5-32.75 0-45.25L338.8 288H32C14.33 288 .0016 273.7 .0016 256S14.33 224 32 224h306.8l-105.4-105.4c-12.5-12.5-12.5-32.75 0-45.25s32.75-12.5 45.25 0l160 160C451.1 245.9 451.1 266.1 438.6 278.6z\"><\/path><\/svg><\/span><\/a><\/div><\/div>\n<\/div><\/div>\n<\/div>\n\n\n\n<div class=\"wp-block-uagb-container uagb-block-c70fece3 default uagb-is-root-container\">\n<div class=\"wp-block-uagb-image aligncenter uagb-block-4c35a487 wp-block-uagb-image--layout-default wp-block-uagb-image--effect-static wp-block-uagb-image--align-center\"><figure class=\"wp-block-uagb-image__figure\"><a class=\"\" href=\"https:\/\/dictator.se\/no\/anvandning-av-dictators-dorrhallare\/\" target=\"\" rel=\"noopener\"><img decoding=\"async\" srcset=\"https:\/\/dictator.se\/wp-content\/uploads\/2024\/04\/Dorrhallare-ZE60-applikation-300x200.jpg ,https:\/\/dictator.se\/wp-content\/uploads\/2024\/04\/Dorrhallare-ZE60-applikation.jpg 780w, https:\/\/dictator.se\/wp-content\/uploads\/2024\/04\/Dorrhallare-ZE60-applikation.jpg 360w\" sizes=\"auto, (max-width: 480px) 150px\" src=\"https:\/\/dictator.se\/wp-content\/uploads\/2024\/04\/Dorrhallare-ZE60-applikation-300x200.jpg\" alt=\"\" class=\"uag-image-3641\" width=\"300\" height=\"200\" title=\"Dorrhallare-ZE60-applikation\" loading=\"lazy\" role=\"img\"\/><\/a><\/figure><\/div>\n\n\n\n<h2 class=\"wp-block-heading has-large-font-size\"><strong>D\u00f8rholder ZE holder d\u00f8ren \u00e5pen<\/strong><\/h2>\n\n\n\n<p class=\"has-small-font-size\">ZE D\u00f8rholder har en fin design og er en enkel l\u00f8sning for \u00e5 holde en d\u00f8r \u00e5pen i enhver posisjon.<\/p>\n\n\n\n<p class=\"has-small-font-size\"><a href=\"https:\/\/dictator.se\/no\/anvandning-av-dictators-dorrhallare\/\"><\/a><\/p>\n\n\n\n<div class=\"wp-block-uagb-buttons uagb-buttons__outer-wrap uagb-btn__small-btn uagb-btn-tablet__default-btn uagb-btn-mobile__default-btn uagb-block-48869bc9\"><div class=\"uagb-buttons__wrap uagb-buttons-layout-wrap \">\n<div class=\"wp-block-uagb-buttons-child uagb-buttons__outer-wrap uagb-block-0da19104 wp-block-button\"><div class=\"uagb-button__wrapper\"><a class=\"uagb-buttons-repeater wp-block-button__link\" aria-label=\"\" href=\"https:\/\/dictator.se\/no\/anvandning-av-dictators-dorrhallare\/\" rel=\"follow noopener\" target=\"_self\" role=\"button\"><div class=\"uagb-button__link\">les mer her<\/div><span class=\"uagb-button__icon uagb-button__icon-position-after\"><svg xmlns=\"https:\/\/www.w3.org\/2000\/svg\" viewBox=\"0 0 448 512\" aria-hidden=\"true\" focussable=\"false\"><path d=\"M438.6 278.6l-160 160C272.4 444.9 264.2 448 256 448s-16.38-3.125-22.62-9.375c-12.5-12.5-12.5-32.75 0-45.25L338.8 288H32C14.33 288 .0016 273.7 .0016 256S14.33 224 32 224h306.8l-105.4-105.4c-12.5-12.5-12.5-32.75 0-45.25s32.75-12.5 45.25 0l160 160C451.1 245.9 451.1 266.1 438.6 278.6z\"><\/path><\/svg><\/span><\/a><\/div><\/div>\n<\/div><\/div>\n<\/div>\n<\/div><\/div>\n<\/div><\/div>\n<\/div><\/div>\n","protected":false},"excerpt":{"rendered":"","protected":false},"author":6,"featured_media":0,"parent":4611,"menu_order":0,"comment_status":"closed","ping_status":"closed","template":"","meta":{"_acf_changed":false,"_uag_custom_page_level_css":"","_genesis_hide_title":true,"_genesis_hide_breadcrumbs":false,"_genesis_hide_singular_image":false,"_genesis_hide_footer_widgets":false,"_genesis_custom_body_class":"","_genesis_custom_post_class":"","_genesis_layout":"","footnotes":""},"class_list":{"0":"post-4617","1":"page","2":"type-page","3":"status-publish","5":"entry"},"acf":[],"yoast_head":"<!-- This site is optimized with the Yoast SEO plugin v27.3 - https:\/\/yoast.com\/product\/yoast-seo-wordpress\/ -->\n<title>Referanser - d\u00f8rlukkere - dictator.se<\/title>\n<meta name=\"description\" content=\"Referanser - d\u00f8rlukkere L\u00f8sning med d\u00f8rlukkere er en spesialitet for DICTATOR. Vi er glade for \u00e5 gi deg gratis r\u00e5d hvis du har d\u00f8r problemer\" \/>\n<meta name=\"robots\" content=\"index, follow, max-snippet:-1, max-image-preview:large, max-video-preview:-1\" \/>\n<link rel=\"canonical\" href=\"https:\/\/dictator.se\/no\/referanser\/referanser-dorlukkere\/\" \/>\n<meta property=\"og:locale\" content=\"nb_NO\" \/>\n<meta property=\"og:type\" content=\"article\" \/>\n<meta property=\"og:title\" content=\"Referanser - d\u00f8rlukkere - dictator.se\" \/>\n<meta property=\"og:description\" content=\"Referanser - d\u00f8rlukkere L\u00f8sning med d\u00f8rlukkere er en spesialitet for DICTATOR. Vi er glade for \u00e5 gi deg gratis r\u00e5d hvis du har d\u00f8r problemer\" \/>\n<meta property=\"og:url\" content=\"https:\/\/dictator.se\/no\/referanser\/referanser-dorlukkere\/\" \/>\n<meta property=\"og:site_name\" content=\"dictator.se\" \/>\n<meta property=\"article:modified_time\" content=\"2025-09-30T13:23:36+00:00\" \/>\n<meta property=\"og:image\" content=\"https:\/\/dictator.se\/wp-content\/uploads\/2024\/04\/Dorrdampare-skjukhus.jpg\" \/>\n<meta name=\"twitter:card\" content=\"summary_large_image\" \/>\n<meta name=\"twitter:label1\" content=\"Ansl. lesetid\" \/>\n\t<meta name=\"twitter:data1\" content=\"2 minutter\" \/>\n<script type=\"application\/ld+json\" class=\"yoast-schema-graph\">{\"@context\":\"https:\\\/\\\/schema.org\",\"@graph\":[{\"@type\":\"WebPage\",\"@id\":\"https:\\\/\\\/dictator.se\\\/no\\\/referanser\\\/referanser-dorlukkere\\\/\",\"url\":\"https:\\\/\\\/dictator.se\\\/no\\\/referanser\\\/referanser-dorlukkere\\\/\",\"name\":\"Referanser - d\u00f8rlukkere - dictator.se\",\"isPartOf\":{\"@id\":\"https:\\\/\\\/dictator.se\\\/#website\"},\"primaryImageOfPage\":{\"@id\":\"https:\\\/\\\/dictator.se\\\/no\\\/referanser\\\/referanser-dorlukkere\\\/#primaryimage\"},\"image\":{\"@id\":\"https:\\\/\\\/dictator.se\\\/no\\\/referanser\\\/referanser-dorlukkere\\\/#primaryimage\"},\"thumbnailUrl\":\"https:\\\/\\\/dictator.se\\\/wp-content\\\/uploads\\\/2024\\\/04\\\/Dorrdampare-skjukhus.jpg\",\"datePublished\":\"2024-01-23T10:46:22+00:00\",\"dateModified\":\"2025-09-30T13:23:36+00:00\",\"description\":\"Referanser - d\u00f8rlukkere L\u00f8sning med d\u00f8rlukkere er en spesialitet for DICTATOR. Vi er glade for \u00e5 gi deg gratis r\u00e5d hvis du har d\u00f8r problemer\",\"breadcrumb\":{\"@id\":\"https:\\\/\\\/dictator.se\\\/no\\\/referanser\\\/referanser-dorlukkere\\\/#breadcrumb\"},\"inLanguage\":\"nb-NO\",\"potentialAction\":[{\"@type\":\"ReadAction\",\"target\":[\"https:\\\/\\\/dictator.se\\\/no\\\/referanser\\\/referanser-dorlukkere\\\/\"]}]},{\"@type\":\"ImageObject\",\"inLanguage\":\"nb-NO\",\"@id\":\"https:\\\/\\\/dictator.se\\\/no\\\/referanser\\\/referanser-dorlukkere\\\/#primaryimage\",\"url\":\"https:\\\/\\\/dictator.se\\\/wp-content\\\/uploads\\\/2024\\\/04\\\/Dorrdampare-skjukhus.jpg\",\"contentUrl\":\"https:\\\/\\\/dictator.se\\\/wp-content\\\/uploads\\\/2024\\\/04\\\/Dorrdampare-skjukhus.jpg\"},{\"@type\":\"BreadcrumbList\",\"@id\":\"https:\\\/\\\/dictator.se\\\/no\\\/referanser\\\/referanser-dorlukkere\\\/#breadcrumb\",\"itemListElement\":[{\"@type\":\"ListItem\",\"position\":1,\"name\":\"Home\",\"item\":\"https:\\\/\\\/dictator.se\\\/no\\\/\"},{\"@type\":\"ListItem\",\"position\":2,\"name\":\"Referanser\",\"item\":\"https:\\\/\\\/dictator.se\\\/no\\\/referanser\\\/\"},{\"@type\":\"ListItem\",\"position\":3,\"name\":\"Referanser &#8211; d\u00f8rlukkere\"}]},{\"@type\":\"WebSite\",\"@id\":\"https:\\\/\\\/dictator.se\\\/#website\",\"url\":\"https:\\\/\\\/dictator.se\\\/\",\"name\":\"dictator.se\",\"description\":\"\",\"publisher\":{\"@id\":\"https:\\\/\\\/dictator.se\\\/#organization\"},\"potentialAction\":[{\"@type\":\"SearchAction\",\"target\":{\"@type\":\"EntryPoint\",\"urlTemplate\":\"https:\\\/\\\/dictator.se\\\/?s={search_term_string}\"},\"query-input\":{\"@type\":\"PropertyValueSpecification\",\"valueRequired\":true,\"valueName\":\"search_term_string\"}}],\"inLanguage\":\"nb-NO\"},{\"@type\":\"Organization\",\"@id\":\"https:\\\/\\\/dictator.se\\\/#organization\",\"name\":\"dictator.se\",\"url\":\"https:\\\/\\\/dictator.se\\\/\",\"logo\":{\"@type\":\"ImageObject\",\"inLanguage\":\"nb-NO\",\"@id\":\"https:\\\/\\\/dictator.se\\\/#\\\/schema\\\/logo\\\/image\\\/\",\"url\":\"https:\\\/\\\/dictator.se\\\/wp-content\\\/uploads\\\/2023\\\/12\\\/DICTATOR_Logo1.svg\",\"contentUrl\":\"https:\\\/\\\/dictator.se\\\/wp-content\\\/uploads\\\/2023\\\/12\\\/DICTATOR_Logo1.svg\",\"width\":377,\"height\":58,\"caption\":\"dictator.se\"},\"image\":{\"@id\":\"https:\\\/\\\/dictator.se\\\/#\\\/schema\\\/logo\\\/image\\\/\"}}]}<\/script>\n<!-- \/ Yoast SEO plugin. -->","yoast_head_json":{"title":"Referanser - d\u00f8rlukkere - dictator.se","description":"Referanser - d\u00f8rlukkere L\u00f8sning med d\u00f8rlukkere er en spesialitet for DICTATOR. Vi er glade for \u00e5 gi deg gratis r\u00e5d hvis du har d\u00f8r problemer","robots":{"index":"index","follow":"follow","max-snippet":"max-snippet:-1","max-image-preview":"max-image-preview:large","max-video-preview":"max-video-preview:-1"},"canonical":"https:\/\/dictator.se\/no\/referanser\/referanser-dorlukkere\/","og_locale":"nb_NO","og_type":"article","og_title":"Referanser - d\u00f8rlukkere - dictator.se","og_description":"Referanser - d\u00f8rlukkere L\u00f8sning med d\u00f8rlukkere er en spesialitet for DICTATOR. Vi er glade for \u00e5 gi deg gratis r\u00e5d hvis du har d\u00f8r problemer","og_url":"https:\/\/dictator.se\/no\/referanser\/referanser-dorlukkere\/","og_site_name":"dictator.se","article_modified_time":"2025-09-30T13:23:36+00:00","og_image":[{"url":"https:\/\/dictator.se\/wp-content\/uploads\/2024\/04\/Dorrdampare-skjukhus.jpg","type":"","width":"","height":""}],"twitter_card":"summary_large_image","twitter_misc":{"Ansl. lesetid":"2 minutter"},"schema":{"@context":"https:\/\/schema.org","@graph":[{"@type":"WebPage","@id":"https:\/\/dictator.se\/no\/referanser\/referanser-dorlukkere\/","url":"https:\/\/dictator.se\/no\/referanser\/referanser-dorlukkere\/","name":"Referanser - d\u00f8rlukkere - dictator.se","isPartOf":{"@id":"https:\/\/dictator.se\/#website"},"primaryImageOfPage":{"@id":"https:\/\/dictator.se\/no\/referanser\/referanser-dorlukkere\/#primaryimage"},"image":{"@id":"https:\/\/dictator.se\/no\/referanser\/referanser-dorlukkere\/#primaryimage"},"thumbnailUrl":"https:\/\/dictator.se\/wp-content\/uploads\/2024\/04\/Dorrdampare-skjukhus.jpg","datePublished":"2024-01-23T10:46:22+00:00","dateModified":"2025-09-30T13:23:36+00:00","description":"Referanser - d\u00f8rlukkere L\u00f8sning med d\u00f8rlukkere er en spesialitet for DICTATOR. Vi er glade for \u00e5 gi deg gratis r\u00e5d hvis du har d\u00f8r problemer","breadcrumb":{"@id":"https:\/\/dictator.se\/no\/referanser\/referanser-dorlukkere\/#breadcrumb"},"inLanguage":"nb-NO","potentialAction":[{"@type":"ReadAction","target":["https:\/\/dictator.se\/no\/referanser\/referanser-dorlukkere\/"]}]},{"@type":"ImageObject","inLanguage":"nb-NO","@id":"https:\/\/dictator.se\/no\/referanser\/referanser-dorlukkere\/#primaryimage","url":"https:\/\/dictator.se\/wp-content\/uploads\/2024\/04\/Dorrdampare-skjukhus.jpg","contentUrl":"https:\/\/dictator.se\/wp-content\/uploads\/2024\/04\/Dorrdampare-skjukhus.jpg"},{"@type":"BreadcrumbList","@id":"https:\/\/dictator.se\/no\/referanser\/referanser-dorlukkere\/#breadcrumb","itemListElement":[{"@type":"ListItem","position":1,"name":"Home","item":"https:\/\/dictator.se\/no\/"},{"@type":"ListItem","position":2,"name":"Referanser","item":"https:\/\/dictator.se\/no\/referanser\/"},{"@type":"ListItem","position":3,"name":"Referanser &#8211; d\u00f8rlukkere"}]},{"@type":"WebSite","@id":"https:\/\/dictator.se\/#website","url":"https:\/\/dictator.se\/","name":"dictator.se","description":"","publisher":{"@id":"https:\/\/dictator.se\/#organization"},"potentialAction":[{"@type":"SearchAction","target":{"@type":"EntryPoint","urlTemplate":"https:\/\/dictator.se\/?s={search_term_string}"},"query-input":{"@type":"PropertyValueSpecification","valueRequired":true,"valueName":"search_term_string"}}],"inLanguage":"nb-NO"},{"@type":"Organization","@id":"https:\/\/dictator.se\/#organization","name":"dictator.se","url":"https:\/\/dictator.se\/","logo":{"@type":"ImageObject","inLanguage":"nb-NO","@id":"https:\/\/dictator.se\/#\/schema\/logo\/image\/","url":"https:\/\/dictator.se\/wp-content\/uploads\/2023\/12\/DICTATOR_Logo1.svg","contentUrl":"https:\/\/dictator.se\/wp-content\/uploads\/2023\/12\/DICTATOR_Logo1.svg","width":377,"height":58,"caption":"dictator.se"},"image":{"@id":"https:\/\/dictator.se\/#\/schema\/logo\/image\/"}}]}},"featured_image_src":null,"featured_image_src_square":null,"uagb_featured_image_src":{"full":false,"thumbnail":false,"medium":false,"medium_large":false,"large":false,"1536x1536":false,"2048x2048":false,"sidebar-featured":false,"genesis-singular-images":false,"gb-block-post-grid-landscape":false,"gb-block-post-grid-square":false},"uagb_author_info":{"display_name":"Sanna","author_link":"https:\/\/dictator.se\/no\/author\/sanna\/"},"uagb_comment_info":0,"uagb_excerpt":null,"_links":{"self":[{"href":"https:\/\/dictator.se\/no\/wp-json\/wp\/v2\/pages\/4617","targetHints":{"allow":["GET"]}}],"collection":[{"href":"https:\/\/dictator.se\/no\/wp-json\/wp\/v2\/pages"}],"about":[{"href":"https:\/\/dictator.se\/no\/wp-json\/wp\/v2\/types\/page"}],"author":[{"embeddable":true,"href":"https:\/\/dictator.se\/no\/wp-json\/wp\/v2\/users\/6"}],"replies":[{"embeddable":true,"href":"https:\/\/dictator.se\/no\/wp-json\/wp\/v2\/comments?post=4617"}],"version-history":[{"count":6,"href":"https:\/\/dictator.se\/no\/wp-json\/wp\/v2\/pages\/4617\/revisions"}],"predecessor-version":[{"id":7317,"href":"https:\/\/dictator.se\/no\/wp-json\/wp\/v2\/pages\/4617\/revisions\/7317"}],"up":[{"embeddable":true,"href":"https:\/\/dictator.se\/no\/wp-json\/wp\/v2\/pages\/4611"}],"wp:attachment":[{"href":"https:\/\/dictator.se\/no\/wp-json\/wp\/v2\/media?parent=4617"}],"curies":[{"name":"wp","href":"https:\/\/api.w.org\/{rel}","templated":true}]}}