{"id":4621,"date":"2024-01-22T14:46:32","date_gmt":"2024-01-22T13:46:32","guid":{"rendered":"https:\/\/dictator.se\/?page_id=4621"},"modified":"2025-09-30T08:26:55","modified_gmt":"2025-09-30T06:26:55","slug":"referanser-dorlukker-for-porter-og-dorer","status":"publish","type":"page","link":"https:\/\/dictator.se\/no\/referanser\/referanser-dorlukker-for-porter-og-dorer\/","title":{"rendered":"Referanser &#8211; d\u00f8rlukker for porter og d\u00f8rer"},"content":{"rendered":"\n<div class=\"wp-block-genesis-blocks-gb-columns gb-layout-columns-1 one-column\"><div class=\"gb-layout-column-wrap gb-block-layout-column-gap-2 gb-is-responsive-column\">\n<div class=\"wp-block-genesis-blocks-gb-column gb-block-layout-column\"><div class=\"gb-block-layout-column-inner\"><div class=\"yoast-breadcrumbs\"><span><span><a href=\"https:\/\/dictator.se\/no\/\">Home<\/a><\/span> \u00bb <span><a href=\"https:\/\/dictator.se\/no\/referanser\/\">Referanser<\/a><\/span> \u00bb <span class=\"breadcrumb_last\" aria-current=\"page\">Referanser &#8211; d\u00f8rlukker for porter og d\u00f8rer<\/span><\/span><\/div>\n\n\n<h1 class=\"wp-block-heading\" style=\"padding-top:var(--wp--preset--spacing--40);font-size:40px;text-transform:uppercase\">Referanser \u2013 d\u00f8rlukker for porter og d\u00f8rer<\/h1>\n\n\n\n<p class=\"has-small-font-size\">Referanser \u2013 d\u00f8rlukker for porter og d\u00f8rer. DICTATOR spesialiserer seg p\u00e5 l\u00f8sninger med&nbsp;<a href=\"https:\/\/dictator.se\/no\/produkter\/dorrstangare-skjutportar-dorrar\/\">d\u00f8rlukker for skyve-porter og d\u00f8rer!<\/a>&nbsp;Spesielt for store og tunge skyved\u00f8rer.<\/p>\n\n\n\n<p class=\"has-small-font-size\">DICTAMAT MultiMove er en modul\u00e6r d\u00f8roperat\u00f8r for skyved\u00f8rer og er designet for \u00e5 kunne automatisere sv\u00e6rt store og tunge porter.<\/p>\n\n\n\n<p class=\"has-small-font-size\">V\u00e5rt utvalg inkluderer d\u00f8roperat\u00f8rer for vanlige hengte d\u00f8rer og for skyved\u00f8rer.<\/p>\n\n\n\n<h3 class=\"wp-block-heading has-medium-font-size\">Eksempler p\u00e5 l\u00f8sninger:<\/h3>\n\n\n\n<p class=\"has-small-font-size\">Nedenfor viser vi noen eksempler p\u00e5 l\u00f8sninger som vi har hjulpet v\u00e5re kunder med, og her kan vi virkelig snakke om store d\u00f8rer som skal h\u00e5ndteres. V\u00e5re dyktige teknikere i Tyskland m\u00e5tte virkelig jobbe hardt for \u00e5 finne den optimale l\u00f8sningen. Vi h\u00e5per at disse eksemplene p\u00e5 l\u00f8sninger kan gi deg ideer om hvordan v\u00e5re produkter for havner og d\u00f8rer kan brukes.<\/p>\n\n\n\n<div class=\"wp-block-uagb-container uagb-layout-grid uagb-block-c42f61f0 alignfull uagb-is-root-container\"><div class=\"uagb-container-inner-blocks-wrap\">\n<div class=\"wp-block-uagb-container uagb-block-2151ad33 default uagb-is-root-container\">\n<div class=\"wp-block-uagb-image aligncenter uagb-block-c4f29346 wp-block-uagb-image--layout-default wp-block-uagb-image--effect-static wp-block-uagb-image--align-center\"><figure class=\"wp-block-uagb-image__figure\"><a class=\"\" href=\"https:\/\/dictator.se\/no\/dictamat-multimove-dorroppnare\/\" target=\"\" rel=\"noopener\"><img decoding=\"async\" srcset=\"https:\/\/dictator.se\/wp-content\/uploads\/2024\/04\/MultiMove-skjutport-bilhall.jpg ,https:\/\/dictator.se\/wp-content\/uploads\/2024\/04\/MultiMove-skjutport-bilhall.jpg 780w, https:\/\/dictator.se\/wp-content\/uploads\/2024\/04\/MultiMove-skjutport-bilhall.jpg 360w\" sizes=\"auto, (max-width: 480px) 150px\" src=\"https:\/\/dictator.se\/wp-content\/uploads\/2024\/04\/MultiMove-skjutport-bilhall.jpg\" alt=\"\" class=\"uag-image-3687\" width=\"300\" height=\"200\" title=\"MultiMove-skjutport-bilhall\" loading=\"lazy\" role=\"img\"\/><\/a><\/figure><\/div>\n\n\n\n<div class=\"wp-block-uagb-advanced-heading uagb-block-e1e05fc6\"><h4 class=\"uagb-heading-text\"><mark style=\"background-color:rgba(0, 0, 0, 0)\" class=\"has-inline-color has-ci-tertiary-color\"><strong><strong>DICTAMAT MultiMove gj\u00f8r en tung inngangsd\u00f8r automatisk<\/strong><\/strong><\/mark><\/h4><\/div>\n\n\n\n<div class=\"wp-block-uagb-buttons uagb-buttons__outer-wrap uagb-btn__small-btn uagb-btn-tablet__default-btn uagb-btn-mobile__default-btn uagb-block-041cacdf\"><div class=\"uagb-buttons__wrap uagb-buttons-layout-wrap \">\n<div class=\"wp-block-uagb-buttons-child uagb-buttons__outer-wrap uagb-block-2690ebee wp-block-button\"><div class=\"uagb-button__wrapper\"><a class=\"uagb-buttons-repeater wp-block-button__link\" aria-label=\"\" href=\"https:\/\/dictator.se\/no\/dictamat-multimove-dorroppnare\/\" rel=\"follow noopener\" target=\"_self\" role=\"button\"><div class=\"uagb-button__link\">les mer her<\/div><span class=\"uagb-button__icon uagb-button__icon-position-after\"><svg xmlns=\"https:\/\/www.w3.org\/2000\/svg\" viewBox=\"0 0 448 512\" aria-hidden=\"true\" focussable=\"false\"><path d=\"M438.6 278.6l-160 160C272.4 444.9 264.2 448 256 448s-16.38-3.125-22.62-9.375c-12.5-12.5-12.5-32.75 0-45.25L338.8 288H32C14.33 288 .0016 273.7 .0016 256S14.33 224 32 224h306.8l-105.4-105.4c-12.5-12.5-12.5-32.75 0-45.25s32.75-12.5 45.25 0l160 160C451.1 245.9 451.1 266.1 438.6 278.6z\"><\/path><\/svg><\/span><\/a><\/div><\/div>\n<\/div><\/div>\n<\/div>\n\n\n\n<div class=\"wp-block-uagb-container uagb-block-9d1ab301 default uagb-is-root-container\">\n<div class=\"wp-block-uagb-image aligncenter uagb-block-f501cb8c wp-block-uagb-image--layout-default wp-block-uagb-image--effect-static wp-block-uagb-image--align-center\"><figure class=\"wp-block-uagb-image__figure\"><a class=\"\" href=\"https:\/\/dictator.se\/no\/dictamat-multimove-dorroperator\/\" target=\"\" rel=\"noopener\"><img decoding=\"async\" srcset=\"https:\/\/dictator.se\/wp-content\/uploads\/2024\/04\/MultiMove-dubbeldorr-torkugn-1.jpg ,https:\/\/dictator.se\/wp-content\/uploads\/2024\/04\/MultiMove-dubbeldorr-torkugn-1.jpg 780w, https:\/\/dictator.se\/wp-content\/uploads\/2024\/04\/MultiMove-dubbeldorr-torkugn-1.jpg 360w\" sizes=\"auto, (max-width: 480px) 150px\" src=\"https:\/\/dictator.se\/wp-content\/uploads\/2024\/04\/MultiMove-dubbeldorr-torkugn-1.jpg\" alt=\"\" class=\"uag-image-3696\" width=\"300\" height=\"200\" title=\"MultiMove-dubbeldorr-torkugn-1\" loading=\"lazy\" role=\"img\"\/><\/a><\/figure><\/div>\n\n\n\n<div class=\"wp-block-uagb-advanced-heading uagb-block-28a7878a\"><h4 class=\"uagb-heading-text\"><strong><strong><strong>DICTAMAT MultiMove p\u00e5 en dobbel d\u00f8r til t\u00f8rking ovn<\/strong><\/strong><\/strong><\/h4><\/div>\n\n\n\n<div class=\"wp-block-uagb-buttons uagb-buttons__outer-wrap uagb-btn__small-btn uagb-btn-tablet__default-btn uagb-btn-mobile__default-btn uagb-block-98be895a\"><div class=\"uagb-buttons__wrap uagb-buttons-layout-wrap \">\n<div class=\"wp-block-uagb-buttons-child uagb-buttons__outer-wrap uagb-block-3469ec2e wp-block-button\"><div class=\"uagb-button__wrapper\"><a class=\"uagb-buttons-repeater wp-block-button__link\" aria-label=\"\" href=\"https:\/\/dictator.se\/no\/dictamat-multimove-dorroperator\/\" rel=\"follow noopener\" target=\"_self\" role=\"button\"><div class=\"uagb-button__link\">les mer her<\/div><span class=\"uagb-button__icon uagb-button__icon-position-after\"><svg xmlns=\"https:\/\/www.w3.org\/2000\/svg\" viewBox=\"0 0 448 512\" aria-hidden=\"true\" focussable=\"false\"><path d=\"M438.6 278.6l-160 160C272.4 444.9 264.2 448 256 448s-16.38-3.125-22.62-9.375c-12.5-12.5-12.5-32.75 0-45.25L338.8 288H32C14.33 288 .0016 273.7 .0016 256S14.33 224 32 224h306.8l-105.4-105.4c-12.5-12.5-12.5-32.75 0-45.25s32.75-12.5 45.25 0l160 160C451.1 245.9 451.1 266.1 438.6 278.6z\"><\/path><\/svg><\/span><\/a><\/div><\/div>\n<\/div><\/div>\n<\/div>\n\n\n\n<div class=\"wp-block-uagb-container uagb-block-c70fece3 default uagb-is-root-container\">\n<div class=\"wp-block-uagb-image aligncenter uagb-block-4c35a487 wp-block-uagb-image--layout-default wp-block-uagb-image--effect-static wp-block-uagb-image--align-center\"><figure class=\"wp-block-uagb-image__figure\"><a class=\"\" href=\"https:\/\/dictator.se\/no\/speciallosning-for-solskydd\/\" target=\"\" rel=\"noopener\"><img decoding=\"async\" srcset=\"https:\/\/dictator.se\/wp-content\/uploads\/2024\/04\/Automatisering-stora-solskydd-1.jpg ,https:\/\/dictator.se\/wp-content\/uploads\/2024\/04\/Automatisering-stora-solskydd-1.jpg 780w, https:\/\/dictator.se\/wp-content\/uploads\/2024\/04\/Automatisering-stora-solskydd-1.jpg 360w\" sizes=\"auto, (max-width: 480px) 150px\" src=\"https:\/\/dictator.se\/wp-content\/uploads\/2024\/04\/Automatisering-stora-solskydd-1.jpg\" alt=\"\" class=\"uag-image-3699\" width=\"300\" height=\"200\" title=\"Automatisering-stora-solskydd-1\" loading=\"lazy\" role=\"img\"\/><\/a><\/figure><\/div>\n\n\n\n<div class=\"wp-block-uagb-advanced-heading uagb-block-22620b34\"><h4 class=\"uagb-heading-text\"><strong><strong><strong>Automatisering av store utend\u00f8rs markiser<\/strong><\/strong><\/strong><\/h4><\/div>\n\n\n\n<p class=\"has-small-font-size\"><a href=\"https:\/\/dictator.se\/no\/anvandning-av-dictators-dorrhallare\/\"><\/a><\/p>\n\n\n\n<div class=\"wp-block-uagb-buttons uagb-buttons__outer-wrap uagb-btn__small-btn uagb-btn-tablet__default-btn uagb-btn-mobile__default-btn uagb-block-48869bc9\"><div class=\"uagb-buttons__wrap uagb-buttons-layout-wrap \">\n<div class=\"wp-block-uagb-buttons-child uagb-buttons__outer-wrap uagb-block-0da19104 wp-block-button\"><div class=\"uagb-button__wrapper\"><a class=\"uagb-buttons-repeater wp-block-button__link\" aria-label=\"\" href=\"https:\/\/dictator.se\/no\/speciallosning-for-solskydd\/\" rel=\"follow noopener\" target=\"_self\" role=\"button\"><div class=\"uagb-button__link\">les mer her<\/div><span class=\"uagb-button__icon uagb-button__icon-position-after\"><svg xmlns=\"https:\/\/www.w3.org\/2000\/svg\" viewBox=\"0 0 448 512\" aria-hidden=\"true\" focussable=\"false\"><path d=\"M438.6 278.6l-160 160C272.4 444.9 264.2 448 256 448s-16.38-3.125-22.62-9.375c-12.5-12.5-12.5-32.75 0-45.25L338.8 288H32C14.33 288 .0016 273.7 .0016 256S14.33 224 32 224h306.8l-105.4-105.4c-12.5-12.5-12.5-32.75 0-45.25s32.75-12.5 45.25 0l160 160C451.1 245.9 451.1 266.1 438.6 278.6z\"><\/path><\/svg><\/span><\/a><\/div><\/div>\n<\/div><\/div>\n<\/div>\n<\/div><\/div>\n\n\n\n<div class=\"wp-block-genesis-blocks-gb-columns gb-layout-columns-2 gb-2-col-wideleft\" style=\"margin-top:2%\"><div class=\"gb-layout-column-wrap gb-block-layout-column-gap-2 gb-is-responsive-column\">\n<div class=\"wp-block-genesis-blocks-gb-column gb-block-layout-column\"><div class=\"gb-block-layout-column-inner\">\n<h3 class=\"wp-block-heading has-medium-font-size\"><strong>L\u00f8sninger med d\u00f8rlukker for porter og d\u00f8rer<\/strong><br><strong><a href=\"https:\/\/en.dictator.de\/referenzen\/automated-entrance-door-car-dealership\/\" target=\"_blank\" rel=\"noreferrer noopener\">DICTAMAT MultiMove gj\u00f8r en tung inngangsd\u00f8r automatisk<\/a><\/strong><\/h3>\n\n\n\n<p class=\"has-small-font-size\">Den store og tunge inngangsd\u00f8ren hadde s\u00e5 langt blitt \u00e5pnet manuelt i Bilforhandleren Van Mossel. Det tok en veldig stor kraft b\u00e5de fra kunde og personal att \u00e5pne og lukke d\u00f8ren, ca 200 ganger om dagen. Dette ble bare for mye! Takket v\u00e6re DICTATOR som fikk i oppgave \u00e5 l\u00f8se problemet, ble en DICTAMAT MultiMove montert og \u00e5pner og lukker n\u00e5 d\u00f8ren helt automatisk. Kunden var veldig forn\u00f8yd med l\u00f8sningen!<\/p>\n\n\n\n<h3 class=\"wp-block-heading has-medium-font-size\"><strong>Data fra skyved\u00f8ren (enkeltblad):<\/strong><\/h3>\n\n\n\n<ul class=\"wp-block-list\">\n<li class=\"has-small-font-size\">4005 mm bred, 4550 mm h\u00f8y, vekt ca. 900 kg<\/li>\n\n\n\n<li class=\"has-small-font-size\">Kraft kreves for manuell flytting av d\u00f8ren: 400 N!<\/li>\n<\/ul>\n<\/div><\/div>\n\n\n\n<div class=\"wp-block-genesis-blocks-gb-column gb-block-layout-column\"><div class=\"gb-block-layout-column-inner\">\n<div class=\"wp-block-uagb-image uagb-block-215bb947 wp-block-uagb-image--layout-default wp-block-uagb-image--effect-static wp-block-uagb-image--align-none\"><figure class=\"wp-block-uagb-image__figure\"><img decoding=\"async\" srcset=\"https:\/\/dictator.se\/wp-content\/uploads\/2024\/04\/Broschyr-Door-Gate-Opreators--150x150.jpg ,https:\/\/dictator.se\/wp-content\/uploads\/2024\/04\/Broschyr-Door-Gate-Opreators-.jpg 780w, https:\/\/dictator.se\/wp-content\/uploads\/2024\/04\/Broschyr-Door-Gate-Opreators-.jpg 360w\" sizes=\"auto, (max-width: 480px) 150px\" src=\"https:\/\/dictator.se\/wp-content\/uploads\/2024\/04\/Broschyr-Door-Gate-Opreators--150x150.jpg\" alt=\"\" class=\"uag-image-3702\" width=\"150\" height=\"150\" title=\"Broschyr-Door-Gate-Opreators-\" loading=\"lazy\" role=\"img\"\/><\/figure><\/div>\n\n\n\n<p class=\"has-text-align-center has-small-font-size\"><a href=\"https:\/\/en.dictator.de\/wp-content\/uploads\/DICTATOR-Door-Gate-Operators.pdf\" target=\"_blank\" rel=\"noreferrer noopener\">Broschyr Door &amp; Gate Operators<\/a><\/p>\n<\/div><\/div>\n<\/div><\/div>\n\n\n\n<div class=\"wp-block-genesis-blocks-gb-columns gb-layout-columns-1 one-column\" style=\"margin-top:2%\"><div class=\"gb-layout-column-wrap gb-block-layout-column-gap-2 gb-is-responsive-column\">\n<div class=\"wp-block-genesis-blocks-gb-column gb-block-layout-column\"><div class=\"gb-block-layout-column-inner has-ci-quaternary-background-color\" style=\"padding-top:50px;padding-right:100px;padding-bottom:50px;padding-left:100px\">\n<div class=\"wp-block-genesis-blocks-gb-columns gb-layout-columns-2 gb-2-col-wideleft\"><div class=\"gb-layout-column-wrap gb-block-layout-column-gap-2 gb-is-responsive-column\">\n<div class=\"wp-block-genesis-blocks-gb-column gb-block-layout-column\"><div class=\"gb-block-layout-column-inner\">\n<h2 class=\"wp-block-heading has-large-font-size\"><strong><strong>Teknisk r\u00e5d &amp; service<\/strong><\/strong><\/h2>\n\n\n\n<p class=\"has-medium-font-size\">Vi hoppas att dessa exempel p\u00e5 l\u00f6sningar kan ge dig id\u00e9er p\u00e5 hur v\u00e5ra produkter f\u00f6r portar &amp; d\u00f6rrar b\u00e4st kan anv\u00e4ndas<\/p>\n\n\n\n<div class=\"wp-block-uagb-buttons uagb-buttons__outer-wrap uagb-btn__default-btn uagb-btn-tablet__default-btn uagb-btn-mobile__default-btn uagb-block-39eb0c0e\"><div class=\"uagb-buttons__wrap uagb-buttons-layout-wrap \">\n<div class=\"wp-block-uagb-buttons-child uagb-buttons__outer-wrap uagb-block-d206b251 wp-block-button\"><div class=\"uagb-button__wrapper\"><a class=\"uagb-buttons-repeater wp-block-button__link\" aria-label=\"\" href=\"https:\/\/dictator.se\/no\/kontakt-oss\/\" rel=\"follow noopener\" target=\"_self\" role=\"button\"><div class=\"uagb-button__link\">Kontakt oss her<\/div><span class=\"uagb-button__icon uagb-button__icon-position-after\"><svg xmlns=\"https:\/\/www.w3.org\/2000\/svg\" viewBox=\"0 0 448 512\" aria-hidden=\"true\" focussable=\"false\"><path d=\"M438.6 278.6l-160 160C272.4 444.9 264.2 448 256 448s-16.38-3.125-22.62-9.375c-12.5-12.5-12.5-32.75 0-45.25L338.8 288H32C14.33 288 .0016 273.7 .0016 256S14.33 224 32 224h306.8l-105.4-105.4c-12.5-12.5-12.5-32.75 0-45.25s32.75-12.5 45.25 0l160 160C451.1 245.9 451.1 266.1 438.6 278.6z\"><\/path><\/svg><\/span><\/a><\/div><\/div>\n<\/div><\/div>\n<\/div><\/div>\n\n\n\n<div class=\"wp-block-genesis-blocks-gb-column gb-block-layout-column\"><div class=\"gb-block-layout-column-inner\">\n<div class=\"wp-block-uagb-image aligncenter uagb-block-d296d348 wp-block-uagb-image--layout-default wp-block-uagb-image--effect-static wp-block-uagb-image--align-center\"><figure class=\"wp-block-uagb-image__figure\"><img decoding=\"async\" srcset=\"https:\/\/dictator.se\/wp-content\/uploads\/2023\/12\/icon-service-150x150.png ,https:\/\/dictator.se\/wp-content\/uploads\/2023\/12\/icon-service.png 780w, https:\/\/dictator.se\/wp-content\/uploads\/2023\/12\/icon-service.png 360w\" sizes=\"auto, (max-width: 480px) 150px\" src=\"https:\/\/dictator.se\/wp-content\/uploads\/2023\/12\/icon-service-150x150.png\" alt=\"\" class=\"uag-image-203\" width=\"150\" height=\"150\" title=\"\" loading=\"lazy\" role=\"img\"\/><\/figure><\/div>\n<\/div><\/div>\n<\/div><\/div>\n<\/div><\/div>\n<\/div><\/div>\n<\/div><\/div>\n<\/div><\/div>\n","protected":false},"excerpt":{"rendered":"","protected":false},"author":6,"featured_media":0,"parent":4611,"menu_order":0,"comment_status":"closed","ping_status":"closed","template":"","meta":{"_acf_changed":false,"_uag_custom_page_level_css":"","_genesis_hide_title":true,"_genesis_hide_breadcrumbs":false,"_genesis_hide_singular_image":false,"_genesis_hide_footer_widgets":false,"_genesis_custom_body_class":"","_genesis_custom_post_class":"","_genesis_layout":"","footnotes":""},"class_list":{"0":"post-4621","1":"page","2":"type-page","3":"status-publish","5":"entry"},"acf":[],"yoast_head":"<!-- This site is optimized with the Yoast SEO plugin v27.3 - https:\/\/yoast.com\/product\/yoast-seo-wordpress\/ -->\n<title>Referanser - d\u00f8rlukker for porter og d\u00f8rer - dictator.se<\/title>\n<meta name=\"description\" content=\"Referanser - d\u00f8rlukker for porter og d\u00f8rer DICTATOR spesialiserer seg p\u00e5 l\u00f8sninger med d\u00f8rlukker for skyve-porter og d\u00f8rer!\" \/>\n<meta name=\"robots\" content=\"index, follow, max-snippet:-1, max-image-preview:large, max-video-preview:-1\" \/>\n<link rel=\"canonical\" href=\"https:\/\/dictator.se\/no\/referanser\/referanser-dorlukker-for-porter-og-dorer\/\" \/>\n<meta property=\"og:locale\" content=\"nb_NO\" \/>\n<meta property=\"og:type\" content=\"article\" \/>\n<meta property=\"og:title\" content=\"Referanser - d\u00f8rlukker for porter og d\u00f8rer - dictator.se\" \/>\n<meta property=\"og:description\" content=\"Referanser - d\u00f8rlukker for porter og d\u00f8rer DICTATOR spesialiserer seg p\u00e5 l\u00f8sninger med d\u00f8rlukker for skyve-porter og d\u00f8rer!\" \/>\n<meta property=\"og:url\" content=\"https:\/\/dictator.se\/no\/referanser\/referanser-dorlukker-for-porter-og-dorer\/\" \/>\n<meta property=\"og:site_name\" content=\"dictator.se\" \/>\n<meta property=\"article:modified_time\" content=\"2025-09-30T06:26:55+00:00\" \/>\n<meta property=\"og:image\" content=\"https:\/\/dictator.se\/wp-content\/uploads\/2024\/04\/MultiMove-skjutport-bilhall.jpg\" \/>\n<meta name=\"twitter:card\" content=\"summary_large_image\" \/>\n<meta name=\"twitter:label1\" content=\"Ansl. lesetid\" \/>\n\t<meta name=\"twitter:data1\" content=\"3 minutter\" \/>\n<script type=\"application\/ld+json\" class=\"yoast-schema-graph\">{\"@context\":\"https:\\\/\\\/schema.org\",\"@graph\":[{\"@type\":\"WebPage\",\"@id\":\"https:\\\/\\\/dictator.se\\\/no\\\/referanser\\\/referanser-dorlukker-for-porter-og-dorer\\\/\",\"url\":\"https:\\\/\\\/dictator.se\\\/no\\\/referanser\\\/referanser-dorlukker-for-porter-og-dorer\\\/\",\"name\":\"Referanser - d\u00f8rlukker for porter og d\u00f8rer - dictator.se\",\"isPartOf\":{\"@id\":\"https:\\\/\\\/dictator.se\\\/#website\"},\"primaryImageOfPage\":{\"@id\":\"https:\\\/\\\/dictator.se\\\/no\\\/referanser\\\/referanser-dorlukker-for-porter-og-dorer\\\/#primaryimage\"},\"image\":{\"@id\":\"https:\\\/\\\/dictator.se\\\/no\\\/referanser\\\/referanser-dorlukker-for-porter-og-dorer\\\/#primaryimage\"},\"thumbnailUrl\":\"https:\\\/\\\/dictator.se\\\/wp-content\\\/uploads\\\/2024\\\/04\\\/MultiMove-skjutport-bilhall.jpg\",\"datePublished\":\"2024-01-22T13:46:32+00:00\",\"dateModified\":\"2025-09-30T06:26:55+00:00\",\"description\":\"Referanser - d\u00f8rlukker for porter og d\u00f8rer DICTATOR spesialiserer seg p\u00e5 l\u00f8sninger med d\u00f8rlukker for skyve-porter og d\u00f8rer!\",\"breadcrumb\":{\"@id\":\"https:\\\/\\\/dictator.se\\\/no\\\/referanser\\\/referanser-dorlukker-for-porter-og-dorer\\\/#breadcrumb\"},\"inLanguage\":\"nb-NO\",\"potentialAction\":[{\"@type\":\"ReadAction\",\"target\":[\"https:\\\/\\\/dictator.se\\\/no\\\/referanser\\\/referanser-dorlukker-for-porter-og-dorer\\\/\"]}]},{\"@type\":\"ImageObject\",\"inLanguage\":\"nb-NO\",\"@id\":\"https:\\\/\\\/dictator.se\\\/no\\\/referanser\\\/referanser-dorlukker-for-porter-og-dorer\\\/#primaryimage\",\"url\":\"https:\\\/\\\/dictator.se\\\/wp-content\\\/uploads\\\/2024\\\/04\\\/MultiMove-skjutport-bilhall.jpg\",\"contentUrl\":\"https:\\\/\\\/dictator.se\\\/wp-content\\\/uploads\\\/2024\\\/04\\\/MultiMove-skjutport-bilhall.jpg\"},{\"@type\":\"BreadcrumbList\",\"@id\":\"https:\\\/\\\/dictator.se\\\/no\\\/referanser\\\/referanser-dorlukker-for-porter-og-dorer\\\/#breadcrumb\",\"itemListElement\":[{\"@type\":\"ListItem\",\"position\":1,\"name\":\"Home\",\"item\":\"https:\\\/\\\/dictator.se\\\/no\\\/\"},{\"@type\":\"ListItem\",\"position\":2,\"name\":\"Referanser\",\"item\":\"https:\\\/\\\/dictator.se\\\/no\\\/referanser\\\/\"},{\"@type\":\"ListItem\",\"position\":3,\"name\":\"Referanser &#8211; d\u00f8rlukker for porter og d\u00f8rer\"}]},{\"@type\":\"WebSite\",\"@id\":\"https:\\\/\\\/dictator.se\\\/#website\",\"url\":\"https:\\\/\\\/dictator.se\\\/\",\"name\":\"dictator.se\",\"description\":\"\",\"publisher\":{\"@id\":\"https:\\\/\\\/dictator.se\\\/#organization\"},\"potentialAction\":[{\"@type\":\"SearchAction\",\"target\":{\"@type\":\"EntryPoint\",\"urlTemplate\":\"https:\\\/\\\/dictator.se\\\/?s={search_term_string}\"},\"query-input\":{\"@type\":\"PropertyValueSpecification\",\"valueRequired\":true,\"valueName\":\"search_term_string\"}}],\"inLanguage\":\"nb-NO\"},{\"@type\":\"Organization\",\"@id\":\"https:\\\/\\\/dictator.se\\\/#organization\",\"name\":\"dictator.se\",\"url\":\"https:\\\/\\\/dictator.se\\\/\",\"logo\":{\"@type\":\"ImageObject\",\"inLanguage\":\"nb-NO\",\"@id\":\"https:\\\/\\\/dictator.se\\\/#\\\/schema\\\/logo\\\/image\\\/\",\"url\":\"https:\\\/\\\/dictator.se\\\/wp-content\\\/uploads\\\/2023\\\/12\\\/DICTATOR_Logo1.svg\",\"contentUrl\":\"https:\\\/\\\/dictator.se\\\/wp-content\\\/uploads\\\/2023\\\/12\\\/DICTATOR_Logo1.svg\",\"width\":377,\"height\":58,\"caption\":\"dictator.se\"},\"image\":{\"@id\":\"https:\\\/\\\/dictator.se\\\/#\\\/schema\\\/logo\\\/image\\\/\"}}]}<\/script>\n<!-- \/ Yoast SEO plugin. -->","yoast_head_json":{"title":"Referanser - d\u00f8rlukker for porter og d\u00f8rer - dictator.se","description":"Referanser - d\u00f8rlukker for porter og d\u00f8rer DICTATOR spesialiserer seg p\u00e5 l\u00f8sninger med d\u00f8rlukker for skyve-porter og d\u00f8rer!","robots":{"index":"index","follow":"follow","max-snippet":"max-snippet:-1","max-image-preview":"max-image-preview:large","max-video-preview":"max-video-preview:-1"},"canonical":"https:\/\/dictator.se\/no\/referanser\/referanser-dorlukker-for-porter-og-dorer\/","og_locale":"nb_NO","og_type":"article","og_title":"Referanser - d\u00f8rlukker for porter og d\u00f8rer - dictator.se","og_description":"Referanser - d\u00f8rlukker for porter og d\u00f8rer DICTATOR spesialiserer seg p\u00e5 l\u00f8sninger med d\u00f8rlukker for skyve-porter og d\u00f8rer!","og_url":"https:\/\/dictator.se\/no\/referanser\/referanser-dorlukker-for-porter-og-dorer\/","og_site_name":"dictator.se","article_modified_time":"2025-09-30T06:26:55+00:00","og_image":[{"url":"https:\/\/dictator.se\/wp-content\/uploads\/2024\/04\/MultiMove-skjutport-bilhall.jpg","type":"","width":"","height":""}],"twitter_card":"summary_large_image","twitter_misc":{"Ansl. lesetid":"3 minutter"},"schema":{"@context":"https:\/\/schema.org","@graph":[{"@type":"WebPage","@id":"https:\/\/dictator.se\/no\/referanser\/referanser-dorlukker-for-porter-og-dorer\/","url":"https:\/\/dictator.se\/no\/referanser\/referanser-dorlukker-for-porter-og-dorer\/","name":"Referanser - d\u00f8rlukker for porter og d\u00f8rer - dictator.se","isPartOf":{"@id":"https:\/\/dictator.se\/#website"},"primaryImageOfPage":{"@id":"https:\/\/dictator.se\/no\/referanser\/referanser-dorlukker-for-porter-og-dorer\/#primaryimage"},"image":{"@id":"https:\/\/dictator.se\/no\/referanser\/referanser-dorlukker-for-porter-og-dorer\/#primaryimage"},"thumbnailUrl":"https:\/\/dictator.se\/wp-content\/uploads\/2024\/04\/MultiMove-skjutport-bilhall.jpg","datePublished":"2024-01-22T13:46:32+00:00","dateModified":"2025-09-30T06:26:55+00:00","description":"Referanser - d\u00f8rlukker for porter og d\u00f8rer DICTATOR spesialiserer seg p\u00e5 l\u00f8sninger med d\u00f8rlukker for skyve-porter og d\u00f8rer!","breadcrumb":{"@id":"https:\/\/dictator.se\/no\/referanser\/referanser-dorlukker-for-porter-og-dorer\/#breadcrumb"},"inLanguage":"nb-NO","potentialAction":[{"@type":"ReadAction","target":["https:\/\/dictator.se\/no\/referanser\/referanser-dorlukker-for-porter-og-dorer\/"]}]},{"@type":"ImageObject","inLanguage":"nb-NO","@id":"https:\/\/dictator.se\/no\/referanser\/referanser-dorlukker-for-porter-og-dorer\/#primaryimage","url":"https:\/\/dictator.se\/wp-content\/uploads\/2024\/04\/MultiMove-skjutport-bilhall.jpg","contentUrl":"https:\/\/dictator.se\/wp-content\/uploads\/2024\/04\/MultiMove-skjutport-bilhall.jpg"},{"@type":"BreadcrumbList","@id":"https:\/\/dictator.se\/no\/referanser\/referanser-dorlukker-for-porter-og-dorer\/#breadcrumb","itemListElement":[{"@type":"ListItem","position":1,"name":"Home","item":"https:\/\/dictator.se\/no\/"},{"@type":"ListItem","position":2,"name":"Referanser","item":"https:\/\/dictator.se\/no\/referanser\/"},{"@type":"ListItem","position":3,"name":"Referanser &#8211; d\u00f8rlukker for porter og d\u00f8rer"}]},{"@type":"WebSite","@id":"https:\/\/dictator.se\/#website","url":"https:\/\/dictator.se\/","name":"dictator.se","description":"","publisher":{"@id":"https:\/\/dictator.se\/#organization"},"potentialAction":[{"@type":"SearchAction","target":{"@type":"EntryPoint","urlTemplate":"https:\/\/dictator.se\/?s={search_term_string}"},"query-input":{"@type":"PropertyValueSpecification","valueRequired":true,"valueName":"search_term_string"}}],"inLanguage":"nb-NO"},{"@type":"Organization","@id":"https:\/\/dictator.se\/#organization","name":"dictator.se","url":"https:\/\/dictator.se\/","logo":{"@type":"ImageObject","inLanguage":"nb-NO","@id":"https:\/\/dictator.se\/#\/schema\/logo\/image\/","url":"https:\/\/dictator.se\/wp-content\/uploads\/2023\/12\/DICTATOR_Logo1.svg","contentUrl":"https:\/\/dictator.se\/wp-content\/uploads\/2023\/12\/DICTATOR_Logo1.svg","width":377,"height":58,"caption":"dictator.se"},"image":{"@id":"https:\/\/dictator.se\/#\/schema\/logo\/image\/"}}]}},"featured_image_src":null,"featured_image_src_square":null,"uagb_featured_image_src":{"full":false,"thumbnail":false,"medium":false,"medium_large":false,"large":false,"1536x1536":false,"2048x2048":false,"sidebar-featured":false,"genesis-singular-images":false,"gb-block-post-grid-landscape":false,"gb-block-post-grid-square":false},"uagb_author_info":{"display_name":"Sanna","author_link":"https:\/\/dictator.se\/no\/author\/sanna\/"},"uagb_comment_info":0,"uagb_excerpt":null,"_links":{"self":[{"href":"https:\/\/dictator.se\/no\/wp-json\/wp\/v2\/pages\/4621","targetHints":{"allow":["GET"]}}],"collection":[{"href":"https:\/\/dictator.se\/no\/wp-json\/wp\/v2\/pages"}],"about":[{"href":"https:\/\/dictator.se\/no\/wp-json\/wp\/v2\/types\/page"}],"author":[{"embeddable":true,"href":"https:\/\/dictator.se\/no\/wp-json\/wp\/v2\/users\/6"}],"replies":[{"embeddable":true,"href":"https:\/\/dictator.se\/no\/wp-json\/wp\/v2\/comments?post=4621"}],"version-history":[{"count":8,"href":"https:\/\/dictator.se\/no\/wp-json\/wp\/v2\/pages\/4621\/revisions"}],"predecessor-version":[{"id":7273,"href":"https:\/\/dictator.se\/no\/wp-json\/wp\/v2\/pages\/4621\/revisions\/7273"}],"up":[{"embeddable":true,"href":"https:\/\/dictator.se\/no\/wp-json\/wp\/v2\/pages\/4611"}],"wp:attachment":[{"href":"https:\/\/dictator.se\/no\/wp-json\/wp\/v2\/media?parent=4621"}],"curies":[{"name":"wp","href":"https:\/\/api.w.org\/{rel}","templated":true}]}}